{"id":3138,"date":"2021-03-30T10:26:22","date_gmt":"2021-03-30T08:26:22","guid":{"rendered":"https:\/\/semmelweis.hu\/genomikai-medicina\/?page_id=3138"},"modified":"2025-11-11T10:06:08","modified_gmt":"2025-11-11T09:06:08","slug":"fekvobeteg-osztaly-3","status":"publish","type":"page","link":"https:\/\/semmelweis.hu\/genomikai-medicina\/betegellatas\/fekvobeteg-osztaly-3\/","title":{"rendered":"Fekv\u0151beteg oszt\u00e1ly"},"content":{"rendered":"<h4><strong>BEUTAL\u00d3<\/strong><\/h4>\n<p>Fontos \u00e9s r\u00e9szletes inform\u00e1ci\u00f3kat tal\u00e1l a\u00a0<a href=\"https:\/\/semmelweis.hu\/genomikai-medicina\/aktualis\/\"><strong>beutal\u00f3r\u00f3l ide kattintva<\/strong><\/a>!<\/p>\n<h2>Az Oszt\u00e1ly:<\/h2>\n<p style=\"text-align: justify\">Fekv\u0151beteg oszt\u00e1lyunk az EMMI minisztere \u00e1ltal <strong>2015-ben Ritka Betegs\u00e9g Szak\u00e9rt\u0151i K\u00f6zpontnak kinevezett Semmelweis Egyetemi Ritka Betegs\u00e9g H\u00e1l\u00f3zat egyik alappill\u00e9re.<\/strong> Betegcentrikus szem\u00e9lyre szabott ell\u00e1t\u00e1st, innovat\u00edv kezel\u00e9si lehet\u0151s\u00e9geket biztos\u00edtunk a ritka neurol\u00f3giai \u00e9s metabolikus betegs\u00e9gekben szenved\u0151k sz\u00e1m\u00e1ra. A fekv\u0151beteg oszt\u00e1ly diagnosztikai h\u00e1tter\u00e9t korszer\u0171 k\u00e9palkot\u00f3 diagnosztikai elj\u00e1r\u00e1sok (t\u00f6bbek k\u00f6z\u00f6tt 3 T MRI, PET-CT, CT), neurofiziol\u00f3giai vizsg\u00e1l\u00f3m\u00f3dszerek, myopathol\u00f3giai \u00e9s molekul\u00e1ris genetikai diagnosztikai laborat\u00f3riumok teremtik meg.<\/p>\n<p style=\"text-align: justify\">Int\u00e9zet\u00fcnk a ritka betegek <strong>holisztikus szeml\u00e9let\u0171 komplex ell\u00e1t\u00e1s\u00e1ra<\/strong> t\u00f6rekszik, \u00edgy a ritka betegs\u00e9gekben j\u00e1rtas neurol\u00f3gusok, pszichi\u00e1terek, klinikai genetikusok mellett neurofiziol\u00f3gus, neuropatol\u00f3gus szakorvosok, neuropsychol\u00f3gusok \u00e9s gy\u00f3gytorn\u00e1szok biztos\u00edtj\u00e1k a diagnosztika \u00e9s a gy\u00f3gyul\u00e1s felt\u00e9teleit. Sz\u00fcks\u00e9g eset\u00e9n multidisciplinaris konz\u00edliumokat szervez\u00fcnk annak \u00e9rdek\u00e9ben, hogy ler\u00f6vid\u00edts\u00fck a diagnosztikai utakat \u00e9s min\u00e9l el\u0151bb a leghat\u00e1sosabb kezel\u00e9sben r\u00e9szes\u00fclhessenek betegeink.<\/p>\n<p style=\"text-align: justify\">Int\u00e9zet\u00fcnk folyamatosan biztos\u00edtja az egyes <strong>innovat\u00edv kezel\u00e9sek klinikai vizsg\u00e1lataiban \u00e9s korai hozz\u00e1f\u00e9r\u00e9si programjaiban val\u00f3 r\u00e9szv\u00e9telt<\/strong> gondozottaink sz\u00e1m\u00e1ra. Magyarorsz\u00e1gon a legnagyobb Pompe-betegs\u00e9g enzimp\u00f3tl\u00f3 kezel\u00e9st, valamint a feln\u0151tt SMA betegek sz\u00e1m\u00e1ra Spinraza kezel\u00e9st biztos\u00edt\u00f3 kezel\u0151 k\u00f6zpont az int\u00e9zet.<\/p>\n<p style=\"text-align: justify\">Munk\u00e1nk sor\u00e1n a hagyom\u00e1nyos diagnosztikai m\u00f3dszerek mellett a <strong>mesters\u00e9ges intelligencia \u00e9s a g\u00e9pi tanul\u00e1s<\/strong> ny\u00fajtotta lehet\u0151s\u00e9geket is haszn\u00e1ljuk, mint diagnosztikai d\u00f6nt\u00e9st\u00e1mogat\u00f3 eszk\u00f6z\u00f6ket.<\/p>\n<p style=\"text-align: justify\">Int\u00e9zet\u00fcnk tagja az <strong>Eur\u00f3pai Referencia H\u00e1l\u00f3zat (ERN)<\/strong> Ritka Neurol\u00f3giai Betegs\u00e9gek \u00e9s Neuromuscularis Betegs\u00e9gek H\u00e1l\u00f3zat\u00e1nak. \u00cdgy annak \u00e9rdek\u00e9ben, hogy a diagn\u00f3zis min\u00e9l hamarabb megsz\u00fclessen, esetenk\u00e9nt a hat\u00e1ron \u00e1t\u00edvel\u0151 konzult\u00e1ci\u00f3s rendszert is ig\u00e9nybe vessz\u00fck (Clinical Patient Management System). Ezen fel\u00fcl nem csak konz\u00edliumot k\u00e9r\u00fcnk, hanem adunk is, m\u00e1s orsz\u00e1gok ritka betegei sz\u00e1m\u00e1ra.<\/p>\n<p style=\"text-align: justify\">Fekv\u0151beteg oszt\u00e1lyunkra el\u0151zetes ambul\u00e1ns vizsg\u00e1latok ut\u00e1n, orvosi javaslatra vesz\u00fcnk fel betegeket.<\/p>\n<p><strong>Telefonos el\u00e9rhet\u0151s\u00e9g:<\/strong> +36 1 459 1500 \/ 69862 mell\u00e9k &#8211; n\u0151v\u00e9rpult \/ 69195 mell\u00e9k &#8211; orvosi szoba<\/p>\n","protected":false},"excerpt":{"rendered":"<p>BEUTAL\u00d3 Fontos \u00e9s r\u00e9szletes inform\u00e1ci\u00f3kat tal\u00e1l a\u00a0 <a href=\"https:\/\/semmelweis.hu\/genomikai-medicina\/aktualis\/\">beutal\u00f3r\u00f3l ide kattintva<\/a> ! Az Oszt\u00e1ly: Fekv\u0151beteg oszt\u00e1lyunk az EMMI minisztere \u00e1ltal 2015-ben Ritka Betegs\u00e9g Szak\u00e9rt\u0151i K\u00f6zpontnak kinevezett Semmelweis Egyetemi Ritka Betegs\u00e9g H\u00e1l\u00f3zat egyik alappill\u00e9re. Betegcentrikus szem\u00e9lyre szabott ell\u00e1t\u00e1st, innovat\u00edv kezel\u00e9si lehet\u0151s\u00e9geket biztos\u00edtunk a ritka neurol\u00f3giai \u00e9s metabolikus betegs\u00e9gekben szenved\u0151k sz\u00e1m\u00e1ra. A fekv\u0151beteg oszt\u00e1ly diagnosztikai h\u00e1tter\u00e9t korszer\u0171 k\u00e9palkot\u00f3 diagnosztikai elj\u00e1r\u00e1sok (t\u00f6bbek &hellip;<\/p>\n","protected":false},"author":101429,"featured_media":0,"parent":3407,"menu_order":2,"comment_status":"closed","ping_status":"closed","template":"","meta":{"_acf_changed":false,"footnotes":""},"categories":[],"tags":[],"class_list":["post-3138","page","type-page","status-publish","hentry"],"acf":[],"_links":{"self":[{"href":"https:\/\/semmelweis.hu\/genomikai-medicina\/wp-json\/wp\/v2\/pages\/3138","targetHints":{"allow":["GET"]}}],"collection":[{"href":"https:\/\/semmelweis.hu\/genomikai-medicina\/wp-json\/wp\/v2\/pages"}],"about":[{"href":"https:\/\/semmelweis.hu\/genomikai-medicina\/wp-json\/wp\/v2\/types\/page"}],"author":[{"embeddable":true,"href":"https:\/\/semmelweis.hu\/genomikai-medicina\/wp-json\/wp\/v2\/users\/101429"}],"replies":[{"embeddable":true,"href":"https:\/\/semmelweis.hu\/genomikai-medicina\/wp-json\/wp\/v2\/comments?post=3138"}],"version-history":[{"count":10,"href":"https:\/\/semmelweis.hu\/genomikai-medicina\/wp-json\/wp\/v2\/pages\/3138\/revisions"}],"predecessor-version":[{"id":4309,"href":"https:\/\/semmelweis.hu\/genomikai-medicina\/wp-json\/wp\/v2\/pages\/3138\/revisions\/4309"}],"up":[{"embeddable":true,"href":"https:\/\/semmelweis.hu\/genomikai-medicina\/wp-json\/wp\/v2\/pages\/3407"}],"wp:attachment":[{"href":"https:\/\/semmelweis.hu\/genomikai-medicina\/wp-json\/wp\/v2\/media?parent=3138"}],"wp:term":[{"taxonomy":"category","embeddable":true,"href":"https:\/\/semmelweis.hu\/genomikai-medicina\/wp-json\/wp\/v2\/categories?post=3138"},{"taxonomy":"post_tag","embeddable":true,"href":"https:\/\/semmelweis.hu\/genomikai-medicina\/wp-json\/wp\/v2\/tags?post=3138"}],"curies":[{"name":"wp","href":"https:\/\/api.w.org\/{rel}","templated":true}]}}