{"id":2947,"date":"2020-06-05T13:41:27","date_gmt":"2020-06-05T11:41:27","guid":{"rendered":"https:\/\/semmelweis.hu\/genomikai-medicina\/?page_id=2947"},"modified":"2026-03-19T13:40:00","modified_gmt":"2026-03-19T12:40:00","slug":"szakdolgozat-temak","status":"publish","type":"page","link":"https:\/\/semmelweis.hu\/genomikai-medicina\/oktatas\/szakdolgozat-temak\/","title":{"rendered":"Szakdolgozat t\u00e9m\u00e1k"},"content":{"rendered":"<h2><span style=\"font-size: 18pt\">Az int\u00e9zet\u00fcnk \u00e1ltal aj\u00e1nlott t\u00e9m\u00e1k\u00a0szakdolgozathoz:<\/span><\/h2>\n<table style=\"width: 92.6737%\" width=\"747\">\n<tbody>\n<tr>\n<td style=\"width: 72.2415%;text-align: center\"><strong>T\u00e9ma<\/strong><\/td>\n<td style=\"width: 114.429%;text-align: center\"><strong>T\u00e9mafelel\u0151s<\/strong><\/td>\n<\/tr>\n<tr>\n<td style=\"width: 72.2415%\" width=\"576\">Mitochondri\u00e1lis betegs\u00e9gek genetikai \u00e9s biok\u00e9miai h\u00e1tter\u00e9nek kutat\u00e1sa<\/td>\n<td style=\"width: 114.429%\" width=\"171\">Dr. G\u00e1l Anik\u00f3<\/td>\n<\/tr>\n<tr>\n<td style=\"width: 72.2415%\">Mitochondri\u00e1lis dinamika szerepe a neurodegenerativ betegs\u00e9gek patomechanizmus\u00e1ban<\/td>\n<td style=\"width: 114.429%\">Dr. G\u00e1l Anik\u00f3<\/td>\n<\/tr>\n<tr>\n<td style=\"width: 72.2415%\">Opticus neuropathi\u00e1k \u00e1tfog\u00f3 genetikai vizsg\u00e1lata<\/td>\n<td style=\"width: 114.429%\">Dr. G\u00e1l Anik\u00f3<\/td>\n<\/tr>\n<tr>\n<td style=\"width: 72.2415%\">Comprehensive genetic analysis of optic neuropathies<\/td>\n<td style=\"width: 114.429%\">Dr. G\u00e1l Anik\u00f3<\/td>\n<\/tr>\n<tr>\n<td style=\"width: 72.2415%\">Felgyorsult \u00f6reged\u00e9s \u00e9s a mitokondri\u00e1lis diszfunkci\u00f3 elemz\u00e9se Huntington k\u00f3rban<\/td>\n<td style=\"width: 114.429%\">Dr. G\u00e1l Anik\u00f3<\/td>\n<\/tr>\n<tr>\n<td style=\"width: 72.2415%\">Analysis of accelerated ageing and mitochondrial dysfunction in Huntington&#8217;s disease<\/td>\n<td style=\"width: 114.429%\">Dr. G\u00e1l Anik\u00f3<\/td>\n<\/tr>\n<tr>\n<td style=\"width: 72.2415%\">Felgyorsult \u00f6reged\u00e9s \u00e9s a mitokondri\u00e1lis diszfunkci\u00f3 vizsg\u00e1lata az infertilut\u00e1s\u00a0 h\u00e1tter\u00e9ben<\/td>\n<td style=\"width: 114.429%\">Dr. G\u00e1l Anik\u00f3\/B\u00e1nfi Barnab\u00e1s<\/td>\n<\/tr>\n<tr>\n<td style=\"width: 72.2415%\">Investigation of accelerated ageing and mitochondrial dysfunction in infertility<\/td>\n<td style=\"width: 114.429%\">Dr. G\u00e1l Anik\u00f3\/B\u00e1nfi Barnab\u00e1s<\/td>\n<\/tr>\n<tr>\n<td style=\"width: 72.2415%\">Hordoz\u00f3s\u00e1gsz\u0171r\u00e9s szerepe a csal\u00e1dtervez\u00e9sben<\/td>\n<td style=\"width: 114.429%\">Dr. Jimoh Idris J\u00e1nos<\/td>\n<\/tr>\n<tr>\n<td style=\"width: 72.2415%\">The impact of carrier screening on family planning<\/td>\n<td style=\"width: 114.429%\">Dr. Jimoh Idris J\u00e1nos<\/td>\n<\/tr>\n<tr>\n<td style=\"width: 72.2415%\">Adat vez\u00e9relt hosszmetszeti k\u00f6vet\u00e9s mitochondri\u00e1lis betegs\u00e9gekben<\/td>\n<td style=\"width: 114.429%\">Dr. Jimoh Idris J\u00e1nos<\/td>\n<\/tr>\n<tr>\n<td style=\"width: 72.2415%\">Data-driven longitudinal follow-up of patients with mitochondrial disease<\/td>\n<td style=\"width: 114.429%\">Dr. Jimoh Idris J\u00e1nos<\/td>\n<\/tr>\n<tr>\n<td style=\"width: 72.2415%\">Szem\u00e9lyre szabott \u00e9s prevent\u00edv medicina lehet\u0151s\u00e9gei cardiovaszkul\u00e1ris manifeszt\u00e1ci\u00f3j\u00fa betegs\u00e9gekben (mitochondri\u00e1lis betegs\u00e9gekkel a f\u00fckuszban)<\/td>\n<td style=\"width: 114.429%\">Dr. Jimoh Idris J\u00e1nos<\/td>\n<\/tr>\n<tr>\n<td style=\"width: 72.2415%\">Personalized and preventive medicine in disorders with cardiovascular manifestations<\/td>\n<td style=\"width: 114.429%\">Dr. Jimoh Idris J\u00e1nos<\/td>\n<\/tr>\n<tr>\n<td style=\"width: 72.2415%\">Tay Sachs k\u00f3r &#8211; \u00faj c\u00e9lzott ter\u00e1pi\u00e1s lehet\u0151s\u00e9gek \u00f6r\u00f6kletes neurol\u00f3giai k\u00f3rk\u00e9pben<\/td>\n<td style=\"width: 114.429%\">Dr. Jimoh Idris J\u00e1nos<\/td>\n<\/tr>\n<tr>\n<td style=\"width: 72.2415%\">Tay Sachs disease &#8211; new targeted therapeutic approaches in a hereditary neurologic condition<\/td>\n<td style=\"width: 114.429%\">Dr. Jimoh Idris J\u00e1nos<\/td>\n<\/tr>\n<tr>\n<td style=\"width: 72.2415%\">Megel\u0151zhet\u0151 \u00e9s gy\u00f3gyithat\u00f3 genetikai betegs\u00e9gek sz\u0171r\u00e9si \u00e9s kezel\u00e9si strat\u00e9gi\u00e1i<\/td>\n<td style=\"width: 114.429%\">Dr. Moln\u00e1r M\u00e1ria Judit<\/td>\n<\/tr>\n<tr>\n<td style=\"width: 72.2415%\">Intellektu\u00e1lis k\u00e9pess\u00e9gzavarok genetikai architekt\u00far\u00e1j\u00e1nak elemz\u00e9se\/ The analysis of the genetic architechture of intellectual disabilities<\/td>\n<td style=\"width: 114.429%\">Dr. Moln\u00e1r M\u00e1ria Judit<\/td>\n<\/tr>\n<tr>\n<td style=\"width: 72.2415%\">The Genetic Landscape of Newborn Screening<\/td>\n<td style=\"width: 114.429%\">Dr. Moln\u00e1r M\u00e1ria Judit<\/td>\n<\/tr>\n<tr>\n<td style=\"width: 72.2415%\">Az introni k\u00f3piasz\u00e1m elt\u00e9r\u00e9sek jelent\u0151s\u00e9ge \u00f6r\u00f6kletes ataxi\u00e1kban<\/td>\n<td style=\"width: 114.429%\">Dr. Moln\u00e1r M\u00e1ria Judit\/Dr. Udvari Szabolcs<\/td>\n<\/tr>\n<tr>\n<td style=\"width: 72.2415%\">A dystrophia myotonica 1 \u00e9s 2 phenotypus- genotypus korrel\u00e1ci\u00f3ja \u00e9s genetikai epidemiol\u00f3gi\u00e1ja<\/td>\n<td style=\"width: 114.429%\">Dr. Moln\u00e1r M\u00e1ria Judit\/Dr. Udvari Szabolcs<\/td>\n<\/tr>\n<tr>\n<td style=\"width: 72.2415%\">Hereditary cancer associated syndromes and syndrome-associated cancer\u00a0<\/td>\n<td style=\"width: 114.429%\">Dr. Moln\u00e1r Viktor<\/td>\n<\/tr>\n<tr>\n<td style=\"width: 72.2415%\">Practical application of whole exome sequencing data<\/td>\n<td style=\"width: 114.429%\">Dr. Moln\u00e1r Viktor<\/td>\n<\/tr>\n<tr>\n<td style=\"width: 72.2415%\">Kock\u00e1zat\u00e9rt\u00e9kel\u00e9s \u00f6r\u00f6kletes daganatszindr\u00f3m\u00e1kban<\/td>\n<td style=\"width: 114.429%\">Dr. Moln\u00e1r Viktor\u00a0<\/td>\n<\/tr>\n<tr>\n<td style=\"width: 72.2415%\">Feder\u00e1lt adatmegoszt\u00e1s a genetikai betegs\u00e9gek kutat\u00e1s\u00e1ban<\/td>\n<td style=\"width: 114.429%\">Dr. Moln\u00e1r Viktor\u00a0<\/td>\n<\/tr>\n<tr>\n<td style=\"width: 72.2415%\">Role of the C9orf72 hexanucleotide repeat expansion in neurodegenerative diseases<\/td>\n<td style=\"width: 114.429%\">Dr. Nagy Zs\u00f3fia Fl\u00f3ra<\/td>\n<\/tr>\n<tr>\n<td style=\"width: 72.2415%\">Genetic baclground of amyotrophic lateral sclerosis<\/td>\n<td style=\"width: 114.429%\">Dr. Nagy Zs\u00f3fia Fl\u00f3ra<\/td>\n<\/tr>\n<tr>\n<td style=\"width: 72.2415%\">A rizik\u00f3becsl\u00e9s szempontjai \u00f6r\u00f6kletes daganatszindr\u00f3m\u00e1kban<\/td>\n<td style=\"width: 114.429%\">Dr. S\u00e1gi Judit<\/td>\n<\/tr>\n<tr>\n<td style=\"width: 72.2415%\">A k\u00f3piasz\u00e1melt\u00e9r\u00e9sek szerepe autizmus spektrum zavar h\u00e1tter\u00e9ben\u00a0<\/td>\n<td style=\"width: 114.429%\">Dr. Varga No\u00e9mi \u00c1gnes<\/td>\n<\/tr>\n<tr>\n<td style=\"width: 72.2415%\">Noonan syndrome: phenotypical and genetic heterogeneity<\/td>\n<td style=\"width: 114.429%\">Dr. Varga No\u00e9mi \u00c1gnes<\/td>\n<\/tr>\n<\/tbody>\n<\/table>\n<p>&nbsp;<\/p>\n<p>&nbsp;<\/p>\n","protected":false},"excerpt":{"rendered":"<p>Az int\u00e9zet\u00fcnk \u00e1ltal aj\u00e1nlott t\u00e9m\u00e1k\u00a0szakdolgozathoz: T\u00e9ma T\u00e9mafelel\u0151s Mitochondri\u00e1lis betegs\u00e9gek genetikai \u00e9s biok\u00e9miai h\u00e1tter\u00e9nek kutat\u00e1sa Dr. G\u00e1l Anik\u00f3 Mitochondri\u00e1lis dinamika szerepe a neurodegenerativ betegs\u00e9gek patomechanizmus\u00e1ban Dr. G\u00e1l Anik\u00f3 Opticus neuropathi\u00e1k \u00e1tfog\u00f3 genetikai vizsg\u00e1lata Dr. G\u00e1l Anik\u00f3 Comprehensive genetic analysis of optic neuropathies Dr. G\u00e1l Anik\u00f3 Felgyorsult \u00f6reged\u00e9s \u00e9s a mitokondri\u00e1lis diszfunkci\u00f3 elemz\u00e9se Huntington k\u00f3rban Dr. G\u00e1l &hellip;<\/p>\n","protected":false},"author":101429,"featured_media":0,"parent":2685,"menu_order":5,"comment_status":"closed","ping_status":"closed","template":"","meta":{"_acf_changed":false,"footnotes":""},"categories":[],"tags":[],"class_list":["post-2947","page","type-page","status-publish","hentry"],"acf":[],"_links":{"self":[{"href":"https:\/\/semmelweis.hu\/genomikai-medicina\/wp-json\/wp\/v2\/pages\/2947","targetHints":{"allow":["GET"]}}],"collection":[{"href":"https:\/\/semmelweis.hu\/genomikai-medicina\/wp-json\/wp\/v2\/pages"}],"about":[{"href":"https:\/\/semmelweis.hu\/genomikai-medicina\/wp-json\/wp\/v2\/types\/page"}],"author":[{"embeddable":true,"href":"https:\/\/semmelweis.hu\/genomikai-medicina\/wp-json\/wp\/v2\/users\/101429"}],"replies":[{"embeddable":true,"href":"https:\/\/semmelweis.hu\/genomikai-medicina\/wp-json\/wp\/v2\/comments?post=2947"}],"version-history":[{"count":10,"href":"https:\/\/semmelweis.hu\/genomikai-medicina\/wp-json\/wp\/v2\/pages\/2947\/revisions"}],"predecessor-version":[{"id":4370,"href":"https:\/\/semmelweis.hu\/genomikai-medicina\/wp-json\/wp\/v2\/pages\/2947\/revisions\/4370"}],"up":[{"embeddable":true,"href":"https:\/\/semmelweis.hu\/genomikai-medicina\/wp-json\/wp\/v2\/pages\/2685"}],"wp:attachment":[{"href":"https:\/\/semmelweis.hu\/genomikai-medicina\/wp-json\/wp\/v2\/media?parent=2947"}],"wp:term":[{"taxonomy":"category","embeddable":true,"href":"https:\/\/semmelweis.hu\/genomikai-medicina\/wp-json\/wp\/v2\/categories?post=2947"},{"taxonomy":"post_tag","embeddable":true,"href":"https:\/\/semmelweis.hu\/genomikai-medicina\/wp-json\/wp\/v2\/tags?post=2947"}],"curies":[{"name":"wp","href":"https:\/\/api.w.org\/{rel}","templated":true}]}}