{"id":2782,"date":"2019-09-16T11:11:52","date_gmt":"2019-09-16T09:11:52","guid":{"rendered":"http:\/\/semmelweis.hu\/genomikai-medicina\/?page_id=2782"},"modified":"2023-06-09T12:01:26","modified_gmt":"2023-06-09T10:01:26","slug":"hogyan-keszuljunk-fel-az-orvossal-torteno-talalkozasra","status":"publish","type":"page","link":"https:\/\/semmelweis.hu\/genomikai-medicina\/betegellatas\/betegeknek\/hogyan-keszuljunk-fel-az-orvossal-torteno-talalkozasra\/","title":{"rendered":"Hogyan k\u00e9sz\u00fclj\u00fcnk fel az orvossal t\u00f6rt\u00e9n\u0151 tal\u00e1lkoz\u00e1sra?"},"content":{"rendered":"<h4 style=\"text-align: justify\"><strong>\u00daj betegek jelentkez\u00e9se eset\u00e9n:<\/strong><\/h4>\n<p style=\"text-align: justify\">Amennyiben \u00d6n m\u00e9g nem j\u00e1rt int\u00e9zet\u00fcnkben, \u00e9s vizsg\u00e1latait m\u00e1s int\u00e9zm\u00e9nyben kezdt\u00e9k el, \u00fagy sz\u00e1mos vizsg\u00e1lati eredm\u00e9ny, szakv\u00e9lem\u00e9ny \u00e1ll az \u00d6n rendelkez\u00e9s\u00e9re. A beutal\u00f3ja mellett legyen kedves valamennyi orvosi dokument\u00e1ci\u00f3j\u00e1t mag\u00e1val hozni, \u00e9s annak \u00e9rdek\u00e9ben, hogy az k\u00f6nnyen \u00e1ttekinthet\u0151 legyen az \u00d6n \u00e9s az \u00d6nt vizsg\u00e1l\u00f3 orvos sz\u00e1m\u00e1ra is, k\u00e9rj\u00fck, rendszerezze dokument\u00e1ci\u00f3j\u00e1t.<\/p>\n<p style=\"text-align: justify\"><strong>Az al\u00e1bbi sorrendet javasoljuk:<\/strong><\/p>\n<ol style=\"text-align: justify\">\n<li>kor\u00e1bbi ambul\u00e1ns lapok, z\u00e1r\u00f3jelent\u00e9sek id\u0151rendi sorrendben,<\/li>\n<li>k\u00e9palkot\u00f3 vizsg\u00e1latok (koponya, gerinc MR,CT, hasi ultrahang, RTG leletek) eredm\u00e9nyei id\u0151rendi sorrendben,<\/li>\n<li>elektrofiziol\u00f3giai leletek (ENG, EMG, EEG, VEP stb.) id\u0151rendi sorrendben,<\/li>\n<li>laborat\u00f3riumi vizsg\u00e1lati eredm\u00e9nyek id\u0151rendi sorrendben.<\/li>\n<\/ol>\n<p style=\"text-align: justify\">A kor\u00e1bbi dokumentumok mellett nagyon fontos, hogy \u00d6n el\u0151re felk\u00e9sz\u00fclj\u00f6n a t\u00fcneteit \u00e9s panaszait felt\u00e1r\u00f3 besz\u00e9lget\u00e9sre.<\/p>\n<p style=\"text-align: justify\"><strong>K\u00e9rj\u00fck, otthon \u00edrja \u00f6ssze az al\u00e1bbiakat:<\/strong><\/p>\n<ol style=\"text-align: justify\">\n<li>kor\u00e1bbi betegs\u00e9geit felsorol\u00e1sszer\u0171en,<\/li>\n<li>jelen panaszait (ha az hossz\u00fa \u00e9vekre ny\u00falik vissza, gondolja \u00e1t milyen sorrendben \u00e9s mikor alakultak ki az egyes t\u00fcnetek, panaszok),<\/li>\n<li>a csal\u00e1dban kinek milyen betegs\u00e9ge volt a nagysz\u00fclei gener\u00e1ci\u00f3j\u00e1ig visszamen\u0151leg,<\/li>\n<li>ha aktu\u00e1lis panasz\u00e1ra t\u00f6bbf\u00e9le gy\u00f3gyszeres kezel\u00e9sben is r\u00e9szes\u00fclt, legyen kedves \u00f6ssze\u00edrni, hogy milyen gy\u00f3gyszereket szedett, \u00e9s melyiknek voltak mell\u00e9khat\u00e1sai \u00e9s mik voltak azok, \u00e9s melyek voltak a hat\u00e1sosak \u00e9s melyek a hat\u00e1stalanok.<\/li>\n<\/ol>\n<p style=\"text-align: justify\">A vizsg\u00e1latra val\u00f3 bejelentkez\u00e9s sor\u00e1n k\u00e9rj\u00fck olyan telefonsz\u00e1mot adjon meg, amelyen int\u00e9zet\u00fcnk dolgoz\u00f3i b\u00e1rmikor el\u00e9rhetik. Elk\u00e9pzelhet\u0151 ugyanis, hogy beszkennelt orvosi dokument\u00e1ci\u00f3t a tal\u00e1lkoz\u00e1s el\u0151tt elk\u00e9rj\u00fck \u00d6nt\u0151l, annak \u00e9rdek\u00e9ben, hogy a szem\u00e9lyes tal\u00e1lkoz\u00e1s sor\u00e1n a rendelkez\u00e9sre \u00e1ll\u00f3 id\u0151t optim\u00e1lisan ki lehessen haszn\u00e1lni.<\/p>\n<h4 style=\"text-align: justify\"><strong>Ha \u00d6n kontrollvizsg\u00e1latra \u00e9rkezik:<\/strong><\/h4>\n<ol>\n<li style=\"text-align: justify\">a tal\u00e1lkoz\u00e1s el\u0151tt gondolja \u00e1t, mi az, ami miatt sor ker\u00fcl a tal\u00e1lkoz\u00e1sra,<\/li>\n<li style=\"text-align: justify\">pr\u00f3b\u00e1lja probl\u00e9m\u00e1it fontoss\u00e1gi sorrendbe rendezni,<\/li>\n<li style=\"text-align: justify\">az alkalmazott kezel\u00e9ssel kapcsolatos tapasztalatokat gy\u0171jtse \u00f6ssze (hat\u00e1soss\u00e1g, mell\u00e9khat\u00e1s \u00e9s d\u00f3zis),<\/li>\n<li style=\"text-align: justify\">felt\u00e9tlen\u00fcl hozza mag\u00e1val az utols\u00f3 vizsg\u00e1lata \u00f3ta eltelt id\u0151ben keletkez\u0151 \u00faj, eg\u00e9szs\u00e9g\u00fcgyi dokument\u00e1ci\u00f3t!<\/li>\n<\/ol>\n<h4 style=\"text-align: justify\"><strong>Recept\u00edr\u00e1s<\/strong><\/h4>\n<div class=\"keretes w-100\">Az adminisztr\u00e1ci\u00f3s folyamatok gyors\u00edt\u00e1sa \u00e9rdek\u00e9ben k\u00e9rn\u00e9nk, hogy amennyiben emailben k\u00fcldik meg receptfel\u00edr\u00e1si ig\u00e9ny\u00fcket, \u00fagy a lev\u00e9l t\u00e1rgymez\u0151j\u00e9be a &#8222;V\u00e9ny\u00edr\u00e1s&#8221;-t \u00edrj\u00e1k be!<\/div>\n<p>&nbsp;<\/p>\n","protected":false},"excerpt":{"rendered":"<p>\u00daj betegek jelentkez\u00e9se eset\u00e9n: Amennyiben \u00d6n m\u00e9g nem j\u00e1rt int\u00e9zet\u00fcnkben, \u00e9s vizsg\u00e1latait m\u00e1s int\u00e9zm\u00e9nyben kezdt\u00e9k el, \u00fagy sz\u00e1mos vizsg\u00e1lati eredm\u00e9ny, szakv\u00e9lem\u00e9ny \u00e1ll az \u00d6n rendelkez\u00e9s\u00e9re. A beutal\u00f3ja mellett legyen kedves valamennyi orvosi dokument\u00e1ci\u00f3j\u00e1t mag\u00e1val hozni, \u00e9s annak \u00e9rdek\u00e9ben, hogy az k\u00f6nnyen \u00e1ttekinthet\u0151 legyen az \u00d6n \u00e9s az \u00d6nt vizsg\u00e1l\u00f3 orvos sz\u00e1m\u00e1ra is, k\u00e9rj\u00fck, rendszerezze dokument\u00e1ci\u00f3j\u00e1t. &hellip;<\/p>\n","protected":false},"author":101429,"featured_media":0,"parent":1350,"menu_order":3,"comment_status":"closed","ping_status":"closed","template":"","meta":{"_acf_changed":false,"footnotes":""},"categories":[],"tags":[],"class_list":["post-2782","page","type-page","status-publish","hentry"],"acf":[],"_links":{"self":[{"href":"https:\/\/semmelweis.hu\/genomikai-medicina\/wp-json\/wp\/v2\/pages\/2782","targetHints":{"allow":["GET"]}}],"collection":[{"href":"https:\/\/semmelweis.hu\/genomikai-medicina\/wp-json\/wp\/v2\/pages"}],"about":[{"href":"https:\/\/semmelweis.hu\/genomikai-medicina\/wp-json\/wp\/v2\/types\/page"}],"author":[{"embeddable":true,"href":"https:\/\/semmelweis.hu\/genomikai-medicina\/wp-json\/wp\/v2\/users\/101429"}],"replies":[{"embeddable":true,"href":"https:\/\/semmelweis.hu\/genomikai-medicina\/wp-json\/wp\/v2\/comments?post=2782"}],"version-history":[{"count":9,"href":"https:\/\/semmelweis.hu\/genomikai-medicina\/wp-json\/wp\/v2\/pages\/2782\/revisions"}],"predecessor-version":[{"id":3924,"href":"https:\/\/semmelweis.hu\/genomikai-medicina\/wp-json\/wp\/v2\/pages\/2782\/revisions\/3924"}],"up":[{"embeddable":true,"href":"https:\/\/semmelweis.hu\/genomikai-medicina\/wp-json\/wp\/v2\/pages\/1350"}],"wp:attachment":[{"href":"https:\/\/semmelweis.hu\/genomikai-medicina\/wp-json\/wp\/v2\/media?parent=2782"}],"wp:term":[{"taxonomy":"category","embeddable":true,"href":"https:\/\/semmelweis.hu\/genomikai-medicina\/wp-json\/wp\/v2\/categories?post=2782"},{"taxonomy":"post_tag","embeddable":true,"href":"https:\/\/semmelweis.hu\/genomikai-medicina\/wp-json\/wp\/v2\/tags?post=2782"}],"curies":[{"name":"wp","href":"https:\/\/api.w.org\/{rel}","templated":true}]}}