{"id":2692,"date":"2018-12-04T13:08:55","date_gmt":"2018-12-04T12:08:55","guid":{"rendered":"http:\/\/semmelweis.hu\/genomikai-medicina\/?page_id=2692"},"modified":"2022-04-20T09:39:12","modified_gmt":"2022-04-20T07:39:12","slug":"kutatas","status":"publish","type":"page","link":"https:\/\/semmelweis.hu\/genomikai-medicina\/kutatas\/","title":{"rendered":"Kutat\u00e1s"},"content":{"rendered":"<p style=\"text-align: justify;\"><a href=\"https:\/\/semmelweis.hu\/genomikai-medicina\/files\/2022\/04\/Nitrogen.jpg\"><img loading=\"lazy\" decoding=\"async\" class=\"alignright wp-image-3498 \" src=\"https:\/\/semmelweis.hu\/genomikai-medicina\/files\/2022\/04\/Nitrogen-1024x543.jpg\" alt=\"\" width=\"440\" height=\"233\" srcset=\"https:\/\/semmelweis.hu\/genomikai-medicina\/files\/2022\/04\/Nitrogen-1024x543.jpg 1024w, https:\/\/semmelweis.hu\/genomikai-medicina\/files\/2022\/04\/Nitrogen-300x159.jpg 300w, https:\/\/semmelweis.hu\/genomikai-medicina\/files\/2022\/04\/Nitrogen-768x407.jpg 768w, https:\/\/semmelweis.hu\/genomikai-medicina\/files\/2022\/04\/Nitrogen-566x300.jpg 566w, https:\/\/semmelweis.hu\/genomikai-medicina\/files\/2022\/04\/Nitrogen.jpg 1430w\" sizes=\"auto, (max-width: 440px) 100vw, 440px\" \/><\/a>A XIX. sz\u00e1zad <strong>innovat\u00edv technol\u00f3gi\u00e1inak haszn\u00e1lata<\/strong>, az alapkutat\u00e1st\u00f3l a klinikai vizsg\u00e1latokig terjed\u0151 kutat\u00e1si portf\u00f3li\u00f3nk teszi lehet\u0151v\u00e9 eredm\u00e9nyes kutat\u00f3i tev\u00e9kenys\u00e9g\u00fcnket. Kutat\u00e1si eredm\u00e9nyeink k\u00f6z\u00fcl kiemelten b\u00fcszk\u00e9k vagyunk az <strong>\u00fajgener\u00e1ci\u00f3s szekven\u00e1l\u00e1si platformunk seg\u00edts\u00e9g\u00e9vel\u00a0 felfedezett \u00faj g\u00e9nre az MSTO1-re<\/strong>, a sz\u00e1mos <strong>\u00faj fenot\u00edpusra<\/strong>, amelyet els\u0151k\u00e9nt \u00edrtunk le, az \u00faj <strong>\u00f6r\u00f6kl\u00e9smenetekre<\/strong>, amelyeket ritka betegs\u00e9gekben figyelt\u00fcnk meg, \u00faj diagnosztikai fejleszt\u00e9seinkre, valamint <strong>neurol\u00f3gia-pszichi\u00e1triai biobankunkra<\/strong> (NEPSYBANK) \u00e9s <strong>Nemzeti Eg\u00e9szs\u00e9gt\u00e1rh\u00e1zunkra<\/strong>, amely eg\u00e9szs\u00e9ges \u00f6reged\u00e9s kutat\u00e1s\u00e1nak fontos alapk\u00f6ve. Fontosnak tartjuk a <strong>real-world adatok gy\u0171jt\u00e9s\u00e9t<\/strong>, mert az azokb\u00f3l sz\u00e1rmaztatott real-world evidencia a gy\u00f3gyszerkutat\u00e1s egyik nagyon fontos alappill\u00e9re.<\/p>\n<p style=\"text-align: justify;\">A <strong>multicentrikus klinikai vizsg\u00e1latok<\/strong>ban val\u00f3 akt\u00edv r\u00e9szv\u00e9tel biztos\u00edtja betegeink sz\u00e1m\u00e1ra a nagy k\u00f6lts\u00e9gvonzat\u00fa \u00e1rvagy\u00f3gyszerekhez val\u00f3 <strong>min\u00e9l koraibb hozz\u00e1f\u00e9r\u00e9s<\/strong>t, a kutat\u00f3 orvosok sz\u00e1m\u00e1ra pedig a <strong>legmagasabb szint\u0171 partners\u00e9g<\/strong>et a ter\u00fclet legkiv\u00e1l\u00f3bbjaival.<\/p>\n<p style=\"text-align: justify;\">A nagy Eur\u00f3pai kutat\u00e1si infrastrukt\u00far\u00e1k\u00e1hoz kapcsol\u00f3d\u00e1s, mint a BBMRI-ERIC-hez kapcsol\u00f3d\u00f3 <strong>BBMRI Magyar Csom\u00f3pont vezet\u00e9se<\/strong>, az <strong>Eur\u00f3pai Referencia H\u00e1l\u00f3zaton (ERN) bel\u00fcl az ERN \u2013 Ritka neurol\u00f3giai betegs\u00e9gek \u00e9s ERN Neuromuscularis Betegs\u00e9gek H\u00e1l\u00f3zat\u00e1ban<\/strong> val\u00f3 akt\u00edv munka \u00a0a nemzetk\u00f6zi sz\u00ednt\u00e9ren val\u00f3 megjelen\u00e9st is biztos\u00edtja int\u00e9zet\u00fcnk sz\u00e1m\u00e1ra.<\/p>\n","protected":false},"excerpt":{"rendered":"<p><a href=\"https:\/\/semmelweis.hu\/genomikai-medicina\/files\/2022\/04\/Nitrogen.jpg\"><\/a> A XIX. sz\u00e1zad innovat\u00edv technol\u00f3gi\u00e1inak haszn\u00e1lata, az alapkutat\u00e1st\u00f3l a klinikai vizsg\u00e1latokig terjed\u0151 kutat\u00e1si portf\u00f3li\u00f3nk teszi lehet\u0151v\u00e9 eredm\u00e9nyes kutat\u00f3i tev\u00e9kenys\u00e9g\u00fcnket. Kutat\u00e1si eredm\u00e9nyeink k\u00f6z\u00fcl kiemelten b\u00fcszk\u00e9k vagyunk az \u00fajgener\u00e1ci\u00f3s szekven\u00e1l\u00e1si platformunk seg\u00edts\u00e9g\u00e9vel\u00a0 felfedezett \u00faj g\u00e9nre az MSTO1-re, a sz\u00e1mos \u00faj fenot\u00edpusra, amelyet els\u0151k\u00e9nt \u00edrtunk le, az \u00faj \u00f6r\u00f6kl\u00e9smenetekre, amelyeket ritka betegs\u00e9gekben figyelt\u00fcnk meg, \u00faj diagnosztikai fejleszt\u00e9seinkre, valamint &hellip;<\/p>\n","protected":false},"author":12,"featured_media":0,"parent":0,"menu_order":4,"comment_status":"closed","ping_status":"closed","template":"","meta":{"_acf_changed":false,"footnotes":""},"categories":[],"tags":[],"class_list":["post-2692","page","type-page","status-publish","hentry"],"acf":[],"_links":{"self":[{"href":"https:\/\/semmelweis.hu\/genomikai-medicina\/wp-json\/wp\/v2\/pages\/2692","targetHints":{"allow":["GET"]}}],"collection":[{"href":"https:\/\/semmelweis.hu\/genomikai-medicina\/wp-json\/wp\/v2\/pages"}],"about":[{"href":"https:\/\/semmelweis.hu\/genomikai-medicina\/wp-json\/wp\/v2\/types\/page"}],"author":[{"embeddable":true,"href":"https:\/\/semmelweis.hu\/genomikai-medicina\/wp-json\/wp\/v2\/users\/12"}],"replies":[{"embeddable":true,"href":"https:\/\/semmelweis.hu\/genomikai-medicina\/wp-json\/wp\/v2\/comments?post=2692"}],"version-history":[{"count":7,"href":"https:\/\/semmelweis.hu\/genomikai-medicina\/wp-json\/wp\/v2\/pages\/2692\/revisions"}],"predecessor-version":[{"id":3562,"href":"https:\/\/semmelweis.hu\/genomikai-medicina\/wp-json\/wp\/v2\/pages\/2692\/revisions\/3562"}],"wp:attachment":[{"href":"https:\/\/semmelweis.hu\/genomikai-medicina\/wp-json\/wp\/v2\/media?parent=2692"}],"wp:term":[{"taxonomy":"category","embeddable":true,"href":"https:\/\/semmelweis.hu\/genomikai-medicina\/wp-json\/wp\/v2\/categories?post=2692"},{"taxonomy":"post_tag","embeddable":true,"href":"https:\/\/semmelweis.hu\/genomikai-medicina\/wp-json\/wp\/v2\/tags?post=2692"}],"curies":[{"name":"wp","href":"https:\/\/api.w.org\/{rel}","templated":true}]}}