{"id":2685,"date":"2018-12-04T13:00:48","date_gmt":"2018-12-04T12:00:48","guid":{"rendered":"http:\/\/semmelweis.hu\/genomikai-medicina\/?page_id=2685"},"modified":"2022-04-20T09:33:32","modified_gmt":"2022-04-20T07:33:32","slug":"oktatas","status":"publish","type":"page","link":"https:\/\/semmelweis.hu\/genomikai-medicina\/oktatas\/","title":{"rendered":"Oktat\u00e1s"},"content":{"rendered":"<p style=\"text-align: justify;\"><a href=\"https:\/\/semmelweis.hu\/genomikai-medicina\/files\/2022\/04\/Katedra_Judit.jpg\"><img loading=\"lazy\" decoding=\"async\" class=\"alignright wp-image-3488 \" src=\"https:\/\/semmelweis.hu\/genomikai-medicina\/files\/2022\/04\/Katedra_Judit-1024x543.jpg\" alt=\"\" width=\"440\" height=\"233\" srcset=\"https:\/\/semmelweis.hu\/genomikai-medicina\/files\/2022\/04\/Katedra_Judit-1024x543.jpg 1024w, https:\/\/semmelweis.hu\/genomikai-medicina\/files\/2022\/04\/Katedra_Judit-300x159.jpg 300w, https:\/\/semmelweis.hu\/genomikai-medicina\/files\/2022\/04\/Katedra_Judit-768x407.jpg 768w, https:\/\/semmelweis.hu\/genomikai-medicina\/files\/2022\/04\/Katedra_Judit-566x300.jpg 566w, https:\/\/semmelweis.hu\/genomikai-medicina\/files\/2022\/04\/Katedra_Judit.jpg 1431w\" sizes=\"auto, (max-width: 440px) 100vw, 440px\" \/><\/a>A <strong>genetika alapjai 1818<\/strong>-ra ny\u00falnak vissza mikor magyar honfit\u00e1rsunk Gr\u00f3f Festetics Imre a vil\u00e1gon el\u0151sz\u00f6r haszn\u00e1lta a genetika sz\u00f3t publik\u00e1ci\u00f3j\u00e1ban, amelynek c\u00edme: A term\u00e9szet genetikai t\u00f6rv\u00e9nyei.\u00a0 Ki gondolta volna akkor a XIX sz\u00e1zad elej\u00e9n, hogy ez a sz\u00f3 \u00e9s annak m\u00f6g\u00f6ttes tartalma a XXI. sz\u00e1zadban megv\u00e1ltoztatja az orvosl\u00e1s szeml\u00e9let\u00e9t.<\/p>\n<p style=\"text-align: justify;\">A genetikusan meghat\u00e1rozott k\u00f3rk\u00e9pek t\u00falmutatnak a ritka betegs\u00e9geken, hiszen a legt\u00f6bb gyakori betegs\u00e9g kialakul\u00e1s\u00e1t genetikai rizik\u00f3t\u00e9nyez\u0151k is befoly\u00e1solj\u00e1k. A <strong>g\u00e9njeink nem csak betegs\u00e9geinket, hanem eg\u00e9szs\u00e9g\u00fcnket is determin\u00e1lj\u00e1k<\/strong>, s\u0151t, az egyes gy\u00f3gyszerek hat\u00e1soss\u00e1g\u00e1t \u00e9s mell\u00e9khat\u00e1sait is el\u0151re jelzik. <strong>Nincs olyan ter\u00fclete az eg\u00e9szs\u00e9g\u00fcgynek, ahol ne jelenne meg a genomika<\/strong>.\u00a0 Ez\u00e9rt fontos, hogy <strong>k\u00f6telez\u0151 tant\u00e1rgy 2017 \u00f3ta a klinikai genetika a Semmelweis Egyetemen<\/strong>, amely t\u00e1rgy oktat\u00e1s\u00e1\u00e9rt az int\u00e9zet a felel\u0151s.\u00a0 A c\u00e9l, hogy a futurisztikusnak t\u0171n\u0151, de a mindenki \u00e9let\u00e9t befoly\u00e1sol\u00f3 diszciplina oly <strong>iv\u00f3djon bele az \u00faj orvos gener\u00e1ci\u00f3 mindennapjaiba,<\/strong> hogy ne legyen sz\u00e1mukra gond egy \u00faj molekul\u00e1ris biol\u00f3giai technol\u00f3gi\u00e1val k\u00e9sz\u00fclt lelet olvas\u00e1sa, \u00e9p\u00fclj\u00f6n be mindennapjaikba a mesters\u00e9ges alap\u00fa d\u00f6nt\u00e9shozatali rendszerek haszn\u00e1lata, de ugyanakkor rendelkezzenek kiv\u00e1l\u00f3 klinikai k\u00e9pess\u00e9gekkel.\u00a0<\/p>\n<p style=\"text-align: justify;\">Sz\u00e1mos klinikai eset adta probl\u00e9m\u00e1n, valamint a j\u00e1r\u00f3- \u00e9s fekv\u0151beteg-ell\u00e1t\u00e1sba val\u00f3 betekint\u00e9ssel tanulj\u00e1k meg a hallgat\u00f3k, hogy <strong>hogyan gy\u0171jtsenek inform\u00e1ci\u00f3t, gener\u00e1ljanak hipot\u00e9ziseket, alkalmazzanak korszer\u0171, pl. mesters\u00e9ges intelligencia-alap\u00fa d\u00f6nt\u00e9shozatali rendszereket a fenot\u00edpus-mint\u00e1zatok felismer\u00e9s\u00e9re, hogyan \u00e9rtelmezz\u00e9k a genetikai teszt eredm\u00e9ny\u00e9t, illetve hogyan kommunik\u00e1ljanak az \u00f6r\u00f6kletes betegs\u00e9gben szenved\u0151 betegekkel \u00e9s csal\u00e1djaikkal.<\/strong><\/p>\n<p style=\"text-align: justify;\">\u00a0<\/p>\n","protected":false},"excerpt":{"rendered":"<p><a href=\"https:\/\/semmelweis.hu\/genomikai-medicina\/files\/2022\/04\/Katedra_Judit.jpg\"><\/a> A genetika alapjai 1818-ra ny\u00falnak vissza mikor magyar honfit\u00e1rsunk Gr\u00f3f Festetics Imre a vil\u00e1gon el\u0151sz\u00f6r haszn\u00e1lta a genetika sz\u00f3t publik\u00e1ci\u00f3j\u00e1ban, amelynek c\u00edme: A term\u00e9szet genetikai t\u00f6rv\u00e9nyei.\u00a0 Ki gondolta volna akkor a XIX sz\u00e1zad elej\u00e9n, hogy ez a sz\u00f3 \u00e9s annak m\u00f6g\u00f6ttes tartalma a XXI. sz\u00e1zadban megv\u00e1ltoztatja az orvosl\u00e1s szeml\u00e9let\u00e9t. A genetikusan meghat\u00e1rozott k\u00f3rk\u00e9pek t\u00falmutatnak a &hellip;<\/p>\n","protected":false},"author":12,"featured_media":0,"parent":0,"menu_order":3,"comment_status":"closed","ping_status":"closed","template":"","meta":{"_acf_changed":false,"footnotes":""},"categories":[],"tags":[],"class_list":["post-2685","page","type-page","status-publish","hentry"],"acf":[],"_links":{"self":[{"href":"https:\/\/semmelweis.hu\/genomikai-medicina\/wp-json\/wp\/v2\/pages\/2685","targetHints":{"allow":["GET"]}}],"collection":[{"href":"https:\/\/semmelweis.hu\/genomikai-medicina\/wp-json\/wp\/v2\/pages"}],"about":[{"href":"https:\/\/semmelweis.hu\/genomikai-medicina\/wp-json\/wp\/v2\/types\/page"}],"author":[{"embeddable":true,"href":"https:\/\/semmelweis.hu\/genomikai-medicina\/wp-json\/wp\/v2\/users\/12"}],"replies":[{"embeddable":true,"href":"https:\/\/semmelweis.hu\/genomikai-medicina\/wp-json\/wp\/v2\/comments?post=2685"}],"version-history":[{"count":7,"href":"https:\/\/semmelweis.hu\/genomikai-medicina\/wp-json\/wp\/v2\/pages\/2685\/revisions"}],"predecessor-version":[{"id":3557,"href":"https:\/\/semmelweis.hu\/genomikai-medicina\/wp-json\/wp\/v2\/pages\/2685\/revisions\/3557"}],"wp:attachment":[{"href":"https:\/\/semmelweis.hu\/genomikai-medicina\/wp-json\/wp\/v2\/media?parent=2685"}],"wp:term":[{"taxonomy":"category","embeddable":true,"href":"https:\/\/semmelweis.hu\/genomikai-medicina\/wp-json\/wp\/v2\/categories?post=2685"},{"taxonomy":"post_tag","embeddable":true,"href":"https:\/\/semmelweis.hu\/genomikai-medicina\/wp-json\/wp\/v2\/tags?post=2685"}],"curies":[{"name":"wp","href":"https:\/\/api.w.org\/{rel}","templated":true}]}}