{"id":1899,"date":"2016-03-30T10:16:54","date_gmt":"2016-03-30T08:16:54","guid":{"rendered":"http:\/\/semmelweis.hu\/genomikai-medicina\/?page_id=1899"},"modified":"2024-09-05T13:57:09","modified_gmt":"2024-09-05T11:57:09","slug":"clinical-genomics-i","status":"publish","type":"page","link":"https:\/\/semmelweis.hu\/genomikai-medicina\/en\/education\/clinical-genomics-i\/","title":{"rendered":"Clinical Genetics"},"content":{"rendered":"<div class=\"responsive-tabs\">\n<h2 class=\"tabtitle\">Clinical Genetics<\/h2>\n<div class=\"tabcontent\">\n\n<h2 style=\"text-align: justify\"><span style=\"font-size: 18pt\">Clinical Genetics<\/span><\/h2>\n<p style=\"text-align: justify\"><strong>NEPTUN code: AOKGRI764_1A\u00a0 \u00a0 \u00a0 \u00a0 \u00a0 \u00a0 \u00a0 \u00a0 \u00a0 \u00a0 \u00a0 \u00a0 \u00a0 \u00a0 \u00a0 \u00a0 \u00a0 \u00a0 \u00a0 \u00a0 \u00a0 \u00a0 \u00a0 \u00a0 \u00a0 \u00a0 \u00a0 \u00a0 \u00a0\u00a0<br \/>\n<\/strong><\/p>\n<p style=\"text-align: justify\"><strong>Course Instructors and Contact Information:<\/strong><\/p>\n<p style=\"text-align: justify\"><strong>Course Instructor:<\/strong> Dr. Viktor Moln\u00e1r<\/p>\n<p style=\"text-align: justify\"><strong>Lecturer and Chairman of the Department:<\/strong> Prof. Dr. M\u00e1ria Judit Moln\u00e1r<\/p>\n<hr \/>\n<p style=\"text-align: justify\">Requests related to educational matters are welcome to the e-mail address of Andrea T\u00f3th, Head of Secretariat, who will forward them to the appropriate person:<\/p>\n<p style=\"text-align: justify\"><a href=\"mailto:toth.andrea@semmelweis.hu\">toth.andrea@semmelweis.hu<\/a><\/p>\n<p style=\"text-align: justify\">E-mails must include the students&#8217; full name and NEPTUN code and have a descriptive subject line.<\/p>\n<hr \/>\n<p style=\"text-align: justify\"><strong>Date:<\/strong> in accordance with block scheduling (NEPTUN)<\/p>\n<p style=\"text-align: justify\"><strong>Locations:<\/strong>\u00a0<\/p>\n<p style=\"text-align: justify\"><em>Opening lecture, seminars:<\/em><br \/>\nElm\u00e9leti Orvostudom\u00e1nyi Kar &#8211; EOK , seminar room 0.806\u00a0 (<em>1094 Budapest, T\u0171zolt\u00f3 Str. 37-47.)<\/em><\/p>\n<p style=\"text-align: justify\"><em>Locker room, wardrobe:<\/em><br \/>\nProtective clothing is compulsory for small-size group lectures at the in-patient unit. Students will receive white-coats and locker keys after depositing their student cards. Semmelweis University Central Patient-Care Unit &#8211; KBE (Kor\u00e1nyi T\u00f6mb, K\u00f6zponti Betegell\u00e1t\u00f3 \u00c9p\u00fclet)<em>\u00a01082 Budapest \u00dcll\u0151i Str. 78\/B<\/em><br \/>\nMeeting point: main entrance, next to the escalator (Boldizs\u00e1r Viola will be awaiting students 20 minutes before and after small-sized group practices taking place on Monday from 12:30 p.m. till 4 p.m. and Tuesday from 10 a.m. till 2 p.m. Please don&#8217;t be late!<\/p>\n<p style=\"text-align: justify\"><em>Seminar rooms, secreteriat, genetic laboratories:<\/em><br \/>\nSemmelweis University Central Patient-Care Unit (Kor\u00e1nyi T\u00f6mb, K\u00f6zponti Betegell\u00e1t\u00f3 \u00c9p\u00fclet) <em>1082 Budapest \u00dcll\u0151i Str. 78\/B<\/em><br \/>\nBuilding \u201eA\u201d\u00a0 (Radiology Wing) 4th floor<\/p>\n<p style=\"text-align: justify\"><em>Neurogenetic Clinic:<\/em><br \/>\nSemmelweis University Central Patient-Care Unit (Kor\u00e1nyi T\u00f6mb, K\u00f6zponti Betegell\u00e1t\u00f3 \u00c9p\u00fclet) <em>1082 Budapest \u00dcll\u0151i Str. 78\/B<\/em><br \/>\nBuilding \u201eB\u201d\u00a0 (Main building) 1st floor<br \/>\n(Arriving from \u00dcll\u0151i Street take the escalator to the first floor, passing the pharmacy and buffet keep to the right in the circular waiting room and enter a short corridor &#8211; Rooms 148. and 149. You can also follow red arrows with our Institutes name showing the direction.)<\/p>\n<p style=\"text-align: justify\"><em>In-patient unit:<\/em><br \/>\nCentre for Rare Disorders<br \/>\nNeurology Clinic &#8211; right wing, 1st floor<br \/>\n<em>1083 Budapest Balassa J\u00e1nos Str. 6.<\/em><br \/>\n(Students can access the unit via the corridor connecting campus buildings. Barrier-free access is through the ambulance entrance.)<\/p>\n<hr \/>\n<p style=\"text-align: justify\"><strong>Credit points:<\/strong> 2\u00a0<\/p>\n<p style=\"text-align: justify\"><strong>Requirements of attendance and making up for absences: <\/strong>see information in Moodle. Attending 75% of the practices, lectures and workshops is the minimum criteria to acquire the end-term signature.\u00a0<br \/>\n<strong>Prerequisite subject:<\/strong> Pharmacology II, Genetics and Genomics, Pathology II<br \/>\n<strong>Form of exam:<\/strong> written test<br \/>\n<strong>Registering for the exam:<\/strong> NEPTUN\u00a0<br \/>\n<strong>Useful materials:<\/strong> uploaded in Moodle\u00a0<\/p>\n<hr \/>\n<p style=\"text-align: justify\">Overview of the one-week block practice:<\/p>\n<p style=\"text-align: justify\"><a href=\"https:\/\/semmelweis.hu\/genomikai-medicina\/files\/2020\/09\/Clinical_genetics_block.png\"><img loading=\"lazy\" decoding=\"async\" class=\"alignnone wp-image-2975\" src=\"https:\/\/semmelweis.hu\/genomikai-medicina\/files\/2020\/09\/Clinical_genetics_block-300x164.png\" alt=\"\" width=\"473\" height=\"258\" srcset=\"https:\/\/semmelweis.hu\/genomikai-medicina\/files\/2020\/09\/Clinical_genetics_block-300x164.png 300w, https:\/\/semmelweis.hu\/genomikai-medicina\/files\/2020\/09\/Clinical_genetics_block-1024x560.png 1024w, https:\/\/semmelweis.hu\/genomikai-medicina\/files\/2020\/09\/Clinical_genetics_block-768x420.png 768w, https:\/\/semmelweis.hu\/genomikai-medicina\/files\/2020\/09\/Clinical_genetics_block-548x300.png 548w, https:\/\/semmelweis.hu\/genomikai-medicina\/files\/2020\/09\/Clinical_genetics_block.png 1036w\" sizes=\"auto, (max-width: 473px) 100vw, 473px\" \/><\/a><\/p>\n\n<\/div><h2 class=\"tabtitle\">Klinische Genetik<\/h2>\n<div class=\"tabcontent\">\n\n<h2 style=\"text-align: justify\"><span style=\"font-size: 18pt\">Klinische Genetik<\/span><\/h2>\n<p style=\"text-align: justify\"><strong>NEPTUN-Code: AOKGRI764_1N<\/strong><\/p>\n<p style=\"text-align: justify\"><strong>Kontaktinformationen<\/strong><\/p>\n<p style=\"text-align: justify\">Kursleiter: Dr. Viktor Moln\u00e1r<\/p>\n<p style=\"text-align: justify\">Dozent und Vorsitzender der Abteilung: Prof. Dr. M\u00e1ria Judit Moln\u00e1r<\/p>\n<p style=\"text-align: justify\">Anfragen in Bezug auf Studienangelegenheiten sind an die E-Mail-Adresse von Andrea T\u00f3th, Leiterin des Sekretariats, gerichtet, die sie an die entsprechende Person weiterleitet:<\/p>\n<p><a href=\"mailto:toth.andrea@semmelweis.hu\">toth.andrea@semmelweis.hu<\/a>\u00a0<\/p>\n<p style=\"text-align: justify\">E-Mails m\u00fcssen den vollst\u00e4ndigen Namen und den NEPTUN-Code der Studenten enthalten.<\/p>\n<p style=\"text-align: justify\"><strong>Lernveranstaltungen<\/strong><\/p>\n<p style=\"text-align: justify\"><strong>Datum: <\/strong>gem\u00e4\u00df Blockplanung (NEPTUN)<\/p>\n<p style=\"text-align: justify\"><strong>Standorte und Unterricht:<\/strong><\/p>\n<ul style=\"text-align: justify\">\n<li><strong>Er\u00f6ffnungsvorlesung, weitere Seminare und Workshops:<\/strong><\/li>\n<\/ul>\n<p style=\"padding-left: 80px;text-align: justify\">Elm\u00e9leti Orvostudom\u00e1nyi K\u00f6zpont \u2013 EOK<\/p>\n<p style=\"padding-left: 80px;text-align: justify\">(Medizinisches Grundwissenschaftszentrum)<\/p>\n<p style=\"padding-left: 80px;text-align: justify\">Seminarraum 0.806<\/p>\n<p style=\"padding-left: 80px;text-align: justify\">1094 Budapest, T\u0171zolt\u00f3 Str. 37-47.<\/p>\n<ul style=\"text-align: justify\">\n<li><strong>Praktiken f\u00fcr kleinere Gruppen (Ambulanz, station\u00e4re Abteilung und Fallbericht 1&amp;2):<\/strong><\/li>\n<\/ul>\n<p style=\"padding-left: 80px;text-align: justify\">Die Praktikumsleiter werden die Studenten zu den richtigen Orten begleiten.<\/p>\n<p style=\"padding-left: 80px;text-align: justify\">Treffpunkt: Haupteingang, Erdgeschoss, hinter der Rolltreppe, wo sich Umkleideraum und Schlie\u00dff\u00e4cher befinden.<\/p>\n<p style=\"padding-left: 80px;text-align: justify\">Kor\u00e1nyi T\u00f6mb, K\u00f6zponti Betegell\u00e1t\u00f3 \u00c9p\u00fclet, KBE<\/p>\n<p style=\"padding-left: 80px;text-align: justify\">(Zentrale Patientenversorgungseinheit der Uni Semmelweis)<\/p>\n<p style=\"padding-left: 80px;text-align: justify\">1082 Budapest, \u00dcll\u0151i Str. 78 \/ B.<\/p>\n<p style=\"text-align: justify\">Schutzkleidung ist f\u00fcr Praktiken in kleinen Gruppen in der station\u00e4ren Abteilung und Ambulanz obligatorisch. Die Studenten erhalten nach der Hinterlegung ihrer Studentenausweise wei\u00dfe Kittel und Schlie\u00dffachschl\u00fcssel. (Herr Boldizs\u00e1r Viola erwartet die Studenten 20 Minuten vor und nach den Praktiken f\u00fcr kleinen Gruppen, die am Montag und Dienstag von 12.30 bis 16.00 Uhr veranstaltet werden. Bitte versp\u00e4ten Sie nicht!<\/p>\n<p style=\"text-align: justify\">Zur Information die drei Standorte:<\/p>\n<p style=\"padding-left: 40px;text-align: justify\">Ambulanz\/Neurogenetische Polyklinik:<\/p>\n<p style=\"padding-left: 80px;text-align: justify\">Kor\u00e1nyi T\u00f6mb, K\u00f6zponti Betegell\u00e1t\u00f3 \u00c9p\u00fclet, KBE<\/p>\n<p style=\"padding-left: 80px;text-align: justify\">(Zentrale Patientenversorgungseinheit der Uni Semmelweis)<\/p>\n<p style=\"padding-left: 80px;text-align: justify\">1082 Budapest, \u00dcll\u0151i Str. 78 \/ B.<\/p>\n<p style=\"padding-left: 80px;text-align: justify\">Geb\u00e4ude \u201eB\u201d (Hauptgeb\u00e4ude) 1. Stock<\/p>\n<p style=\"padding-left: 80px;text-align: justify\">(Wenn Sie von der Richtung der \u00dcll\u0151i-Stra\u00dfe am Haupteingang hereinkommen, fahren Sie mit der Rolltreppe in den ersten Stock, vorbei an der Apotheke und dem Buffet, im runden Wartezimmer rechts und betreten einen kurzen Korridor &#8211; Zimmer 148. und 149. Sie k\u00f6nnen auch roten Pfeilen mit dem Namen unseres Instituts folgen die Richtung.)<\/p>\n<p style=\"padding-left: 40px;text-align: justify\">Sekretariat, genetische Laboratorien:<\/p>\n<p style=\"padding-left: 80px;text-align: justify\">(auch im Geb\u00e4ude \u201eKor\u00e1nyi T\u00f6mb\u201c)<\/p>\n<p style=\"padding-left: 80px;text-align: justify\">Geb\u00e4ude \u201eA\u201d (Radiologie-fl\u00fcgel) 4. Stock<\/p>\n<p style=\"padding-left: 80px;text-align: justify\">Hier befindet sich die B\u00fcros von Institut f\u00fcr Medizinische Genomik und seltene Erkrankungen (ung: Genomikai Medicina \u00e9s Ritka Betegs\u00e9gek Int\u00e9zete).<\/p>\n<p style=\"padding-left: 40px;text-align: justify\">Station\u00e4re Abteilung:<\/p>\n<p style=\"padding-left: 80px;text-align: justify\">Zentrum f\u00fcr Seltene St\u00f6rungen (ung. Ritka Betegs\u00e9gek K\u00f6zpont)<\/p>\n<p style=\"padding-left: 80px;text-align: justify\">Uniklinik Neurologie &#8211; rechter Fl\u00fcgel, 1. Stock<\/p>\n<p style=\"padding-left: 80px;text-align: justify\">1083 Budapest Balassa J\u00e1nos Str. 6.<\/p>\n<p style=\"padding-left: 80px;text-align: justify\">(Die Studenten k\u00f6nnen die Abteilung \u00fcber den hoch laufenden verglasten Korridor erreichen, der die Kliniken verbindet. Der barrierefreie Zugang erfolgt \u00fcber den Eingang des Krankenwagens.)<\/p>\n<p style=\"text-align: justify\"><strong>Weitere Studienangelegenheiten:<\/strong><\/p>\n<p style=\"padding-left: 40px;text-align: justify\">Kreditpunkte: 2<\/p>\n<p style=\"padding-left: 40px;text-align: justify\">Anwesenheitsvoraussetzungen und Ausgleich von Abwesenheiten: Die Teilnahme an 75% der Unterrichte ist das Mindestkriterium f\u00fcr die Erlangung der Unterschrift.<\/p>\n<p style=\"padding-left: 40px;text-align: justify\">Vorf\u00e4cher: Pharmakologie II, Genetik und Genomik, Pathologie II<\/p>\n<p style=\"padding-left: 40px;text-align: justify\">Pr\u00fcfungsform: schriftliche Pr\u00fcfung<\/p>\n<p style=\"padding-left: 40px;text-align: justify\">Anmeldung zur Pr\u00fcfung: NEPTUN<\/p>\n<p style=\"padding-left: 40px;text-align: justify\">N\u00fctzliche Lernmaterialien: Moodle<\/p>\n<p style=\"text-align: justify\"><strong>\u00dcberblick \u00fcber das einw\u00f6chige Blockpraktikum:<\/strong><\/p>\n<p style=\"text-align: justify\"><a href=\"https:\/\/semmelweis.hu\/genomikai-medicina\/files\/2020\/10\/Klinische_genetik-1.jpg\"><img loading=\"lazy\" decoding=\"async\" class=\"alignnone wp-image-3040\" src=\"https:\/\/semmelweis.hu\/genomikai-medicina\/files\/2020\/10\/Klinische_genetik-1-300x155.jpg\" alt=\"\" width=\"581\" height=\"300\" srcset=\"https:\/\/semmelweis.hu\/genomikai-medicina\/files\/2020\/10\/Klinische_genetik-1-300x155.jpg 300w, https:\/\/semmelweis.hu\/genomikai-medicina\/files\/2020\/10\/Klinische_genetik-1-768x397.jpg 768w, https:\/\/semmelweis.hu\/genomikai-medicina\/files\/2020\/10\/Klinische_genetik-1-580x300.jpg 580w, https:\/\/semmelweis.hu\/genomikai-medicina\/files\/2020\/10\/Klinische_genetik-1.jpg 829w\" sizes=\"auto, (max-width: 581px) 100vw, 581px\" \/><\/a><\/p>\n<p style=\"text-align: justify\"><\/div><\/div><\/p>\n","protected":false},"excerpt":{"rendered":"<p>Clinical Genetics NEPTUN code: AOKGRI764_1A\u00a0 \u00a0 \u00a0 \u00a0 \u00a0 \u00a0 \u00a0 \u00a0 \u00a0 \u00a0 \u00a0 \u00a0 \u00a0 \u00a0 \u00a0 \u00a0 \u00a0 \u00a0 \u00a0 \u00a0 \u00a0 \u00a0 \u00a0 \u00a0 \u00a0 \u00a0 \u00a0 \u00a0 \u00a0\u00a0 Course Instructors and Contact Information: Course Instructor: Dr. Viktor Moln\u00e1r Lecturer and Chairman of the Department: Prof. Dr. M\u00e1ria Judit Moln\u00e1r Requests &hellip;<\/p>\n","protected":false},"author":276,"featured_media":0,"parent":1415,"menu_order":0,"comment_status":"closed","ping_status":"closed","template":"","meta":{"_acf_changed":false,"footnotes":""},"categories":[],"tags":[],"class_list":["post-1899","page","type-page","status-publish","hentry"],"acf":[],"_links":{"self":[{"href":"https:\/\/semmelweis.hu\/genomikai-medicina\/wp-json\/wp\/v2\/pages\/1899","targetHints":{"allow":["GET"]}}],"collection":[{"href":"https:\/\/semmelweis.hu\/genomikai-medicina\/wp-json\/wp\/v2\/pages"}],"about":[{"href":"https:\/\/semmelweis.hu\/genomikai-medicina\/wp-json\/wp\/v2\/types\/page"}],"author":[{"embeddable":true,"href":"https:\/\/semmelweis.hu\/genomikai-medicina\/wp-json\/wp\/v2\/users\/276"}],"replies":[{"embeddable":true,"href":"https:\/\/semmelweis.hu\/genomikai-medicina\/wp-json\/wp\/v2\/comments?post=1899"}],"version-history":[{"count":10,"href":"https:\/\/semmelweis.hu\/genomikai-medicina\/wp-json\/wp\/v2\/pages\/1899\/revisions"}],"predecessor-version":[{"id":4096,"href":"https:\/\/semmelweis.hu\/genomikai-medicina\/wp-json\/wp\/v2\/pages\/1899\/revisions\/4096"}],"up":[{"embeddable":true,"href":"https:\/\/semmelweis.hu\/genomikai-medicina\/wp-json\/wp\/v2\/pages\/1415"}],"wp:attachment":[{"href":"https:\/\/semmelweis.hu\/genomikai-medicina\/wp-json\/wp\/v2\/media?parent=1899"}],"wp:term":[{"taxonomy":"category","embeddable":true,"href":"https:\/\/semmelweis.hu\/genomikai-medicina\/wp-json\/wp\/v2\/categories?post=1899"},{"taxonomy":"post_tag","embeddable":true,"href":"https:\/\/semmelweis.hu\/genomikai-medicina\/wp-json\/wp\/v2\/tags?post=1899"}],"curies":[{"name":"wp","href":"https:\/\/api.w.org\/{rel}","templated":true}]}}