{"id":1881,"date":"2016-04-07T13:51:14","date_gmt":"2016-04-07T11:51:14","guid":{"rendered":"http:\/\/semmelweis.hu\/genomikai-medicina\/?page_id=1881"},"modified":"2022-03-29T11:28:50","modified_gmt":"2022-03-29T09:28:50","slug":"ritka-betegsegek-halozata","status":"publish","type":"page","link":"https:\/\/semmelweis.hu\/genomikai-medicina\/ritka-betegsegek-halozata\/","title":{"rendered":"Ritka Betegs\u00e9gek H\u00e1l\u00f3zata"},"content":{"rendered":"<p><strong>Semmelweis Egyetem &#8211; Ritka Betegs\u00e9gek Szak\u00e9rt\u0151i K\u00f6zpont\u00a0<\/strong><\/p>\n<p><strong>Semmelweis University &#8211; Centre of Expertise for Rare Diseases (SU \u2013 CoE RD)<\/strong><\/p>\n<p>A h\u00e1l\u00f3zat szakrendel\u00e9seinek list\u00e1ja\u00a0<a href=\"https:\/\/semmelweis.hu\/genomikai-medicina\/files\/2016\/04\/tbla2-1.pdf\" target=\"_blank\" rel=\"noopener noreferrer\">ezen a linken<\/a> \u00e9rhet\u0151 el.\u00a0<\/p>\n<p>A h\u00e1l\u00f3zat tagjainak list\u00e1ja\u00a0<a href=\"https:\/\/semmelweis.hu\/genomikai-medicina\/files\/2016\/04\/A-Semmelweis-Egyetem-Ritka-Betegs\u00e9gek-Szak\u00e9rt\u0151i-K\u00f6zpontj\u00e1n.pdf\" target=\"_blank\" rel=\"noopener noreferrer\">ezen a linken<\/a> tekinthet\u0151 meg.<\/p>\n<p>&nbsp;<\/p>\n","protected":false},"excerpt":{"rendered":"<p>Semmelweis Egyetem &#8211; Ritka Betegs\u00e9gek Szak\u00e9rt\u0151i K\u00f6zpont\u00a0<br \/>\nSemmelweis University &#8211; Centre of Expertise for Rare Diseases (SU \u2013 CoE RD)<br \/>\nA h\u00e1l\u00f3zat szakrendel\u00e9seinek list\u00e1ja\u00a0<a href=\"https:\/\/semmelweis.hu\/genomikai-medicina\/files\/2016\/04\/tbla2-1.pdf\" target=\"_blank\" rel=\"noopener noreferrer\">ezen a linken<\/a> \u00e9rhet\u0151 el.\u00a0<br \/>\nA h\u00e1l\u00f3zat tagjainak list\u00e1ja\u00a0<a href=\"https:\/\/semmelweis.hu\/genomikai-medicina\/files\/2016\/04\/A-Semmelweis-Egyetem-Ritka-Betegs\u00e9gek-Szak\u00e9rt\u0151i-K\u00f6zpontj\u00e1n.pdf\" target=\"_blank\" rel=\"noopener noreferrer\">ezen a linken<\/a> tekinthet\u0151 meg.<br \/>\n&nbsp;<\/p>\n","protected":false},"author":276,"featured_media":0,"parent":0,"menu_order":5,"comment_status":"closed","ping_status":"closed","template":"","meta":{"_acf_changed":false,"footnotes":""},"categories":[],"tags":[],"class_list":["post-1881","page","type-page","status-publish","hentry"],"acf":[],"_links":{"self":[{"href":"https:\/\/semmelweis.hu\/genomikai-medicina\/wp-json\/wp\/v2\/pages\/1881","targetHints":{"allow":["GET"]}}],"collection":[{"href":"https:\/\/semmelweis.hu\/genomikai-medicina\/wp-json\/wp\/v2\/pages"}],"about":[{"href":"https:\/\/semmelweis.hu\/genomikai-medicina\/wp-json\/wp\/v2\/types\/page"}],"author":[{"embeddable":true,"href":"https:\/\/semmelweis.hu\/genomikai-medicina\/wp-json\/wp\/v2\/users\/276"}],"replies":[{"embeddable":true,"href":"https:\/\/semmelweis.hu\/genomikai-medicina\/wp-json\/wp\/v2\/comments?post=1881"}],"version-history":[{"count":10,"href":"https:\/\/semmelweis.hu\/genomikai-medicina\/wp-json\/wp\/v2\/pages\/1881\/revisions"}],"predecessor-version":[{"id":3130,"href":"https:\/\/semmelweis.hu\/genomikai-medicina\/wp-json\/wp\/v2\/pages\/1881\/revisions\/3130"}],"wp:attachment":[{"href":"https:\/\/semmelweis.hu\/genomikai-medicina\/wp-json\/wp\/v2\/media?parent=1881"}],"wp:term":[{"taxonomy":"category","embeddable":true,"href":"https:\/\/semmelweis.hu\/genomikai-medicina\/wp-json\/wp\/v2\/categories?post=1881"},{"taxonomy":"post_tag","embeddable":true,"href":"https:\/\/semmelweis.hu\/genomikai-medicina\/wp-json\/wp\/v2\/tags?post=1881"}],"curies":[{"name":"wp","href":"https:\/\/api.w.org\/{rel}","templated":true}]}}