{"id":1797,"date":"2016-02-19T10:56:07","date_gmt":"2016-02-19T09:56:07","guid":{"rendered":"http:\/\/semmelweis.hu\/genomikai-medicina\/?page_id=1797"},"modified":"2026-03-19T13:27:33","modified_gmt":"2026-03-19T12:27:33","slug":"rektori-temak","status":"publish","type":"page","link":"https:\/\/semmelweis.hu\/genomikai-medicina\/oktatas\/rektori-temak\/","title":{"rendered":"Rektori t\u00e9m\u00e1k"},"content":{"rendered":"<h2><span style=\"font-size: 18pt\">Az int\u00e9zet\u00fcnk \u00e1ltal aj\u00e1nlott Rektori P\u00e1lyam\u0171vek t\u00e9m\u00e1i:<\/span><\/h2>\n<table style=\"width: 100.395%\" width=\"1123\">\n<tbody>\n<tr>\n<td style=\"width: 1172.69px;text-align: center\"><strong>T\u00e9ma<\/strong><\/td>\n<td style=\"width: 420.694px;text-align: center\"><strong>T\u00e9mafelel\u0151s<\/strong><\/td>\n<\/tr>\n<tr>\n<td style=\"width: 1172.69px\">Analysis of accelerated ageing and mitochondrial dysfunction in Huntington&#8217;s disease<\/td>\n<td style=\"width: 420.694px\">Dr. G\u00e1l Anik\u00f3<\/td>\n<\/tr>\n<tr>\n<td style=\"width: 1172.69px\">Az inzulinrezisztencia \u00e9s a PCOS f\u0151 farmakoter\u00e1pi\u00e1j\u00e1nak \u00f6sszehasonl\u00edt\u00e1sa transzkriptom-elemz\u00e9s alapj\u00e1n<\/td>\n<td style=\"width: 420.694px\">Dr. G\u00e1l Anik\u00f3<\/td>\n<\/tr>\n<tr>\n<td style=\"width: 1172.69px\">Comprehensive genetic analysis of optic neuropathies<\/td>\n<td style=\"width: 420.694px\">Dr. G\u00e1l Anik\u00f3<\/td>\n<\/tr>\n<tr>\n<td style=\"width: 1172.69px\">Felgyorsult \u00f6reged\u00e9s \u00e9s a mitokondri\u00e1lis diszfunkci\u00f3 elemz\u00e9se Huntington k\u00f3rban<\/td>\n<td style=\"width: 420.694px\">Dr. G\u00e1l Anik\u00f3<\/td>\n<\/tr>\n<tr>\n<td style=\"width: 1172.69px\">Mitochondri\u00e1lis dinamika szerepe a neurodegenerativ betegs\u00e9gek patomechanizmus\u00e1ban<\/td>\n<td style=\"width: 420.694px\">Dr. G\u00e1l Anik\u00f3<\/td>\n<\/tr>\n<tr>\n<td style=\"width: 1172.69px\">Opticus neuropathi\u00e1k \u00e1tfog\u00f3 genetikai vizsg\u00e1lata<\/td>\n<td style=\"width: 420.694px\">Dr. G\u00e1l Anik\u00f3<\/td>\n<\/tr>\n<tr>\n<td style=\"width: 1172.69px\">Neurogenetikai k\u00f3rk\u00e9pek innovativ kezel\u00e9si lehet\u0151s\u00e9gei<\/td>\n<td style=\"width: 420.694px\">Dr. Moln\u00e1r M\u00e1ria Judit<\/td>\n<\/tr>\n<tr>\n<td style=\"width: 1172.69px\">\u00daj gener\u00e1ci\u00f3s genomikai m\u00f3dszerek diagnosztikai \u00e9rt\u00e9ke a ritka betegs\u00e9gek diagnosztik\u00e1j\u00e1ban: long read szekven\u00e1l\u00e1s \u00e9s optikai genom mapping<\/td>\n<td style=\"width: 420.694px\">Dr. Moln\u00e1r M\u00e1ria Judit<\/td>\n<\/tr>\n<tr>\n<td style=\"width: 1172.69px\">Heredit\u00e4re krebsassoziierte Syndrome und syndromassoziierter Krebs<\/td>\n<td style=\"width: 420.694px\">Dr. Moln\u00e1r Viktor<\/td>\n<\/tr>\n<tr>\n<td style=\"width: 1172.69px\">Praktische Anwendung von den Exom-Sequenzierungdaten<\/td>\n<td style=\"width: 420.694px\">Dr. Moln\u00e1r Viktor<\/td>\n<\/tr>\n<tr>\n<td style=\"width: 1172.69px\">Kezel\u00e9si lehet\u0151s\u00e9gek \u00e9s ezek hat\u00e1sfokai cerebrotendinosus xanthomatosisban<\/td>\n<td style=\"width: 420.694px\">Dr. Varga No\u00e9mi \u00c1gnes<\/td>\n<\/tr>\n<\/tbody>\n<\/table>\n<p>&nbsp;<\/p>\n","protected":false},"excerpt":{"rendered":"<p>Az int\u00e9zet\u00fcnk \u00e1ltal aj\u00e1nlott Rektori P\u00e1lyam\u0171vek t\u00e9m\u00e1i: T\u00e9ma T\u00e9mafelel\u0151s Analysis of accelerated ageing and mitochondrial dysfunction in Huntington&#8217;s disease Dr. G\u00e1l Anik\u00f3 Az inzulinrezisztencia \u00e9s a PCOS f\u0151 farmakoter\u00e1pi\u00e1j\u00e1nak \u00f6sszehasonl\u00edt\u00e1sa transzkriptom-elemz\u00e9s alapj\u00e1n Dr. G\u00e1l Anik\u00f3 Comprehensive genetic analysis of optic neuropathies Dr. G\u00e1l Anik\u00f3 Felgyorsult \u00f6reged\u00e9s \u00e9s a mitokondri\u00e1lis diszfunkci\u00f3 elemz\u00e9se Huntington k\u00f3rban Dr. G\u00e1l &hellip;<\/p>\n","protected":false},"author":276,"featured_media":0,"parent":2685,"menu_order":5,"comment_status":"closed","ping_status":"closed","template":"","meta":{"_acf_changed":false,"footnotes":""},"categories":[],"tags":[],"class_list":["post-1797","page","type-page","status-publish","hentry"],"acf":[],"_links":{"self":[{"href":"https:\/\/semmelweis.hu\/genomikai-medicina\/wp-json\/wp\/v2\/pages\/1797","targetHints":{"allow":["GET"]}}],"collection":[{"href":"https:\/\/semmelweis.hu\/genomikai-medicina\/wp-json\/wp\/v2\/pages"}],"about":[{"href":"https:\/\/semmelweis.hu\/genomikai-medicina\/wp-json\/wp\/v2\/types\/page"}],"author":[{"embeddable":true,"href":"https:\/\/semmelweis.hu\/genomikai-medicina\/wp-json\/wp\/v2\/users\/276"}],"replies":[{"embeddable":true,"href":"https:\/\/semmelweis.hu\/genomikai-medicina\/wp-json\/wp\/v2\/comments?post=1797"}],"version-history":[{"count":10,"href":"https:\/\/semmelweis.hu\/genomikai-medicina\/wp-json\/wp\/v2\/pages\/1797\/revisions"}],"predecessor-version":[{"id":4365,"href":"https:\/\/semmelweis.hu\/genomikai-medicina\/wp-json\/wp\/v2\/pages\/1797\/revisions\/4365"}],"up":[{"embeddable":true,"href":"https:\/\/semmelweis.hu\/genomikai-medicina\/wp-json\/wp\/v2\/pages\/2685"}],"wp:attachment":[{"href":"https:\/\/semmelweis.hu\/genomikai-medicina\/wp-json\/wp\/v2\/media?parent=1797"}],"wp:term":[{"taxonomy":"category","embeddable":true,"href":"https:\/\/semmelweis.hu\/genomikai-medicina\/wp-json\/wp\/v2\/categories?post=1797"},{"taxonomy":"post_tag","embeddable":true,"href":"https:\/\/semmelweis.hu\/genomikai-medicina\/wp-json\/wp\/v2\/tags?post=1797"}],"curies":[{"name":"wp","href":"https:\/\/api.w.org\/{rel}","templated":true}]}}