{"id":1794,"date":"2016-02-19T10:55:11","date_gmt":"2016-02-19T09:55:11","guid":{"rendered":"http:\/\/semmelweis.hu\/genomikai-medicina\/?page_id=1794"},"modified":"2026-03-19T13:35:41","modified_gmt":"2026-03-19T12:35:41","slug":"tdk-temak","status":"publish","type":"page","link":"https:\/\/semmelweis.hu\/genomikai-medicina\/oktatas\/tdk-temak\/","title":{"rendered":"TDK"},"content":{"rendered":"<div dir=\"ltr\">\n<h2><span style=\"font-size: 18pt\">Az int\u00e9zet\u00fcnk \u00e1ltal aj\u00e1nlott TDK P\u00e1lyam\u0171vek t\u00e9m\u00e1i:<\/span><\/h2>\n<\/div>\n<table style=\"width: 95.0031%\" width=\"747\">\n<tbody>\n<tr>\n<td style=\"width: 77.0777%;text-align: center\"><strong>T\u00e9ma<\/strong><\/td>\n<td style=\"width: 114.812%;text-align: center\"><strong>T\u00e9mafelel\u0151s<\/strong><\/td>\n<\/tr>\n<tr>\n<td style=\"width: 77.0777%\" width=\"576\">Az inzulinrezisztencia \u00e9s a PCOS f\u0151 farmakoter\u00e1pi\u00e1j\u00e1nak \u00f6sszehasonl\u00edt\u00e1sa transzkriptom-elemz\u00e9s alapj\u00e1n<\/td>\n<td style=\"width: 114.812%\" width=\"171\">Dr. G\u00e1l Anik\u00f3<\/td>\n<\/tr>\n<tr>\n<td style=\"width: 77.0777%\">Mitochondri\u00e1lis betegs\u00e9gek genetikai \u00e9s biok\u00e9miai h\u00e1tter\u00e9nek kutat\u00e1sa<\/td>\n<td style=\"width: 114.812%\">Dr. G\u00e1l Anik\u00f3<\/td>\n<\/tr>\n<tr>\n<td style=\"width: 77.0777%\">Opticus neuropathi\u00e1k \u00e1tfog\u00f3 genetikai vizsg\u00e1lata<\/td>\n<td style=\"width: 114.812%\">Dr. G\u00e1l Anik\u00f3<\/td>\n<\/tr>\n<tr>\n<td style=\"width: 77.0777%\">Comprehensive genetic analysis of optic neuropathies<\/td>\n<td style=\"width: 114.812%\">Dr. G\u00e1l Anik\u00f3<\/td>\n<\/tr>\n<tr>\n<td style=\"width: 77.0777%\">Felgyorsult \u00f6reged\u00e9s \u00e9s a mitokondri\u00e1lis diszfunkci\u00f3 elemz\u00e9se Huntington k\u00f3rban<\/td>\n<td style=\"width: 114.812%\">Dr. G\u00e1l Anik\u00f3<\/td>\n<\/tr>\n<tr>\n<td style=\"width: 77.0777%\">Analysis of accelerated ageing and mitochondrial dysfunction in Huntington&#8217;s disease<\/td>\n<td style=\"width: 114.812%\">Dr. G\u00e1l Anik\u00f3<\/td>\n<\/tr>\n<tr>\n<td style=\"width: 77.0777%\">Felgyorsult \u00f6reged\u00e9s \u00e9s a mitokondri\u00e1lis diszfunkci\u00f3 vizsg\u00e1lata az infertilut\u00e1s\u00a0 h\u00e1tter\u00e9ben<\/td>\n<td style=\"width: 114.812%\">Dr. G\u00e1l Anik\u00f3\/B\u00e1nfi Barnab\u00e1s<\/td>\n<\/tr>\n<tr>\n<td style=\"width: 77.0777%\">Felgyorsult \u00f6reged\u00e9s \u00e9s a mitokondri\u00e1lis diszfunkci\u00f3 vizsg\u00e1lata az infertilut\u00e1s\u00a0 h\u00e1tter\u00e9ben<\/td>\n<td style=\"width: 114.812%\">Dr. G\u00e1l Anik\u00f3\/B\u00e1nfi Barnab\u00e1s<\/td>\n<\/tr>\n<tr>\n<td style=\"width: 77.0777%\">Investigation of accelerated ageing and mitochondrial dysfunction in infertility<\/td>\n<td style=\"width: 114.812%\">Dr. G\u00e1l Anik\u00f3\/B\u00e1nfi Barnab\u00e1s<\/td>\n<\/tr>\n<tr>\n<td style=\"width: 77.0777%\">Investigation of accelerated ageing and mitochondrial dysfunction in infertility<\/td>\n<td style=\"width: 114.812%\">Dr. G\u00e1l Anik\u00f3\/B\u00e1nfi Barnab\u00e1s<\/td>\n<\/tr>\n<tr>\n<td style=\"width: 77.0777%\">Adat vez\u00e9relt hosszmetszeti k\u00f6vet\u00e9s mitochondri\u00e1lis betegs\u00e9gekben<\/td>\n<td style=\"width: 114.812%\">Dr. Jimoh Idris J\u00e1nos<\/td>\n<\/tr>\n<tr>\n<td style=\"width: 77.0777%\">Szemelyre szabott \u00e9s prevent\u00edv medicina lehet\u0151s\u00e9gei cardiovaszkul\u00e1ris manifeszt\u00e1ci\u00f3j\u00fa betegs\u00e9gekben (mitochondri\u00e1lis betegs\u00e9gekkel a f\u00f3kuszban)<\/td>\n<td style=\"width: 114.812%\">Dr. Jimoh Idris J\u00e1nos<\/td>\n<\/tr>\n<tr>\n<td style=\"width: 77.0777%\">Personalized and preventive medicine in disorders with cardiovascular manifestations<\/td>\n<td style=\"width: 114.812%\">Dr. Jimoh Idris J\u00e1nos<\/td>\n<\/tr>\n<tr>\n<td style=\"width: 77.0777%\">Tay Sachs k\u00f3r &#8211; \u00faj c\u00e9lzott ter\u00e1pi\u00e1s lehet\u0151s\u00e9gek \u00f6r\u00f6kletes neurol\u00f3giai k\u00f3rk\u00e9pben<\/td>\n<td style=\"width: 114.812%\">Dr. Jimoh Idris J\u00e1nos<\/td>\n<\/tr>\n<tr>\n<td style=\"width: 77.0777%\">Megel\u0151zhet\u0151 \u00e9s gy\u00f3gyithat\u00f3 genetikai betegs\u00e9gek sz\u0171r\u00e9si \u00e9s kezel\u00e9si strat\u00e9gi\u00e1i<\/td>\n<td style=\"width: 114.812%\">Dr. Moln\u00e1r M\u00e1ria Judit<\/td>\n<\/tr>\n<tr>\n<td style=\"width: 77.0777%\">Intellektu\u00e1lis k\u00e9pess\u00e9gzavarok genetikai architekt\u00far\u00e1j\u00e1nak elemz\u00e9se\/ The analysis of the genetic architechture of intellectual disabilities<\/td>\n<td style=\"width: 114.812%\">Dr. Moln\u00e1r M\u00e1ria Judit<\/td>\n<\/tr>\n<tr>\n<td style=\"width: 77.0777%\">The Genetic Landscape of Newborn Screening<\/td>\n<td style=\"width: 114.812%\">Dr. Moln\u00e1r M\u00e1ria Judit<\/td>\n<\/tr>\n<tr>\n<td style=\"width: 77.0777%\">Az introni k\u00f3piasz\u00e1m elt\u00e9r\u00e9sek jelent\u0151s\u00e9ge \u00f6r\u00f6kletes ataxi\u00e1kban<\/td>\n<td style=\"width: 114.812%\">Dr. Moln\u00e1r M\u00e1ria Judit\/Dr. Udvari Szabolcs<\/td>\n<\/tr>\n<tr>\n<td style=\"width: 77.0777%\">A dystrophia myotonica 1 \u00e9s 2 phenotypus- genotypus korrel\u00e1ci\u00f3ja \u00e9s genetikai epidemiol\u00f3gi\u00e1ja<\/td>\n<td style=\"width: 114.812%\">Dr. Moln\u00e1r M\u00e1ria Judit\/Dr. Udvari Szabolcs<\/td>\n<\/tr>\n<tr>\n<td style=\"width: 77.0777%\">Kock\u00e1zat\u00e9rt\u00e9kel\u00e9s \u00f6r\u00f6kletes daganatszindr\u00f3m\u00e1kban<\/td>\n<td style=\"width: 114.812%\">Dr. Moln\u00e1r Viktor\u00a0<\/td>\n<\/tr>\n<tr>\n<td style=\"width: 77.0777%\">Feder\u00e1lt adatmegoszt\u00e1s a genetikai betegs\u00e9gek kutat\u00e1s\u00e1ban<\/td>\n<td style=\"width: 114.812%\">Dr. Moln\u00e1r Viktor\u00a0<\/td>\n<\/tr>\n<tr>\n<td style=\"width: 77.0777%\">Treatment options and efficacy in cerebrotendinous xanthomatosis<\/td>\n<td style=\"width: 114.812%\">Dr. Varga No\u00e9mi \u00c1gnes<\/td>\n<\/tr>\n<\/tbody>\n<\/table>\n<p>&nbsp;<\/p>\n<p>&nbsp;<\/p>\n<p><span style=\"color: #313b40;font-family: Montserrat, sans-serif;font-size: 18pt;font-weight: 600\">TDK munk\u00e1k<\/span><\/p>\n<ol>\n<li>Dr. Milley Gy\u00f6rgy M\u00e1t\u00e9: GJB1 mut\u00e1ci\u00f3k vizsg\u00e1lata herediter neuropathiaban T\u00e9mavezet\u0151: G\u00e1l Anik\u00f3<\/li>\n<li>Kecskem\u00e9ti N\u00f3ra: GJB2 mut\u00e1ci\u00f3k vizsg\u00e1lata Sensoneuralis hall\u00e1sveszt\u00e9s h\u00e1tter\u00e9ben T\u00e9mavezet\u0151: G\u00e1l Anik\u00f3<\/li>\n<li>Szilassi T\u00fcnde: Statin induk\u00e1lta myopathia farmakogenomikai vizsg\u00e1lata T\u00e9mavezet\u0151: Rem\u00e9nyi Vikt\u00f3ria, Moln\u00e1r M\u00e1ria Judit<\/li>\n<li>B\u00e1ny\u00e1sz Emese: Az alfa-ketoglutar\u00e1t dehidrogen\u00e1z mut\u00e1ci\u00f3inak vizsg\u00e1lata Alzheimer demenci\u00e1ban T\u00e9mavezet\u0151: Moln\u00e1r M\u00e1ria Judit, Pentel\u00e9nyi Kl\u00e1ra<\/li>\n<li>Erdei Lilla: Analysis of the expression of lipid droplet associated protein in sceletal muscle disorders T\u00e9mavezet\u0151: Moln\u00e1r M\u00e1ria Judit<\/li>\n<li>Szirmai Danuta: A kombin\u00e1lt replik\u00e1ci\u00f3s hib\u00e1k jelent\u0151s\u00e9ge Huntington k\u00f3rban T\u00e9mavezet\u0151: Rem\u00e9nyi Vikt\u00f3ria, Grosz Zolt\u00e1n<\/li>\n<li>M\u00e9sz\u00e1ros Martina: POLG1 mut\u00e1ci\u00f3k vizsg\u00e1lata pszichi\u00e1triai betegekben T\u00e9mavezet\u0151: K\u00e9kesi Anna, Moln\u00e1r M\u00e1ria Judit<\/li>\n<li>Csab\u00e1n D\u00f3ra: Genetikai rizik\u00f3t\u00e9nyez\u0151k vizsg\u00e1lata magyar Alzheimer-k\u00f3ros betegekben T\u00e9mavezet\u0151: Bencsik Ren\u00e1ta, Moln\u00e1r M\u00e1ria Judit<\/li>\n<li>Csizmadia Katalin: A stroke prehospizalis ell\u00e1t\u00e1sa T\u00e9mavezet\u0151: Grosz Zolt\u00e1n<\/li>\n<li>S\u00fcle Anna: A magyar lakoss\u00e1g ismeretei a stroke-r\u00f3l T\u00e9mavezet\u0151: Grosz Zolt\u00e1n<\/li>\n<li>Marussy Krist\u00f3f : Az intrinzikus dimenzionalit\u00e1s \u00e1tka a g\u00e9nkifejez\u0151d\u00e9s adatok oszt\u00e1lyoz\u00e1s\u00e1ban T\u00e9mavezet\u0151: B\u00faza Kriszti\u00e1n<\/li>\n<li>Tokai D\u00f3ra: A Parkinson-k\u00f3r h\u00e1tter\u00e9ben \u00e1ll\u00f3 genetikai rendelleness\u00e9gek vizsg\u00e1lata \u00e9s gy\u00f3gyszeres ter\u00e1pi\u00e1ja T\u00e9mavezet\u0151: Balicza P\u00e9ter<\/li>\n<li>Sz\u0171cs Emese: \u00dajgener\u00e1ci\u00f3s szekven\u00e1l\u00e1s eredm\u00e9nyeinek analitikai validit\u00e1sa T\u00e9mavezet\u0151: Pentel\u00e9nyi Kl\u00e1ra<\/li>\n<li>S\u00fcveges Anna: A mitochondri\u00e1lis dinamika szerepe a neurodegener\u00e1ci\u00f3ban T\u00e9mavezet\u0151: G\u00e1l Anik\u00f3<\/li>\n<li>Krizs\u00e1n \u00c1gnes: Izomdystrophi\u00e1k molekul\u00e1ris genetikai vizsg\u00e1lata T\u00e9mavezet\u0151: Karcagi Veronika<\/li>\n<li>Bene Szilvia: GNE myopathia vizsg\u00e1lata a magyar betegekben T\u00e9mavezet\u0151: Moln\u00e1r M\u00e1ria Judit<\/li>\n<li>Borb\u00e9ly Ren\u00e1ta: \u00dajgener\u00e1ci\u00f3s szekven\u00e1l\u00e1si technika az autizmus spektrumbetegs\u00e9g h\u00e1tter\u00e9ben T\u00e9mavezet\u0151: Varga No\u00e9mi \u00c1gnes, Moln\u00e1r M\u00e1ria Judit<\/li>\n<li>Pomozi Enik\u0151: TTR mut\u00e1ci\u00f3k el\u0151fordul\u00e1sa a magyar betegek k\u00f6r\u00e9ben T\u00e9mavezet\u0151: G\u00e1l Anik\u00f3<\/li>\n<li>Sikl\u00f3si Bence: Fenot\u00edpus adatok felhaszn\u00e1l\u00e1sa a ritka betegs\u00e9gek NGS k\u00f3roki vari\u00e1nsainak prioritiz\u00e1l\u00e1sa sor\u00e1n T\u00e9mavezet\u0151: Moln\u00e1r Viktor<\/li>\n<li>Zsidai B\u00e1lint: Az MPAN mut\u00e1ci\u00f3k szerepe a Parkinson syndrom\u00e1ban T\u00e9mavezet\u0151: Ill\u00e9s Anett, Moln\u00e1r M\u00e1ria Judit,<\/li>\n<li>Trif\u00e1n Eszter: Autoszom\u00e1lis domin\u00e1nsan \u00f6r\u00f6kl\u0151d\u0151 mitochondri\u00e1lis betegs\u00e9gek vizsg\u00e1lata T\u00e9mavezet\u0151: G\u00e1l Anik\u00f3, Pentel\u00e9nyi Kl\u00e1ra<\/li>\n<li>Magyarosi Szilvia: Lizoszomalis t\u00e1rol\u00e1si betegs\u00e9gek: a hazai Pompe betegek fenot\u00edpus-genot\u00edpus elemz\u00e9se T\u00e9mavezet\u0151: Moln\u00e1r M\u00e1ria Judit<\/li>\n<li>Berta B\u00e1lint: WES adatok klinikai implement\u00e1ci\u00f3ja T\u00e9mavezet\u0151: Moln\u00e1r Viktor<\/li>\n<li>Bidl\u00f3 Judit: Pompe k\u00f3ros betegek \u00e1llapotainak k\u00f6vet\u00e9s\u00e9re alkalmas indik\u00e1torrendszer kidolgoz\u00e1sa saj\u00e1t jelent\u00e9s\u0171 \u00e1llapot-sk\u00e1l\u00e1k alapj\u00e1n T\u00e9mavezet\u0151: Moln\u00e1r M\u00e1ria Judit<\/li>\n<li>Szab\u00f3 Fruzsina Nukle\u00e1ris genom \u00e1ltal k\u00f3dolt g\u00e9nek mut\u00e1ci\u00f3inak elemz\u00e9se mitochondri\u00e1lis betegekben T\u00e9mavezet\u0151: G\u00e1l Anik\u00f3<\/li>\n<li>Antal Bence: A TREM2 mut\u00e1ci\u00f3k szerepe a Parkinson syndrom\u00e1ban T\u00e9mavezet\u0151: Moln\u00e1r M\u00e1ria Judit, Csab\u00e1n D\u00f3ra<\/li>\n<li>B\u00e1thori Krist\u00f3f: C9ORF72 repeat expanzi\u00f3 vizsg\u00e1lat neurodegenerat\u00edv betegs\u00e9gekben T\u00e9mavezet\u0151: G\u00e1l Anik\u00f3<\/li>\n<li>Farkas Veronika S\u00e1ra: Huntington Chorea differenci\u00e1ldiagnosztik\u00e1ja saj\u00e1t betegeink k\u00f6r\u00e9ben T\u00e9mavezet\u0151: G\u00e1l Anik\u00f3<\/li>\n<li>Ruttkay Kamilla: Az autof\u00e1gia szerepe a Huntington-k\u00f3r patomechanizmus\u00e1ban T\u00e9mavezet\u0151: G\u00e1l Anik\u00f3<\/li>\n<li>Annabel Kossev : GBA1 asszoci\u00e1lt Parkinson k\u00f3r genetikai \u00e9s phenomikai vizsg\u00e1lata T\u00e9mavezet\u0151: Szlep\u00e1k Tam\u00e1s, Moln\u00e1r M\u00e1ria Judit<\/li>\n<li>Trager Domonkos: A DNM2 g\u00e9n mitokondri\u00e1lis dinamik\u00e1ban bet\u00f6lt\u00f6tt szerep\u00e9nek vizsg\u00e1lata siRNS g\u00e9ncsendes\u00edt\u00e9s seg\u00edts\u00e9g\u00e9vel T\u00e9mavezet\u0151: G\u00e1l Anik\u00f3<\/li>\n<li>Veres Zs\u00f3fia Julianna: Gy\u00f3gyszer induk\u00e1lta mitotoxicit\u00e1s T\u00e9mavezet\u0151: G\u00e1l Anik\u00f3<\/li>\n<li>Jockers Judit Xenia: A facioscapulohumeralis izomdystrophi\u00e1s betegek optim\u00e1lis menedzsmentje a diagnosztik\u00e1t\u00f3l a kezel\u00e9si lehet\u00f6s\u00e9gekig T\u00e9mavezet\u0151: Dr. Moln\u00e1r M\u00e1ria Judit<\/li>\n<li>Amy Wushuang Wang: A C9orf72 repeat expansio phenotypus- genotypus korrel\u00e1ci\u00f3ja T\u00e9mavezet\u0151: Trombit\u00e1s Barbara, Moln\u00e1r M\u00e1ria Judit<\/li>\n<\/ol>\n<p>&nbsp;<\/p>\n","protected":false},"excerpt":{"rendered":"<p>Az int\u00e9zet\u00fcnk \u00e1ltal aj\u00e1nlott TDK P\u00e1lyam\u0171vek t\u00e9m\u00e1i: T\u00e9ma T\u00e9mafelel\u0151s Az inzulinrezisztencia \u00e9s a PCOS f\u0151 farmakoter\u00e1pi\u00e1j\u00e1nak \u00f6sszehasonl\u00edt\u00e1sa transzkriptom-elemz\u00e9s alapj\u00e1n Dr. G\u00e1l Anik\u00f3 Mitochondri\u00e1lis betegs\u00e9gek genetikai \u00e9s biok\u00e9miai h\u00e1tter\u00e9nek kutat\u00e1sa Dr. G\u00e1l Anik\u00f3 Opticus neuropathi\u00e1k \u00e1tfog\u00f3 genetikai vizsg\u00e1lata Dr. G\u00e1l Anik\u00f3 Comprehensive genetic analysis of optic neuropathies Dr. G\u00e1l Anik\u00f3 Felgyorsult \u00f6reged\u00e9s \u00e9s a mitokondri\u00e1lis diszfunkci\u00f3 &hellip;<\/p>\n","protected":false},"author":276,"featured_media":0,"parent":2685,"menu_order":4,"comment_status":"closed","ping_status":"closed","template":"","meta":{"_acf_changed":false,"footnotes":""},"categories":[],"tags":[],"class_list":["post-1794","page","type-page","status-publish","hentry"],"acf":[],"_links":{"self":[{"href":"https:\/\/semmelweis.hu\/genomikai-medicina\/wp-json\/wp\/v2\/pages\/1794","targetHints":{"allow":["GET"]}}],"collection":[{"href":"https:\/\/semmelweis.hu\/genomikai-medicina\/wp-json\/wp\/v2\/pages"}],"about":[{"href":"https:\/\/semmelweis.hu\/genomikai-medicina\/wp-json\/wp\/v2\/types\/page"}],"author":[{"embeddable":true,"href":"https:\/\/semmelweis.hu\/genomikai-medicina\/wp-json\/wp\/v2\/users\/276"}],"replies":[{"embeddable":true,"href":"https:\/\/semmelweis.hu\/genomikai-medicina\/wp-json\/wp\/v2\/comments?post=1794"}],"version-history":[{"count":10,"href":"https:\/\/semmelweis.hu\/genomikai-medicina\/wp-json\/wp\/v2\/pages\/1794\/revisions"}],"predecessor-version":[{"id":4368,"href":"https:\/\/semmelweis.hu\/genomikai-medicina\/wp-json\/wp\/v2\/pages\/1794\/revisions\/4368"}],"up":[{"embeddable":true,"href":"https:\/\/semmelweis.hu\/genomikai-medicina\/wp-json\/wp\/v2\/pages\/2685"}],"wp:attachment":[{"href":"https:\/\/semmelweis.hu\/genomikai-medicina\/wp-json\/wp\/v2\/media?parent=1794"}],"wp:term":[{"taxonomy":"category","embeddable":true,"href":"https:\/\/semmelweis.hu\/genomikai-medicina\/wp-json\/wp\/v2\/categories?post=1794"},{"taxonomy":"post_tag","embeddable":true,"href":"https:\/\/semmelweis.hu\/genomikai-medicina\/wp-json\/wp\/v2\/tags?post=1794"}],"curies":[{"name":"wp","href":"https:\/\/api.w.org\/{rel}","templated":true}]}}