{"id":1627,"date":"2016-02-15T13:54:25","date_gmt":"2016-02-15T12:54:25","guid":{"rendered":"http:\/\/semmelweis.hu\/genomikai-medicina\/?page_id=1627"},"modified":"2024-09-10T14:12:25","modified_gmt":"2024-09-10T12:12:25","slug":"kapcsolat","status":"publish","type":"page","link":"https:\/\/semmelweis.hu\/genomikai-medicina\/kapcsolat\/","title":{"rendered":"Kapcsolat"},"content":{"rendered":"<h4><span style=\"font-size: 14pt\">Genomikai Medicina \u00e9s Ritka Betegs\u00e9gek Int\u00e9zete<\/span><\/h4>\n<p><strong>Int\u00e9zetigazgat\u00f3:<\/strong> Prof. Dr. Moln\u00e1r M\u00e1ria Judit<\/p>\n<p>C\u00edm\u00fcnk:<\/p>\n<div class=\"fontos_div\">\n<p style=\"text-align: center\"><span style=\"font-size: 14pt\"><strong>SE Genomikai Medicina \u00e9s Ritka Betegs\u00e9gek Int\u00e9zete\u00a0<\/strong><\/span><br \/>\n<span style=\"font-size: 14pt\"><strong>1085 Budapest, Gyulai P\u00e1l u. 2.\u00a0 II.em.<\/strong><\/span><\/p>\n<\/div>\n<p>Levelez\u00e9si c\u00edm: 1085 Budapest, \u00dcll\u0151i \u00fat 26.; 1428 Budapest, Pf. 2.<br \/>\n<span style=\"font-size: 1rem\"><strong>Telefon:<\/strong> +36 1 459 1483<br \/>\n<\/span><strong>Fax:<\/strong> +36 1 459 1492<\/p>\n<p>Munkat\u00e1rsak el\u00e9rhet\u0151s\u00e9gei\u00e9rt <a href=\"https:\/\/semmelweis.hu\/genomikai-medicina\/kapcsolat\/munkatarsak-2\/\">kattintson ide.<\/a><\/p>\n<p>&nbsp;<\/p>\n<p><iframe loading=\"lazy\" src=\"https:\/\/www.google.com\/maps\/embed?pb=!1m18!1m12!1m3!1d2695.710491369639!2d19.064769176787834!3d47.49555299563874!2m3!1f0!2f0!3f0!3m2!1i1024!2i768!4f13.1!3m3!1m2!1s0x4741dc5db4e0da49%3A0xd5d6b42fef65294b!2zU3plbnQgUsOza3VzIEvDs3Jow6F6!5e0!3m2!1shu!2shu!4v1725970326725!5m2!1shu!2shu\" width=\"600\" height=\"450\"><\/iframe><\/p>\n","protected":false},"excerpt":{"rendered":"<p>Genomikai Medicina \u00e9s Ritka Betegs\u00e9gek Int\u00e9zete<br \/>\nInt\u00e9zetigazgat\u00f3: Prof. Dr. Moln\u00e1r M\u00e1ria Judit<br \/>\nC\u00edm\u00fcnk:<\/p>\n<p>SE Genomikai Medicina \u00e9s Ritka Betegs\u00e9gek Int\u00e9zete\u00a0<br \/>\n1085 Budapest, Gyulai P\u00e1l u. 2.\u00a0 II.em.<\/p>\n<p>Levelez\u00e9si c\u00edm: 1085 Budapest, \u00dcll\u0151i \u00fat 26.; 1428 Budapest, Pf. 2.<br \/>\nTelefon: +36 1 459 1483<br \/>\nFax: +36 1 459 1492<br \/>\nMunkat\u00e1rsak el\u00e9rhet\u0151s\u00e9gei\u00e9rt <a href=\"https:\/\/semmelweis.hu\/genomikai-medicina\/kapcsolat\/munkatarsak-2\/\">kattintson ide.<\/a><br \/>\n&nbsp;<\/p>\n","protected":false},"author":276,"featured_media":0,"parent":0,"menu_order":6,"comment_status":"closed","ping_status":"closed","template":"","meta":{"_acf_changed":false,"footnotes":""},"categories":[],"tags":[],"class_list":["post-1627","page","type-page","status-publish","hentry"],"acf":[],"_links":{"self":[{"href":"https:\/\/semmelweis.hu\/genomikai-medicina\/wp-json\/wp\/v2\/pages\/1627","targetHints":{"allow":["GET"]}}],"collection":[{"href":"https:\/\/semmelweis.hu\/genomikai-medicina\/wp-json\/wp\/v2\/pages"}],"about":[{"href":"https:\/\/semmelweis.hu\/genomikai-medicina\/wp-json\/wp\/v2\/types\/page"}],"author":[{"embeddable":true,"href":"https:\/\/semmelweis.hu\/genomikai-medicina\/wp-json\/wp\/v2\/users\/276"}],"replies":[{"embeddable":true,"href":"https:\/\/semmelweis.hu\/genomikai-medicina\/wp-json\/wp\/v2\/comments?post=1627"}],"version-history":[{"count":10,"href":"https:\/\/semmelweis.hu\/genomikai-medicina\/wp-json\/wp\/v2\/pages\/1627\/revisions"}],"predecessor-version":[{"id":4155,"href":"https:\/\/semmelweis.hu\/genomikai-medicina\/wp-json\/wp\/v2\/pages\/1627\/revisions\/4155"}],"wp:attachment":[{"href":"https:\/\/semmelweis.hu\/genomikai-medicina\/wp-json\/wp\/v2\/media?parent=1627"}],"wp:term":[{"taxonomy":"category","embeddable":true,"href":"https:\/\/semmelweis.hu\/genomikai-medicina\/wp-json\/wp\/v2\/categories?post=1627"},{"taxonomy":"post_tag","embeddable":true,"href":"https:\/\/semmelweis.hu\/genomikai-medicina\/wp-json\/wp\/v2\/tags?post=1627"}],"curies":[{"name":"wp","href":"https:\/\/api.w.org\/{rel}","templated":true}]}}