{"id":1540,"date":"2015-05-20T09:22:40","date_gmt":"2015-05-20T07:22:40","guid":{"rendered":"http:\/\/semmelweis.hu\/genomikai-medicina\/?page_id=1540"},"modified":"2024-09-06T09:39:11","modified_gmt":"2024-09-06T07:39:11","slug":"phd-kurzus","status":"publish","type":"page","link":"https:\/\/semmelweis.hu\/genomikai-medicina\/oktatas\/phd-kurzus\/","title":{"rendered":"PhD kurzus"},"content":{"rendered":"<h2><span style=\"font-size: 18pt\">Bioinformatikai alapismeretek<\/span><\/h2>\n<h6>Ideje: k\u00e9s\u0151bb ker\u00fcl meghat\u00e1roz\u00e1sra<\/h6>\n<table style=\"border-collapse: collapse;width: 94.6182%;height: 677px\">\n<tbody>\n<tr style=\"height: 33px\">\n<td style=\"width: 17.7756%;height: 33px\">8:30 &#8211; 9:00<\/td>\n<td style=\"width: 83.2955%;height: 33px\">Az NGS klinikai felhaszn\u00e1l\u00e1sa &#8211; Moln\u00e1r M\u00e1ria Judit<\/td>\n<\/tr>\n<tr style=\"height: 33px\">\n<td style=\"width: 17.7756%;height: 33px\">9:00 &#8211; 10:30<\/td>\n<td style=\"width: 83.2955%;height: 33px\">NGS platformok \u00e1ttekint\u00e9se &#8211; Pentel\u00e9nyi Kl\u00e1ra<\/td>\n<\/tr>\n<tr style=\"height: 33px\">\n<td style=\"width: 17.7756%;height: 33px\">10:30 &#8211; 11:20<\/td>\n<td style=\"width: 83.2955%;height: 33px\">NGS nyers adatok \u00e9rt\u00e9kel\u00e9se &#8211; G\u00e9zsi Andr\u00e1s<\/td>\n<\/tr>\n<tr style=\"height: 33px\">\n<td style=\"width: 17.7756%;height: 33px\">11:20 &#8211; 11:45<\/td>\n<td style=\"width: 83.2955%;height: 33px\">Sz\u00fcnet<\/td>\n<\/tr>\n<tr style=\"height: 33px\">\n<td style=\"width: 17.7756%;height: 33px\">11:45 &#8211; 12:55<\/td>\n<td style=\"width: 83.2955%;height: 33px\">NGS downstream analysis &#8211; G\u00e9zsi Andr\u00e1s<\/td>\n<\/tr>\n<tr style=\"height: 33px\">\n<td style=\"width: 17.7756%;height: 33px\">13:00 &#8211; 14:00<\/td>\n<td style=\"width: 83.2955%;height: 33px\">Eb\u00e9d<\/td>\n<\/tr>\n<tr style=\"height: 33px\">\n<td style=\"width: 17.7756%;height: 33px\">14:00 &#8211; 14:50<\/td>\n<td style=\"width: 83.2955%;height: 33px\">NGS adatok \u00e9rt\u00e9kel\u00e9se a klinikai adatok t\u00fckr\u00e9ben &#8211; Balicza P\u00e9ter<\/td>\n<\/tr>\n<tr style=\"height: 33px\">\n<td style=\"width: 17.7756%;height: 33px\">14:50 &#8211; 15:40<\/td>\n<td style=\"width: 83.2955%;height: 33px\">Human phenotype ontology jelent\u0151s\u00e9ge az NGS elemz\u00e9s sor\u00e1n &#8211; Moln\u00e1r Viktor<\/td>\n<\/tr>\n<tr style=\"height: 33px\">\n<td style=\"width: 17.7756%;height: 33px\">15:40 &#8211; 16:20<\/td>\n<td style=\"width: 83.2955%;height: 33px\">Genetikai tan\u00e1csad\u00e1s WES, WGS vizsg\u00e1latok el\u0151tt \u00e9s ut\u00e1n &#8211; Szegedi M\u00e1rta<\/td>\n<\/tr>\n<tr style=\"height: 50px\">\n<td style=\"width: 17.7756%;height: 50px\">16:20 &#8211; 17:00<\/td>\n<td style=\"width: 83.2955%;height: 50px\">Az ide\u00e1lis NGS lelet: mit tartalmazzon a lelet \u00e9s hogyan \u00e9rtelmezz\u00fck azt &#8211; Moln\u00e1r M\u00e1ria Judit \u00e9s Balicza P\u00e9ter<\/td>\n<\/tr>\n<tr style=\"height: 33px\">\n<td style=\"width: 17.7756%;height: 33px\">17:10 &#8211; 17:20<\/td>\n<td style=\"width: 83.2955%;height: 33px\">Tesztvizsga<\/td>\n<\/tr>\n<\/tbody>\n<\/table>\n<p>&nbsp;<\/p>\n","protected":false},"excerpt":{"rendered":"<p>Bioinformatikai alapismeretek Ideje: k\u00e9s\u0151bb ker\u00fcl meghat\u00e1roz\u00e1sra 8:30 &#8211; 9:00 Az NGS klinikai felhaszn\u00e1l\u00e1sa &#8211; Moln\u00e1r M\u00e1ria Judit 9:00 &#8211; 10:30 NGS platformok \u00e1ttekint\u00e9se &#8211; Pentel\u00e9nyi Kl\u00e1ra 10:30 &#8211; 11:20 NGS nyers adatok \u00e9rt\u00e9kel\u00e9se &#8211; G\u00e9zsi Andr\u00e1s 11:20 &#8211; 11:45 Sz\u00fcnet 11:45 &#8211; 12:55 NGS downstream analysis &#8211; G\u00e9zsi Andr\u00e1s 13:00 &#8211; 14:00 Eb\u00e9d 14:00 &#8211; &hellip;<\/p>\n","protected":false},"author":101429,"featured_media":0,"parent":2685,"menu_order":3,"comment_status":"closed","ping_status":"closed","template":"","meta":{"_acf_changed":false,"footnotes":""},"categories":[],"tags":[],"class_list":["post-1540","page","type-page","status-publish","hentry"],"acf":[],"_links":{"self":[{"href":"https:\/\/semmelweis.hu\/genomikai-medicina\/wp-json\/wp\/v2\/pages\/1540","targetHints":{"allow":["GET"]}}],"collection":[{"href":"https:\/\/semmelweis.hu\/genomikai-medicina\/wp-json\/wp\/v2\/pages"}],"about":[{"href":"https:\/\/semmelweis.hu\/genomikai-medicina\/wp-json\/wp\/v2\/types\/page"}],"author":[{"embeddable":true,"href":"https:\/\/semmelweis.hu\/genomikai-medicina\/wp-json\/wp\/v2\/users\/101429"}],"replies":[{"embeddable":true,"href":"https:\/\/semmelweis.hu\/genomikai-medicina\/wp-json\/wp\/v2\/comments?post=1540"}],"version-history":[{"count":10,"href":"https:\/\/semmelweis.hu\/genomikai-medicina\/wp-json\/wp\/v2\/pages\/1540\/revisions"}],"predecessor-version":[{"id":4127,"href":"https:\/\/semmelweis.hu\/genomikai-medicina\/wp-json\/wp\/v2\/pages\/1540\/revisions\/4127"}],"up":[{"embeddable":true,"href":"https:\/\/semmelweis.hu\/genomikai-medicina\/wp-json\/wp\/v2\/pages\/2685"}],"wp:attachment":[{"href":"https:\/\/semmelweis.hu\/genomikai-medicina\/wp-json\/wp\/v2\/media?parent=1540"}],"wp:term":[{"taxonomy":"category","embeddable":true,"href":"https:\/\/semmelweis.hu\/genomikai-medicina\/wp-json\/wp\/v2\/categories?post=1540"},{"taxonomy":"post_tag","embeddable":true,"href":"https:\/\/semmelweis.hu\/genomikai-medicina\/wp-json\/wp\/v2\/tags?post=1540"}],"curies":[{"name":"wp","href":"https:\/\/api.w.org\/{rel}","templated":true}]}}