{"id":1419,"date":"2015-02-04T21:55:57","date_gmt":"2015-02-04T20:55:57","guid":{"rendered":"http:\/\/semmelweis.hu\/genomikai-medicina\/?page_id=1419"},"modified":"2022-04-20T12:07:05","modified_gmt":"2022-04-20T10:07:05","slug":"health-care","status":"publish","type":"page","link":"https:\/\/semmelweis.hu\/genomikai-medicina\/en\/health-care\/","title":{"rendered":"Health care"},"content":{"rendered":"<p><strong>Health care<\/strong><\/p>\n<p>Outpatient clinics and services<\/p>\n<p><a href=\"https:\/\/semmelweis.hu\/genomikai-medicina\/en\/health-care\/\" target=\"_blank\" rel=\"noopener\">Outpatient care<\/a><\/p>\n<p><strong>Outpatient Clinic of Rare Disorders<\/strong><\/p>\n<ul>\n<li>Zolt\u00e1n Grosz MD<\/li>\n<li>P\u00e9ter Balicza MD<\/li>\n<li>No\u00e9mi Varga MD<\/li>\n<li>M\u00e1ria Judit Moln\u00e1r MD, PhD, DSc<\/li>\n<\/ul>\n<div class=\"fontos_div\">\n<p>Monday: 8.00 am-2.00 pm<\/p>\n<\/div>\n<p><strong>Outpatient Clinic of Neurogenetics<\/strong><\/p>\n<ul>\n<li>Zolt\u00e1n Grosz MD<\/li>\n<li>P\u00e9ter Balicza MD<\/li>\n<li>No\u00e9mi Varga MD<\/li>\n<li>M\u00e1ria Judit Moln\u00e1r MD, PhD, DSc<\/li>\n<\/ul>\n<div class=\"fontos_div\">\n<p>Thursday: 8.00 am-2.00 pm<\/p>\n<\/div>\n<p><strong>Genetic Counceling<\/strong><\/p>\n<ul>\n<li>M\u00e1ria Judit Moln\u00e1r MD, PhD, DSc<\/li>\n<\/ul>\n<div class=\"fontos_div\">\n<p>Tuesday: 9.00 -11.00 am<\/p>\n<\/div>\n<p><strong><br \/>\nPrevention and Prediction<\/strong><\/p>\n<ul>\n<li>M\u00e1ria Judit Moln\u00e1r MD, PhD, DSc<\/li>\n<\/ul>\n<div class=\"fontos_div\">\n<p>Wednesday 8.00-10.00 am<\/p>\n<\/div>\n<p><strong><br \/>\nNeurophysiology<\/strong><\/p>\n<ul>\n<li>Zolt\u00e1n Grosz\u00a0MD<\/li>\n<\/ul>\n<div class=\"fontos_div\">\n<p>Monday-Wednesday and Friday: 8.00 am-2.00 pm<\/p>\n<\/div>\n<p><strong><br \/>\nMyopathology<\/strong><\/p>\n<ul>\n<li>Endre P\u00e1l MD, PhD<\/li>\n<li>M\u00e1ria Judit Moln\u00e1r MD, PhD, DSc<\/li>\n<\/ul>\n<div class=\"fontos_div\">\n<p>Monday-Friday 8.00 am-2.00 pm<\/p>\n<\/div>\n<p><strong><br \/>\nSyndromatology for infants<\/strong>\u00a0<\/p>\n<ul>\n<li>M\u00e1ria Felkai MD\u00a0<\/li>\n<\/ul>\n<div class=\"fontos_div\">\n<p>Every second Wednesday 2:00 pm \u00a0 \u00a0<\/p>\n<\/div>\n<hr \/>\n<p><strong>Outpatient Clinic of Leukodystrophy (Degeneration of the white matter in the central nervous system)\u00a0<\/strong><\/p>\n<ul>\n<li>Andr\u00e1s Lengyel MD<\/li>\n<\/ul>\n<div class=\"fontos_div\">Appointments on the phone at 06-1-210-0330 extension 51190\u00a0<\/div>\n<p>&nbsp;<\/p>\n<p><strong><a href=\"https:\/\/semmelweis.hu\/genomikai-medicina\/files\/2016\/08\/genetic-test-request-form.pdf\" target=\"_blank\" rel=\"noopener\">Request form for genetic test<\/a><\/strong><\/p>\n<p><strong><a href=\"https:\/\/semmelweis.hu\/genomikai-medicina\/files\/2016\/08\/biopsy.pdf\" target=\"_blank\" rel=\"noopener\">Request form for biopsy<\/a><\/strong><\/p>\n","protected":false},"excerpt":{"rendered":"<p>Health care Outpatient clinics and services <a href=\"https:\/\/semmelweis.hu\/genomikai-medicina\/en\/health-care\/\" target=\"_blank\" rel=\"noopener\">Outpatient care<\/a> Outpatient Clinic of Rare Disorders Zolt\u00e1n Grosz MD P\u00e9ter Balicza MD No\u00e9mi Varga MD M\u00e1ria Judit Moln\u00e1r MD, PhD, DSc Monday: 8.00 am-2.00 pm Outpatient Clinic of Neurogenetics Zolt\u00e1n Grosz MD P\u00e9ter Balicza MD No\u00e9mi Varga MD M\u00e1ria Judit Moln\u00e1r MD, PhD, DSc Thursday: 8.00 am-2.00 pm Genetic Counceling &hellip;<\/p>\n","protected":false},"author":101429,"featured_media":0,"parent":0,"menu_order":1,"comment_status":"open","ping_status":"closed","template":"","meta":{"_acf_changed":false,"footnotes":""},"categories":[],"tags":[],"class_list":["post-1419","page","type-page","status-publish","hentry"],"acf":[],"_links":{"self":[{"href":"https:\/\/semmelweis.hu\/genomikai-medicina\/wp-json\/wp\/v2\/pages\/1419","targetHints":{"allow":["GET"]}}],"collection":[{"href":"https:\/\/semmelweis.hu\/genomikai-medicina\/wp-json\/wp\/v2\/pages"}],"about":[{"href":"https:\/\/semmelweis.hu\/genomikai-medicina\/wp-json\/wp\/v2\/types\/page"}],"author":[{"embeddable":true,"href":"https:\/\/semmelweis.hu\/genomikai-medicina\/wp-json\/wp\/v2\/users\/101429"}],"replies":[{"embeddable":true,"href":"https:\/\/semmelweis.hu\/genomikai-medicina\/wp-json\/wp\/v2\/comments?post=1419"}],"version-history":[{"count":10,"href":"https:\/\/semmelweis.hu\/genomikai-medicina\/wp-json\/wp\/v2\/pages\/1419\/revisions"}],"predecessor-version":[{"id":3611,"href":"https:\/\/semmelweis.hu\/genomikai-medicina\/wp-json\/wp\/v2\/pages\/1419\/revisions\/3611"}],"wp:attachment":[{"href":"https:\/\/semmelweis.hu\/genomikai-medicina\/wp-json\/wp\/v2\/media?parent=1419"}],"wp:term":[{"taxonomy":"category","embeddable":true,"href":"https:\/\/semmelweis.hu\/genomikai-medicina\/wp-json\/wp\/v2\/categories?post=1419"},{"taxonomy":"post_tag","embeddable":true,"href":"https:\/\/semmelweis.hu\/genomikai-medicina\/wp-json\/wp\/v2\/tags?post=1419"}],"curies":[{"name":"wp","href":"https:\/\/api.w.org\/{rel}","templated":true}]}}