{"id":1410,"date":"2015-02-04T22:13:47","date_gmt":"2015-02-04T21:13:47","guid":{"rendered":"http:\/\/semmelweis.hu\/genomikai-medicina\/?page_id=1410"},"modified":"2024-09-06T10:00:58","modified_gmt":"2024-09-06T08:00:58","slug":"biobank","status":"publish","type":"page","link":"https:\/\/semmelweis.hu\/genomikai-medicina\/kutatas\/biobank\/","title":{"rendered":"Semmelweis Biobank H\u00e1l\u00f3zat"},"content":{"rendered":"<h2>Semmelweis Biobank H\u00e1l\u00f3zat<\/h2>\n<p style=\"text-align: justify\">A <a href=\"https:\/\/semmelweis.hu\/biobank\/\"><strong>Semmelweis Egyetem Biobank H\u00e1l\u00f3zata<\/strong><\/a> 2010-ben j\u00f6tt l\u00e9tre azzal a c\u00e9llal, hogy hat\u00e9konyan kihaszn\u00e1lja azokat a szinergi\u00e1kat, amelyek a betegell\u00e1t\u00e1sban, az oktat\u00e1sban, a kutat\u00e1sban\/fejleszt\u00e9sben \u00e9s az eg\u00e9szs\u00e9g\u00fcgy sz\u00e9les spektrum\u00e1ban, egyetemi keretek k\u00f6z\u00f6tt jelentkeznek. A Semmelweis Egyetem Biobank H\u00e1l\u00f3zata 15 int\u00e9zetb\u0151l \u00e9s 16 biobankb\u00f3l \u00e1ll. Ezen int\u00e9zetek <strong>\u00f6sszes\u00edtett mintamennyis\u00e9ge jelenleg 108 000, \u00e9vente hozz\u00e1vet\u0151legesen 5 &#8211; 10 000 \u00faj mint\u00e1t regisztr\u00e1lnak<\/strong>. A Biobank H\u00e1l\u00f3zat \u00e1ltal lefedett ter\u00fcletek: kardiol\u00f3gia, neurol\u00f3gia, pszichi\u00e1tria, hematol\u00f3gia, nefrol\u00f3gia, reumatol\u00f3gia, szem\u00e9szet, endokrinol\u00f3gia, b\u0151rgy\u00f3gy\u00e1szat. Az egyetemen nagy biobankkal rendelkez\u0151, ritka betegs\u00e9gekkel foglalkoz\u00f3 h\u00e1l\u00f3zat m\u0171k\u00f6dik. Az onkol\u00f3giai biobankokat, s ezzel tov\u00e1bbi 11 int\u00e9zetet a Semmelweis Onkobank t\u00f6m\u00f6r\u00edti egys\u00e9gbe egy k\u00fcl\u00f6n alh\u00e1l\u00f3zat form\u00e1j\u00e1ban.<\/p>\n<p style=\"text-align: justify\">A Semmelweis Biobank H\u00e1l\u00f3zatb\u00f3l sz\u00e1rmaz\u00f3 mint\u00e1kat a h\u00e1l\u00f3zat fenn\u00e1ll\u00e1sa alatt t\u00f6bb mint <strong>60 kutat\u00e1si projektben<\/strong> haszn\u00e1lt\u00e1k fel. A Semmelweis Egyetem egyik f\u0151 strat\u00e9giai c\u00e9lja, hogy a Biobank H\u00e1l\u00f3zat\u00e1nak egyetemen bel\u00fcl \u00e9s azon k\u00edv\u00fcl egyar\u00e1nt <strong>megn\u00f6velje szerep\u00e9nek fontoss\u00e1g\u00e1t<\/strong>. E c\u00e9l el\u00e9r\u00e9s\u00e9nek kulcsfontoss\u00e1g\u00fa eleme a Biobanking and BioMolecular Resources Research Infrastructure-hoz (<strong>BBMRI-ERIC<\/strong>) val\u00f3 csatlakoz\u00e1s. Az egyetem arra is t\u00f6rekszik, hogy a Biobank H\u00e1l\u00f3zatra alapozva <strong>kereskedelmi hasznos\u00edt\u00e1s\u00fa szolg\u00e1ltat\u00e1sokat<\/strong> k\u00edn\u00e1ljon, szorosabbra f\u0171zve a kapcsolatot a biobankol\u00e1s ter\u00fclet\u00e9nek m\u00e1s szerepl\u0151ivel, p\u00e9ld\u00e1ul ipari szerepl\u0151kkel, m\u00e1s biobankokkal \u00e9s a mag\u00e1nszektor tov\u00e1bbi szerepl\u0151ivel. Az elind\u00edtott kezdem\u00e9nyez\u00e9sek az orvosbiol\u00f3giai kutat\u00e1sokat \u00e9s az \u00faj kezel\u00e9si m\u00f3dszerek fejl\u0151d\u00e9s\u00e9t hivatottak el\u0151seg\u00edteni.<\/p>\n<p>&nbsp;<\/p>\n<p><strong>A Semmelweis Egyetem Biobank H\u00e1l\u00f3zat\u00e1nak tagjai:<\/strong><\/p>\n<table style=\"width: 72.3523%\" width=\"876\">\n<tbody>\n<tr>\n<td style=\"text-align: center;width: 34.2985%\" width=\"144\"><strong>Szervezeti egys\u00e9g neve<\/strong><\/td>\n<td style=\"text-align: center;width: 33.6797%\" width=\"280\"><strong>Telephely c\u00edme<\/strong><\/td>\n<td style=\"text-align: center;width: 62.5873%\" width=\"452\"><strong>Biobank megnevez\u00e9se<\/strong><\/td>\n<\/tr>\n<tr>\n<td style=\"width: 34.2985%;text-align: center\" width=\"144\">Genomikai Medicina \u00e9s Ritka Betegs\u00e9gek Int\u00e9zete<\/td>\n<td style=\"width: 33.6797%;text-align: center\">1085 Budapest Gyulai P\u00e1l u. 2.<\/td>\n<td style=\"width: 62.5873%;text-align: center\">NEPSYBANK\u00a0<\/td>\n<\/tr>\n<tr>\n<td style=\"width: 34.2985%;text-align: center\" width=\"144\">Pszchi\u00e1triai \u00e9s Pszichoter\u00e1pi\u00e1s Klinika<\/td>\n<td style=\"width: 33.6797%;text-align: center\">1083 Budapest Balassa utca 6.<\/td>\n<td style=\"width: 62.5873%;text-align: center\">Pszichi\u00e1triai biobank\u00a0<\/td>\n<\/tr>\n<tr>\n<td style=\"width: 34.2985%;text-align: center\" width=\"144\">Gyermekgy\u00f3gy\u00e1szati Klinika<\/td>\n<td style=\"width: 33.6797%;text-align: center\">1083 Budapest B\u00f3kay J\u00e1nos utca 53.<\/td>\n<td style=\"width: 62.5873%;text-align: center\">Nephrogenetikai biobank\u00a0<\/td>\n<\/tr>\n<tr>\n<td style=\"width: 34.2985%;text-align: center\" width=\"144\">Gyermekgy\u00f3gy\u00e1szati Klinika<\/td>\n<td style=\"width: 33.6797%;text-align: center\">1083 Budapest B\u00f3kay J\u00e1nos utca 53.<\/td>\n<td style=\"width: 62.5873%;text-align: center\">I. Gyermek Hepa biobank\u00a0<\/td>\n<\/tr>\n<tr>\n<td style=\"width: 34.2985%;text-align: center\" width=\"144\">Belgy\u00f3gy\u00e1szati \u00e9s Onkol\u00f3giai Klinika<\/td>\n<td style=\"width: 33.6797%;text-align: center\">1083 Budapest Kor\u00e1nyi S\u00e1ndor utca 2\/A.<\/td>\n<td style=\"width: 62.5873%;text-align: center\">Klinikai Kutat\u00f3 \u00e9s Izot\u00f3pdiagnosztikai Laborat\u00f3rium &#8211; BIOBANK\u00a0<\/td>\n<\/tr>\n<tr>\n<td style=\"width: 34.2985%;text-align: center\" width=\"144\">Szem\u00e9szeti Klinika<\/td>\n<td style=\"width: 33.6797%;text-align: center\">1085 Budapest M\u00e1ria utca 39.<\/td>\n<td style=\"width: 62.5873%;text-align: center\">ERG biobank<\/td>\n<\/tr>\n<tr>\n<td style=\"width: 34.2985%;text-align: center\" width=\"144\">B\u0151r- Nemik\u00f3rtani \u00e9s B\u0151ronkol\u00f3giai Klinika<\/td>\n<td style=\"width: 33.6797%;text-align: center\">1085 Budapest M\u00e1ria utca 41.<\/td>\n<td style=\"width: 62.5873%;text-align: center\">Melanoma \u00e9s genetikai biobank\u00a0<\/td>\n<\/tr>\n<tr>\n<td style=\"width: 34.2985%;text-align: center\" width=\"144\">Sz\u00fcl\u00e9szeti \u00e9s N\u0151gy\u00f3gy\u00e1szati Klinika<\/td>\n<td style=\"width: 33.6797%;text-align: center\">1088 Budapest Baross utca 27.<\/td>\n<td style=\"width: 62.5873%;text-align: center\">SE Assziszt\u00e1lt Reprodukci\u00f3s Oszt\u00e1ly biobankja\u00a0<\/td>\n<\/tr>\n<tr>\n<td style=\"width: 34.2985%;text-align: center\" width=\"144\">Genetikai Sejt- \u00e9s Immunbiol\u00f3giai Int\u00e9zet<\/td>\n<td style=\"width: 33.6797%;text-align: center\">1089 Budapest Nagyv\u00e1rad\u00a0 t\u00e9r 4. VI.<\/td>\n<td style=\"width: 62.5873%;text-align: center\">DGCI<\/td>\n<\/tr>\n<tr>\n<td style=\"width: 34.2985%;text-align: center\" width=\"144\">Gy\u00f3gyszerhat\u00e1stani Int\u00e9zet<\/td>\n<td style=\"width: 33.6797%;text-align: center\">1089 Budapest Nagyv\u00e1rad t\u00e9r 4. fszt.<\/td>\n<td style=\"width: 62.5873%;text-align: center\">Gy\u00f3gyszerhat\u00e1stan g\u00e9nbank\u00a0<\/td>\n<\/tr>\n<tr>\n<td style=\"width: 34.2985%;text-align: center\" width=\"144\">Or\u00e1lbiol\u00f3giai Tansz\u00e9k<\/td>\n<td style=\"width: 33.6797%;text-align: center\">1089 Budapest Nagyv\u00e1rad t\u00e9r 4. XV.<\/td>\n<td style=\"width: 62.5873%;text-align: center\">Fog\u00e1szati betegs\u00e9gek biobankja<\/td>\n<\/tr>\n<tr>\n<td style=\"width: 34.2985%;text-align: center\" width=\"144\">II. sz. Belgy\u00f3gy\u00e1szati Klinika<\/td>\n<td style=\"width: 33.6797%;text-align: center\">1089 Budapest Nagyv\u00e1rad t\u00e9r 4. XVI.<\/td>\n<td style=\"width: 62.5873%;text-align: center\">Endokrin genetikai biobank\u00a0<\/td>\n<\/tr>\n<tr>\n<td style=\"width: 34.2985%;text-align: center\" width=\"144\">Orvosi Vegytani, Molekul\u00e1ris Biol\u00f3giai \u00e9s Patobiok\u00e9miai Int\u00e9zet<\/td>\n<td style=\"width: 33.6797%;text-align: center\">1094 Budapest T\u0171zolt\u00f3 utca 37-47.<\/td>\n<td style=\"width: 62.5873%;text-align: center\">&#8222;Pszi&#8221;-g\u00e9n Biobank\u00a0<\/td>\n<\/tr>\n<tr>\n<td style=\"width: 34.2985%;text-align: center\" width=\"144\">II. sz. Gyermekgy\u00f3gy\u00e1szati Klinika<\/td>\n<td style=\"width: 33.6797%;text-align: center\">1094 Budapest T\u0171zolt\u00f3 utca 7-9.<\/td>\n<td style=\"width: 62.5873%;text-align: center\">Ciszt\u00e1s fibr\u00f3zis \/ fenilketonuria biobank\u00a0<\/td>\n<\/tr>\n<tr>\n<td style=\"width: 34.2985%;text-align: center\" width=\"144\">\n<p>V\u00e1rosmajori Sz\u00edv- \u00e9s \u00c9rgy\u00f3gy\u00e1szati Klinika<\/p>\n<\/td>\n<td style=\"width: 33.6797%;text-align: center\">1122 Budapest V\u00e1rosmajor utca 68.<\/td>\n<td style=\"width: 62.5873%;text-align: center\">V\u00e1rosmajori Biobank\u00a0<\/td>\n<\/tr>\n<\/tbody>\n<\/table>\n<p>&nbsp;<\/p>\n<p><strong>Biobankban t\u00f6rt\u00e9n\u0151 t\u00e1rol\u00e1shoz\u00a0\u00a0sz\u00fcks\u00e9ges beleegyez\u0151 nyilatkozat, let\u00f6lthet\u0151: <\/strong><a href=\"https:\/\/semmelweis.hu\/genomikai-medicina\/files\/2012\/09\/beleegyez0-nyilatkozat-biobank.pdf\">beleegyez\u0151 nyilatkozat biobankhoz<\/a> \u00a0<\/p>\n<p>A Semmelweis Egyetem Biobank H\u00e1l\u00f3zat\u00e1nak aktu\u00e1lis szab\u00e1lyzata az <a href=\"https:\/\/semmelweis.hu\/genomikai-medicina\/files\/2016\/02\/Biobank-m\u0171k\u00f6d\u00e9si-rend_2015.III_.12.pdf\" target=\"_blank\" rel=\"noopener noreferrer\">al\u00e1bbi linken<\/a> \u00e9rhet\u0151 el.<\/p>\n","protected":false},"excerpt":{"rendered":"<p>Semmelweis Biobank H\u00e1l\u00f3zat A <a href=\"https:\/\/semmelweis.hu\/biobank\/\">Semmelweis Egyetem Biobank H\u00e1l\u00f3zata<\/a> 2010-ben j\u00f6tt l\u00e9tre azzal a c\u00e9llal, hogy hat\u00e9konyan kihaszn\u00e1lja azokat a szinergi\u00e1kat, amelyek a betegell\u00e1t\u00e1sban, az oktat\u00e1sban, a kutat\u00e1sban\/fejleszt\u00e9sben \u00e9s az eg\u00e9szs\u00e9g\u00fcgy sz\u00e9les spektrum\u00e1ban, egyetemi keretek k\u00f6z\u00f6tt jelentkeznek. A Semmelweis Egyetem Biobank H\u00e1l\u00f3zata 15 int\u00e9zetb\u0151l \u00e9s 16 biobankb\u00f3l \u00e1ll. Ezen int\u00e9zetek \u00f6sszes\u00edtett mintamennyis\u00e9ge jelenleg 108 000, \u00e9vente hozz\u00e1vet\u0151legesen 5 &#8211; 10 &hellip;<\/p>\n","protected":false},"author":101429,"featured_media":0,"parent":2692,"menu_order":3,"comment_status":"open","ping_status":"open","template":"","meta":{"_acf_changed":false,"footnotes":""},"categories":[],"tags":[],"class_list":["post-1410","page","type-page","status-publish","hentry"],"acf":[],"_links":{"self":[{"href":"https:\/\/semmelweis.hu\/genomikai-medicina\/wp-json\/wp\/v2\/pages\/1410","targetHints":{"allow":["GET"]}}],"collection":[{"href":"https:\/\/semmelweis.hu\/genomikai-medicina\/wp-json\/wp\/v2\/pages"}],"about":[{"href":"https:\/\/semmelweis.hu\/genomikai-medicina\/wp-json\/wp\/v2\/types\/page"}],"author":[{"embeddable":true,"href":"https:\/\/semmelweis.hu\/genomikai-medicina\/wp-json\/wp\/v2\/users\/101429"}],"replies":[{"embeddable":true,"href":"https:\/\/semmelweis.hu\/genomikai-medicina\/wp-json\/wp\/v2\/comments?post=1410"}],"version-history":[{"count":11,"href":"https:\/\/semmelweis.hu\/genomikai-medicina\/wp-json\/wp\/v2\/pages\/1410\/revisions"}],"predecessor-version":[{"id":4135,"href":"https:\/\/semmelweis.hu\/genomikai-medicina\/wp-json\/wp\/v2\/pages\/1410\/revisions\/4135"}],"up":[{"embeddable":true,"href":"https:\/\/semmelweis.hu\/genomikai-medicina\/wp-json\/wp\/v2\/pages\/2692"}],"wp:attachment":[{"href":"https:\/\/semmelweis.hu\/genomikai-medicina\/wp-json\/wp\/v2\/media?parent=1410"}],"wp:term":[{"taxonomy":"category","embeddable":true,"href":"https:\/\/semmelweis.hu\/genomikai-medicina\/wp-json\/wp\/v2\/categories?post=1410"},{"taxonomy":"post_tag","embeddable":true,"href":"https:\/\/semmelweis.hu\/genomikai-medicina\/wp-json\/wp\/v2\/tags?post=1410"}],"curies":[{"name":"wp","href":"https:\/\/api.w.org\/{rel}","templated":true}]}}