{"id":1330,"date":"2015-02-03T23:45:57","date_gmt":"2015-02-03T22:45:57","guid":{"rendered":"http:\/\/semmelweis.hu\/genomikai-medicina\/?page_id=1330"},"modified":"2025-05-19T09:07:06","modified_gmt":"2025-05-19T07:07:06","slug":"betegtajekoztatok","status":"publish","type":"page","link":"https:\/\/semmelweis.hu\/genomikai-medicina\/betegellatas\/betegtajekoztatok\/","title":{"rendered":"Betegt\u00e1j\u00e9koztat\u00f3 f\u00fczetek"},"content":{"rendered":"<h2>Let\u00f6lthet\u0151:<\/h2>\n<ul style=\"list-style-type: square\">\n<li><a href=\"http:\/\/www.ern-rnd.eu\/disease-knowledge-hub\/ataxia\/\">Ataxia &#8211; angol nyelv\u0171 anyagok az ERN-RND oldal\u00e1n<\/a><\/li>\n<li style=\"text-align: left\"><a href=\"https:\/\/semmelweis.hu\/genomikai-medicina\/files\/2016\/05\/Ataxi\u00e1k-betegt\u00e1j\u00e9koztat\u00f3.pdf\" target=\"_blank\" rel=\"noopener noreferrer\">Ataxia<\/a><\/li>\n<li style=\"text-align: left\"><a href=\"https:\/\/semmelweis.hu\/genomikai-medicina\/files\/2016\/05\/Betegt\u00e1j\u00e9koztat\u00f3_CMT.pdf\" target=\"_blank\" rel=\"noopener noreferrer\">CMT &#8211; Charcot-Marie-Tooth betegs\u00e9g\u00a0(CMT)<\/a>\u00a0<\/li>\n<li><a href=\"https:\/\/semmelweis.hu\/genomikai-medicina\/files\/2022\/02\/Charcot-Marie-Tooth_flyer.pdf\">CMT &#8211; Charcot-Marie-Tooth betegs\u00e9g, alap\u00edtv\u00e1nyi anyag<\/a><\/li>\n<li style=\"text-align: left\"><a href=\"https:\/\/semmelweis.hu\/genomikai-medicina\/files\/2016\/05\/Famili\u00e1ris-amyloid-polyneuropathia_betegt\u00e1j\u00e9koztat\u00f3_.pdf\" target=\"_blank\" rel=\"noopener noreferrer\">FAP\u00a0&#8211; Famili\u00e1ris amyloid polyneuropathia (FAP)<\/a><\/li>\n<li style=\"text-align: left\"><a href=\"https:\/\/semmelweis.hu\/genomikai-medicina\/files\/2016\/05\/HD-betegt\u00e1j\u00e9koztat\u00f3.pdf\" target=\"_blank\" rel=\"noopener noreferrer\">HD\u00a0&#8211; Huntington k\u00f3r<\/a><\/li>\n<li style=\"text-align: left\"><a href=\"https:\/\/semmelweis.hu\/genomikai-medicina\/files\/2016\/05\/HSP-betegt\u00e1j\u00e9koztat\u00f3.pdf\" target=\"_blank\" rel=\"noopener noreferrer\">HSP\u00a0&#8211; \u00d6r\u00f6kletes spasticus paraplegia (HSP)<\/a><\/li>\n<li style=\"text-align: left\"><a href=\"https:\/\/semmelweis.hu\/genomikai-medicina\/files\/2016\/05\/izomdystrophi\u00e1k-DM-betegt\u00e1j\u00e9koztat\u00f3-FSHD.pdf\" target=\"_blank\" rel=\"noopener noreferrer\">Izomdystrophi\u00e1k, myopathi\u00e1k<\/a><\/li>\n<li><a href=\"https:\/\/semmelweis.hu\/genomikai-medicina\/files\/2022\/01\/Mitokondrialis_tajekoztato.pdf\">Mitokondri\u00e1lis betegt\u00e1j\u00e9koztat\u00f3<\/a><\/li>\n<li style=\"text-align: left\"><a href=\"https:\/\/semmelweis.hu\/genomikai-medicina\/files\/2016\/05\/Pompe-k\u00f3r.pdf\" target=\"_blank\" rel=\"noopener noreferrer\">Pompe &#8211; Pompe k\u00f3r<\/a><\/li>\n<li style=\"text-align: justify\"><a href=\"https:\/\/goo.gl\/forms\/jW6RXnVbtak5oOGp1\" target=\"_blank\" rel=\"noopener noreferrer\">Pompe online k\u00e9rd\u0151\u00edv<\/a><\/li>\n<\/ul>\n","protected":false},"excerpt":{"rendered":"<p>Let\u00f6lthet\u0151:<\/p>\n<p><a href=\"http:\/\/www.ern-rnd.eu\/disease-knowledge-hub\/ataxia\/\">Ataxia &#8211; angol nyelv\u0171 anyagok az ERN-RND oldal\u00e1n<\/a><br \/>\n<a href=\"https:\/\/semmelweis.hu\/genomikai-medicina\/files\/2016\/05\/Ataxi\u00e1k-betegt\u00e1j\u00e9koztat\u00f3.pdf\" target=\"_blank\" rel=\"noopener noreferrer\">Ataxia<\/a><br \/>\n<a href=\"https:\/\/semmelweis.hu\/genomikai-medicina\/files\/2016\/05\/Betegt\u00e1j\u00e9koztat\u00f3_CMT.pdf\" target=\"_blank\" rel=\"noopener noreferrer\">CMT &#8211; Charcot-Marie-Tooth betegs\u00e9g\u00a0(CMT)<\/a>\u00a0<br \/>\n<a href=\"https:\/\/semmelweis.hu\/genomikai-medicina\/files\/2022\/02\/Charcot-Marie-Tooth_flyer.pdf\">CMT &#8211; Charcot-Marie-Tooth betegs\u00e9g, alap\u00edtv\u00e1nyi anyag<\/a><br \/>\n<a href=\"https:\/\/semmelweis.hu\/genomikai-medicina\/files\/2016\/05\/Famili\u00e1ris-amyloid-polyneuropathia_betegt\u00e1j\u00e9koztat\u00f3_.pdf\" target=\"_blank\" rel=\"noopener noreferrer\">FAP\u00a0&#8211; Famili\u00e1ris amyloid polyneuropathia (FAP)<\/a><br \/>\n<a href=\"https:\/\/semmelweis.hu\/genomikai-medicina\/files\/2016\/05\/HD-betegt\u00e1j\u00e9koztat\u00f3.pdf\" target=\"_blank\" rel=\"noopener noreferrer\">HD\u00a0&#8211; Huntington k\u00f3r<\/a><br \/>\n<a href=\"https:\/\/semmelweis.hu\/genomikai-medicina\/files\/2016\/05\/HSP-betegt\u00e1j\u00e9koztat\u00f3.pdf\" target=\"_blank\" rel=\"noopener noreferrer\">HSP\u00a0&#8211; \u00d6r\u00f6kletes spasticus paraplegia (HSP)<\/a><br \/>\n<a href=\"https:\/\/semmelweis.hu\/genomikai-medicina\/files\/2016\/05\/izomdystrophi\u00e1k-DM-betegt\u00e1j\u00e9koztat\u00f3-FSHD.pdf\" target=\"_blank\" rel=\"noopener noreferrer\">Izomdystrophi\u00e1k, myopathi\u00e1k<\/a><br \/>\n<a href=\"https:\/\/semmelweis.hu\/genomikai-medicina\/files\/2022\/01\/Mitokondrialis_tajekoztato.pdf\">Mitokondri\u00e1lis betegt\u00e1j\u00e9koztat\u00f3<\/a><br \/>\n<a href=\"https:\/\/semmelweis.hu\/genomikai-medicina\/files\/2016\/05\/Pompe-k\u00f3r.pdf\" target=\"_blank\" rel=\"noopener noreferrer\">Pompe &#8211; Pompe k\u00f3r<\/a><br \/>\n<a href=\"https:\/\/goo.gl\/forms\/jW6RXnVbtak5oOGp1\" target=\"_blank\" rel=\"noopener noreferrer\">Pompe online k\u00e9rd\u0151\u00edv<\/a><\/p>\n","protected":false},"author":101429,"featured_media":0,"parent":3407,"menu_order":6,"comment_status":"closed","ping_status":"closed","template":"","meta":{"_acf_changed":false,"footnotes":""},"categories":[],"tags":[],"class_list":["post-1330","page","type-page","status-publish","hentry"],"acf":[],"_links":{"self":[{"href":"https:\/\/semmelweis.hu\/genomikai-medicina\/wp-json\/wp\/v2\/pages\/1330","targetHints":{"allow":["GET"]}}],"collection":[{"href":"https:\/\/semmelweis.hu\/genomikai-medicina\/wp-json\/wp\/v2\/pages"}],"about":[{"href":"https:\/\/semmelweis.hu\/genomikai-medicina\/wp-json\/wp\/v2\/types\/page"}],"author":[{"embeddable":true,"href":"https:\/\/semmelweis.hu\/genomikai-medicina\/wp-json\/wp\/v2\/users\/101429"}],"replies":[{"embeddable":true,"href":"https:\/\/semmelweis.hu\/genomikai-medicina\/wp-json\/wp\/v2\/comments?post=1330"}],"version-history":[{"count":11,"href":"https:\/\/semmelweis.hu\/genomikai-medicina\/wp-json\/wp\/v2\/pages\/1330\/revisions"}],"predecessor-version":[{"id":4224,"href":"https:\/\/semmelweis.hu\/genomikai-medicina\/wp-json\/wp\/v2\/pages\/1330\/revisions\/4224"}],"up":[{"embeddable":true,"href":"https:\/\/semmelweis.hu\/genomikai-medicina\/wp-json\/wp\/v2\/pages\/3407"}],"wp:attachment":[{"href":"https:\/\/semmelweis.hu\/genomikai-medicina\/wp-json\/wp\/v2\/media?parent=1330"}],"wp:term":[{"taxonomy":"category","embeddable":true,"href":"https:\/\/semmelweis.hu\/genomikai-medicina\/wp-json\/wp\/v2\/categories?post=1330"},{"taxonomy":"post_tag","embeddable":true,"href":"https:\/\/semmelweis.hu\/genomikai-medicina\/wp-json\/wp\/v2\/tags?post=1330"}],"curies":[{"name":"wp","href":"https:\/\/api.w.org\/{rel}","templated":true}]}}