{"id":1083,"date":"2014-12-19T00:00:00","date_gmt":"2014-12-18T23:00:00","guid":{"rendered":"http:\/\/semmelweis.hu\/genomikai-medicina\/vizsgalatkero-lap-genetika\/"},"modified":"2026-03-26T10:54:46","modified_gmt":"2026-03-26T09:54:46","slug":"vizsgalatkero-lap-genetika","status":"publish","type":"page","link":"https:\/\/semmelweis.hu\/genomikai-medicina\/betegellatas\/jarobeteg\/vizsgalatkero-lap-genetika\/","title":{"rendered":"Genetikai vizsg\u00e1latk\u00e9r\u0151 lap"},"content":{"rendered":"<ul>\n<li><strong>Let\u00f6lthet\u0151, nyomtathat\u00f3 v\u00e1ltozat, amely egyben a beleegyez\u0151 nyilatkozatot is tartalmazza:<\/strong> <a href=\"https:\/\/semmelweis.hu\/genomikai-medicina\/files\/2026\/03\/SE_Vizsgalatkero_GRI_260309_jav.pdf\" target=\"_blank\" rel=\"noopener noreferrer\">Genetikai vizsg\u00e1latk\u00e9r\u0151 lap<\/a>\u00a0<\/li>\n<li style=\"text-align: left\">English version: <a href=\"https:\/\/semmelweis.hu\/genomikai-medicina\/files\/2026\/03\/SE_Test_Request_Form_202603_en_jav.pdf\" target=\"_blank\" rel=\"noopener noreferrer\">Genetic test request form<\/a><\/li>\n<\/ul>\n<p>Int\u00e9zet\u00fcnk rutin genetikai diagnosztik\u00e1j\u00e1t k\u00e9t oszt\u00e1ly biztos\u00edtja:<\/p>\n<p>1. Molekul\u00e1ris Neurol\u00f3giai Oszt\u00e1ly &#8211; vezet\u0151je: Dr. G\u00e1l Anik\u00f3 <br \/>\n2. Neuromuscularis Genetikai Diagnosztikai Oszt\u00e1ly &#8211; vezet\u0151je: Dr. Udvari Szabolcs<\/p>\n<div>Amennyiben tov\u00e1bbi inform\u00e1ci\u00f3ra lenne sz\u00fcks\u00e9ge, k\u00e9rj\u00fck, \u00edrjon a\u00a0<a href=\"mailto:molneur@semmelweis.hu\">molneur@semmelweis.hu<\/a> email c\u00edmre, vagy h\u00edvja a +36 1 459-1483 telefonsz\u00e1mot.<\/div>\n","protected":false},"excerpt":{"rendered":"<p>Let\u00f6lthet\u0151, nyomtathat\u00f3 v\u00e1ltozat, amely egyben a beleegyez\u0151 nyilatkozatot is tartalmazza: <a href=\"https:\/\/semmelweis.hu\/genomikai-medicina\/files\/2026\/03\/SE_Vizsgalatkero_GRI_260309_jav.pdf\" target=\"_blank\" rel=\"noopener noreferrer\">Genetikai vizsg\u00e1latk\u00e9r\u0151 lap<\/a> \u00a0 English version: <a href=\"https:\/\/semmelweis.hu\/genomikai-medicina\/files\/2026\/03\/SE_Test_Request_Form_202603_en_jav.pdf\" target=\"_blank\" rel=\"noopener noreferrer\">Genetic test request form<\/a> Int\u00e9zet\u00fcnk rutin genetikai diagnosztik\u00e1j\u00e1t k\u00e9t oszt\u00e1ly biztos\u00edtja: 1. Molekul\u00e1ris Neurol\u00f3giai Oszt\u00e1ly &#8211; vezet\u0151je: Dr. G\u00e1l Anik\u00f3 2. Neuromuscularis Genetikai Diagnosztikai Oszt\u00e1ly &#8211; vezet\u0151je: Dr. Udvari Szabolcs Amennyiben tov\u00e1bbi inform\u00e1ci\u00f3ra lenne sz\u00fcks\u00e9ge, k\u00e9rj\u00fck, \u00edrjon a\u00a0 <a href=\"mailto:molneur@semmelweis.hu\">molneur@semmelweis.hu<\/a> email c\u00edmre, vagy h\u00edvja a +36 1 459-1483 &hellip;<\/p>\n","protected":false},"author":101429,"featured_media":0,"parent":1031,"menu_order":2,"comment_status":"closed","ping_status":"closed","template":"","meta":{"_acf_changed":false,"footnotes":""},"categories":[],"tags":[],"class_list":["post-1083","page","type-page","status-publish","hentry"],"acf":[],"_links":{"self":[{"href":"https:\/\/semmelweis.hu\/genomikai-medicina\/wp-json\/wp\/v2\/pages\/1083","targetHints":{"allow":["GET"]}}],"collection":[{"href":"https:\/\/semmelweis.hu\/genomikai-medicina\/wp-json\/wp\/v2\/pages"}],"about":[{"href":"https:\/\/semmelweis.hu\/genomikai-medicina\/wp-json\/wp\/v2\/types\/page"}],"author":[{"embeddable":true,"href":"https:\/\/semmelweis.hu\/genomikai-medicina\/wp-json\/wp\/v2\/users\/101429"}],"replies":[{"embeddable":true,"href":"https:\/\/semmelweis.hu\/genomikai-medicina\/wp-json\/wp\/v2\/comments?post=1083"}],"version-history":[{"count":13,"href":"https:\/\/semmelweis.hu\/genomikai-medicina\/wp-json\/wp\/v2\/pages\/1083\/revisions"}],"predecessor-version":[{"id":4378,"href":"https:\/\/semmelweis.hu\/genomikai-medicina\/wp-json\/wp\/v2\/pages\/1083\/revisions\/4378"}],"up":[{"embeddable":true,"href":"https:\/\/semmelweis.hu\/genomikai-medicina\/wp-json\/wp\/v2\/pages\/1031"}],"wp:attachment":[{"href":"https:\/\/semmelweis.hu\/genomikai-medicina\/wp-json\/wp\/v2\/media?parent=1083"}],"wp:term":[{"taxonomy":"category","embeddable":true,"href":"https:\/\/semmelweis.hu\/genomikai-medicina\/wp-json\/wp\/v2\/categories?post=1083"},{"taxonomy":"post_tag","embeddable":true,"href":"https:\/\/semmelweis.hu\/genomikai-medicina\/wp-json\/wp\/v2\/tags?post=1083"}],"curies":[{"name":"wp","href":"https:\/\/api.w.org\/{rel}","templated":true}]}}