{"id":1082,"date":"2014-12-19T00:00:00","date_gmt":"2014-12-18T23:00:00","guid":{"rendered":"http:\/\/semmelweis.hu\/genomikai-medicina\/vizsgalatkero-lap-biopszia\/"},"modified":"2024-09-06T10:12:24","modified_gmt":"2024-09-06T08:12:24","slug":"vizsgalatkero-lap-biopszia","status":"publish","type":"page","link":"https:\/\/semmelweis.hu\/genomikai-medicina\/betegellatas\/jarobeteg\/vizsgalatkero-lap-biopszia\/","title":{"rendered":"Biopszia vizsg\u00e1latk\u00e9r\u0151 lap"},"content":{"rendered":"<ul>\n<li>Let\u00f6lthet\u0151, nyomtathat\u00f3 v\u00e1ltozat: <a href=\"https:\/\/semmelweis.hu\/genomikai-medicina\/files\/2024\/09\/SE_Biopszia_Vizsgalatkero_GRI-20240906.pdf\">Biopszia vizsg\u00e1lati k\u00e9r\u0151lap<\/a><\/li>\n<li>English version: <a href=\"https:\/\/semmelweis.hu\/genomikai-medicina\/files\/2024\/09\/SE_Biopszia_Vizsgalatkero_GRI-20240906_angol.pdf\">Biopsy request form<\/a>\u00a0<\/li>\n<\/ul>\n<p><strong>Neurobiopszi\u00e1s Laborat\u00f3rium<\/strong><\/p>\n<div>\n<div class=\"fontos_div\">\n<p style=\"text-align: center\"><strong>SE Genomikai Medicina \u00e9s Ritka Betegs\u00e9gek Int\u00e9zete\u00a0<\/strong><br \/>\n<strong>1085 Budapest, Gyulai P\u00e1l u. 2.\u00a0 II.em. Laborat\u00f3rium<\/strong><\/p>\n<\/div>\n<\/div>\n<p><span style=\"font-size: 1rem\">Telefon: +36 1 459-1492<br \/>\n<\/span>E-mail: <a href=\"mailto:molneur@semmelweis.hu\">molneur@semmelweis.hu<\/a><\/p>\n","protected":false},"excerpt":{"rendered":"<p>Let\u00f6lthet\u0151, nyomtathat\u00f3 v\u00e1ltozat: <a href=\"https:\/\/semmelweis.hu\/genomikai-medicina\/files\/2024\/09\/SE_Biopszia_Vizsgalatkero_GRI-20240906.pdf\">Biopszia vizsg\u00e1lati k\u00e9r\u0151lap<\/a><br \/>\nEnglish version: <a href=\"https:\/\/semmelweis.hu\/genomikai-medicina\/files\/2024\/09\/SE_Biopszia_Vizsgalatkero_GRI-20240906_angol.pdf\">Biopsy request form<\/a>\u00a0<\/p>\n<p>Neurobiopszi\u00e1s Laborat\u00f3rium<\/p>\n<p>SE Genomikai Medicina \u00e9s Ritka Betegs\u00e9gek Int\u00e9zete\u00a0<br \/>\n1085 Budapest, Gyulai P\u00e1l u. 2.\u00a0 II.em. Laborat\u00f3rium<\/p>\n<p>Telefon: +36 1 459-1492<br \/>\nE-mail: <a href=\"mailto:molneur@semmelweis.hu\">molneur@semmelweis.hu<\/a><\/p>\n","protected":false},"author":101429,"featured_media":0,"parent":1031,"menu_order":2,"comment_status":"closed","ping_status":"closed","template":"","meta":{"_acf_changed":false,"footnotes":""},"categories":[],"tags":[],"class_list":["post-1082","page","type-page","status-publish","hentry"],"acf":[],"_links":{"self":[{"href":"https:\/\/semmelweis.hu\/genomikai-medicina\/wp-json\/wp\/v2\/pages\/1082","targetHints":{"allow":["GET"]}}],"collection":[{"href":"https:\/\/semmelweis.hu\/genomikai-medicina\/wp-json\/wp\/v2\/pages"}],"about":[{"href":"https:\/\/semmelweis.hu\/genomikai-medicina\/wp-json\/wp\/v2\/types\/page"}],"author":[{"embeddable":true,"href":"https:\/\/semmelweis.hu\/genomikai-medicina\/wp-json\/wp\/v2\/users\/101429"}],"replies":[{"embeddable":true,"href":"https:\/\/semmelweis.hu\/genomikai-medicina\/wp-json\/wp\/v2\/comments?post=1082"}],"version-history":[{"count":11,"href":"https:\/\/semmelweis.hu\/genomikai-medicina\/wp-json\/wp\/v2\/pages\/1082\/revisions"}],"predecessor-version":[{"id":4143,"href":"https:\/\/semmelweis.hu\/genomikai-medicina\/wp-json\/wp\/v2\/pages\/1082\/revisions\/4143"}],"up":[{"embeddable":true,"href":"https:\/\/semmelweis.hu\/genomikai-medicina\/wp-json\/wp\/v2\/pages\/1031"}],"wp:attachment":[{"href":"https:\/\/semmelweis.hu\/genomikai-medicina\/wp-json\/wp\/v2\/media?parent=1082"}],"wp:term":[{"taxonomy":"category","embeddable":true,"href":"https:\/\/semmelweis.hu\/genomikai-medicina\/wp-json\/wp\/v2\/categories?post=1082"},{"taxonomy":"post_tag","embeddable":true,"href":"https:\/\/semmelweis.hu\/genomikai-medicina\/wp-json\/wp\/v2\/tags?post=1082"}],"curies":[{"name":"wp","href":"https:\/\/api.w.org\/{rel}","templated":true}]}}