{"id":1047,"date":"2008-01-24T00:00:00","date_gmt":"2008-01-23T23:00:00","guid":{"rendered":"http:\/\/semmelweis.hu\/genomikai-medicina\/szovettani-vizsgalatok\/"},"modified":"2024-09-06T09:05:32","modified_gmt":"2024-09-06T07:05:32","slug":"szovettani-vizsgalatok","status":"publish","type":"page","link":"https:\/\/semmelweis.hu\/genomikai-medicina\/betegellatas\/jarobeteg\/szovettani-vizsgalatok\/","title":{"rendered":"Neurobiopszi\u00e1s K\u00f6zpont &#8211; Sz\u00f6vettani vizsg\u00e1latok"},"content":{"rendered":"<h4>Izombiopszia<\/h4>\n<ul>\n<li><strong>Izombetegs\u00e9gekben:<\/strong><br \/>\nPolymyositis, dermatomyositis, izomdystrophia, myopathia, polymyalgia rheumatica igazol\u00e1s\u00e1ra.<\/li>\n<li><strong>Anyagcsere betegs\u00e9gekben:<\/strong> <br \/>\nPompe k\u00f3r, mitochondrialis betegs\u00e9gek, stb\u2026<br \/>\nFagyasztott \u00e9s m\u0171gyant\u00e1ba \u00e1gyazott blokkok f\u00e9nymikroszk\u00f3pos feldolgoz\u00e1sa (histohemiai, immunhistochemiai vizsg\u00e1latok gyullad\u00e1sos markerekkel, sarcolemm\u00e1hoz kapcsol\u00f3d\u00f3 proteinek, nuclearis envelop proteinek kimutat\u00e1sa, stb&#8230;)<\/li>\n<li>Elektronmikroszk\u00f3pos vizsg\u00e1latok<\/li>\n<\/ul>\n<h4>Idegbiopszia<\/h4>\n<ul>\n<li>Szerzett \u00e9s \u00f6r\u00f6kletes neuropathi\u00e1kban<\/li>\n<li>Fagyasztott \u00e9s m\u0171gyant\u00e1ba \u00e1gyazot blokkok f\u00e9nymikroszk\u00f3pos feldolgoz\u00e1sa (histochemiai, inflammatorikus sejtek immunhistochemiai kimutat\u00e1sa)<\/li>\n<li>Elektronmikroszk\u00f3pos vizsg\u00e1latok<\/li>\n<\/ul>\n<h4>B\u0151rbiopszia<\/h4>\n<ul>\n<li>Vasculitisekben, anyagcsere betegs\u00e9gekben, CADASIL-ban<\/li>\n<li>Fagyasztott \u00e9s m\u0171gyant\u00e1ba \u00e1gyazot blokkok f\u00e9nymikroszk\u00f3pos feldolgoz\u00e1sa (histohemiai, immunhistochemiai vizsg\u00e1latok)<\/li>\n<li>Elektronmikroszk\u00f3pos vizsg\u00e1latok anyagcsere betegs\u00e9gekben<\/li>\n<li>Morfometria<\/li>\n<\/ul>\n","protected":false},"excerpt":{"rendered":"<p>Izombiopszia Izombetegs\u00e9gekben: Polymyositis, dermatomyositis, izomdystrophia, myopathia, polymyalgia rheumatica igazol\u00e1s\u00e1ra. Anyagcsere betegs\u00e9gekben: Pompe k\u00f3r, mitochondrialis betegs\u00e9gek, stb\u2026 Fagyasztott \u00e9s m\u0171gyant\u00e1ba \u00e1gyazott blokkok f\u00e9nymikroszk\u00f3pos feldolgoz\u00e1sa (histohemiai, immunhistochemiai vizsg\u00e1latok gyullad\u00e1sos markerekkel, sarcolemm\u00e1hoz kapcsol\u00f3d\u00f3 proteinek, nuclearis envelop proteinek kimutat\u00e1sa, stb&#8230;) Elektronmikroszk\u00f3pos vizsg\u00e1latok Idegbiopszia Szerzett \u00e9s \u00f6r\u00f6kletes neuropathi\u00e1kban Fagyasztott \u00e9s m\u0171gyant\u00e1ba \u00e1gyazot blokkok f\u00e9nymikroszk\u00f3pos feldolgoz\u00e1sa (histochemiai, inflammatorikus sejtek immunhistochemiai kimutat\u00e1sa) &hellip;<\/p>\n","protected":false},"author":101429,"featured_media":0,"parent":1031,"menu_order":6,"comment_status":"closed","ping_status":"closed","template":"","meta":{"_acf_changed":false,"footnotes":""},"categories":[],"tags":[],"class_list":["post-1047","page","type-page","status-publish","hentry"],"acf":[],"_links":{"self":[{"href":"https:\/\/semmelweis.hu\/genomikai-medicina\/wp-json\/wp\/v2\/pages\/1047","targetHints":{"allow":["GET"]}}],"collection":[{"href":"https:\/\/semmelweis.hu\/genomikai-medicina\/wp-json\/wp\/v2\/pages"}],"about":[{"href":"https:\/\/semmelweis.hu\/genomikai-medicina\/wp-json\/wp\/v2\/types\/page"}],"author":[{"embeddable":true,"href":"https:\/\/semmelweis.hu\/genomikai-medicina\/wp-json\/wp\/v2\/users\/101429"}],"replies":[{"embeddable":true,"href":"https:\/\/semmelweis.hu\/genomikai-medicina\/wp-json\/wp\/v2\/comments?post=1047"}],"version-history":[{"count":10,"href":"https:\/\/semmelweis.hu\/genomikai-medicina\/wp-json\/wp\/v2\/pages\/1047\/revisions"}],"predecessor-version":[{"id":4110,"href":"https:\/\/semmelweis.hu\/genomikai-medicina\/wp-json\/wp\/v2\/pages\/1047\/revisions\/4110"}],"up":[{"embeddable":true,"href":"https:\/\/semmelweis.hu\/genomikai-medicina\/wp-json\/wp\/v2\/pages\/1031"}],"wp:attachment":[{"href":"https:\/\/semmelweis.hu\/genomikai-medicina\/wp-json\/wp\/v2\/media?parent=1047"}],"wp:term":[{"taxonomy":"category","embeddable":true,"href":"https:\/\/semmelweis.hu\/genomikai-medicina\/wp-json\/wp\/v2\/categories?post=1047"},{"taxonomy":"post_tag","embeddable":true,"href":"https:\/\/semmelweis.hu\/genomikai-medicina\/wp-json\/wp\/v2\/tags?post=1047"}],"curies":[{"name":"wp","href":"https:\/\/api.w.org\/{rel}","templated":true}]}}