{"id":1031,"date":"2014-12-19T00:00:00","date_gmt":"2014-12-18T23:00:00","guid":{"rendered":"http:\/\/semmelweis.hu\/genomikai-medicina\/jarobeteg-2\/"},"modified":"2023-05-15T13:36:36","modified_gmt":"2023-05-15T11:36:36","slug":"jarobeteg","status":"publish","type":"page","link":"https:\/\/semmelweis.hu\/genomikai-medicina\/betegellatas\/jarobeteg\/","title":{"rendered":"Vizsg\u00e1latk\u00e9r\u0151 lapok, beleegyez\u0151 nyilatkozatok, mintak\u00fcld\u00e9s"},"content":{"rendered":"<p><strong>Mintafogad\u00e1s &#8211;<\/strong> <strong>Neurogenetikai labor<\/strong><\/p>\n<p>H\u00e9tf\u0151 &#8211; Cs\u00fct\u00f6rt\u00f6k: 8:30 &#8211; 14:00<br \/>\nP\u00e9ntek: 8:30 &#8211; 12:00<\/p>\n<p>Telefon: +36 1 459-1500\/61855, +36 20 663 2514<\/p>\n<p>K\u00e9r\u0151lap \u00e9s beleegyez\u0151 nyilatkozat sz\u00fcks\u00e9ges!<\/p>\n<p><strong><br \/>\nMintafogad\u00e1s &#8211;\u00a0Neurobiopszi\u00e1s labor<\/strong><\/p>\n<p>El\u0151zetes telefonos egyeztet\u00e9s sz\u00fcks\u00e9ges!<\/p>\n<p>Telefon: +36 1 459-1500\/61866, +36 20 663 2517<\/p>\n<p>K\u00e9r\u0151lap \u00e9s beleegyez\u0151 nyilatkozat sz\u00fcks\u00e9ges!<\/p>\n<p>&nbsp;<\/p>\n<p>A <strong>Genetikai Tan\u00e1csad\u00e1sra<\/strong> val\u00f3 beutal\u00e1shoz sz\u00fcks\u00e9ges NNK k\u00f3d: <strong>GRIT 01H720468<\/strong><\/p>\n<p>A <strong>Ritka Betegs\u00e9gek Ambulanci\u00e1j\u00e1ra<\/strong> val\u00f3 beutal\u00e1shoz sz\u00fcks\u00e9ges NNK k\u00f3d: <strong>GRIA 01H720908<\/strong><\/p>\n<p>&nbsp;<\/p>\n<p align=\"center\">\u00a0<\/p>\n","protected":false},"excerpt":{"rendered":"<p>Mintafogad\u00e1s &#8211; Neurogenetikai labor H\u00e9tf\u0151 &#8211; Cs\u00fct\u00f6rt\u00f6k: 8:30 &#8211; 14:00 P\u00e9ntek: 8:30 &#8211; 12:00 Telefon: +36 1 459-1500\/61855, +36 20 663 2514 K\u00e9r\u0151lap \u00e9s beleegyez\u0151 nyilatkozat sz\u00fcks\u00e9ges! Mintafogad\u00e1s &#8211;\u00a0Neurobiopszi\u00e1s labor El\u0151zetes telefonos egyeztet\u00e9s sz\u00fcks\u00e9ges! Telefon: +36 1 459-1500\/61866, +36 20 663 2517 K\u00e9r\u0151lap \u00e9s beleegyez\u0151 nyilatkozat sz\u00fcks\u00e9ges! &nbsp; A Genetikai Tan\u00e1csad\u00e1sra val\u00f3 beutal\u00e1shoz sz\u00fcks\u00e9ges NNK &hellip;<\/p>\n","protected":false},"author":101429,"featured_media":0,"parent":3407,"menu_order":4,"comment_status":"closed","ping_status":"closed","template":"","meta":{"_acf_changed":false,"footnotes":""},"categories":[],"tags":[],"class_list":["post-1031","page","type-page","status-publish","hentry"],"acf":[],"_links":{"self":[{"href":"https:\/\/semmelweis.hu\/genomikai-medicina\/wp-json\/wp\/v2\/pages\/1031","targetHints":{"allow":["GET"]}}],"collection":[{"href":"https:\/\/semmelweis.hu\/genomikai-medicina\/wp-json\/wp\/v2\/pages"}],"about":[{"href":"https:\/\/semmelweis.hu\/genomikai-medicina\/wp-json\/wp\/v2\/types\/page"}],"author":[{"embeddable":true,"href":"https:\/\/semmelweis.hu\/genomikai-medicina\/wp-json\/wp\/v2\/users\/101429"}],"replies":[{"embeddable":true,"href":"https:\/\/semmelweis.hu\/genomikai-medicina\/wp-json\/wp\/v2\/comments?post=1031"}],"version-history":[{"count":11,"href":"https:\/\/semmelweis.hu\/genomikai-medicina\/wp-json\/wp\/v2\/pages\/1031\/revisions"}],"predecessor-version":[{"id":3917,"href":"https:\/\/semmelweis.hu\/genomikai-medicina\/wp-json\/wp\/v2\/pages\/1031\/revisions\/3917"}],"up":[{"embeddable":true,"href":"https:\/\/semmelweis.hu\/genomikai-medicina\/wp-json\/wp\/v2\/pages\/3407"}],"wp:attachment":[{"href":"https:\/\/semmelweis.hu\/genomikai-medicina\/wp-json\/wp\/v2\/media?parent=1031"}],"wp:term":[{"taxonomy":"category","embeddable":true,"href":"https:\/\/semmelweis.hu\/genomikai-medicina\/wp-json\/wp\/v2\/categories?post=1031"},{"taxonomy":"post_tag","embeddable":true,"href":"https:\/\/semmelweis.hu\/genomikai-medicina\/wp-json\/wp\/v2\/tags?post=1031"}],"curies":[{"name":"wp","href":"https:\/\/api.w.org\/{rel}","templated":true}]}}