{"id":8416,"date":"2021-05-26T13:58:05","date_gmt":"2021-05-26T11:58:05","guid":{"rendered":"https:\/\/semmelweis.hu\/innovacio\/?page_id=8416"},"modified":"2025-02-04T10:17:40","modified_gmt":"2025-02-04T09:17:40","slug":"semmelweis-egyetem-altalanos-orvostudomanyi-kar","status":"publish","type":"page","link":"https:\/\/semmelweis.hu\/gazdalkodas-kfi\/projektek\/oei-projektek\/operativ-programok-hazai-es-eus-projektek\/efop-3-4-3-16-2016-00007\/semmelweis-egyetem-altalanos-orvostudomanyi-kar\/","title":{"rendered":"Semmelweis Egyetem \u00c1ltal\u00e1nos Orvostudom\u00e1nyi Kar"},"content":{"rendered":"<p style=\"text-align: justify\"><strong><a href=\"https:\/\/semmelweis.hu\/gazdalkodas-kfi\/files\/2020\/10\/infoblokk_kedv_final_felso_cmyk_ESZA.jpg\"><img loading=\"lazy\" decoding=\"async\" class=\"alignright wp-image-7476 size-medium\" src=\"https:\/\/semmelweis.hu\/gazdalkodas-kfi\/files\/2020\/10\/infoblokk_kedv_final_felso_cmyk_ESZA-400x276.jpg\" alt=\"\" width=\"400\" height=\"276\" srcset=\"https:\/\/semmelweis.hu\/gazdalkodas-kfi\/files\/2020\/10\/infoblokk_kedv_final_felso_cmyk_ESZA-400x276.jpg 400w, https:\/\/semmelweis.hu\/gazdalkodas-kfi\/files\/2020\/10\/infoblokk_kedv_final_felso_cmyk_ESZA-1024x708.jpg 1024w, https:\/\/semmelweis.hu\/gazdalkodas-kfi\/files\/2020\/10\/infoblokk_kedv_final_felso_cmyk_ESZA-768x531.jpg 768w, https:\/\/semmelweis.hu\/gazdalkodas-kfi\/files\/2020\/10\/infoblokk_kedv_final_felso_cmyk_ESZA-175x120.jpg 175w, https:\/\/semmelweis.hu\/gazdalkodas-kfi\/files\/2020\/10\/infoblokk_kedv_final_felso_cmyk_ESZA-753x520.jpg 753w, https:\/\/semmelweis.hu\/gazdalkodas-kfi\/files\/2020\/10\/infoblokk_kedv_final_felso_cmyk_ESZA.jpg 1453w\" sizes=\"auto, (max-width: 400px) 100vw, 400px\" \/><\/a><\/strong><\/p>\n<p>&nbsp;<\/p>\n<p>&nbsp;<\/p>\n<p>&nbsp;<\/p>\n<p>&nbsp;<\/p>\n<p>&nbsp;<\/p>\n<p style=\"text-align: justify\"><strong>Balassagyarmati Eg\u00e9szs\u00e9gfejleszt\u0151 Program<\/strong><\/p>\n<p style=\"text-align: justify\">A Balassagyarmati Eg\u00e9szs\u00e9gnevel\u0151 Program egy kort\u00e1rs oktat\u00e1son alapul\u00f3 interakt\u00edv, digit\u00e1liselemeket is tartalmaz\u00f3 szem\u00e9lyes k\u00e9szs\u00e9gfejleszt\u0151 program a Semmelweis Egyetemen.<\/p>\n<p style=\"text-align: justify\">Kort\u00e1rs oktat\u00e1son alapul, mert a kis kork\u00fcl\u00f6nbs\u00e9g miatt a di\u00e1kok k\u00f6nnyebben tudnak azonosulni a fiatal oktat\u00f3k \u00e1ltal prezent\u00e1lt szempontokkal.<br \/>\nInterakt\u00edv, mert a szem\u00e9lyes attit\u0171d\u00f6k \u00e9s a motiv\u00e1ci\u00f3 szintj\u00e9n t\u00f6rt\u00e9n\u0151 beavatkoz\u00e1s csak szem\u00e9lyesbevon\u00f3d\u00e1s eset\u00e9n t\u00f6rt\u00e9nhet meg.<\/p>\n<p style=\"text-align: justify\">Digit\u00e1lis elemeket is tartalmaz, mert a 21. sz\u00e1zad \u00faj oktat\u00e1sm\u00f3dszertant k\u00f6vetel meg. K\u00e9szs\u00e9gfejleszt\u0151, mert c\u00e9lja a szem\u00e9lyes d\u00f6nt\u00e9shozatal fejleszt\u00e9se, az eg\u00e9szs\u00e9gesebb \u00e9letm\u00f3d v\u00e1laszt\u00e1s\u00e1ra val\u00f3 k\u00e9pess\u00e9g t\u00e1mogat\u00e1sa. Eg\u00e9szs\u00e9gnevel\u00e9si t\u00e9m\u00e1ink: Els\u0151seg\u00e9ly, doh\u00e1nyz\u00e1s, sport, \u00e9tkez\u00e9s, biztons\u00e1gos szexualit\u00e1s(fogamz\u00e1sg\u00e1tl\u00e1s, asszertivit\u00e1s, STD-k elleni v\u00e9delem), alkohol, drog \u00e9s egy\u00e9b tudatm\u00f3dos\u00edt\u00f3k,<br \/>\nment\u00e1lis eg\u00e9szs\u00e9g, infekci\u00f3 kontroll (olt\u00e1sok, k\u00e9zmos\u00e1s, antibiotikumok), felel\u0151s csal\u00e1dtervez\u00e9s.<\/p>\n<p style=\"text-align: justify\">A programhoz egy, hazai k\u00f6rnyezetben \u00fatt\u00f6r\u0151nek mondhat\u00f3 kutat\u00e1s kapcsol\u00f3dik, melynek c\u00e9lja az intervenci\u00f3k hat\u00e9konys\u00e1g\u00e1nak m\u00e9r\u00e9se. A kutat\u00e1si eredm\u00e9nyeket az elk\u00f6vetkez\u0151 h\u00f3napokban tessz\u00fck<br \/>\nk\u00f6zz\u00e9.<\/p>\n<p style=\"text-align: justify\"><strong>Balassagyarmati Beker\u00fcl\u00e9st\u00e1mogat\u00f3 Program<\/strong><\/p>\n<p style=\"text-align: justify\">Fiataloss\u00e1g, lend\u00fclet, elk\u00f6telez\u0151d\u00e9s, j\u00f6v\u0151tervez\u00e9s, ifj\u00fas\u00e1g-f\u00f3kusz.<\/p>\n<p style=\"text-align: justify\">Ezek a szavak jellemzik a 2019 \u0151sz\u00e9n indul\u00f3 Balassagyarmati Eg\u00e9szs\u00e9gnevel\u0151 Program \u00faj r\u00e9szelem\u00e9t, a\u00a0<strong>Balassagyarmati Beker\u00fcl\u00e9st\u00e1mogat\u00f3, \u2018Egyetemi Utad\u2019 Program<\/strong>ot, m\u00e1sn\u00e9ven a BEK-et.<\/p>\n<p style=\"text-align: justify\">A program c\u00e9lja, hogy a Balassagyarmati 11-12. oszt\u00e1lyos tanul\u00f3k tiszt\u00e1ban legyenek saj\u00e1t k\u00e9pess\u00e9geikkel \u00e9s lehet\u0151s\u00e9geikkel, hogy tudatosabb, jobban \u00e1tgondolt d\u00f6nt\u00e9seket tudjanak hozni j\u00f6v\u0151j\u00fckkel \u00e9s a tov\u00e1bbi tanulm\u00e1nyaikkal kapcsolatban.<\/p>\n<p style=\"text-align: justify\">Az Beker\u00fcl\u00e9st\u00e1mogat\u00f3 program az\u00a0<strong>\u00e9lm\u00e9nypedag\u00f3gia\u00a0<\/strong>m\u00f3dszer\u00e9re \u00e9p\u00fcl mind a saj\u00e1t, mind az \u00f6nk\u00e9ntesekkel \u00e9s a gyermekekkel val\u00f3 munk\u00e1nkban.\u00a0<\/p>\n<p style=\"text-align: justify\">\u201cAzt tanultam magamr\u00f3l, hogy b\u00e1rmire k\u00e9pes vagyok, ha kitartok \u00e9s hiszek benne\u2026\u201d<\/p>\n<p><img loading=\"lazy\" decoding=\"async\" class=\"alignnone wp-image-8423 size-medium\" src=\"https:\/\/semmelweis.hu\/gazdalkodas-kfi\/files\/2021\/05\/AOK_1-400x267.jpg\" alt=\"\" width=\"400\" height=\"267\" srcset=\"https:\/\/semmelweis.hu\/gazdalkodas-kfi\/files\/2021\/05\/AOK_1-400x267.jpg 400w, https:\/\/semmelweis.hu\/gazdalkodas-kfi\/files\/2021\/05\/AOK_1-1024x682.jpg 1024w, https:\/\/semmelweis.hu\/gazdalkodas-kfi\/files\/2021\/05\/AOK_1-768x512.jpg 768w, https:\/\/semmelweis.hu\/gazdalkodas-kfi\/files\/2021\/05\/AOK_1-1536x1024.jpg 1536w, https:\/\/semmelweis.hu\/gazdalkodas-kfi\/files\/2021\/05\/AOK_1-2048x1365.jpg 2048w, https:\/\/semmelweis.hu\/gazdalkodas-kfi\/files\/2021\/05\/AOK_1-753x502.jpg 753w, https:\/\/semmelweis.hu\/gazdalkodas-kfi\/files\/2021\/05\/AOK_1-203x135.jpg 203w\" sizes=\"auto, (max-width: 400px) 100vw, 400px\" \/><\/p>\n<p>&nbsp;<\/p>\n<p>&nbsp;<\/p>\n","protected":false},"excerpt":{"rendered":"<p><a href=\"https:\/\/semmelweis.hu\/gazdalkodas-kfi\/files\/2020\/10\/infoblokk_kedv_final_felso_cmyk_ESZA.jpg\"><\/a> &nbsp; &nbsp; &nbsp; &nbsp; &nbsp; Balassagyarmati Eg\u00e9szs\u00e9gfejleszt\u0151 Program A Balassagyarmati Eg\u00e9szs\u00e9gnevel\u0151 Program egy kort\u00e1rs oktat\u00e1son alapul\u00f3 interakt\u00edv, digit\u00e1liselemeket is tartalmaz\u00f3 szem\u00e9lyes k\u00e9szs\u00e9gfejleszt\u0151 program a Semmelweis Egyetemen. Kort\u00e1rs oktat\u00e1son alapul, mert a kis kork\u00fcl\u00f6nbs\u00e9g miatt a di\u00e1kok k\u00f6nnyebben tudnak azonosulni a fiatal oktat\u00f3k \u00e1ltal prezent\u00e1lt szempontokkal. Interakt\u00edv, mert a szem\u00e9lyes attit\u0171d\u00f6k \u00e9s a motiv\u00e1ci\u00f3 szintj\u00e9n t\u00f6rt\u00e9n\u0151 &hellip;<\/p>\n","protected":false},"author":102156,"featured_media":0,"parent":6285,"menu_order":5,"comment_status":"closed","ping_status":"closed","template":"","meta":{"_acf_changed":false,"footnotes":""},"categories":[],"tags":[],"class_list":["post-8416","page","type-page","status-publish","hentry"],"acf":[],"_links":{"self":[{"href":"https:\/\/semmelweis.hu\/gazdalkodas-kfi\/wp-json\/wp\/v2\/pages\/8416","targetHints":{"allow":["GET"]}}],"collection":[{"href":"https:\/\/semmelweis.hu\/gazdalkodas-kfi\/wp-json\/wp\/v2\/pages"}],"about":[{"href":"https:\/\/semmelweis.hu\/gazdalkodas-kfi\/wp-json\/wp\/v2\/types\/page"}],"author":[{"embeddable":true,"href":"https:\/\/semmelweis.hu\/gazdalkodas-kfi\/wp-json\/wp\/v2\/users\/102156"}],"replies":[{"embeddable":true,"href":"https:\/\/semmelweis.hu\/gazdalkodas-kfi\/wp-json\/wp\/v2\/comments?post=8416"}],"version-history":[{"count":4,"href":"https:\/\/semmelweis.hu\/gazdalkodas-kfi\/wp-json\/wp\/v2\/pages\/8416\/revisions"}],"predecessor-version":[{"id":10630,"href":"https:\/\/semmelweis.hu\/gazdalkodas-kfi\/wp-json\/wp\/v2\/pages\/8416\/revisions\/10630"}],"up":[{"embeddable":true,"href":"https:\/\/semmelweis.hu\/gazdalkodas-kfi\/wp-json\/wp\/v2\/pages\/6285"}],"wp:attachment":[{"href":"https:\/\/semmelweis.hu\/gazdalkodas-kfi\/wp-json\/wp\/v2\/media?parent=8416"}],"wp:term":[{"taxonomy":"category","embeddable":true,"href":"https:\/\/semmelweis.hu\/gazdalkodas-kfi\/wp-json\/wp\/v2\/categories?post=8416"},{"taxonomy":"post_tag","embeddable":true,"href":"https:\/\/semmelweis.hu\/gazdalkodas-kfi\/wp-json\/wp\/v2\/tags?post=8416"}],"curies":[{"name":"wp","href":"https:\/\/api.w.org\/{rel}","templated":true}]}}