{"id":8405,"date":"2021-05-25T10:16:14","date_gmt":"2021-05-25T08:16:14","guid":{"rendered":"https:\/\/semmelweis.hu\/innovacio\/?page_id=8405"},"modified":"2025-02-04T10:17:36","modified_gmt":"2025-02-04T09:17:36","slug":"semmelweis-egyetem-gyogyszertudomanyi-kar","status":"publish","type":"page","link":"https:\/\/semmelweis.hu\/gazdalkodas-kfi\/projektek\/oei-projektek\/operativ-programok-hazai-es-eus-projektek\/efop-3-4-3-16-2016-00007\/semmelweis-egyetem-gyogyszertudomanyi-kar\/","title":{"rendered":"Semmelweis Egyetem Gy\u00f3gyszertudom\u00e1nyi Kar"},"content":{"rendered":"<p><strong><a href=\"https:\/\/semmelweis.hu\/gazdalkodas-kfi\/files\/2020\/10\/infoblokk_kedv_final_felso_cmyk_ESZA.jpg\"><img loading=\"lazy\" decoding=\"async\" class=\"alignright wp-image-7476 size-medium\" src=\"https:\/\/semmelweis.hu\/gazdalkodas-kfi\/files\/2020\/10\/infoblokk_kedv_final_felso_cmyk_ESZA-400x276.jpg\" alt=\"\" width=\"400\" height=\"276\" srcset=\"https:\/\/semmelweis.hu\/gazdalkodas-kfi\/files\/2020\/10\/infoblokk_kedv_final_felso_cmyk_ESZA-400x276.jpg 400w, https:\/\/semmelweis.hu\/gazdalkodas-kfi\/files\/2020\/10\/infoblokk_kedv_final_felso_cmyk_ESZA-1024x708.jpg 1024w, https:\/\/semmelweis.hu\/gazdalkodas-kfi\/files\/2020\/10\/infoblokk_kedv_final_felso_cmyk_ESZA-768x531.jpg 768w, https:\/\/semmelweis.hu\/gazdalkodas-kfi\/files\/2020\/10\/infoblokk_kedv_final_felso_cmyk_ESZA-175x120.jpg 175w, https:\/\/semmelweis.hu\/gazdalkodas-kfi\/files\/2020\/10\/infoblokk_kedv_final_felso_cmyk_ESZA-753x520.jpg 753w, https:\/\/semmelweis.hu\/gazdalkodas-kfi\/files\/2020\/10\/infoblokk_kedv_final_felso_cmyk_ESZA.jpg 1453w\" sizes=\"auto, (max-width: 400px) 100vw, 400px\" \/><\/a><\/strong><\/p>\n<p>&nbsp;<\/p>\n<p>&nbsp;<\/p>\n<p>&nbsp;<\/p>\n<p>&nbsp;<\/p>\n<p>&nbsp;<\/p>\n<p>&nbsp;<\/p>\n<p><strong>Kiscsoportos szakmai felk\u00e9sz\u00edt\u0151 \u00f3r\u00e1k a Gy\u00f3gyszer\u00e9sz Karon<\/strong><\/p>\n<p style=\"text-align: justify\">&#8222;Alapoz\u00f3 k\u00e9miai \u00e9s term\u00e9szettudom\u00e1nyos sz\u00e1m\u00edt\u00e1sok&#8221;, &#8222;Szerves k\u00e9miai szint\u00e9zisek alapjai&#8221;,\u00a0 &#8222;Kardiovaszkul\u00e1ris \u00e9lettan \u00e9s neurofiziol\u00f3gia&#8221; &#8211; olyan alapoz\u00f3 \u00e9s term\u00e9szettudom\u00e1nyos tant\u00e1rgyak legf\u0151bb t\u00e9mak\u00f6rei, amelyek sok fejt\u00f6r\u00e9st okozhatnak a gy\u00f3gyszer\u00e9szhallgat\u00f3knak egyetemi \u00e9veik alatt, \u00e9s a neh\u00e9zs\u00e9g\u00fck ok\u00e1n a kor\u00e1bbi tan\u00e9vekben nagy lemorzsol\u00f3d\u00e1si ar\u00e1ny volt tapasztlahat\u00f3 a hallgat\u00f3i l\u00e9tsz\u00e1m tekintet\u00e9ben. A felsorolt t\u00e9mak\u00f6r\u00f6kkben az EFOP-3.4.3-16-2016-00007 projekt keret\u00e9n bel\u00fcl \u00fan. kiscsoportos felk\u00e9sz\u00edt\u0151 \u00f3r\u00e1k seg\u00edtett\u00e9k hallgat\u00f3ink bentmarad\u00e1s\u00e1t, illetve a hallgat\u00f3i l\u00e9tsz\u00e1m lemorzsol\u00f3d\u00e1si \u00e1rany\u00e1nak cs\u00f6kkent\u00e9s\u00e9t. H\u00e1rom egyetemi int\u00e9zet munkat\u00e1rsai seg\u00edtett\u00e9k a k\u00f6z\u00f6s munk\u00e1t a Semmelweis Egyetem Gy\u00f3gyszer\u00e9sztudom\u00e1nyi Kar\u00e1n. A Gy\u00f3gyszer\u00e9szi K\u00e9miai Int\u00e9zetben, a Szerves Vegytani Int\u00e9zetben \u00e9s az \u00c9lettani Int\u00e9zetben vehettek r\u00e9szt az \u00e9rdekl\u0151d\u0151 fiatalok ezeken a konzult\u00e1ci\u00f3kon. Az alapoz\u00f3 k\u00e9miai \u00e9s term\u00e9szettudom\u00e1nyos sz\u00e1m\u00edt\u00e1sok felk\u00e9sz\u00edt\u0151 \u00f3r\u00e1i az els\u0151 \u00e9ves hallgat\u00f3ink felk\u00e9sz\u00fclts\u00e9g\u00e9t, a szerves k\u00e9miai szint\u00e9zisek alapjainak \u00e1ttekint\u00e9se m\u00e1r a m\u00e1sod\u00e9ves hallgat\u00f3ink tanulm\u00e1nyait, valamint a kardiovaszkul\u00e1ris \u00e9lettan \u00e9s neurofiziol\u00f3gia t\u00e9mak\u00f6re a harmad\u00e9ves hallgat\u00f3ink tud\u00e1s\u00e1t er\u0151s\u00edtette \u00e9s fejlesztette \u00e9vr\u0151l \u00e9vre sikeresen. Az \u00f3r\u00e1k tematik\u00e1ja \u00e9s a p\u00e1ly\u00e1zat keretei k\u00f6z\u00f6tt kidolgozott tananyag a tan\u00e9v szerinti f\u00e9l\u00e9ves rendet k\u00f6vett\u00e9k, azaz a 2018\/2019-es, a 2019\/2020-as \u00e9s a 2020\/2021-es tan\u00e9vekben is a projektbe bevont, fiatal demonstr\u00e1torok oktatt\u00e1k a kiscsorpotos \u00f3r\u00e1kon r\u00e9sztvev\u0151ket.<\/p>\n<p>&nbsp;<\/p>\n<p><strong>Angol szaknyelvi felk\u00e9sz\u00edt\u0151 tanfolyam a Gy\u00f3gyszer\u00e9sz Karon<\/strong><\/p>\n<p style=\"text-align: justify\">Az EFOP-3.4.3-16-2016-00007 projekt keret\u00e9n bel\u00fcl elind\u00edtott angol szaknyelvi \u00f3r\u00e1k a Semmelweis Egyetem Szaknyelvi Int\u00e9zet\u00e9nek munkat\u00e1rsaival egy\u00fcttm\u0171k\u00f6d\u00e9sben val\u00f3sultak meg a 2019\/2020. tan\u00e9v els\u0151 f\u00e9l\u00e9v\u00e9ben \u00e9s a 2020\/2021. tan\u00e9v els\u0151 f\u00e9l\u00e9v\u00e9ben. A szakmai ismeretekkel b\u0151v\u00edtett angol k\u00e9pz\u00e9sen gy\u00f3gyszer\u00e9szeti szakter\u00fcleteknek megfelel\u0151 sz\u00f3kincset alkalmazva, egy-egy f\u00e9l\u00e9ves kurzus keret\u00e9ben fejleszthett\u00e9k nyelvtud\u00e1sukat els\u0151sorban m\u00e1r fels\u0151bb \u00e9ves, f\u0151k\u00e9nt negyed\u00e9ves \u00e9s \u00f6t\u00f6d\u00e9ves gy\u00f3gyszer\u00e9szhallgat\u00f3ink. A k\u00e9pz\u00e9s hozz\u00e1j\u00e1rulhat a diploma megszerz\u00e9s\u00e9hez, hiszen ennek felt\u00e9tele lehet az angol nyelvizsga, illetve az angol szaknyelvi z\u00e1r\u00f3vizsga. A megszerzett tud\u00e1st m\u00e1r a p\u00e1lyakezd\u0151 gy\u00f3gyszer\u00e9szek is egyre nagyobb ar\u00e1nyban hasznos\u00edthatj\u00e1k a gyakorlatban, pl. a gy\u00f3gyszerek konzultat\u00edv expedi\u00e1l\u00e1sa sor\u00e1n a betegekkel folytatott hat\u00e9kony kommunik\u00e1ci\u00f3 \u00e9rdek\u00e9ben.<\/p>\n<p>&nbsp;<\/p>\n<p><strong>Szakmai gyakorlati program meg\u00faj\u00edt\u00e1sa a Gy\u00f3gyszer\u00e9sz Karon<\/strong><\/p>\n<p style=\"text-align: justify\">A &#8222;Szakmai gyakorlati program meg\u00faj\u00edt\u00e1sa&#8221; elnevez\u00e9s\u0171 programelem az EFOP-3.4.3-16-2016-00007 projekt keret\u00e9n bel\u00fcl az Egyetemi Gy\u00f3gyszert\u00e1r Gy\u00f3gyszer\u00fcgyi Szervez\u00e9si Int\u00e9zet munkat\u00e1rsainak bevon\u00e1s\u00e1val val\u00f3sult meg a Semmelweis Egyetemen, egy\u00fcttm\u0171k\u00f6d\u00e9sben a Magyar Gy\u00f3gyszer\u00e9szi Kamara vezet\u0151ivel \u00e9s munkat\u00e1rsaival. A szakmai gyakorlati program meg\u00faj\u00edt\u00e1s\u00e1ban \u00f6t\u00f6d\u00e9ves, z\u00e1r\u00f3vizsga el\u0151tti szakmai gyakorlatukat teljes\u00edt\u0151 gy\u00f3gyszer\u00e9szhallgat\u00f3ink vettek r\u00e9szt. A program megval\u00f3s\u00edt\u00e1sa m\u00e1r a p\u00e1ly\u00e1zat elej\u00e9n elindult, minden tan\u00e9v tavaszi f\u00e9l\u00e9v\u00e9ben val\u00f3s\u00edthattuk meg fejleszt\u00e9seinket, ami azt jelenti, hogy \u00f6sszesen n\u00e9gy k\u00e9pz\u00e9si ciklus \u00e1llt rendelkez\u00e9s\u00fcnkre. Egy k\u00e9pz\u00e9si programsorozat sor\u00e1n hallgat\u00f3ink havi rendszeress\u00e9ggel, \u00f6sszesen n\u00e9gy alkalomal vettek r\u00e9szt egy-egy \u00fan. Szemin\u00e1riumi Napon a kurrikulum 10. szemeszter\u00e9ben. Mindezek mellett egy, a projekt keret\u00e9ben kifejlesztett e-learning rendszer seg\u00edts\u00e9g\u00e9vel oldottak meg gyakorlati feladatlapokat a gyakorlati k\u00e9pz\u0151helyekk\u00e9nt m\u0171k\u00f6d\u0151 gy\u00f3gyszert\u00e1rakban szint\u00e9n havi rendszeress\u00e9ggel. Az e-learning rendszer fejleszt\u00e9s\u00e9nek k\u00f6sz\u00f6nhet\u0151en k\u00f6nnyebb volt a gy\u00f3gyszert\u00e1rakban dolgoz\u00f3 hallgat\u00f3kkal megtartani az egyetemi kapcsolatot is. A hallgat\u00f3k ezen k\u00e9pz\u00e9seknek k\u00f6sz\u00f6nhet\u0151en a gyakorlatias szakmai ismeretek elsaj\u00e1t\u00edt\u00e1sa \u00e9s a k\u00e9szs\u00e9geik fejleszt\u00e9se mellett (esettanulm\u00e1nyokon alapul\u00f3 oktat\u00e1s-m\u00f3dszertan) a gy\u00f3gyszert\u00e1rak gazd\u00e1lkod\u00e1si alapvet\u00e9seivel is megismerkedhettek. A programelem hozz\u00e1j\u00e1rulhat, hogy val\u00f3ban kompetens \u00e9s sikeres p\u00e1lyakezd\u0151 gy\u00f3gyszer\u00e9szek nagyobb ar\u00e1nyban helyezkedjenek el els\u0151sorban a k\u00f6zvetlen lakoss\u00e1gi gy\u00f3gyszerell\u00e1t\u00e1s ter\u00fclet\u00e9n, ahol \u00e1ltal\u00e1nos munkaer\u0151hi\u00e1ny tapasztalhat\u00f3 napjainkban. A z\u00e1r\u00f3vizsga el\u0151tti szakmai gyakorlati program meg\u00faj\u00edt\u00e1s\u00e1nak elengedhetetlen r\u00e9sz\u00e9t k\u00e9pezte a gyakorl\u00f3 gy\u00f3gyszert\u00e1rakban oktat\u00f3 gy\u00f3gyszer\u00e9szek egyetemi tov\u00e1bbk\u00e9pz\u00e9se a p\u00e1ly\u00e1zat keretein bel\u00fcl. Az \u00fan. &#8222;K\u00e9pz\u0151k k\u00e9pz\u00e9se&#8221; programot h\u00e1romszor val\u00f3s\u00edtottuk meg, kezdetben szem\u00e9lyesen tal\u00e1kozhattak egyetmi oktat\u00f3ink \u00e9s a program ir\u00e1nt \u00e9rdekl\u0151d\u0151 oktat\u00f3 gy\u00f3gyszer\u00e9sz koll\u00e9g\u00e1k egym\u00e1ssal, majd a k\u00e9s\u0151bbiekben &#8211; a j\u00e1rv\u00e1ny\u00fcgyi helyzethez alkalmazkodva &#8211; az online t\u00e9rben is sikeresen val\u00f3sult meg a tal\u00e1lkoz\u00e1s.<\/p>\n","protected":false},"excerpt":{"rendered":"<p><a href=\"https:\/\/semmelweis.hu\/gazdalkodas-kfi\/files\/2020\/10\/infoblokk_kedv_final_felso_cmyk_ESZA.jpg\"><\/a> &nbsp; &nbsp; &nbsp; &nbsp; &nbsp; &nbsp; Kiscsoportos szakmai felk\u00e9sz\u00edt\u0151 \u00f3r\u00e1k a Gy\u00f3gyszer\u00e9sz Karon &#8222;Alapoz\u00f3 k\u00e9miai \u00e9s term\u00e9szettudom\u00e1nyos sz\u00e1m\u00edt\u00e1sok&#8221;, &#8222;Szerves k\u00e9miai szint\u00e9zisek alapjai&#8221;,\u00a0 &#8222;Kardiovaszkul\u00e1ris \u00e9lettan \u00e9s neurofiziol\u00f3gia&#8221; &#8211; olyan alapoz\u00f3 \u00e9s term\u00e9szettudom\u00e1nyos tant\u00e1rgyak legf\u0151bb t\u00e9mak\u00f6rei, amelyek sok fejt\u00f6r\u00e9st okozhatnak a gy\u00f3gyszer\u00e9szhallgat\u00f3knak egyetemi \u00e9veik alatt, \u00e9s a neh\u00e9zs\u00e9g\u00fck ok\u00e1n a kor\u00e1bbi tan\u00e9vekben nagy lemorzsol\u00f3d\u00e1si ar\u00e1ny volt tapasztlahat\u00f3 &hellip;<\/p>\n","protected":false},"author":102156,"featured_media":0,"parent":6285,"menu_order":3,"comment_status":"closed","ping_status":"closed","template":"","meta":{"_acf_changed":false,"footnotes":""},"categories":[],"tags":[],"class_list":["post-8405","page","type-page","status-publish","hentry"],"acf":[],"_links":{"self":[{"href":"https:\/\/semmelweis.hu\/gazdalkodas-kfi\/wp-json\/wp\/v2\/pages\/8405","targetHints":{"allow":["GET"]}}],"collection":[{"href":"https:\/\/semmelweis.hu\/gazdalkodas-kfi\/wp-json\/wp\/v2\/pages"}],"about":[{"href":"https:\/\/semmelweis.hu\/gazdalkodas-kfi\/wp-json\/wp\/v2\/types\/page"}],"author":[{"embeddable":true,"href":"https:\/\/semmelweis.hu\/gazdalkodas-kfi\/wp-json\/wp\/v2\/users\/102156"}],"replies":[{"embeddable":true,"href":"https:\/\/semmelweis.hu\/gazdalkodas-kfi\/wp-json\/wp\/v2\/comments?post=8405"}],"version-history":[{"count":3,"href":"https:\/\/semmelweis.hu\/gazdalkodas-kfi\/wp-json\/wp\/v2\/pages\/8405\/revisions"}],"predecessor-version":[{"id":10632,"href":"https:\/\/semmelweis.hu\/gazdalkodas-kfi\/wp-json\/wp\/v2\/pages\/8405\/revisions\/10632"}],"up":[{"embeddable":true,"href":"https:\/\/semmelweis.hu\/gazdalkodas-kfi\/wp-json\/wp\/v2\/pages\/6285"}],"wp:attachment":[{"href":"https:\/\/semmelweis.hu\/gazdalkodas-kfi\/wp-json\/wp\/v2\/media?parent=8405"}],"wp:term":[{"taxonomy":"category","embeddable":true,"href":"https:\/\/semmelweis.hu\/gazdalkodas-kfi\/wp-json\/wp\/v2\/categories?post=8405"},{"taxonomy":"post_tag","embeddable":true,"href":"https:\/\/semmelweis.hu\/gazdalkodas-kfi\/wp-json\/wp\/v2\/tags?post=8405"}],"curies":[{"name":"wp","href":"https:\/\/api.w.org\/{rel}","templated":true}]}}