{"id":8403,"date":"2021-05-25T10:13:10","date_gmt":"2021-05-25T08:13:10","guid":{"rendered":"https:\/\/semmelweis.hu\/innovacio\/?page_id=8403"},"modified":"2025-02-04T10:17:35","modified_gmt":"2025-02-04T09:17:35","slug":"semmelweis-egyetem-egeszsegtudomanyi-kar","status":"publish","type":"page","link":"https:\/\/semmelweis.hu\/gazdalkodas-kfi\/projektek\/oei-projektek\/operativ-programok-hazai-es-eus-projektek\/efop-3-4-3-16-2016-00007\/semmelweis-egyetem-egeszsegtudomanyi-kar\/","title":{"rendered":"Semmelweis Egyetem Eg\u00e9szs\u00e9gtudom\u00e1nyi Kar"},"content":{"rendered":"<p><strong><a href=\"https:\/\/semmelweis.hu\/gazdalkodas-kfi\/files\/2020\/10\/infoblokk_kedv_final_felso_cmyk_ESZA.jpg\"><img loading=\"lazy\" decoding=\"async\" class=\"alignright wp-image-7476 size-medium\" src=\"https:\/\/semmelweis.hu\/gazdalkodas-kfi\/files\/2020\/10\/infoblokk_kedv_final_felso_cmyk_ESZA-400x276.jpg\" alt=\"\" width=\"400\" height=\"276\" srcset=\"https:\/\/semmelweis.hu\/gazdalkodas-kfi\/files\/2020\/10\/infoblokk_kedv_final_felso_cmyk_ESZA-400x276.jpg 400w, https:\/\/semmelweis.hu\/gazdalkodas-kfi\/files\/2020\/10\/infoblokk_kedv_final_felso_cmyk_ESZA-1024x708.jpg 1024w, https:\/\/semmelweis.hu\/gazdalkodas-kfi\/files\/2020\/10\/infoblokk_kedv_final_felso_cmyk_ESZA-768x531.jpg 768w, https:\/\/semmelweis.hu\/gazdalkodas-kfi\/files\/2020\/10\/infoblokk_kedv_final_felso_cmyk_ESZA-175x120.jpg 175w, https:\/\/semmelweis.hu\/gazdalkodas-kfi\/files\/2020\/10\/infoblokk_kedv_final_felso_cmyk_ESZA-753x520.jpg 753w, https:\/\/semmelweis.hu\/gazdalkodas-kfi\/files\/2020\/10\/infoblokk_kedv_final_felso_cmyk_ESZA.jpg 1453w\" sizes=\"auto, (max-width: 400px) 100vw, 400px\" \/><\/a><\/strong><\/p>\n<p>&nbsp;<\/p>\n<p>&nbsp;<\/p>\n<p>&nbsp;<\/p>\n<p>&nbsp;<\/p>\n<p>&nbsp;<\/p>\n<p>&nbsp;<\/p>\n<p><strong>Mentor program Eg\u00e9szs\u00e9gtudom\u00e1nyi Karon<\/strong><\/p>\n<p style=\"text-align: justify\">Az EFOP-3.4.3-16-2016-00007 projekt keret\u00e9n bel\u00fcl az Eg\u00e9szs\u00e9gtudom\u00e1nyi Karon m\u0171k\u00f6d\u0151 Eg\u00e9szs\u00e9gtudom\u00e1nyi Programkoordin\u00e1ci\u00f3s \u00e9s Fejleszt\u00e9si Iroda szervez\u00e9s\u00e9ben sz\u00e1mos hallgat\u00f3i bennmarad\u00e1st seg\u00edt\u0151 tanul\u00f3szoba m\u0171helyprogramot val\u00f3sult meg. A tanul\u00f3szob\u00e1k f\u0151k\u00e9pp olyan tant\u00e1rgyak t\u00e9m\u00e1iban szervez\u0151dtek, melyek eset\u00e9ben az ut\u00f3bbi \u00e9vekben gyakori a lemorzsol\u00f3d\u00e1s, f\u00e9l\u00e9vcs\u00fasz\u00e1s volt tapasztalhat\u00f3. C\u00e9lunk az volt, hogy a tanul\u00f3szob\u00e1ra kiv\u00e1lasztott tant\u00e1rgyak eset\u00e9ben az egyetemi hallgat\u00f3k sz\u00e1m\u00e1ra olyan plusz platformot hozzunk l\u00e9tre, melyben meg tud val\u00f3sulni a kort\u00e1rsoktat\u00e1s: a tananyag neh\u00e9zs\u00e9gi szempontb\u00f3l kiemelt r\u00e9szeinek \u00e1tism\u00e9tl\u00e9se kort\u00e1rs oktat\u00f3 seg\u00edts\u00e9g\u00e9vel.<\/p>\n<p style=\"text-align: justify\">A tanul\u00f3szob\u00e1k az al\u00e1bbi tant\u00e1rgyakb\u00f3l j\u00f6ttek l\u00e9tre: \u00e9lettan-k\u00f3r\u00e9lettan, alkalmazott biol\u00f3gia, anat\u00f3mia, melyeken az \u00f6sszes alkalommal nagy hallgat\u00f3i \u00e9rdekl\u0151d\u00e9s volt tapasztalhat\u00f3. Ezek mellett t\u00f6bb hallgat\u00f3i tr\u00e9ning is lezajlott, melyek gyakorlati szempontb\u00f3l is j\u00f3l kieg\u00e9sz\u00edtett\u00e9k a tanul\u00f3szob\u00e1s esem\u00e9nyeket. Ilyen volt a pszichol\u00f3gus \u00e1ltal vezetett vizsgafelk\u00e9sz\u00edt\u0151 tr\u00e9ning, illetve a motiv\u00e1ci\u00f3s tr\u00e9ning.<\/p>\n","protected":false},"excerpt":{"rendered":"<p><a href=\"https:\/\/semmelweis.hu\/gazdalkodas-kfi\/files\/2020\/10\/infoblokk_kedv_final_felso_cmyk_ESZA.jpg\"><\/a> &nbsp; &nbsp; &nbsp; &nbsp; &nbsp; &nbsp; Mentor program Eg\u00e9szs\u00e9gtudom\u00e1nyi Karon Az EFOP-3.4.3-16-2016-00007 projekt keret\u00e9n bel\u00fcl az Eg\u00e9szs\u00e9gtudom\u00e1nyi Karon m\u0171k\u00f6d\u0151 Eg\u00e9szs\u00e9gtudom\u00e1nyi Programkoordin\u00e1ci\u00f3s \u00e9s Fejleszt\u00e9si Iroda szervez\u00e9s\u00e9ben sz\u00e1mos hallgat\u00f3i bennmarad\u00e1st seg\u00edt\u0151 tanul\u00f3szoba m\u0171helyprogramot val\u00f3sult meg. A tanul\u00f3szob\u00e1k f\u0151k\u00e9pp olyan tant\u00e1rgyak t\u00e9m\u00e1iban szervez\u0151dtek, melyek eset\u00e9ben az ut\u00f3bbi \u00e9vekben gyakori a lemorzsol\u00f3d\u00e1s, f\u00e9l\u00e9vcs\u00fasz\u00e1s volt tapasztalhat\u00f3. C\u00e9lunk az volt, hogy &hellip;<\/p>\n","protected":false},"author":102156,"featured_media":0,"parent":6285,"menu_order":2,"comment_status":"closed","ping_status":"closed","template":"","meta":{"_acf_changed":false,"footnotes":""},"categories":[],"tags":[],"class_list":["post-8403","page","type-page","status-publish","hentry"],"acf":[],"_links":{"self":[{"href":"https:\/\/semmelweis.hu\/gazdalkodas-kfi\/wp-json\/wp\/v2\/pages\/8403","targetHints":{"allow":["GET"]}}],"collection":[{"href":"https:\/\/semmelweis.hu\/gazdalkodas-kfi\/wp-json\/wp\/v2\/pages"}],"about":[{"href":"https:\/\/semmelweis.hu\/gazdalkodas-kfi\/wp-json\/wp\/v2\/types\/page"}],"author":[{"embeddable":true,"href":"https:\/\/semmelweis.hu\/gazdalkodas-kfi\/wp-json\/wp\/v2\/users\/102156"}],"replies":[{"embeddable":true,"href":"https:\/\/semmelweis.hu\/gazdalkodas-kfi\/wp-json\/wp\/v2\/comments?post=8403"}],"version-history":[{"count":3,"href":"https:\/\/semmelweis.hu\/gazdalkodas-kfi\/wp-json\/wp\/v2\/pages\/8403\/revisions"}],"predecessor-version":[{"id":10634,"href":"https:\/\/semmelweis.hu\/gazdalkodas-kfi\/wp-json\/wp\/v2\/pages\/8403\/revisions\/10634"}],"up":[{"embeddable":true,"href":"https:\/\/semmelweis.hu\/gazdalkodas-kfi\/wp-json\/wp\/v2\/pages\/6285"}],"wp:attachment":[{"href":"https:\/\/semmelweis.hu\/gazdalkodas-kfi\/wp-json\/wp\/v2\/media?parent=8403"}],"wp:term":[{"taxonomy":"category","embeddable":true,"href":"https:\/\/semmelweis.hu\/gazdalkodas-kfi\/wp-json\/wp\/v2\/categories?post=8403"},{"taxonomy":"post_tag","embeddable":true,"href":"https:\/\/semmelweis.hu\/gazdalkodas-kfi\/wp-json\/wp\/v2\/tags?post=8403"}],"curies":[{"name":"wp","href":"https:\/\/api.w.org\/{rel}","templated":true}]}}