{"id":7,"date":"2023-02-28T15:59:15","date_gmt":"2023-02-28T14:59:15","guid":{"rendered":"https:\/\/semmelweis.hu\/galdalkodas-kfi\/?page_id=7"},"modified":"2024-11-18T15:52:15","modified_gmt":"2024-11-18T14:52:15","slug":"elerhetosegek","status":"publish","type":"page","link":"https:\/\/semmelweis.hu\/gazdalkodas-kfi\/elerhetosegek\/","title":{"rendered":"El\u00e9rhet\u0151s\u00e9gek"},"content":{"rendered":"<p>Igazgat\u00f3: Sereg Beatrix<br \/>\nIroda: 1085 Budapest, Baross u. 22. IV. em.<br \/>\nLevelez\u00e9si c\u00edm: 1085 Budapest, \u00dcll\u0151i \u00fat 26.<br \/>\ne-mail:\u00a0<a href=\"mailto:titkarsag.pkhi@semmelweis.hu\" target=\"_blank\" rel=\"noopener\">titkarsag.pkhi@semmelweis.hu<\/a><\/p>\n\n<!-- iframe plugin v.4.9 wordpress.org\/plugins\/iframe\/ -->\n<iframe loading=\"lazy\" src=\"https:\/\/www.google.com\/maps\/embed?pb=!1m18!1m12!1m3!1d2696.036059216942!2d19.063088176744678!3d47.489210896075946!2m3!1f0!2f0!3f0!3m2!1i1024!2i768!4f13.1!3m3!1m2!1s0x4741dc5bcdbb29a1%3A0x7e81043f1455ddb2!2sBudapest%2C%20Baross%20u%2022%2C%201085!5e0!3m2!1shu!2shu!4v1684142182848!5m2!1shu!2shu\" width=\"100%\" height=\"450\" scrolling=\"yes\" class=\"iframe-class\" frameborder=\"0\"><\/iframe>\n\n","protected":false},"excerpt":{"rendered":"<p>Igazgat\u00f3: Sereg Beatrix<br \/>\nIroda: 1085 Budapest, Baross u. 22. IV. em.<br \/>\nLevelez\u00e9si c\u00edm: 1085 Budapest, \u00dcll\u0151i \u00fat 26.<br \/>\ne-mail:\u00a0<a href=\"mailto:titkarsag.pkhi@semmelweis.hu\" target=\"_blank\" rel=\"noopener\">titkarsag.pkhi@semmelweis.hu<\/a><\/p>\n","protected":false},"author":12,"featured_media":0,"parent":0,"menu_order":10,"comment_status":"closed","ping_status":"closed","template":"","meta":{"_acf_changed":false,"footnotes":""},"categories":[],"tags":[],"class_list":["post-7","page","type-page","status-publish","hentry"],"acf":[],"_links":{"self":[{"href":"https:\/\/semmelweis.hu\/gazdalkodas-kfi\/wp-json\/wp\/v2\/pages\/7","targetHints":{"allow":["GET"]}}],"collection":[{"href":"https:\/\/semmelweis.hu\/gazdalkodas-kfi\/wp-json\/wp\/v2\/pages"}],"about":[{"href":"https:\/\/semmelweis.hu\/gazdalkodas-kfi\/wp-json\/wp\/v2\/types\/page"}],"author":[{"embeddable":true,"href":"https:\/\/semmelweis.hu\/gazdalkodas-kfi\/wp-json\/wp\/v2\/users\/12"}],"replies":[{"embeddable":true,"href":"https:\/\/semmelweis.hu\/gazdalkodas-kfi\/wp-json\/wp\/v2\/comments?post=7"}],"version-history":[{"count":10,"href":"https:\/\/semmelweis.hu\/gazdalkodas-kfi\/wp-json\/wp\/v2\/pages\/7\/revisions"}],"predecessor-version":[{"id":11013,"href":"https:\/\/semmelweis.hu\/gazdalkodas-kfi\/wp-json\/wp\/v2\/pages\/7\/revisions\/11013"}],"wp:attachment":[{"href":"https:\/\/semmelweis.hu\/gazdalkodas-kfi\/wp-json\/wp\/v2\/media?parent=7"}],"wp:term":[{"taxonomy":"category","embeddable":true,"href":"https:\/\/semmelweis.hu\/gazdalkodas-kfi\/wp-json\/wp\/v2\/categories?post=7"},{"taxonomy":"post_tag","embeddable":true,"href":"https:\/\/semmelweis.hu\/gazdalkodas-kfi\/wp-json\/wp\/v2\/tags?post=7"}],"curies":[{"name":"wp","href":"https:\/\/api.w.org\/{rel}","templated":true}]}}