{"id":6852,"date":"2019-01-25T11:04:50","date_gmt":"2019-01-25T10:04:50","guid":{"rendered":"http:\/\/semmelweis.hu\/innovacios-igazgatosag\/?page_id=6852"},"modified":"2025-02-04T10:17:18","modified_gmt":"2025-02-04T09:17:18","slug":"ktia_nap_13-2-2017-0001","status":"publish","type":"page","link":"https:\/\/semmelweis.hu\/gazdalkodas-kfi\/projektek\/oei-projektek\/operativ-programok-hazai-es-eus-projektek\/ktia_nap_13-2-2017-0001\/","title":{"rendered":"KTIA_NAP_13-2-2017-0001 | Multifunkci\u00f3s automatiz\u00e1lt modul\u00e1ris kognit\u00edv tesztappar\u00e1tus beszerz\u00e9se"},"content":{"rendered":"<h4><strong><a href=\"https:\/\/semmelweis.hu\/gazdalkodas-kfi\/files\/2019\/01\/IMG_20181128_121744.jpg\"><img loading=\"lazy\" decoding=\"async\" class=\"wp-image-6861 size-medium alignright\" src=\"https:\/\/semmelweis.hu\/gazdalkodas-kfi\/files\/2019\/01\/IMG_20181128_121744-300x400.jpg\" alt=\"\" width=\"300\" height=\"400\" srcset=\"https:\/\/semmelweis.hu\/gazdalkodas-kfi\/files\/2019\/01\/IMG_20181128_121744-300x400.jpg 300w, https:\/\/semmelweis.hu\/gazdalkodas-kfi\/files\/2019\/01\/IMG_20181128_121744-768x1024.jpg 768w, https:\/\/semmelweis.hu\/gazdalkodas-kfi\/files\/2019\/01\/IMG_20181128_121744-1152x1536.jpg 1152w, https:\/\/semmelweis.hu\/gazdalkodas-kfi\/files\/2019\/01\/IMG_20181128_121744-1536x2048.jpg 1536w, https:\/\/semmelweis.hu\/gazdalkodas-kfi\/files\/2019\/01\/IMG_20181128_121744-753x1004.jpg 753w, https:\/\/semmelweis.hu\/gazdalkodas-kfi\/files\/2019\/01\/IMG_20181128_121744-scaled.jpg 1920w\" sizes=\"auto, (max-width: 300px) 100vw, 300px\" \/><\/a>Multifunkci\u00f3s automatiz\u00e1lt modul\u00e1ris kognit\u00edv tesztappar\u00e1tus beszerz\u00e9se\u00a0<\/strong><\/h4>\n<ul style=\"list-style-type: square;\">\n<li style=\"text-align: justify;\"><strong>T\u00e1mogat\u00f3:<\/strong>\u00a0\u00a0Nemzeti Kutat\u00e1si, Fejleszt\u00e9si \u00e9s Innov\u00e1ci\u00f3s Alap\u00a0<\/li>\n<li style=\"text-align: justify;\"><strong>Keret program:<\/strong>\u00a0KTIA_NAP_13\u00a0<\/li>\n<li style=\"text-align: justify;\"><strong>K\u00f3dsz\u00e1ma:<\/strong>\u00a0<strong>KTIA_NAP_13-2-2017-0001 sz\u00e1m\u00fa\u00a0<\/strong><\/li>\n<li style=\"text-align: justify;\"><strong>Id\u0151szak: 2017.03.01-2018.11.30.<\/strong><\/li>\n<li style=\"text-align: justify;\"><strong>Elnyert \u00f6sszeg:<\/strong>\u00a0 33\u00a0820 341 Ft<\/li>\n<\/ul>\n<p style=\"text-align: justify;\">K\u00f6zbeszerz\u00e9ssel beszerzett multifunkcion\u00e1lis modul\u00e1ris kognit\u00edv tesztk\u00e9sz\u00fcl\u00e9k.<\/p>\n<p style=\"text-align: justify;\"><strong>A projekt t\u00e1rgya egy olyan nagy \u00e9rt\u00e9k\u0171 m\u0171szer beszerz\u00e9se volt, mely komplex tanul\u00e1si feladatok elsaj\u00e1t\u00edt\u00e1s\u00e1t illetve v\u00e9grehajt\u00e1s\u00e1t m\u00e9ri laborat\u00f3riumi r\u00e1gcs\u00e1l\u00f3k saj\u00e1t tart\u00f3ketrec\u00e9ben. <\/strong><\/p>\n<p style=\"text-align: justify;\">A berendez\u00e9s a NAP B kutat\u00f3csoport p\u00e1ly\u00e1zati c\u00e9lkit\u0171z\u00e9st szolg\u00e1lja egy olyan r\u00e1gcs\u00e1l\u00f3 kognit\u00edv tesztrendszerben, amely az eddigiekn\u00e9l jobban j\u00f3solja meg a potenci\u00e1lis kognit\u00edv jav\u00edt\u00f3 szerek klinikai hat\u00e9konys\u00e1g\u00e1t.<\/p>\n<p style=\"text-align: justify;\"><a href=\"https:\/\/semmelweis.hu\/gazdalkodas-kfi\/files\/2019\/01\/IMG_20181128_121829.jpg\"><img loading=\"lazy\" decoding=\"async\" class=\"wp-image-6862 size-medium alignright\" src=\"https:\/\/semmelweis.hu\/gazdalkodas-kfi\/files\/2019\/01\/IMG_20181128_121829-300x400.jpg\" alt=\"\" width=\"300\" height=\"400\" srcset=\"https:\/\/semmelweis.hu\/gazdalkodas-kfi\/files\/2019\/01\/IMG_20181128_121829-300x400.jpg 300w, https:\/\/semmelweis.hu\/gazdalkodas-kfi\/files\/2019\/01\/IMG_20181128_121829-768x1024.jpg 768w, https:\/\/semmelweis.hu\/gazdalkodas-kfi\/files\/2019\/01\/IMG_20181128_121829-1152x1536.jpg 1152w, https:\/\/semmelweis.hu\/gazdalkodas-kfi\/files\/2019\/01\/IMG_20181128_121829-1536x2048.jpg 1536w, https:\/\/semmelweis.hu\/gazdalkodas-kfi\/files\/2019\/01\/IMG_20181128_121829-753x1004.jpg 753w, https:\/\/semmelweis.hu\/gazdalkodas-kfi\/files\/2019\/01\/IMG_20181128_121829-scaled.jpg 1920w\" sizes=\"auto, (max-width: 300px) 100vw, 300px\" \/><\/a>Az \u00e1llatok viselked\u00e9s\u00e9nek a lak\u00f3k\u00f6rnyezetben t\u00f6rt\u00e9n\u0151 sokoldal\u00fa vizsg\u00e1lata hamarosan a hagyom\u00e1nyos m\u00e9r\u00e9sek mellett alapvet\u0151 ig\u00e9nny\u00e9 fog v\u00e1lni. Egy tart\u00f3dobozos rendszer el\u0151ny\u00f6sebb a hagyom\u00e1nyos tesztel\u00e9si m\u00f3dszerekkel szemben, mivel az \u00f6sszetett kognit\u00edv feladatok betanul\u00e1si ideje jelent\u0151sen ler\u00f6vid\u00edthet\u0151, az \u00e1llatok ismer\u0151s k\u00f6rnyezetben oldj\u00e1k meg a feladatot, ami kevesebb stresszt jelent sz\u00e1mukra, tov\u00e1bb\u00e1 folyamatos megfigyel\u00e9s\u00fck v\u00e1lik lehet\u0151v\u00e9 ak\u00e1r t\u00f6bb h\u00e9ten kereszt\u00fcl is.<\/p>\n<p style=\"text-align: justify;\">Lehet\u0151v\u00e9 teszi \u00fajfajta, j\u00f3 transzl\u00e1ci\u00f3s \u00e9rt\u00e9kkel \u00e9s megfelel\u0151 \u00e1tereszt\u0151k\u00e9pess\u00e9ggel b\u00edr\u00f3 kognit\u00edv modellek kidolgoz\u00e1s\u00e1t, tov\u00e1bb\u00e1 egy\u00fcttm\u0171k\u00f6d\u00e9si lehet\u0151s\u00e9get teremt m\u00e1s agykutat\u00f3 csoportokkal, amelyek f\u0151 vagy r\u00e9sz c\u00e9lkit\u0171z\u00e9se a kognit\u00edv funkci\u00f3k vizsg\u00e1lata.<\/p>\n<p style=\"text-align: justify;\">A kutat\u00e1si versenyk\u00e9pess\u00e9g fenntart\u00e1s\u00e1hoz \u00e9s fokoz\u00e1s\u00e1hoz hozz\u00e1j\u00e1rul a k\u00e9sz\u00fcl\u00e9k beszerz\u00e9se, mivel a tart\u00f3dobozban t\u00f6rt\u00e9n\u0151 kognit\u00edv viselked\u00e9svizsg\u00e1latok boom-ja el\u0151tt \u00e1llunk, \u00edgy az ilyen m\u00f3dszer alkalmaz\u00e1s\u00e1val szerzett eredm\u00e9nyek jobb lapokba k\u00f6z\u00f6lhet\u0151ek le, valamint n\u00e9pszer\u0171s\u00e9g\u00fck miatt a p\u00e1ly\u00e1zatok elfogad\u00e1si es\u00e9ly\u00e9t is n\u00f6velik.<\/p>\n<p>&nbsp;<\/p>\n<p>&nbsp;<\/p>\n","protected":false},"excerpt":{"rendered":"<p><a href=\"https:\/\/semmelweis.hu\/gazdalkodas-kfi\/files\/2019\/01\/IMG_20181128_121744.jpg\"><\/a> Multifunkci\u00f3s automatiz\u00e1lt modul\u00e1ris kognit\u00edv tesztappar\u00e1tus beszerz\u00e9se\u00a0 T\u00e1mogat\u00f3:\u00a0\u00a0Nemzeti Kutat\u00e1si, Fejleszt\u00e9si \u00e9s Innov\u00e1ci\u00f3s Alap\u00a0 Keret program:\u00a0KTIA_NAP_13\u00a0 K\u00f3dsz\u00e1ma:\u00a0KTIA_NAP_13-2-2017-0001 sz\u00e1m\u00fa\u00a0 Id\u0151szak: 2017.03.01-2018.11.30. Elnyert \u00f6sszeg:\u00a0 33\u00a0820 341 Ft K\u00f6zbeszerz\u00e9ssel beszerzett multifunkcion\u00e1lis modul\u00e1ris kognit\u00edv tesztk\u00e9sz\u00fcl\u00e9k. A projekt t\u00e1rgya egy olyan nagy \u00e9rt\u00e9k\u0171 m\u0171szer beszerz\u00e9se volt, mely komplex tanul\u00e1si feladatok elsaj\u00e1t\u00edt\u00e1s\u00e1t illetve v\u00e9grehajt\u00e1s\u00e1t m\u00e9ri laborat\u00f3riumi r\u00e1gcs\u00e1l\u00f3k saj\u00e1t tart\u00f3ketrec\u00e9ben. A berendez\u00e9s a NAP &hellip;<\/p>\n","protected":false},"author":102156,"featured_media":0,"parent":170,"menu_order":6,"comment_status":"closed","ping_status":"closed","template":"template-fullwidth.php","meta":{"_acf_changed":false,"footnotes":""},"categories":[],"tags":[],"class_list":["post-6852","page","type-page","status-publish","hentry"],"acf":[],"_links":{"self":[{"href":"https:\/\/semmelweis.hu\/gazdalkodas-kfi\/wp-json\/wp\/v2\/pages\/6852","targetHints":{"allow":["GET"]}}],"collection":[{"href":"https:\/\/semmelweis.hu\/gazdalkodas-kfi\/wp-json\/wp\/v2\/pages"}],"about":[{"href":"https:\/\/semmelweis.hu\/gazdalkodas-kfi\/wp-json\/wp\/v2\/types\/page"}],"author":[{"embeddable":true,"href":"https:\/\/semmelweis.hu\/gazdalkodas-kfi\/wp-json\/wp\/v2\/users\/102156"}],"replies":[{"embeddable":true,"href":"https:\/\/semmelweis.hu\/gazdalkodas-kfi\/wp-json\/wp\/v2\/comments?post=6852"}],"version-history":[{"count":9,"href":"https:\/\/semmelweis.hu\/gazdalkodas-kfi\/wp-json\/wp\/v2\/pages\/6852\/revisions"}],"predecessor-version":[{"id":10420,"href":"https:\/\/semmelweis.hu\/gazdalkodas-kfi\/wp-json\/wp\/v2\/pages\/6852\/revisions\/10420"}],"up":[{"embeddable":true,"href":"https:\/\/semmelweis.hu\/gazdalkodas-kfi\/wp-json\/wp\/v2\/pages\/170"}],"wp:attachment":[{"href":"https:\/\/semmelweis.hu\/gazdalkodas-kfi\/wp-json\/wp\/v2\/media?parent=6852"}],"wp:term":[{"taxonomy":"category","embeddable":true,"href":"https:\/\/semmelweis.hu\/gazdalkodas-kfi\/wp-json\/wp\/v2\/categories?post=6852"},{"taxonomy":"post_tag","embeddable":true,"href":"https:\/\/semmelweis.hu\/gazdalkodas-kfi\/wp-json\/wp\/v2\/tags?post=6852"}],"curies":[{"name":"wp","href":"https:\/\/api.w.org\/{rel}","templated":true}]}}