{"id":6682,"date":"2018-07-23T12:43:12","date_gmt":"2018-07-23T10:43:12","guid":{"rendered":"http:\/\/semmelweis.hu\/innovacios-igazgatosag\/?page_id=6682"},"modified":"2025-10-14T09:34:28","modified_gmt":"2025-10-14T07:34:28","slug":"kehop-5-2-11-16-2016-00080","status":"publish","type":"page","link":"https:\/\/semmelweis.hu\/gazdalkodas-kfi\/projektek\/oei-projektek\/operativ-programok-hazai-es-eus-projektek\/kehop-5-2-11-16-2016-00080\/","title":{"rendered":"KEHOP-5.2.11-16-2016-00080 | Napelemes rendszerek ki\u00e9p\u00edt\u00e9s a Semmelweis Egyetemen"},"content":{"rendered":"<h4 style=\"text-align: left\"><strong><a href=\"https:\/\/semmelweis.hu\/gazdalkodas-kfi\/files\/2019\/10\/infoblokk_kedv_final_felso_cmyk_ESZA.jpg\"><img loading=\"lazy\" decoding=\"async\" class=\"size-medium wp-image-10638 alignright\" src=\"https:\/\/semmelweis.hu\/gazdalkodas-kfi\/files\/2024\/02\/infoblokk_kedv_final_felso_cmyk_KA-400x276.jpg\" alt=\"\" width=\"400\" height=\"276\" srcset=\"https:\/\/semmelweis.hu\/gazdalkodas-kfi\/files\/2024\/02\/infoblokk_kedv_final_felso_cmyk_KA-400x276.jpg 400w, https:\/\/semmelweis.hu\/gazdalkodas-kfi\/files\/2024\/02\/infoblokk_kedv_final_felso_cmyk_KA-1024x708.jpg 1024w, https:\/\/semmelweis.hu\/gazdalkodas-kfi\/files\/2024\/02\/infoblokk_kedv_final_felso_cmyk_KA-768x531.jpg 768w, https:\/\/semmelweis.hu\/gazdalkodas-kfi\/files\/2024\/02\/infoblokk_kedv_final_felso_cmyk_KA-175x120.jpg 175w, https:\/\/semmelweis.hu\/gazdalkodas-kfi\/files\/2024\/02\/infoblokk_kedv_final_felso_cmyk_KA-753x520.jpg 753w, https:\/\/semmelweis.hu\/gazdalkodas-kfi\/files\/2024\/02\/infoblokk_kedv_final_felso_cmyk_KA.jpg 1453w\" sizes=\"auto, (max-width: 400px) 100vw, 400px\" \/><\/a><\/strong><\/h4>\n<h4>\u00a0<\/h4>\n<h4>\u00a0<\/h4>\n<h4>\u00a0<\/h4>\n<h4>\u00a0<\/h4>\n<h4>\u00a0<\/h4>\n<h4 style=\"text-align: left\"><strong>Napelemes rendszerek ki\u00e9p\u00edt\u00e9s a Semmelweis Egyetemen<\/strong><\/h4>\n<h5>A p\u00e1ly\u00e1zat f\u0151bb adatai:<\/h5>\n<ul style=\"list-style-type: square\">\n<li>P\u00e1ly\u00e1zat t\u00e1mogat\u00e1si \u00f6sszege: 236 668 245 Ft<\/li>\n<li>P\u00e1ly\u00e1zat megval\u00f3s\u00edt\u00e1s\u00e1nak ideje*: 2017. m\u00e1rcius 1. \u2013 2018. j\u00falius 31.\u00a0<\/li>\n<li>P\u00e1ly\u00e1zat t\u00e1mogat\u00e1si intenzit\u00e1sa: 100%<\/li>\n<li>El\u0151leg m\u00e9rt\u00e9ke: 100%<\/li>\n<\/ul>\n<h5>Megval\u00f3s\u00edt\u00e1si helysz\u00ednek:<\/h5>\n<table style=\"width: 100%\" width=\"867\">\n<tbody>\n<tr>\n<td style=\"width: 42.5%\" width=\"244\">\n<p><strong>Helysz\u00edn<\/strong><\/p>\n<\/td>\n<td style=\"width: 30%\" width=\"156\">\n<p><strong>C\u00edm<\/strong><\/p>\n<\/td>\n<td style=\"width: 27.3438%\" width=\"131\">\n<p><strong>Teljes\u00edtm\u00e9ny\u00a0<\/strong><\/p>\n<\/td>\n<\/tr>\n<tr>\n<td style=\"width: 42.5%\" width=\"244\">\n<p>V\u00e1rosmajori Sz\u00edv- \u00e9s \u00c9rgy\u00f3gy\u00e1szati Klinika<\/p>\n<\/td>\n<td style=\"width: 30%\" width=\"156\">\n<p>1122 Budapest, V\u00e1rosmajor u. 68.<\/p>\n<\/td>\n<td style=\"width: 27.3438%\" width=\"131\">\n<p>50kW (20,30)<\/p>\n<\/td>\n<\/tr>\n<tr>\n<td style=\"width: 42.5%\" width=\"244\">\n<p>Transzplant\u00e1ci\u00f3s \u00e9s Seb\u00e9szeti Klinika<\/p>\n<\/td>\n<td style=\"width: 30%\" width=\"156\">\n<p>1082 Budapest, Baross u. 23-25.<\/p>\n<\/td>\n<td style=\"width: 27.3438%\" width=\"131\">\n<p>22kW (10,12)<\/p>\n<\/td>\n<\/tr>\n<tr>\n<td style=\"width: 42.5%\" width=\"244\">\n<p>II. sz. Sz\u00fcl\u00e9szeti \u00e9s N\u0151gy\u00f3gy\u00e1szati Klinika<\/p>\n<\/td>\n<td style=\"width: 30%\" width=\"156\">\n<p>1082 Budapest, \u00dcll\u0151i \u00fat 78\/A<\/p>\n<\/td>\n<td style=\"width: 27.3438%\" width=\"131\">\n<p>48kW (6, 12, 30)<\/p>\n<\/td>\n<\/tr>\n<tr>\n<td style=\"width: 42.5%\" width=\"244\">\n<p>Szem\u00e9szeti Klinika<\/p>\n<\/td>\n<td style=\"width: 30%\" width=\"156\">\n<p>1085 Budapest, M\u00e1ria u. 39.<\/p>\n<\/td>\n<td style=\"width: 27.3438%\" width=\"131\">\n<p>93kW (6, 12, 3 x 25)<\/p>\n<\/td>\n<\/tr>\n<tr>\n<td style=\"width: 42.5%\" width=\"244\">\n<p>Nagyv\u00e1rad t\u00e9ri Elm\u00e9leti T\u00f6mb<\/p>\n<\/td>\n<td style=\"width: 30%\" width=\"156\">\n<p>1089 Budapest, Nagyv\u00e1rad t\u00e9r 4.<\/p>\n<\/td>\n<td style=\"width: 27.3438%\" width=\"131\">\n<p>190kW (5, 15, 3&#215;20, 2&#215;25, 2&#215;30)<\/p>\n<\/td>\n<\/tr>\n<\/tbody>\n<\/table>\n<blockquote class=\"wp-embedded-content\" data-secret=\"297ooBNDKO\"><p><a href=\"https:\/\/semmelweis.hu\/hirek\/2018\/07\/20\/az-egyetem-ot-epuletere-kerult-energiatermelo-napelem\/\">Az egyetem \u00f6t \u00e9p\u00fclet\u00e9re ker\u00fclt energiatermel\u0151 napelem<\/a><\/p><\/blockquote>\n<p><iframe loading=\"lazy\" class=\"wp-embedded-content\" sandbox=\"allow-scripts\" security=\"restricted\" style=\"position: absolute; visibility: hidden;\" title=\"&#8220;Az egyetem \u00f6t \u00e9p\u00fclet\u00e9re ker\u00fclt energiatermel\u0151 napelem&#8221; &#8212; Semmelweis H\u00edrek\" src=\"https:\/\/semmelweis.hu\/hirek\/2018\/07\/20\/az-egyetem-ot-epuletere-kerult-energiatermelo-napelem\/embed\/#?secret=uSEUmVqj1u#?secret=297ooBNDKO\" data-secret=\"297ooBNDKO\" width=\"600\" height=\"338\" frameborder=\"0\" marginwidth=\"0\" marginheight=\"0\" scrolling=\"no\"><\/iframe><\/p>\n<p>&nbsp;<\/p>\n","protected":false},"excerpt":{"rendered":"<p><a href=\"https:\/\/semmelweis.hu\/gazdalkodas-kfi\/files\/2019\/10\/infoblokk_kedv_final_felso_cmyk_ESZA.jpg\"><\/a> \u00a0 \u00a0 \u00a0 \u00a0 \u00a0 Napelemes rendszerek ki\u00e9p\u00edt\u00e9s a Semmelweis Egyetemen A p\u00e1ly\u00e1zat f\u0151bb adatai: P\u00e1ly\u00e1zat t\u00e1mogat\u00e1si \u00f6sszege: 236 668 245 Ft P\u00e1ly\u00e1zat megval\u00f3s\u00edt\u00e1s\u00e1nak ideje*: 2017. m\u00e1rcius 1. \u2013 2018. j\u00falius 31.\u00a0 P\u00e1ly\u00e1zat t\u00e1mogat\u00e1si intenzit\u00e1sa: 100% El\u0151leg m\u00e9rt\u00e9ke: 100% Megval\u00f3s\u00edt\u00e1si helysz\u00ednek: Helysz\u00edn C\u00edm Teljes\u00edtm\u00e9ny\u00a0 V\u00e1rosmajori Sz\u00edv- \u00e9s \u00c9rgy\u00f3gy\u00e1szati Klinika 1122 Budapest, V\u00e1rosmajor u. 68. 50kW &hellip;<\/p>\n","protected":false},"author":102156,"featured_media":0,"parent":170,"menu_order":4,"comment_status":"closed","ping_status":"closed","template":"template-fullwidth.php","meta":{"_acf_changed":false,"footnotes":""},"categories":[],"tags":[],"class_list":["post-6682","page","type-page","status-publish","hentry"],"acf":[],"_links":{"self":[{"href":"https:\/\/semmelweis.hu\/gazdalkodas-kfi\/wp-json\/wp\/v2\/pages\/6682","targetHints":{"allow":["GET"]}}],"collection":[{"href":"https:\/\/semmelweis.hu\/gazdalkodas-kfi\/wp-json\/wp\/v2\/pages"}],"about":[{"href":"https:\/\/semmelweis.hu\/gazdalkodas-kfi\/wp-json\/wp\/v2\/types\/page"}],"author":[{"embeddable":true,"href":"https:\/\/semmelweis.hu\/gazdalkodas-kfi\/wp-json\/wp\/v2\/users\/102156"}],"replies":[{"embeddable":true,"href":"https:\/\/semmelweis.hu\/gazdalkodas-kfi\/wp-json\/wp\/v2\/comments?post=6682"}],"version-history":[{"count":7,"href":"https:\/\/semmelweis.hu\/gazdalkodas-kfi\/wp-json\/wp\/v2\/pages\/6682\/revisions"}],"predecessor-version":[{"id":11471,"href":"https:\/\/semmelweis.hu\/gazdalkodas-kfi\/wp-json\/wp\/v2\/pages\/6682\/revisions\/11471"}],"up":[{"embeddable":true,"href":"https:\/\/semmelweis.hu\/gazdalkodas-kfi\/wp-json\/wp\/v2\/pages\/170"}],"wp:attachment":[{"href":"https:\/\/semmelweis.hu\/gazdalkodas-kfi\/wp-json\/wp\/v2\/media?parent=6682"}],"wp:term":[{"taxonomy":"category","embeddable":true,"href":"https:\/\/semmelweis.hu\/gazdalkodas-kfi\/wp-json\/wp\/v2\/categories?post=6682"},{"taxonomy":"post_tag","embeddable":true,"href":"https:\/\/semmelweis.hu\/gazdalkodas-kfi\/wp-json\/wp\/v2\/tags?post=6682"}],"curies":[{"name":"wp","href":"https:\/\/api.w.org\/{rel}","templated":true}]}}