{"id":6661,"date":"2018-06-11T10:08:10","date_gmt":"2018-06-11T08:08:10","guid":{"rendered":"http:\/\/semmelweis.hu\/innovacios-igazgatosag\/?page_id=6661"},"modified":"2025-02-04T10:17:06","modified_gmt":"2025-02-04T09:17:06","slug":"efop-3-4-4-16-2017-00026","status":"publish","type":"page","link":"https:\/\/semmelweis.hu\/gazdalkodas-kfi\/projektek\/oei-projektek\/operativ-programok-hazai-es-eus-projektek\/efop-3-4-4-16-2017-00026\/","title":{"rendered":"EFOP-3.4.4-16-2017-00026 | A Semmelweis Egyetem \u00e9s a Kutat\u00f3 Di\u00e1kok\u00e9rt Alap\u00edtv\u00e1ny orsz\u00e1gos orvos- \u00e9s eg\u00e9szs\u00e9gtudom\u00e1nyi tehets\u00e9ggondoz\u00f3 programsorozata"},"content":{"rendered":"<p><a href=\"https:\/\/semmelweis.hu\/gazdalkodas-kfi\/files\/2020\/10\/infoblokk_kedv_final_felso_cmyk_ESZA.jpg\"><img loading=\"lazy\" decoding=\"async\" class=\"alignright wp-image-7476 size-medium\" src=\"https:\/\/semmelweis.hu\/gazdalkodas-kfi\/files\/2020\/10\/infoblokk_kedv_final_felso_cmyk_ESZA-400x276.jpg\" alt=\"\" width=\"400\" height=\"276\" srcset=\"https:\/\/semmelweis.hu\/gazdalkodas-kfi\/files\/2020\/10\/infoblokk_kedv_final_felso_cmyk_ESZA-400x276.jpg 400w, https:\/\/semmelweis.hu\/gazdalkodas-kfi\/files\/2020\/10\/infoblokk_kedv_final_felso_cmyk_ESZA-1024x708.jpg 1024w, https:\/\/semmelweis.hu\/gazdalkodas-kfi\/files\/2020\/10\/infoblokk_kedv_final_felso_cmyk_ESZA-768x531.jpg 768w, https:\/\/semmelweis.hu\/gazdalkodas-kfi\/files\/2020\/10\/infoblokk_kedv_final_felso_cmyk_ESZA-175x120.jpg 175w, https:\/\/semmelweis.hu\/gazdalkodas-kfi\/files\/2020\/10\/infoblokk_kedv_final_felso_cmyk_ESZA-753x520.jpg 753w, https:\/\/semmelweis.hu\/gazdalkodas-kfi\/files\/2020\/10\/infoblokk_kedv_final_felso_cmyk_ESZA.jpg 1453w\" sizes=\"auto, (max-width: 400px) 100vw, 400px\" \/><\/a><\/p>\n<h4>\u00a0<\/h4>\n<h4>\u00a0<\/h4>\n<h4>\u00a0<\/h4>\n<h4>\u00a0<\/h4>\n<h4>\u00a0<\/h4>\n<h4>\u00a0<\/h4>\n<h4 style=\"text-align: center\"><strong>A Semmelweis Egyetem \u00e9s a Kutat\u00f3 Di\u00e1kok\u00e9rt Alap\u00edtv\u00e1ny orsz\u00e1gos orvos- \u00e9s eg\u00e9szs\u00e9gtudom\u00e1nyi tehets\u00e9ggondoz\u00f3 programsorozata<\/strong><\/h4>\n<ul style=\"list-style-type: square\">\n<li>Konzorcium vezet\u0151: Semmelweis Egyetem<\/li>\n<li>Partner:\u00a0Kutat\u00f3 Di\u00e1kok\u00e9rt Alap\u00edtv\u00e1ny<\/li>\n<li>Futamid\u0151: 2017.09.01-2020.08.31.<\/li>\n<li>T\u00e1mogat\u00e1s:102.407.779,- Ft<\/li>\n<li>SE r\u00e9sz: 99.987.779,- Ft<\/li>\n<\/ul>\n<h5>Projekt c\u00e9lja:<\/h5>\n<p>A projekt f\u0151 c\u00e9lja <strong><em>fels\u0151oktat\u00e1si k\u00e9pzetts\u00e9gi szint n\u00f6vel\u00e9se<\/em><\/strong>.<\/p>\n<p style=\"text-align: justify\">A projekt c\u00e9ljai, szorosan illeszkednek a konstrukci\u00f3 c\u00e9ljaihoz, melyek az al\u00e1bbiak:<\/p>\n<ul style=\"text-align: justify\">\n<li>a fels\u0151oktat\u00e1sba val\u00f3 beker\u00fcl\u00e9s fokoz\u00e1sa, ez\u00e1ltal a fels\u0151fok\u00fa k\u00e9pzetts\u00e9gi szint n\u00f6vel\u00e9se<\/li>\n<li>a h\u00e1tr\u00e1nyos f\u00f6ldrajzi, t\u00e1rsadalmi, gazdas\u00e1gi helyzetb\u0151l sz\u00e1rmaz\u00f3 fiatalok k\u00e9pzetts\u00e9gi szintj\u00e9nek jav\u00edt\u00e1sa, \u00e9s a fels\u0151fok\u00fa v\u00e9gzetts\u00e9ghez t\u00f6rt\u00e9n\u0151 jut\u00e1suk el\u0151seg\u00edt\u00e9se, k\u00fcl\u00f6n\u00f6sen a jelenleg \u00e1ltaluk alulreprezent\u00e1lt szakokon<\/li>\n<li>a term\u00e9szettudom\u00e1nyi, eg\u00e9szs\u00e9gtudom\u00e1nyi szakokra val\u00f3 jelentkez\u00e9s fokoz\u00e1sa.<\/li>\n<\/ul>\n<p style=\"text-align: justify\">Mindezek mellett:<\/p>\n<ul style=\"text-align: justify\">\n<li>olyan \u00e9letutak bemutat\u00e1sa, melyek intellektu\u00e1lis kih\u00edv\u00e1st \u00e9s egyben inspir\u00e1ci\u00f3t jelentenek az arra fog\u00e9kony fiatalok sz\u00e1m\u00e1ra,<\/li>\n<li>olyan t\u00e1mogat\u00f3 tev\u00e9kenys\u00e9gek folytat\u00e1sa, amelyek n\u00f6velik a term\u00e9szettudom\u00e1nyos, \u00e9s eg\u00e9szs\u00e9gtudom\u00e1nyi szakok n\u00e9pszer\u0171s\u00e9g\u00e9t<\/li>\n<li>egy\u00fattal speci\u00e1lisan t\u00e1mogatj\u00e1k a valamely szempontb\u00f3l seg\u00edts\u00e9gre szorul\u00f3 fiatalokat is.<\/li>\n<\/ul>\n<p style=\"text-align: justify\"><strong>A Semmelweis Egyetem \u00e9s partnereinek c\u00e9ljai:<\/strong><\/p>\n<p style=\"text-align: justify\">Tehets\u00e9ggondoz\u00f3 programsorozatunk legf\u0151bb c\u00e9lja, a tehets\u00e9ges hallgat\u00f3k k\u00e9pess\u00e9geinek kibontakoztat\u00e1sa, valamint szem\u00e9lyes megismertet\u00e9se hivat\u00e1suk olyan ismert \u00e9s elismert szaktekint\u00e9lyeivel, akik hiteles \u00e9letp\u00e1lya-modellel szolg\u00e1lhatnak sz\u00e1mukra.<\/p>\n<p style=\"text-align: justify\">A laborfoglalkoz\u00e1sok r\u00e9v\u00e9n a tudom\u00e1ny ir\u00e1nt fog\u00e9kony, a k\u00f6zoktat\u00e1sb\u00f3l \u00e9rkez\u0151 tehets\u00e9ges hallgat\u00f3k \u00f6n- \u00e9s p\u00e1lyatudatoss\u00e1g\u00e1nak, valamint motiv\u00e1ci\u00f3j\u00e1nak n\u00f6vel\u00e9s\u00e9vel hagyom\u00e1nyt teremtett\u00fcnk a tudom\u00e1nyos m\u0171helymunk\u00e1ba val\u00f3 korai integr\u00e1ci\u00f3val.<\/p>\n<p style=\"text-align: justify\">A tehets\u00e9ges k\u00f6z\u00e9piskol\u00e1s di\u00e1kok bevon\u00e1sa a tudom\u00e1nyos m\u0171helyek munk\u00e1iba, a k\u00f6z\u00e9piskol\u00e1s tehets\u00e9gek \u00e9s az egyetemi kort\u00e1rs csoportok \u00f6sszehangolt seg\u00edt\u0151 munk\u00e1ival l\u00e9trej\u00f6tt koh\u00e9zi\u00f3 er\u0151s\u00edti a di\u00e1kok p\u00e1lyaorient\u00e1lts\u00e1g\u00e1t. A hallgat\u00f3k k\u00f6z\u00f6tt sz\u00f6v\u0151d\u0151 ismerets\u00e9gek tudom\u00e1nyos m\u0171helyek k\u00f6z\u00f6tti egy\u00fcttm\u0171k\u00f6d\u00e9sek alapj\u00e1ul szolg\u00e1lhatnak.<\/p>\n<p style=\"text-align: justify\">A Kerpel-Fronius \u00d6d\u00f6n Tehets\u00e9ggondoz\u00f3 Program sz\u00e1nd\u00e9ka az interakt\u00edv laborfoglalkoz\u00e1sokkal az, hogy t\u00f6bbet k\u00edn\u00e1ljon az \u00e9venk\u00e9nti ny\u00edlt napn\u00e1l. A rendezv\u00e9ny szervez\u0151i \u00fagy l\u00e1tj\u00e1k, az egyetem e programok r\u00e9v\u00e9n proakt\u00edv, kapcsolatot kezdem\u00e9nyez\u0151 m\u00f3don sz\u00f3l\u00edthatja meg az orvostudom\u00e1ny j\u00f6v\u0151beli m\u0171vel\u00e9se ir\u00e1nt idejekor\u00e1n elhivatotts\u00e1got tan\u00fas\u00edt\u00f3, tehets\u00e9ges k\u00f6z\u00e9piskol\u00e1s fiatalokat. Ezek a rendezv\u00e9nyek seg\u00edthetnek r\u00e1ir\u00e1ny\u00edtani a di\u00e1kok figyelm\u00e9t, hogy a Magyarorsz\u00e1gon nagy hagyom\u00e1nyokkal rendelkez\u0151 k\u00f6z\u00e9piskolai tehets\u00e9ggondoz\u00e1s az \u00e9retts\u00e9gi ut\u00e1n sem \u00e9r v\u00e9get.<\/p>\n<p style=\"text-align: justify\">A fels\u0151oktat\u00e1sba val\u00f3 beker\u00fcl\u00e9s fokoz\u00e1sa mellett az igazi c\u00e9l a p\u00e1lyav\u00e1laszt\u00e1s tudatoss\u00e1g\u00e1nak er\u0151s\u00edt\u00e9se, ezzel pedig a beker\u00fcl\u00e9s mellett a bennmarad\u00e1s er\u0151s\u00edt\u00e9se. Az eg\u00e9szs\u00e9g\u00fcgyi k\u00e9pz\u00e9sek n\u00e9pszer\u0171s\u00edt\u00e9se a potenci\u00e1lisan \u00e9rintett popul\u00e1ci\u00f3ban, az adott gener\u00e1ci\u00f3 nyelvezet\u00e9hez \u00e9s kommunik\u00e1ci\u00f3s szok\u00e1saihoz igazod\u00f3 diskurzus kialak\u00edt\u00e1s\u00e1val, \u00e9s fels\u0151fok\u00fa tanulm\u00e1nyokra felk\u00e9sz\u00edt\u0151 programok szervez\u00e9s\u00e9vel \u00e9rhet\u0151 el.<\/p>\n<p style=\"text-align: justify\">Kiemelt c\u00e9l olyan \u00e9letutak bemutat\u00e1sa, melyek intellektu\u00e1lis kih\u00edv\u00e1st \u00e9s egyben inspir\u00e1ci\u00f3t jelentenek az arra fog\u00e9kony fiatalok sz\u00e1m\u00e1ra. Ennek \u00e9rdek\u00e9ben az \u00e9rintett c\u00e9lcsoportra jellemz\u0151 h\u00e1tr\u00e1nyos helyzetb\u0151l \u00e9rkez\u0151 hallgat\u00f3kat vonunk be a programok kidolgoz\u00e1s\u00e1ba \u00e9s lebonyol\u00edt\u00e1s\u00e1ba, hiszen \u0151k tudj\u00e1k k\u00f6zvetlen\u00fcl is megfogalmazni mind a szervez\u0151k, mind pedig a c\u00e9lcsoport sz\u00e1m\u00e1ra azokat a probl\u00e9ma-kezel\u00e9si, megold\u00e1si technik\u00e1kat, amelyek d\u00f6nt\u0151 fontoss\u00e1g\u00faak lesznek abban, hogy minden fiatal a saj\u00e1t p\u00e1ly\u00e1j\u00e1t tervezze meg. A beker\u00fcl\u0151, vagy azt tervez\u0151 fiatalok sz\u00e1m\u00e1ra elengedhetetlen\u00fcl sz\u00fcks\u00e9ges a v\u00e1lasztott szakter\u00fcletek egzakt, hiteles \u00e9s prec\u00edz bemutat\u00e1sa. Ezzel lehet\u0151v\u00e9 v\u00e1lik a p\u00e1lyav\u00e1laszt\u00e1si motiv\u00e1ci\u00f3k, a foglalkoz\u00e1si identit\u00e1sok stabiliz\u00e1ci\u00f3ja, illet\u0151leg a tanulm\u00e1nyok sor\u00e1n meg\u00e9lt csal\u00f3d\u00e1sok \u00e9s konfliktusok megel\u0151z\u00e9se is.<\/p>\n<p style=\"text-align: justify\">A Kutat\u00f3 Di\u00e1kok\u00e9rt Alap\u00edtv\u00e1ny els\u0151dleges c\u00e9lk\u00e9nt t\u0171zte ki, hogy a tudom\u00e1nyos munka n\u00e9pszer\u0171s\u00edt\u00e9s\u00e9vel k\u00f6zelebb viszi a term\u00e9szettudom\u00e1nyokat, a m\u0171szaki tudom\u00e1nyokat, valamint a tudom\u00e1nyos kutat\u00f3munk\u00e1t a konvergencia r\u00e9gi\u00f3k di\u00e1kjaihoz, b\u00edzva abban, hogy seg\u00edteni tudjuk az \u00e9rdekl\u0151d\u0151 di\u00e1kokat tehets\u00e9g\u00fck felismer\u00e9s\u00e9ben. J\u00f3 \u00e9s \u00e9l\u0151 p\u00e9ld\u00e1inkkal motiv\u00e1lni k\u00edv\u00e1njuk \u0151ket arra, hogy ezeken a ter\u00fcleteken k\u00e9pzelj\u00e9k el j\u00f6v\u0151j\u00fcket, ak\u00e1r egy mentor mellett, egy \u00e9rdekl\u0151d\u00e9si k\u00f6r\u00fcknek megfelel\u0151 magas szint\u0171 kutat\u00f3csoportban, majd egy fels\u0151oktat\u00e1si int\u00e9zm\u00e9ny hallgat\u00f3jak\u00e9nt.<\/p>\n\r\n        [slb_exclude]\r\n        <div class=\"row galeria-wrapper mx-0 h-auto\">\r\n            <div class=\"col-9 pl-0 pr-2\">\r\n            <span class=\"gallery-item frame\">\r\n\t\t\t\t<div class=\"galeria-left-img\"><a href=\"https:\/\/semmelweis.hu\/gazdalkodas-kfi\/files\/2018\/06\/Tokaj_1-scaled.jpg\"><img src=https:\/\/semmelweis.hu\/gazdalkodas-kfi\/files\/2018\/06\/Tokaj_1-scaled.jpg  \r\n                            alt=\"\" \r\n                            class=\"attachment-sote-gallery-big size-sote-gallery-big\" \r\n                            srcset=\"https:\/\/semmelweis.hu\/gazdalkodas-kfi\/files\/2018\/06\/Tokaj_1-400x300.jpg 400w, https:\/\/semmelweis.hu\/gazdalkodas-kfi\/files\/2018\/06\/Tokaj_1-1024x768.jpg 1024w, https:\/\/semmelweis.hu\/gazdalkodas-kfi\/files\/2018\/06\/Tokaj_1-768x576.jpg 768w, https:\/\/semmelweis.hu\/gazdalkodas-kfi\/files\/2018\/06\/Tokaj_1-1536x1152.jpg 1536w, https:\/\/semmelweis.hu\/gazdalkodas-kfi\/files\/2018\/06\/Tokaj_1-2048x1536.jpg 2048w, https:\/\/semmelweis.hu\/gazdalkodas-kfi\/files\/2018\/06\/Tokaj_1-753x565.jpg 753w\" ><\/a><\/div>\r\n            <\/span>\r\n\r\n            <\/div>\r\n\r\n\t\t\t<div class=\"col-3 pl-0 pr-0\">\r\n\t\t\t\t<div class=\"galeria-right-img d-flex justify-content-between flex-column h-100 w-100 px-0 mx-0 \">\r\n                <div class=\"galeria-box\">\r\n\t\t\t\t\t<h3 class=\"galeria-title\">Gal\u00e9ria<\/h3>\r\n\t\t\t\t\t<div class=\"galeria-subtitle\">\r\n\r\n\t\t\t\t\t\t<div class=\"galeria-page-counter\"><span>9<\/span>k\u00e9p<\/div>\r\n                    <\/div> <\/div>\r\n                    <span class=\"gallery-item frame d-none d-md-flex\">\r\n\t\t\t\t\t<div class=\"galeria-small-img mt-0\"><a href=\"https:\/\/semmelweis.hu\/gazdalkodas-kfi\/files\/2018\/06\/Sarospatak_2-scaled.jpg\"><img src=https:\/\/semmelweis.hu\/gazdalkodas-kfi\/files\/2018\/06\/Sarospatak_2-scaled.jpg \r\n                                alt=\"\"  \r\n                                class=\"attachment-sote-gallery-small size-sote-gallery-small\" \r\n                                srcset=\"https:\/\/semmelweis.hu\/gazdalkodas-kfi\/files\/2018\/06\/Sarospatak_2-400x300.jpg 400w, https:\/\/semmelweis.hu\/gazdalkodas-kfi\/files\/2018\/06\/Sarospatak_2-1024x768.jpg 1024w, https:\/\/semmelweis.hu\/gazdalkodas-kfi\/files\/2018\/06\/Sarospatak_2-768x576.jpg 768w, https:\/\/semmelweis.hu\/gazdalkodas-kfi\/files\/2018\/06\/Sarospatak_2-1536x1152.jpg 1536w, https:\/\/semmelweis.hu\/gazdalkodas-kfi\/files\/2018\/06\/Sarospatak_2-2048x1536.jpg 2048w, https:\/\/semmelweis.hu\/gazdalkodas-kfi\/files\/2018\/06\/Sarospatak_2-753x565.jpg 753w\" ><\/a><\/div>\r\n                    <\/span>\r\n                    <span class=\"gallery-item frame d-none d-md-flex\">\r\n\t\t\t\t\t<div class=\"galeria-small-img mt-0\"><a href=\"https:\/\/semmelweis.hu\/gazdalkodas-kfi\/files\/2018\/06\/Sarospatak_1-scaled.jpg\"><img src=https:\/\/semmelweis.hu\/gazdalkodas-kfi\/files\/2018\/06\/Sarospatak_1-scaled.jpg \r\n                                alt=\"\" \r\n                                class=\"attachment-sote-gallery-small size-sote-gallery-small\" \r\n                                srcset=\"https:\/\/semmelweis.hu\/gazdalkodas-kfi\/files\/2018\/06\/Sarospatak_1-400x300.jpg 400w, https:\/\/semmelweis.hu\/gazdalkodas-kfi\/files\/2018\/06\/Sarospatak_1-1024x768.jpg 1024w, https:\/\/semmelweis.hu\/gazdalkodas-kfi\/files\/2018\/06\/Sarospatak_1-768x576.jpg 768w, https:\/\/semmelweis.hu\/gazdalkodas-kfi\/files\/2018\/06\/Sarospatak_1-1536x1152.jpg 1536w, https:\/\/semmelweis.hu\/gazdalkodas-kfi\/files\/2018\/06\/Sarospatak_1-2048x1536.jpg 2048w, https:\/\/semmelweis.hu\/gazdalkodas-kfi\/files\/2018\/06\/Sarospatak_1-753x565.jpg 753w\" ><\/a><\/div>\r\n                    <\/span>\r\n\r\n                <\/div>\r\n\r\n            <\/div>\r\n\r\n            <span class=\"gallery-item\"><div class=\"hidden\"><a href=\"https:\/\/semmelweis.hu\/gazdalkodas-kfi\/files\/2018\/06\/Miskolc_1-scaled.jpg\">\r\n        <img src=https:\/\/semmelweis.hu\/gazdalkodas-kfi\/files\/2018\/06\/Miskolc_1-scaled.jpg alt=\"\" class=\"attachment-sote-gallery-big size-sote-gallery-big\" srcset=\"https:\/\/semmelweis.hu\/gazdalkodas-kfi\/files\/2018\/06\/Miskolc_1-400x300.jpg 400w, https:\/\/semmelweis.hu\/gazdalkodas-kfi\/files\/2018\/06\/Miskolc_1-1024x768.jpg 1024w, https:\/\/semmelweis.hu\/gazdalkodas-kfi\/files\/2018\/06\/Miskolc_1-768x576.jpg 768w, https:\/\/semmelweis.hu\/gazdalkodas-kfi\/files\/2018\/06\/Miskolc_1-1536x1152.jpg 1536w, https:\/\/semmelweis.hu\/gazdalkodas-kfi\/files\/2018\/06\/Miskolc_1-2048x1536.jpg 2048w, https:\/\/semmelweis.hu\/gazdalkodas-kfi\/files\/2018\/06\/Miskolc_1-753x565.jpg 753w\" >\r\n        <\/a><\/div><\/span><span class=\"gallery-item\"><div class=\"hidden\"><a href=\"https:\/\/semmelweis.hu\/gazdalkodas-kfi\/files\/2018\/06\/Hajduszoboszlo-scaled.jpg\">\r\n        <img src=https:\/\/semmelweis.hu\/gazdalkodas-kfi\/files\/2018\/06\/Hajduszoboszlo-scaled.jpg alt=\"\" class=\"attachment-sote-gallery-big size-sote-gallery-big\" srcset=\"https:\/\/semmelweis.hu\/gazdalkodas-kfi\/files\/2018\/06\/Hajduszoboszlo-400x300.jpg 400w, https:\/\/semmelweis.hu\/gazdalkodas-kfi\/files\/2018\/06\/Hajduszoboszlo-1024x768.jpg 1024w, https:\/\/semmelweis.hu\/gazdalkodas-kfi\/files\/2018\/06\/Hajduszoboszlo-768x576.jpg 768w, https:\/\/semmelweis.hu\/gazdalkodas-kfi\/files\/2018\/06\/Hajduszoboszlo-1536x1152.jpg 1536w, https:\/\/semmelweis.hu\/gazdalkodas-kfi\/files\/2018\/06\/Hajduszoboszlo-2048x1536.jpg 2048w, https:\/\/semmelweis.hu\/gazdalkodas-kfi\/files\/2018\/06\/Hajduszoboszlo-753x565.jpg 753w\" >\r\n        <\/a><\/div><\/span><span class=\"gallery-item\"><div class=\"hidden\"><a href=\"https:\/\/semmelweis.hu\/gazdalkodas-kfi\/files\/2018\/06\/Debrecen_2.jpeg\">\r\n        <img src=https:\/\/semmelweis.hu\/gazdalkodas-kfi\/files\/2018\/06\/Debrecen_2.jpeg alt=\"\" class=\"attachment-sote-gallery-big size-sote-gallery-big\" srcset=\"https:\/\/semmelweis.hu\/gazdalkodas-kfi\/files\/2018\/06\/Debrecen_2-400x300.jpeg 400w, https:\/\/semmelweis.hu\/gazdalkodas-kfi\/files\/2018\/06\/Debrecen_2-1024x768.jpeg 1024w, https:\/\/semmelweis.hu\/gazdalkodas-kfi\/files\/2018\/06\/Debrecen_2-768x576.jpeg 768w, https:\/\/semmelweis.hu\/gazdalkodas-kfi\/files\/2018\/06\/Debrecen_2-1536x1152.jpeg 1536w, https:\/\/semmelweis.hu\/gazdalkodas-kfi\/files\/2018\/06\/Debrecen_2-753x565.jpeg 753w, https:\/\/semmelweis.hu\/gazdalkodas-kfi\/files\/2018\/06\/Debrecen_2.jpeg 2048w\" >\r\n        <\/a><\/div><\/span><span class=\"gallery-item\"><div class=\"hidden\"><a href=\"https:\/\/semmelweis.hu\/gazdalkodas-kfi\/files\/2018\/06\/Debrecen_1.jpeg\">\r\n        <img src=https:\/\/semmelweis.hu\/gazdalkodas-kfi\/files\/2018\/06\/Debrecen_1.jpeg alt=\"\" class=\"attachment-sote-gallery-big size-sote-gallery-big\" srcset=\"https:\/\/semmelweis.hu\/gazdalkodas-kfi\/files\/2018\/06\/Debrecen_1-400x300.jpeg 400w, https:\/\/semmelweis.hu\/gazdalkodas-kfi\/files\/2018\/06\/Debrecen_1-1024x768.jpeg 1024w, https:\/\/semmelweis.hu\/gazdalkodas-kfi\/files\/2018\/06\/Debrecen_1-768x576.jpeg 768w, https:\/\/semmelweis.hu\/gazdalkodas-kfi\/files\/2018\/06\/Debrecen_1-1536x1152.jpeg 1536w, https:\/\/semmelweis.hu\/gazdalkodas-kfi\/files\/2018\/06\/Debrecen_1-753x565.jpeg 753w, https:\/\/semmelweis.hu\/gazdalkodas-kfi\/files\/2018\/06\/Debrecen_1.jpeg 2048w\" >\r\n        <\/a><\/div><\/span><span class=\"gallery-item\"><div class=\"hidden\"><a href=\"https:\/\/semmelweis.hu\/gazdalkodas-kfi\/files\/2018\/06\/DSCN7047.jpg\">\r\n        <img src=https:\/\/semmelweis.hu\/gazdalkodas-kfi\/files\/2018\/06\/DSCN7047.jpg alt=\"\" class=\"attachment-sote-gallery-big size-sote-gallery-big\" srcset=\"https:\/\/semmelweis.hu\/gazdalkodas-kfi\/files\/2018\/06\/DSCN7047-400x300.jpg 400w, https:\/\/semmelweis.hu\/gazdalkodas-kfi\/files\/2018\/06\/DSCN7047.jpg 640w\" >\r\n        <\/a><\/div><\/span><span class=\"gallery-item\"><div class=\"hidden\"><a href=\"https:\/\/semmelweis.hu\/gazdalkodas-kfi\/files\/2018\/06\/DSCN7051_1.jpg\">\r\n        <img src=https:\/\/semmelweis.hu\/gazdalkodas-kfi\/files\/2018\/06\/DSCN7051_1.jpg alt=\"\" class=\"attachment-sote-gallery-big size-sote-gallery-big\" srcset=\"https:\/\/semmelweis.hu\/gazdalkodas-kfi\/files\/2018\/06\/DSCN7051_1-400x300.jpg 400w, https:\/\/semmelweis.hu\/gazdalkodas-kfi\/files\/2018\/06\/DSCN7051_1.jpg 640w\" >\r\n        <\/a><\/div><\/span>\r\n            <\/div>\r\n\r\n            [\/slb_exclude]\r\n\t\n","protected":false},"excerpt":{"rendered":"<p><a href=\"https:\/\/semmelweis.hu\/gazdalkodas-kfi\/files\/2020\/10\/infoblokk_kedv_final_felso_cmyk_ESZA.jpg\"><\/a> \u00a0 \u00a0 \u00a0 \u00a0 \u00a0 \u00a0 A Semmelweis Egyetem \u00e9s a Kutat\u00f3 Di\u00e1kok\u00e9rt Alap\u00edtv\u00e1ny orsz\u00e1gos orvos- \u00e9s eg\u00e9szs\u00e9gtudom\u00e1nyi tehets\u00e9ggondoz\u00f3 programsorozata Konzorcium vezet\u0151: Semmelweis Egyetem Partner:\u00a0Kutat\u00f3 Di\u00e1kok\u00e9rt Alap\u00edtv\u00e1ny Futamid\u0151: 2017.09.01-2020.08.31. T\u00e1mogat\u00e1s:102.407.779,- Ft SE r\u00e9sz: 99.987.779,- Ft Projekt c\u00e9lja: A projekt f\u0151 c\u00e9lja fels\u0151oktat\u00e1si k\u00e9pzetts\u00e9gi szint n\u00f6vel\u00e9se. A projekt c\u00e9ljai, szorosan illeszkednek a konstrukci\u00f3 c\u00e9ljaihoz, melyek az &hellip;<\/p>\n","protected":false},"author":102156,"featured_media":0,"parent":170,"menu_order":1,"comment_status":"closed","ping_status":"closed","template":"template-fullwidth.php","meta":{"_acf_changed":false,"footnotes":""},"categories":[],"tags":[],"class_list":["post-6661","page","type-page","status-publish","hentry"],"acf":[],"_links":{"self":[{"href":"https:\/\/semmelweis.hu\/gazdalkodas-kfi\/wp-json\/wp\/v2\/pages\/6661","targetHints":{"allow":["GET"]}}],"collection":[{"href":"https:\/\/semmelweis.hu\/gazdalkodas-kfi\/wp-json\/wp\/v2\/pages"}],"about":[{"href":"https:\/\/semmelweis.hu\/gazdalkodas-kfi\/wp-json\/wp\/v2\/types\/page"}],"author":[{"embeddable":true,"href":"https:\/\/semmelweis.hu\/gazdalkodas-kfi\/wp-json\/wp\/v2\/users\/102156"}],"replies":[{"embeddable":true,"href":"https:\/\/semmelweis.hu\/gazdalkodas-kfi\/wp-json\/wp\/v2\/comments?post=6661"}],"version-history":[{"count":8,"href":"https:\/\/semmelweis.hu\/gazdalkodas-kfi\/wp-json\/wp\/v2\/pages\/6661\/revisions"}],"predecessor-version":[{"id":10652,"href":"https:\/\/semmelweis.hu\/gazdalkodas-kfi\/wp-json\/wp\/v2\/pages\/6661\/revisions\/10652"}],"up":[{"embeddable":true,"href":"https:\/\/semmelweis.hu\/gazdalkodas-kfi\/wp-json\/wp\/v2\/pages\/170"}],"wp:attachment":[{"href":"https:\/\/semmelweis.hu\/gazdalkodas-kfi\/wp-json\/wp\/v2\/media?parent=6661"}],"wp:term":[{"taxonomy":"category","embeddable":true,"href":"https:\/\/semmelweis.hu\/gazdalkodas-kfi\/wp-json\/wp\/v2\/categories?post=6661"},{"taxonomy":"post_tag","embeddable":true,"href":"https:\/\/semmelweis.hu\/gazdalkodas-kfi\/wp-json\/wp\/v2\/tags?post=6661"}],"curies":[{"name":"wp","href":"https:\/\/api.w.org\/{rel}","templated":true}]}}