{"id":133,"date":"2023-11-16T10:51:36","date_gmt":"2023-11-16T09:51:36","guid":{"rendered":"https:\/\/semmelweis.hu\/gazdalkodas-kfi\/?page_id=133"},"modified":"2025-10-01T12:53:40","modified_gmt":"2025-10-01T10:53:40","slug":"projektek","status":"publish","type":"page","link":"https:\/\/semmelweis.hu\/gazdalkodas-kfi\/projektek\/","title":{"rendered":"A Semmelweis Egyetem elnyert p\u00e1ly\u00e1zatai"},"content":{"rendered":"<p><img loading=\"lazy\" decoding=\"async\" class=\"size-medium wp-image-141 alignright\" src=\"https:\/\/semmelweis.hu\/gazdalkodas-kfi\/files\/2023\/11\/RRF-kedvezmenyezetti-infoblokk-keretes-400x121.jpg\" alt=\"\" width=\"400\" height=\"121\" srcset=\"https:\/\/semmelweis.hu\/gazdalkodas-kfi\/files\/2023\/11\/RRF-kedvezmenyezetti-infoblokk-keretes-400x121.jpg 400w, https:\/\/semmelweis.hu\/gazdalkodas-kfi\/files\/2023\/11\/RRF-kedvezmenyezetti-infoblokk-keretes-1024x309.jpg 1024w, https:\/\/semmelweis.hu\/gazdalkodas-kfi\/files\/2023\/11\/RRF-kedvezmenyezetti-infoblokk-keretes-768x232.jpg 768w, https:\/\/semmelweis.hu\/gazdalkodas-kfi\/files\/2023\/11\/RRF-kedvezmenyezetti-infoblokk-keretes-753x227.jpg 753w, https:\/\/semmelweis.hu\/gazdalkodas-kfi\/files\/2023\/11\/RRF-kedvezmenyezetti-infoblokk-keretes.jpg 1081w\" sizes=\"auto, (max-width: 400px) 100vw, 400px\" \/> <img loading=\"lazy\" decoding=\"async\" class=\"size-medium wp-image-10614 alignleft\" src=\"https:\/\/semmelweis.hu\/gazdalkodas-kfi\/files\/2024\/01\/kedvezmenyezetti_infoblokk_fekvo_magyar_rgb-400x114.jpg\" alt=\"\" width=\"400\" height=\"114\" srcset=\"https:\/\/semmelweis.hu\/gazdalkodas-kfi\/files\/2024\/01\/kedvezmenyezetti_infoblokk_fekvo_magyar_rgb-400x114.jpg 400w, https:\/\/semmelweis.hu\/gazdalkodas-kfi\/files\/2024\/01\/kedvezmenyezetti_infoblokk_fekvo_magyar_rgb-1024x292.jpg 1024w, https:\/\/semmelweis.hu\/gazdalkodas-kfi\/files\/2024\/01\/kedvezmenyezetti_infoblokk_fekvo_magyar_rgb-768x219.jpg 768w, https:\/\/semmelweis.hu\/gazdalkodas-kfi\/files\/2024\/01\/kedvezmenyezetti_infoblokk_fekvo_magyar_rgb-1536x437.jpg 1536w, https:\/\/semmelweis.hu\/gazdalkodas-kfi\/files\/2024\/01\/kedvezmenyezetti_infoblokk_fekvo_magyar_rgb-2048x583.jpg 2048w, https:\/\/semmelweis.hu\/gazdalkodas-kfi\/files\/2024\/01\/kedvezmenyezetti_infoblokk_fekvo_magyar_rgb-753x214.jpg 753w\" sizes=\"auto, (max-width: 400px) 100vw, 400px\" \/><\/p>\n<hr style=\"border-top: 1px solid white\" \/>\n<h1 style=\"text-align: center\">A Semmelweis Egyetem elnyert p\u00e1ly\u00e1zatai<\/h1>\n<h5><a href=\"https:\/\/semmelweis.hu\/kfipalyazat\/\" target=\"_blank\" rel=\"noopener\">Kutat\u00e1shoz kapcsol\u00f3d\u00f3 projektek<\/a><\/h5>\n<ul>\n<li><a href=\"https:\/\/semmelweis.hu\/kfipalyazat\/palyazatok\/hazai-palyazatok\/\" target=\"_blank\" rel=\"noopener\">Hazai forr\u00e1s\u00fa projektek<\/a><\/li>\n<li><a href=\"https:\/\/semmelweis.hu\/kfipalyazat\/palyazatok\/tarsfinanszirozott-palyazatok\/\" target=\"_blank\" rel=\"noopener\">Operat\u00edv Programokon \u00e9s HET-en kereszt\u00fcl megval\u00f3sul\u00f3 hazai Eur\u00f3pai Uni\u00f3s projektek (pl.: GINOP, RRF)<\/a><\/li>\n<li><a href=\"https:\/\/semmelweis.hu\/kfipalyazat\/palyazatok\/nemzetkozi-palyazatok\/eu\/\" target=\"_blank\" rel=\"noopener\">K\u00f6zvetlen Eur\u00f3pai Uni\u00f3s projektek<\/a><\/li>\n<li><a href=\"https:\/\/semmelweis.hu\/kfipalyazat\/palyazatok\/hazai-palyazatok\/egyetemi-belso-palyazatok\/\" target=\"_blank\" rel=\"noopener\">Egyetemi bels\u0151 tudom\u00e1nyos projektek<\/a><\/li>\n<\/ul>\n<h5>\n<a href=\"https:\/\/semmelweis.hu\/gazdalkodas-kfi\/projektek\/oei-projektek\/\">Oktat\u00e1si, eg\u00e9szs\u00e9g\u00fcgyi \u00e9s infrastruktur\u00e1lis projektek<\/a><\/h5>\n<ul>\n<li><a href=\"https:\/\/semmelweis.hu\/gazdalkodas-kfi\/projektek\/oei-projektek\/hazai-forrasu-projektek\/\">Hazai forr\u00e1s\u00fa projektek<\/a><\/li>\n<li><a href=\"https:\/\/semmelweis.hu\/gazdalkodas-kfi\/projektek\/oei-projektek\/operativ-programok-hazai-es-eus-projektek\/\">Operat\u00edv Programokon \u00e9s HET-en kereszt\u00fcl megval\u00f3sul\u00f3 hazai Eur\u00f3pai Uni\u00f3s projektek (pl.: EFOP, KEHOP, VEKOP, RRF)<\/a><\/li>\n<li><a href=\"https:\/\/semmelweis.hu\/gazdalkodas-kfi\/projektek\/oei-projektek\/kozvetlen-europai-unios-projektek\/\">K\u00f6zvetlen Eur\u00f3pai Uni\u00f3s projektek<\/a><\/li>\n<li><a href=\"https:\/\/semmelweis.hu\/gazdalkodas-kfi\/projektek\/oei-projektek\/tovabbi-nemzetkozi-projektek\/\">Tov\u00e1bbi nemzetk\u00f6zi projektek<\/a><\/li>\n<li><a href=\"https:\/\/semmelweis.hu\/gazdalkodas-kfi\/projektek\/oei-projektek\/egyetemi-belso-projektek\/\">Egyetemi bels\u0151 projektek<\/a><\/li>\n<\/ul>\n<p><img loading=\"lazy\" decoding=\"async\" class=\"wp-image-144 alignleft\" src=\"https:\/\/semmelweis.hu\/gazdalkodas-kfi\/files\/2023\/11\/1_infoblokk_2020_ERFA_3C-400x167.jpg\" alt=\"\" width=\"350\" height=\"146\" srcset=\"https:\/\/semmelweis.hu\/gazdalkodas-kfi\/files\/2023\/11\/1_infoblokk_2020_ERFA_3C-400x167.jpg 400w, https:\/\/semmelweis.hu\/gazdalkodas-kfi\/files\/2023\/11\/1_infoblokk_2020_ERFA_3C.jpg 708w\" sizes=\"auto, (max-width: 350px) 100vw, 350px\" \/><img loading=\"lazy\" decoding=\"async\" class=\" wp-image-146 alignleft\" src=\"https:\/\/semmelweis.hu\/gazdalkodas-kfi\/files\/2023\/11\/szechenyi_2020_logo_fekvo_color_gradient_CMYK-400x154.jpg\" alt=\"\" width=\"351\" height=\"135\" srcset=\"https:\/\/semmelweis.hu\/gazdalkodas-kfi\/files\/2023\/11\/szechenyi_2020_logo_fekvo_color_gradient_CMYK-400x154.jpg 400w, https:\/\/semmelweis.hu\/gazdalkodas-kfi\/files\/2023\/11\/szechenyi_2020_logo_fekvo_color_gradient_CMYK-1024x395.jpg 1024w, https:\/\/semmelweis.hu\/gazdalkodas-kfi\/files\/2023\/11\/szechenyi_2020_logo_fekvo_color_gradient_CMYK-768x296.jpg 768w, https:\/\/semmelweis.hu\/gazdalkodas-kfi\/files\/2023\/11\/szechenyi_2020_logo_fekvo_color_gradient_CMYK-1536x593.jpg 1536w, https:\/\/semmelweis.hu\/gazdalkodas-kfi\/files\/2023\/11\/szechenyi_2020_logo_fekvo_color_gradient_CMYK-2048x791.jpg 2048w, https:\/\/semmelweis.hu\/gazdalkodas-kfi\/files\/2023\/11\/szechenyi_2020_logo_fekvo_color_gradient_CMYK-753x291.jpg 753w\" sizes=\"auto, (max-width: 351px) 100vw, 351px\" \/><img loading=\"lazy\" decoding=\"async\" class=\" wp-image-145 alignleft\" src=\"https:\/\/semmelweis.hu\/gazdalkodas-kfi\/files\/2023\/11\/2_infoblokk_2020_ESZA_3C-400x167.jpg\" alt=\"\" width=\"350\" height=\"146\" srcset=\"https:\/\/semmelweis.hu\/gazdalkodas-kfi\/files\/2023\/11\/2_infoblokk_2020_ESZA_3C-400x167.jpg 400w, https:\/\/semmelweis.hu\/gazdalkodas-kfi\/files\/2023\/11\/2_infoblokk_2020_ESZA_3C.jpg 708w\" sizes=\"auto, (max-width: 350px) 100vw, 350px\" \/><\/p>\n","protected":false},"excerpt":{"rendered":"\n<p>A Semmelweis Egyetem elnyert p\u00e1ly\u00e1zatai<br \/>\n<a href=\"https:\/\/semmelweis.hu\/kfipalyazat\/\" target=\"_blank\" rel=\"noopener\">Kutat\u00e1shoz kapcsol\u00f3d\u00f3 projektek<\/a><\/p>\n<p><a href=\"https:\/\/semmelweis.hu\/kfipalyazat\/palyazatok\/hazai-palyazatok\/\" target=\"_blank\" rel=\"noopener\">Hazai forr\u00e1s\u00fa projektek<\/a><br \/>\n<a href=\"https:\/\/semmelweis.hu\/kfipalyazat\/palyazatok\/tarsfinanszirozott-palyazatok\/\" target=\"_blank\" rel=\"noopener\">Operat\u00edv Programokon \u00e9s HET-en kereszt\u00fcl megval\u00f3sul\u00f3 hazai Eur\u00f3pai Uni\u00f3s projektek (pl.: GINOP, RRF)<\/a><br \/>\n<a href=\"https:\/\/semmelweis.hu\/kfipalyazat\/palyazatok\/nemzetkozi-palyazatok\/eu\/\" target=\"_blank\" rel=\"noopener\">K\u00f6zvetlen Eur\u00f3pai Uni\u00f3s projektek<\/a><br \/>\n<a href=\"https:\/\/semmelweis.hu\/kfipalyazat\/palyazatok\/hazai-palyazatok\/egyetemi-belso-palyazatok\/\" target=\"_blank\" rel=\"noopener\">Egyetemi bels\u0151 tudom\u00e1nyos projektek<\/a><\/p>\n<p><a href=\"https:\/\/semmelweis.hu\/gazdalkodas-kfi\/projektek\/oei-projektek\/\">Oktat\u00e1si, eg\u00e9szs\u00e9g\u00fcgyi \u00e9s infrastruktur\u00e1lis projektek<\/a><\/p>\n<p><a href=\"https:\/\/semmelweis.hu\/gazdalkodas-kfi\/projektek\/oei-projektek\/hazai-forrasu-projektek\/\">Hazai forr\u00e1s\u00fa projektek<\/a><br \/>\n<a href=\"https:\/\/semmelweis.hu\/gazdalkodas-kfi\/projektek\/oei-projektek\/operativ-programok-hazai-es-eus-projektek\/\">Operat\u00edv Programokon \u00e9s HET-en kereszt\u00fcl megval\u00f3sul\u00f3 hazai Eur\u00f3pai Uni\u00f3s projektek (pl.: EFOP, KEHOP, VEKOP, RRF)<\/a><br \/>\n<a href=\"https:\/\/semmelweis.hu\/gazdalkodas-kfi\/projektek\/oei-projektek\/kozvetlen-europai-unios-projektek\/\">K\u00f6zvetlen Eur\u00f3pai Uni\u00f3s projektek<\/a><br \/>\n<a href=\"https:\/\/semmelweis.hu\/gazdalkodas-kfi\/projektek\/oei-projektek\/tovabbi-nemzetkozi-projektek\/\">Tov\u00e1bbi nemzetk\u00f6zi projektek<\/a><br \/>\n<a href=\"https:\/\/semmelweis.hu\/gazdalkodas-kfi\/projektek\/oei-projektek\/egyetemi-belso-projektek\/\">Egyetemi bels\u0151 projektek<\/a><\/p>\n","protected":false},"author":102156,"featured_media":0,"parent":0,"menu_order":1,"comment_status":"closed","ping_status":"closed","template":"template-fullwidth.php","meta":{"_acf_changed":false,"footnotes":""},"categories":[],"tags":[],"class_list":["post-133","page","type-page","status-publish","hentry"],"acf":[],"_links":{"self":[{"href":"https:\/\/semmelweis.hu\/gazdalkodas-kfi\/wp-json\/wp\/v2\/pages\/133","targetHints":{"allow":["GET"]}}],"collection":[{"href":"https:\/\/semmelweis.hu\/gazdalkodas-kfi\/wp-json\/wp\/v2\/pages"}],"about":[{"href":"https:\/\/semmelweis.hu\/gazdalkodas-kfi\/wp-json\/wp\/v2\/types\/page"}],"author":[{"embeddable":true,"href":"https:\/\/semmelweis.hu\/gazdalkodas-kfi\/wp-json\/wp\/v2\/users\/102156"}],"replies":[{"embeddable":true,"href":"https:\/\/semmelweis.hu\/gazdalkodas-kfi\/wp-json\/wp\/v2\/comments?post=133"}],"version-history":[{"count":11,"href":"https:\/\/semmelweis.hu\/gazdalkodas-kfi\/wp-json\/wp\/v2\/pages\/133\/revisions"}],"predecessor-version":[{"id":11355,"href":"https:\/\/semmelweis.hu\/gazdalkodas-kfi\/wp-json\/wp\/v2\/pages\/133\/revisions\/11355"}],"wp:attachment":[{"href":"https:\/\/semmelweis.hu\/gazdalkodas-kfi\/wp-json\/wp\/v2\/media?parent=133"}],"wp:term":[{"taxonomy":"category","embeddable":true,"href":"https:\/\/semmelweis.hu\/gazdalkodas-kfi\/wp-json\/wp\/v2\/categories?post=133"},{"taxonomy":"post_tag","embeddable":true,"href":"https:\/\/semmelweis.hu\/gazdalkodas-kfi\/wp-json\/wp\/v2\/tags?post=133"}],"curies":[{"name":"wp","href":"https:\/\/api.w.org\/{rel}","templated":true}]}}