{"id":119,"date":"2023-10-11T15:13:54","date_gmt":"2023-10-11T13:13:54","guid":{"rendered":"https:\/\/semmelweis.hu\/gazdalkodas-kfi\/?page_id=119"},"modified":"2025-10-03T11:19:55","modified_gmt":"2025-10-03T09:19:55","slug":"szervezeti-egysegek","status":"publish","type":"page","link":"https:\/\/semmelweis.hu\/gazdalkodas-kfi\/rolunk\/szervezeti-egysegek\/","title":{"rendered":"Szervezeti egys\u00e9gek"},"content":{"rendered":"<p><strong>A P\u00e1ly\u00e1zati \u00e9s KFI H\u00e1l\u00f3zatir\u00e1ny\u00edt\u00e1si Igazgat\u00f3s\u00e1g fel\u00e9p\u00edt\u00e9se<\/strong><\/p>\n<p><strong>P\u00e1ly\u00e1zati \u00e9s KFI H\u00e1l\u00f3zatir\u00e1ny\u00edt\u00e1si Igazgat\u00f3s\u00e1g<\/strong><\/p>\n<p>F\u0151bb feladatok:<\/p>\n<ul>\n<li>P\u00e1ly\u00e1zatok nyilv\u00e1ntart\u00f3 rendszer\u00e9nek fejleszt\u00e9se, a nyilv\u00e1ntart\u00e1s folyamatos ellen\u0151rz\u00e9se, napra k\u00e9szen tart\u00e1sa,<\/li>\n<li>a <a href=\"https:\/\/semmelweis.hu\/gazdalkodas-kfi\/palyazati-nyilvantartas-2\/pnyr\/\" target=\"_blank\" rel=\"noopener\">PNYR<\/a> rendszer adataival az SE \u00c9ves besz\u00e1mol\u00f3j\u00e1nak p\u00e1ly\u00e1zati adataihoz kapcsol\u00f3d\u00f3 analitika biztos\u00edt\u00e1sa ,<\/li>\n<li>a PST ig\u00e9nyl\u00e9s sor\u00e1n a p\u00e1ly\u00e1zatok min\u0151s\u00edt\u00e9se,<\/li>\n<li>a p\u00e1ly\u00e1zatokhoz kapcsol\u00f3d\u00f3 p\u00e1ly\u00e1zati bev\u00e9teli terv k\u00e9sz\u00edt\u00e9se, folyamatos nyomon k\u00f6vet\u00e9se, riport\u00e1l\u00e1sa, adatszolg\u00e1ltat\u00e1sok k\u00e9sz\u00edt\u00e9se, az overhead k\u00f6nyvel\u00e9s\u00e9hez kapcsol\u00f3d\u00f3 felad\u00e1sok k\u00e9sz\u00edt\u00e9se,<\/li>\n<li>KFI Alap megtervez\u00e9se, m\u0171k\u00f6dtet\u00e9se, bev\u00e9teleinek beszed\u00e9se, a bev\u00e9telek \u00e9s kiad\u00e1sok folyamatos nyomon k\u00f6vet\u00e9se, riport\u00e1l\u00e1sa, adatszolg\u00e1ltat\u00e1sok k\u00e9sz\u00edt\u00e9se,<\/li>\n<li>a KFI Alap k\u00f6zponti feladataihoz kapcsol\u00f3d\u00f3an a tervez\u00e9shez, szerz\u0151d\u00e9sk\u00f6t\u00e9shez, m\u0171k\u00f6dtet\u00e9shez, kereteinek kezel\u00e9s\u00e9hez, a felad\u00e1sok elk\u00e9sz\u00edt\u00e9s\u00e9hez, folyamatos nyomon k\u00f6vet\u00e9s\u00e9hez, elsz\u00e1mol\u00e1s\u00e1hoz kapcsol\u00f3d\u00f3 feladatok,<\/li>\n<li>egyes KFSZ indik\u00e1torok megtervez\u00e9se, folyamatos nyomon k\u00f6vet\u00e9se, riport\u00e1l\u00e1sa, adatszolg\u00e1ltat\u00e1sok k\u00e9sz\u00edt\u00e9se,<\/li>\n<li>az \u00f6szt\u00f6nd\u00edj p\u00e1ly\u00e1zatok (Stipendium Hungaricum, Diaszp\u00f3ra, Sport) k\u00f6lts\u00e9gvet\u00e9si tervez\u00e9s\u00e9hez, szerz\u0151d\u00e9sk\u00f6t\u00e9s\u00e9hez, m\u0171k\u00f6dtet\u00e9s\u00e9hez, kereteinek kezel\u00e9s\u00e9hez, a felad\u00e1sok elk\u00e9sz\u00edt\u00e9s\u00e9hez, folyamatos nyomon k\u00f6vet\u00e9s\u00e9hez, elsz\u00e1mol\u00e1s\u00e1hoz kapcsol\u00f3d\u00f3 feladatok<\/li>\n<li>az SE p\u00e1ly\u00e1zatainak p\u00e9nz\u00fcgyi t\u00e1mogat\u00e1sa, ellen\u0151rz\u00e9sekhez, elsz\u00e1mol\u00e1sokhoz, a T\u00e1mogat\u00f3val t\u00f6rt\u00e9n\u0151 egyeztet\u00e9sekhez kapcsol\u00f3d\u00f3 feladatok ell\u00e1t\u00e1sa,<\/li>\n<li>az SE nem KFI (oktat\u00e1si, infrastruktur\u00e1lis) p\u00e1ly\u00e1zatainak menedzsment t\u00e1mogat\u00e1sa, p\u00e1ly\u00e1zatfigyel\u00e9si, p\u00e1ly\u00e1zatgener\u00e1l\u00e1si. beny\u00fajt\u00e1si feladatok, menedzsment t\u00e1mogat\u00f3i feladatok,<\/li>\n<li>RRF-2.1.2-21-2022-00010 \u2013 p\u00e1ly\u00e1zati menedzsmentje (0,75 FTE projektmenedzser, 0,75 FTE p\u00e9nz\u00fcgyi vezet\u0151, 1 FTE szakmai koordin\u00e1tor)<\/li>\n<\/ul>\n<p><strong>KFI Szervezetek Gazdas\u00e1gi Hivatala<\/strong><\/p>\n<p>Ell\u00e1tja valamennyi al\u00e1bbi KFI t\u00e1mogat\u00f3 szervezet gazdas\u00e1gi-p\u00e9nz\u00fcgyi t\u00e1mogat\u00f3 feladatait:<\/p>\n<ul>\n<li>Tudom\u00e1nyos \u00e9s Innov\u00e1ci\u00f3s \u00e9s \u00dczletfejleszt\u00e9si K\u00f6zpont<\/li>\n<li>Eg\u00e9szs\u00e9g\u00fcgyi Technol\u00f3gia\u00e9rt\u00e9kel\u0151 \u00e9s Elemz\u00e9si K\u00f6zpont<\/li>\n<li>Labor\u00e1llattudom\u00e1nyi Koordin\u00e1ci\u00f3s K\u00f6zpont<\/li>\n<li>P\u00e1ly\u00e1zati Menedzsment K\u00f6zpont<\/li>\n<li>Transzl\u00e1ci\u00f3s Medicina K\u00f6zpont<\/li>\n<li>KFI P\u00e1ly\u00e1zatok Gazdas\u00e1gi Hivatala<\/li>\n<li>KFI Szervezetek Gazdas\u00e1gi Hivatala<\/li>\n<\/ul>\n<p><strong>KFI P\u00e1ly\u00e1zatok Gazdas\u00e1gi Hivatala<\/strong><\/p>\n<p>A P\u00e1ly\u00e1zati Menedzsment K\u00f6zpont k\u00f6zponti projektmenedzsmentje \u00e1ltal ir\u00e1ny\u00edtott KFI p\u00e1ly\u00e1zatok p\u00e9nz\u00fcgyi vezet\u0151i \u00e9s p\u00e9nz\u00fcgyi koordin\u00e1ci\u00f3s feladatait l\u00e1tja el:<\/p>\n<ul>\n<li>12 db TKP projekt \u2013 cca 9,8 mrdt<\/li>\n<li>5 db Nemzeti Laborat\u00f3rium (RRF projektek) \u2013 cca. 9,5 mrdFt<\/li>\n<li>1 db KK p\u00e1ly\u00e1zat \u2013 cca. 2 mrdFt<\/li>\n<\/ul>\n","protected":false},"excerpt":{"rendered":"<p>A P\u00e1ly\u00e1zati \u00e9s KFI H\u00e1l\u00f3zatir\u00e1ny\u00edt\u00e1si Igazgat\u00f3s\u00e1g fel\u00e9p\u00edt\u00e9se P\u00e1ly\u00e1zati \u00e9s KFI H\u00e1l\u00f3zatir\u00e1ny\u00edt\u00e1si Igazgat\u00f3s\u00e1g F\u0151bb feladatok: P\u00e1ly\u00e1zatok nyilv\u00e1ntart\u00f3 rendszer\u00e9nek fejleszt\u00e9se, a nyilv\u00e1ntart\u00e1s folyamatos ellen\u0151rz\u00e9se, napra k\u00e9szen tart\u00e1sa, a <a href=\"https:\/\/semmelweis.hu\/gazdalkodas-kfi\/palyazati-nyilvantartas-2\/pnyr\/\" target=\"_blank\" rel=\"noopener\">PNYR<\/a> rendszer adataival az SE \u00c9ves besz\u00e1mol\u00f3j\u00e1nak p\u00e1ly\u00e1zati adataihoz kapcsol\u00f3d\u00f3 analitika biztos\u00edt\u00e1sa , a PST ig\u00e9nyl\u00e9s sor\u00e1n a p\u00e1ly\u00e1zatok min\u0151s\u00edt\u00e9se, a p\u00e1ly\u00e1zatokhoz kapcsol\u00f3d\u00f3 p\u00e1ly\u00e1zati bev\u00e9teli terv k\u00e9sz\u00edt\u00e9se, folyamatos nyomon k\u00f6vet\u00e9se, &hellip;<\/p>\n","protected":false},"author":102156,"featured_media":0,"parent":2,"menu_order":0,"comment_status":"closed","ping_status":"closed","template":"","meta":{"_acf_changed":false,"footnotes":""},"categories":[],"tags":[],"class_list":["post-119","page","type-page","status-publish","hentry"],"acf":[],"_links":{"self":[{"href":"https:\/\/semmelweis.hu\/gazdalkodas-kfi\/wp-json\/wp\/v2\/pages\/119","targetHints":{"allow":["GET"]}}],"collection":[{"href":"https:\/\/semmelweis.hu\/gazdalkodas-kfi\/wp-json\/wp\/v2\/pages"}],"about":[{"href":"https:\/\/semmelweis.hu\/gazdalkodas-kfi\/wp-json\/wp\/v2\/types\/page"}],"author":[{"embeddable":true,"href":"https:\/\/semmelweis.hu\/gazdalkodas-kfi\/wp-json\/wp\/v2\/users\/102156"}],"replies":[{"embeddable":true,"href":"https:\/\/semmelweis.hu\/gazdalkodas-kfi\/wp-json\/wp\/v2\/comments?post=119"}],"version-history":[{"count":6,"href":"https:\/\/semmelweis.hu\/gazdalkodas-kfi\/wp-json\/wp\/v2\/pages\/119\/revisions"}],"predecessor-version":[{"id":11468,"href":"https:\/\/semmelweis.hu\/gazdalkodas-kfi\/wp-json\/wp\/v2\/pages\/119\/revisions\/11468"}],"up":[{"embeddable":true,"href":"https:\/\/semmelweis.hu\/gazdalkodas-kfi\/wp-json\/wp\/v2\/pages\/2"}],"wp:attachment":[{"href":"https:\/\/semmelweis.hu\/gazdalkodas-kfi\/wp-json\/wp\/v2\/media?parent=119"}],"wp:term":[{"taxonomy":"category","embeddable":true,"href":"https:\/\/semmelweis.hu\/gazdalkodas-kfi\/wp-json\/wp\/v2\/categories?post=119"},{"taxonomy":"post_tag","embeddable":true,"href":"https:\/\/semmelweis.hu\/gazdalkodas-kfi\/wp-json\/wp\/v2\/tags?post=119"}],"curies":[{"name":"wp","href":"https:\/\/api.w.org\/{rel}","templated":true}]}}