{"id":11732,"date":"2026-05-11T09:57:42","date_gmt":"2026-05-11T07:57:42","guid":{"rendered":"https:\/\/semmelweis.hu\/gazdalkodas-kfi\/?page_id=11732"},"modified":"2026-05-11T16:55:33","modified_gmt":"2026-05-11T14:55:33","slug":"efop_plusz-3-1-3","status":"publish","type":"page","link":"https:\/\/semmelweis.hu\/gazdalkodas-kfi\/projekt-segedletek\/projekt-segedletek2\/efop_plusz-3-1-3\/","title":{"rendered":"EFOP_PLUSZ-3.1.3\/TEF"},"content":{"rendered":"<p>Minta dokumentumok<\/p>\n<p><a href=\"https:\/\/semmelweis.hu\/gazdalkodas-kfi\/files\/2026\/05\/program_jelenleti_EFOP_PLUSZ_3.1.3.docx\" target=\"_blank\" rel=\"noopener\">Bels\u0151 egyeztet\u00e9sek, toborz\u00e1s javasolt jelenl\u00e9ti \u00edv mint\u00e1ja<\/a><\/p>\n<p><a href=\"https:\/\/semmelweis.hu\/gazdalkodas-kfi\/files\/2026\/05\/GDPR_EFOP_PLUSZ_3.1.3.docx\" target=\"_blank\" rel=\"noopener\">GDPR \u00e9s adatv\u00e9delmi nyialtkozat sablon<\/a><\/p>\n<p><a href=\"https:\/\/semmelweis.hu\/gazdalkodas-kfi\/files\/2026\/05\/UJ_BELEPO_MINTA-JELENLETI_2026_EFOP_PLUSZ_3.1.3.xlsx\" target=\"_blank\" rel=\"noopener\">\u00daj bel\u00e9p\u0151 munkaid\u0151 nyilv\u00e1ntart\u00e1s minta (jelenl\u00e9ti \u00edv)<\/a><\/p>\n<p><a href=\"https:\/\/semmelweis.hu\/gazdalkodas-kfi\/files\/2026\/05\/MINTA-JELENLETI_2026_EFOP_PLUSZ_3.1.3.xlsx\" target=\"_blank\" rel=\"noopener\"> A projekt v\u00e9grehajt\u00e1sban k\u00f6zrem\u0171k\u00f6d\u0151k munkaid\u0151-nyilv\u00e1ntart\u00e1sa (jelenl\u00e9ti \u00edv)<\/a><\/p>\n<p><a href=\"https:\/\/semmelweis.hu\/gazdalkodas-kfi\/files\/2026\/05\/SZTP_levelpapir_szerkesztheto_color.docx\" target=\"_blank\" rel=\"noopener\">Info blokkal el\u00e1tott lev\u00e9lpap\u00edr (SZTP sablon)<\/a><\/p>\n","protected":false},"excerpt":{"rendered":"<p>Minta dokumentumok<br \/>\n<a href=\"https:\/\/semmelweis.hu\/gazdalkodas-kfi\/files\/2026\/05\/program_jelenleti_EFOP_PLUSZ_3.1.3.docx\" target=\"_blank\" rel=\"noopener\">Bels\u0151 egyeztet\u00e9sek, toborz\u00e1s javasolt jelenl\u00e9ti \u00edv mint\u00e1ja<\/a><br \/>\n<a href=\"https:\/\/semmelweis.hu\/gazdalkodas-kfi\/files\/2026\/05\/GDPR_EFOP_PLUSZ_3.1.3.docx\" target=\"_blank\" rel=\"noopener\">GDPR \u00e9s adatv\u00e9delmi nyialtkozat sablon<\/a><br \/>\n<a href=\"https:\/\/semmelweis.hu\/gazdalkodas-kfi\/files\/2026\/05\/UJ_BELEPO_MINTA-JELENLETI_2026_EFOP_PLUSZ_3.1.3.xlsx\" target=\"_blank\" rel=\"noopener\">\u00daj bel\u00e9p\u0151 munkaid\u0151 nyilv\u00e1ntart\u00e1s minta (jelenl\u00e9ti \u00edv)<\/a><br \/>\n<a href=\"https:\/\/semmelweis.hu\/gazdalkodas-kfi\/files\/2026\/05\/MINTA-JELENLETI_2026_EFOP_PLUSZ_3.1.3.xlsx\" target=\"_blank\" rel=\"noopener\"> A projekt v\u00e9grehajt\u00e1sban k\u00f6zrem\u0171k\u00f6d\u0151k munkaid\u0151-nyilv\u00e1ntart\u00e1sa (jelenl\u00e9ti \u00edv)<\/a><br \/>\n<a href=\"https:\/\/semmelweis.hu\/gazdalkodas-kfi\/files\/2026\/05\/SZTP_levelpapir_szerkesztheto_color.docx\" target=\"_blank\" rel=\"noopener\">Info blokkal el\u00e1tott lev\u00e9lpap\u00edr (SZTP sablon)<\/a><\/p>\n","protected":false},"author":102301,"featured_media":0,"parent":11402,"menu_order":4,"comment_status":"closed","ping_status":"closed","template":"","meta":{"_acf_changed":false,"footnotes":""},"categories":[],"tags":[7],"class_list":["post-11732","page","type-page","status-publish","hentry","tag-7"],"acf":[],"_links":{"self":[{"href":"https:\/\/semmelweis.hu\/gazdalkodas-kfi\/wp-json\/wp\/v2\/pages\/11732","targetHints":{"allow":["GET"]}}],"collection":[{"href":"https:\/\/semmelweis.hu\/gazdalkodas-kfi\/wp-json\/wp\/v2\/pages"}],"about":[{"href":"https:\/\/semmelweis.hu\/gazdalkodas-kfi\/wp-json\/wp\/v2\/types\/page"}],"author":[{"embeddable":true,"href":"https:\/\/semmelweis.hu\/gazdalkodas-kfi\/wp-json\/wp\/v2\/users\/102301"}],"replies":[{"embeddable":true,"href":"https:\/\/semmelweis.hu\/gazdalkodas-kfi\/wp-json\/wp\/v2\/comments?post=11732"}],"version-history":[{"count":6,"href":"https:\/\/semmelweis.hu\/gazdalkodas-kfi\/wp-json\/wp\/v2\/pages\/11732\/revisions"}],"predecessor-version":[{"id":11745,"href":"https:\/\/semmelweis.hu\/gazdalkodas-kfi\/wp-json\/wp\/v2\/pages\/11732\/revisions\/11745"}],"up":[{"embeddable":true,"href":"https:\/\/semmelweis.hu\/gazdalkodas-kfi\/wp-json\/wp\/v2\/pages\/11402"}],"wp:attachment":[{"href":"https:\/\/semmelweis.hu\/gazdalkodas-kfi\/wp-json\/wp\/v2\/media?parent=11732"}],"wp:term":[{"taxonomy":"category","embeddable":true,"href":"https:\/\/semmelweis.hu\/gazdalkodas-kfi\/wp-json\/wp\/v2\/categories?post=11732"},{"taxonomy":"post_tag","embeddable":true,"href":"https:\/\/semmelweis.hu\/gazdalkodas-kfi\/wp-json\/wp\/v2\/tags?post=11732"}],"curies":[{"name":"wp","href":"https:\/\/api.w.org\/{rel}","templated":true}]}}