{"id":11671,"date":"2026-04-24T12:23:34","date_gmt":"2026-04-24T10:23:34","guid":{"rendered":"https:\/\/semmelweis.hu\/gazdalkodas-kfi\/?page_id=11671"},"modified":"2026-04-28T15:49:16","modified_gmt":"2026-04-28T13:49:16","slug":"efop_plusz-3-1-3-tef-25-2026-00080-no-az-esely-a-semmelweis-egyetemen","status":"publish","type":"page","link":"https:\/\/semmelweis.hu\/gazdalkodas-kfi\/projektek\/oei-projektek\/operativ-programok-hazai-es-eus-projektek\/efop_plusz-3-1-3-tef-25-2026-00080-no-az-esely-a-semmelweis-egyetemen\/","title":{"rendered":"EFOP_PLUSZ-3.1.3\/TEF-25-2026-00080 | \u201eN\u0151 az es\u00e9ly\u201d a Semmelweis Egyetemen"},"content":{"rendered":"<p><img loading=\"lazy\" decoding=\"async\" class=\"size-medium wp-image-11674 alignleft\" src=\"https:\/\/semmelweis.hu\/gazdalkodas-kfi\/files\/2026\/04\/kedvezmenyezetti-infoblokk-keretes-1-400x120.jpg\" alt=\"\" width=\"400\" height=\"120\" srcset=\"https:\/\/semmelweis.hu\/gazdalkodas-kfi\/files\/2026\/04\/kedvezmenyezetti-infoblokk-keretes-1-400x120.jpg 400w, https:\/\/semmelweis.hu\/gazdalkodas-kfi\/files\/2026\/04\/kedvezmenyezetti-infoblokk-keretes-1-1024x306.jpg 1024w, https:\/\/semmelweis.hu\/gazdalkodas-kfi\/files\/2026\/04\/kedvezmenyezetti-infoblokk-keretes-1-768x230.jpg 768w, https:\/\/semmelweis.hu\/gazdalkodas-kfi\/files\/2026\/04\/kedvezmenyezetti-infoblokk-keretes-1-753x225.jpg 753w, https:\/\/semmelweis.hu\/gazdalkodas-kfi\/files\/2026\/04\/kedvezmenyezetti-infoblokk-keretes-1.jpg 1504w\" sizes=\"auto, (max-width: 400px) 100vw, 400px\" \/><\/p>\n<h4>\u00a0<\/h4>\n<h4>\u00a0<\/h4>\n<h4>\u00a0<\/h4>\n<h4><strong>\u201eN\u0151 az es\u00e9ly\u201d a Semmelweis Egyetemen<\/strong><\/h4>\n<h5 style=\"text-align: justify\">A projekt az Eur\u00f3pai Uni\u00f3 t\u00e1mogat\u00e1s\u00e1val, a magyar \u00e1llam t\u00e1rsfinansz\u00edroz\u00e1s\u00e1val val\u00f3sul meg a Sz\u00e9chenyi Terv Plusz program keret\u00e9ben.<\/h5>\n<ul style=\"list-style-type: square\">\n<li><strong>V\u00e9gs\u0151 kedvezm\u00e9nyezett:<\/strong> Semmelweis Egyetem<\/li>\n<li><strong>Projekt azonos\u00edt\u00f3 sz\u00e1ma: <\/strong>EFOP_PLUSZ-3.1.3\/TEF-25-2026-00080<\/li>\n<li><strong>A fejleszt\u00e9s t\u00e1rgya<\/strong>: \u201eN\u0151 az es\u00e9ly\u201d a Semmelweis Egyetemen<\/li>\n<li><strong>Szerz\u0151d\u00f6tt t\u00e1mogat\u00e1s \u00f6sszege: <\/strong>107\u00a0969\u00a0882 Ft<\/li>\n<li><strong>T\u00e1mogat\u00e1s intenzit\u00e1sa:<\/strong> 100%<\/li>\n<li><strong>Projekt megval\u00f3s\u00edt\u00e1s\u00e1nak kezdete:<\/strong> 2026.04.01<\/li>\n<li><strong>Projekt tervezett fizikai befejez\u00e9se:<\/strong> 2028.03.31<\/li>\n<\/ul>\n<h5 style=\"text-align: justify\">A fejleszt\u00e9s t\u00e1rgya<\/h5>\n<p style=\"text-align: justify\" data-start=\"138\" data-end=\"495\">A projekt c\u00e9lja, hogy el\u0151seg\u00edtse a c\u00e9lcsoportba tartoz\u00f3 szem\u00e9lyek munkaer\u0151piaci integr\u00e1ci\u00f3j\u00e1t eg\u00e9szs\u00e9g\u00fcgyi int\u00e9zm\u00e9nyi k\u00f6rnyezetben, t\u00e1mogatott foglalkoztat\u00e1s keret\u00e9ben, a T\u00e1rsadalmi Es\u00e9lyteremt\u00e9si F\u0151igazgat\u00f3s\u00e1ggal (TEF) szoros egy\u00fcttm\u0171k\u00f6d\u00e9sben. A megval\u00f3s\u00edt\u00e1s k\u00f6z\u00e9ppontj\u00e1ban a tart\u00f3s foglalkoztathat\u00f3s\u00e1g biztos\u00edt\u00e1sa, a szakmai kompetenci\u00e1k fejleszt\u00e9se \u00e9s a munkav\u00e1llal\u00f3k hossz\u00fa t\u00e1v\u00fa megtart\u00e1sa \u00e1ll.<\/p>\n<p style=\"text-align: justify\" data-start=\"497\" data-end=\"938\">A projekt olyan ell\u00e1t\u00e1si ter\u00fcletekre f\u00f3kusz\u00e1l, ahol a belgy\u00f3gy\u00e1szati \u00e9s geri\u00e1triai fekv\u0151beteg-oszt\u00e1lyok nagy l\u00e9tsz\u00e1m\u00fa, kr\u00f3nikus betegs\u00e9gekkel \u00e9l\u0151, gyakran id\u0151s \u00e9s korl\u00e1tozott mozg\u00e1sk\u00e9pess\u00e9g\u0171 betegeket l\u00e1tnak el. Ezeken az oszt\u00e1lyokon az \u00e1pol\u00f3szem\u00e9lyzet jelent\u0151s fizikai, ment\u00e1lis \u00e9s adminisztrat\u00edv terhel\u00e9s alatt dolgozik, mik\u00f6zben a rendelkez\u00e9sre \u00e1ll\u00f3 hum\u00e1ner\u0151forr\u00e1s cs\u00f6kken\u0151 tendenci\u00e1t mutat. A projekt erre a kih\u00edv\u00e1sra ad c\u00e9lzott v\u00e1laszt.<\/p>\n<h5 style=\"text-align: justify\">Projekt bemutat\u00e1sa<\/h5>\n<p data-start=\"990\" data-end=\"1225\">A projekt megval\u00f3s\u00edt\u00e1sa sor\u00e1n a Semmelweis Egyetem folyamatosan egy\u00fcttm\u0171k\u00f6dik aT\u00e1rsadalmi Es\u00e9lyteremt\u00e9si F\u0151igazgat\u00f3s\u00e1ggal (a tov\u00e1bbiakban: TEF) a c\u00e9lcsoporttagok kiv\u00e1laszt\u00e1s\u00e1ban.<\/p>\n<p data-start=\"1227\" data-end=\"1423\">A program keret\u00e9ben \u00f6sszesen 8 f\u0151\u00a0 foglalkoztat\u00e1sa val\u00f3sul meg, nemek szerinti megoszl\u00e1sban 6 f\u0151 n\u0151 \u00e9s 2 f\u0151 f\u00e9rfi. A foglalkoztat\u00e1s az al\u00e1bbi int\u00e9zm\u00e9nyekben \u00e9s munkak\u00f6r\u00f6kben t\u00f6rt\u00e9nik a tervek szerint:<\/p>\n<ul data-start=\"1425\" data-end=\"1738\">\n<li data-section-id=\"dfce46\" data-start=\"1425\" data-end=\"1506\">Geri\u00e1triai Klinika \u00e9s \u00c1pol\u00e1studom\u00e1nyi K\u00f6zpont: 2 f\u0151 (n\u0151) \u2013 k\u00e9pzett seg\u00e9d\u00e1pol\u00f3<\/li>\n<li data-section-id=\"1b8vc77\" data-start=\"1507\" data-end=\"1579\">Belgy\u00f3gy\u00e1szati \u00e9s Onkol\u00f3giai Klinika: 2 f\u0151 (n\u0151) \u2013 k\u00e9pzett seg\u00e9d\u00e1pol\u00f3<\/li>\n<li data-section-id=\"mn7ykc\" data-start=\"1580\" data-end=\"1654\">Belgy\u00f3gy\u00e1szati \u00e9s Hematol\u00f3giai Klinika: 2 f\u0151 (n\u0151) \u2013 k\u00e9pzett seg\u00e9d\u00e1pol\u00f3<\/li>\n<li data-section-id=\"17focyj\" data-start=\"1655\" data-end=\"1738\">\u00c1pol\u00e1svezet\u00e9si \u00e9s Szakdolgoz\u00f3i Oktat\u00e1si Igazgat\u00f3s\u00e1g: 2 f\u0151 (f\u00e9rfi) \u2013 betegk\u00eds\u00e9r\u0151<\/li>\n<\/ul>\n<p style=\"text-align: justify\" data-start=\"1740\" data-end=\"2091\">A c\u00e9lcsoporttagok foglalkoztat\u00e1sa a\u00a0 16 h\u00f3nap t\u00e1mogatott foglalkoztat\u00e1si id\u0151szakot k\u00f6vet\u0151en tov\u00e1bbi 8 h\u00f3nap\u00a0 tov\u00e1bbfoglalkoztat\u00e1s val\u00f3sul meg, v\u00e1ltozatlan felt\u00e9telek mellett.\u00a0<\/p>\n<p style=\"text-align: justify\" data-start=\"2093\" data-end=\"2561\">A projekt sor\u00e1n a seg\u00e9d\u00e1pol\u00f3k \u00e9s betegk\u00eds\u00e9r\u0151k akt\u00edvan hozz\u00e1j\u00e1rulnak a betegell\u00e1t\u00e1s hat\u00e9konys\u00e1g\u00e1nak n\u00f6vel\u00e9s\u00e9hez. A seg\u00e9d\u00e1pol\u00f3k t\u00e1mogatj\u00e1k az alap\u00e1pol\u00e1si feladatok ell\u00e1t\u00e1s\u00e1t \u2013 p\u00e9ld\u00e1ul a betegmozgat\u00e1st, \u00e9tkeztet\u00e9sben val\u00f3 seg\u00edts\u00e9gny\u00fajt\u00e1st \u00e9s higi\u00e9n\u00e9s ell\u00e1t\u00e1st \u2013, ez\u00e1ltal tehermentes\u00edtik a szakk\u00e9pzett \u00e1pol\u00f3kat. Ennek k\u00f6sz\u00f6nhet\u0151en a szak\u00e1pol\u00f3k nagyobb hangs\u00falyt tudnak helyezni a magasabb szint\u0171 szakmai feladatokra, mint a gy\u00f3gyszerel\u00e9s, inf\u00fazi\u00f3s ter\u00e1pia vagy sebkezel\u00e9s.<\/p>\n<p style=\"text-align: justify\" data-start=\"2563\" data-end=\"2925\">A meger\u0151s\u00edtett jelenl\u00e9t jav\u00edtja a betegfel\u00fcgyelet min\u0151s\u00e9g\u00e9t is: gyorsabb reakci\u00f3id\u0151 biztos\u00edtott a h\u00edv\u00f3jelz\u00e9sekre, cs\u00f6kken az eles\u00e9sek kock\u00e1zata, valamint rendszeresebb\u00e9 v\u00e1lik a fekv\u0151betegek mozgat\u00e1sa, ami hozz\u00e1j\u00e1rul a sz\u00f6v\u0151dm\u00e9nyek megel\u0151z\u00e9s\u00e9hez. A seg\u00e9d\u00e1pol\u00f3k \u00e9s betegk\u00eds\u00e9r\u0151k jelenl\u00e9te emellett n\u00f6veli a betegek biztons\u00e1g\u00e9rzet\u00e9t \u00e9s cs\u00f6kkenti az elszigetelts\u00e9get.<\/p>\n<p style=\"text-align: justify\" data-start=\"2927\" data-end=\"3234\">A betegk\u00eds\u00e9r\u0151k biztos\u00edtj\u00e1k a betegek vizsg\u00e1latokra \u00e9s beavatkoz\u00e1sokra t\u00f6rt\u00e9n\u0151 eljut\u00e1s\u00e1t, folyamatosan figyelemmel k\u00eds\u00e9rik \u00e1llapotukat, \u00e9s t\u00e1mogat\u00f3 jelenl\u00e9t\u00fckkel seg\u00edtik a betegek megnyugtat\u00e1s\u00e1t. A projekt keret\u00e9ben megval\u00f3sul\u00f3 szakmai t\u00e1mogat\u00e1s hozz\u00e1j\u00e1rul a sz\u00fcks\u00e9ges k\u00e9szs\u00e9gek \u00e9s attit\u0171d\u00f6k meger\u0151s\u00edt\u00e9s\u00e9hez.<\/p>\n<p data-start=\"3236\" data-end=\"3495\">A c\u00e9lcsoporttagok beilleszked\u00e9s\u00e9t \u00e9s szakmai fejl\u0151d\u00e9s\u00e9t 4 f\u0151 munkahelyi seg\u00edt\u0151 (mentor) t\u00e1mogatja, akik a mindennapi munkav\u00e9gz\u00e9s sor\u00e1n ny\u00fajtanak k\u00f6zvetlen seg\u00edts\u00e9get. A projekt adminisztrat\u00edv feladatainak ell\u00e1t\u00e1s\u00e1t 1 f\u0151 adminisztr\u00e1ci\u00f3s asszisztens biztos\u00edtja.<\/p>\n<p style=\"text-align: justify\" data-start=\"3497\" data-end=\"3790\">A kedvezm\u00e9nyezett a projekt teljes id\u0151tartama alatt eleget tesz a TEF-fel k\u00f6t\u00f6tt t\u00e1mogat\u00f3i okiratban v\u00e1llalt k\u00f6telezetts\u00e9geknek, \u00e9s rendszeres adatszolg\u00e1ltat\u00e1st ny\u00fajt a megval\u00f3s\u00edt\u00e1s nyomon k\u00f6vet\u00e9se \u00e9rdek\u00e9ben. Az egy\u00fcttm\u0171k\u00f6d\u00e9s kiterjed a t\u00e1mogat\u00e1sok \u00e1tl\u00e1that\u00f3 felhaszn\u00e1l\u00e1s\u00e1nak biztos\u00edt\u00e1s\u00e1ra is.<\/p>\n<p style=\"text-align: justify\" data-start=\"3792\" data-end=\"3981\">A projekt megval\u00f3s\u00edt\u00e1sa sor\u00e1n sz\u00fcks\u00e9g eset\u00e9n lakhat\u00e1si t\u00e1mogat\u00e1s biztos\u00edt, ezzel t\u00e1mogatva a c\u00e9lcsoporttagok munkav\u00e1llal\u00e1s\u00e1t \u00e9s hossz\u00fa t\u00e1v\u00fa megtart\u00e1s\u00e1t.<\/p>\n<p><strong>Megval\u00f3s\u00edt\u00e1si helysz\u00ednek:<\/strong><\/p>\n<ul>\n<li><strong>Geri\u00e1triai Klinika \u00e9s \u00c1pol\u00e1studom\u00e1nyi K\u00f6zpont<\/strong>, 1097 Budapest, Gy\u00e1li \u00fat 17-19.<\/li>\n<li><strong>Belgy\u00f3gy\u00e1szati \u00e9s Onkol\u00f3giai Klinika 1083 Budapest<\/strong>, Kor\u00e1nyi S\u00e1ndor u. 2\/a.<\/li>\n<li><strong>Belgy\u00f3gy\u00e1szati \u00e9s Hematol\u00f3giai Klinika 1088 Budapest<\/strong>, Szentkir\u00e1lyi u. 46.<\/li>\n<li><strong>\u00c1pol\u00e1svezet\u00e9si \u00e9s Szakdolgoz\u00f3i Oktat\u00e1si Igazgat\u00f3s\u00e1g<\/strong>, 1091 Budapest \u00dcll\u0151i \u00fat 25.<\/li>\n<\/ul>\n<p>A fejleszt\u00e9s hozz\u00e1j\u00e1rul a betegell\u00e1t\u00e1s sz\u00ednvonal\u00e1nak emel\u00e9s\u00e9hez \u00e9s a hum\u00e1ner\u0151forr\u00e1s hat\u00e9konyabb kihaszn\u00e1l\u00e1s\u00e1hoz.<\/p>\n","protected":false},"excerpt":{"rendered":"<p>\u00a0 \u00a0 \u00a0 \u201eN\u0151 az es\u00e9ly\u201d a Semmelweis Egyetemen A projekt az Eur\u00f3pai Uni\u00f3 t\u00e1mogat\u00e1s\u00e1val, a magyar \u00e1llam t\u00e1rsfinansz\u00edroz\u00e1s\u00e1val val\u00f3sul meg a Sz\u00e9chenyi Terv Plusz program keret\u00e9ben. V\u00e9gs\u0151 kedvezm\u00e9nyezett: Semmelweis Egyetem Projekt azonos\u00edt\u00f3 sz\u00e1ma: EFOP_PLUSZ-3.1.3\/TEF-25-2026-00080 A fejleszt\u00e9s t\u00e1rgya: \u201eN\u0151 az es\u00e9ly\u201d a Semmelweis Egyetemen Szerz\u0151d\u00f6tt t\u00e1mogat\u00e1s \u00f6sszege: 107\u00a0969\u00a0882 Ft T\u00e1mogat\u00e1s intenzit\u00e1sa: 100% Projekt megval\u00f3s\u00edt\u00e1s\u00e1nak kezdete: &hellip;<\/p>\n","protected":false},"author":102301,"featured_media":0,"parent":170,"menu_order":0,"comment_status":"closed","ping_status":"closed","template":"template-fullwidth.php","meta":{"_acf_changed":false,"footnotes":""},"categories":[],"tags":[],"class_list":["post-11671","page","type-page","status-publish","hentry"],"acf":[],"_links":{"self":[{"href":"https:\/\/semmelweis.hu\/gazdalkodas-kfi\/wp-json\/wp\/v2\/pages\/11671","targetHints":{"allow":["GET"]}}],"collection":[{"href":"https:\/\/semmelweis.hu\/gazdalkodas-kfi\/wp-json\/wp\/v2\/pages"}],"about":[{"href":"https:\/\/semmelweis.hu\/gazdalkodas-kfi\/wp-json\/wp\/v2\/types\/page"}],"author":[{"embeddable":true,"href":"https:\/\/semmelweis.hu\/gazdalkodas-kfi\/wp-json\/wp\/v2\/users\/102301"}],"replies":[{"embeddable":true,"href":"https:\/\/semmelweis.hu\/gazdalkodas-kfi\/wp-json\/wp\/v2\/comments?post=11671"}],"version-history":[{"count":10,"href":"https:\/\/semmelweis.hu\/gazdalkodas-kfi\/wp-json\/wp\/v2\/pages\/11671\/revisions"}],"predecessor-version":[{"id":11731,"href":"https:\/\/semmelweis.hu\/gazdalkodas-kfi\/wp-json\/wp\/v2\/pages\/11671\/revisions\/11731"}],"up":[{"embeddable":true,"href":"https:\/\/semmelweis.hu\/gazdalkodas-kfi\/wp-json\/wp\/v2\/pages\/170"}],"wp:attachment":[{"href":"https:\/\/semmelweis.hu\/gazdalkodas-kfi\/wp-json\/wp\/v2\/media?parent=11671"}],"wp:term":[{"taxonomy":"category","embeddable":true,"href":"https:\/\/semmelweis.hu\/gazdalkodas-kfi\/wp-json\/wp\/v2\/categories?post=11671"},{"taxonomy":"post_tag","embeddable":true,"href":"https:\/\/semmelweis.hu\/gazdalkodas-kfi\/wp-json\/wp\/v2\/tags?post=11671"}],"curies":[{"name":"wp","href":"https:\/\/api.w.org\/{rel}","templated":true}]}}