{"id":11641,"date":"2026-02-10T14:29:43","date_gmt":"2026-02-10T13:29:43","guid":{"rendered":"https:\/\/semmelweis.hu\/gazdalkodas-kfi\/?page_id=11641"},"modified":"2026-04-13T11:50:05","modified_gmt":"2026-04-13T09:50:05","slug":"2025-1-2-1-hu-rizont-palyazat","status":"publish","type":"page","link":"https:\/\/semmelweis.hu\/gazdalkodas-kfi\/segedletek\/rektori-kancellari-utasitas\/2025-1-2-1-hu-rizont-palyazat\/","title":{"rendered":"2025-1.2.1-HU-RIZONT p\u00e1ly\u00e1zat"},"content":{"rendered":"<p><a href=\"https:\/\/semmelweis.hu\/jogigfoig\/2025\/05\/14\/e-2-2025-v-13-szamu-rektori-kancellari-utasitas-a-2025-1-2-3-hu-rizont-nemzetkozi-kivalosagi-kutatasi-egyuttmukodesi-program-koltsegeinek-elszamolasi-szabalyairol\/\" target=\"_blank\" rel=\"noopener\">E\/2\/2025. (V. 13.) sz\u00e1m\u00fa rektori-kancell\u00e1ri utas\u00edt\u00e1s a 2025-1.2.3-HU-RIZONT nemzetk\u00f6zi kiv\u00e1l\u00f3s\u00e1gi kutat\u00e1si egy\u00fcttm\u0171k\u00f6d\u00e9si program k\u00f6lts\u00e9geinek elsz\u00e1mol\u00e1si szab\u00e1lyair\u00f3l<\/a><em><br \/>\n<\/em><\/p>\n<p><a href=\"https:\/\/semmelweis.hu\/gazdalkodas-kfi\/files\/2025\/05\/HU-RIZONT2025_koltsegvetes_minta_0513-1.xlsx\" target=\"_blank\" rel=\"noopener\">K\u00f6lts\u00e9gvet\u00e9s_Tervez\u0151_minta2025<\/a><\/p>\n<p><a href=\"https:\/\/semmelweis.hu\/gazdalkodas-kfi\/files\/2025\/05\/E_2025__uta_HU-RIZONT_mell_szolgaltatas_ajanlatkeres_minta2025_HU.docx\" target=\"_blank\" rel=\"noopener\">Szolg\u00e1ltat\u00e1s_aj\u00e1nlatk\u00e9r\u00e9s_minta2025_HU<\/a><\/p>\n<p><a href=\"https:\/\/semmelweis.hu\/gazdalkodas-kfi\/files\/2025\/05\/E_2025__uta_HU-RIZONT_mell_szolgaltatas_ajanlatkeres_minta2025_ENG.docx\" target=\"_blank\" rel=\"noopener\">Szolg\u00e1ltat\u00e1s_aj\u00e1nlatk\u00e9r\u00e9s_minta2025_ENG<\/a><a href=\"https:\/\/semmelweis.hu\/gazdalkodas-kfi\/files\/2025\/05\/HU_RIZONT_PU_GYIK_0519-1.pptx\" target=\"_blank\" rel=\"noopener\">Gyakran Ism\u00e9telt P\u00e9nz\u00fcgyi K\u00e9rd\u00e9sek<\/a><\/p>\n<p>Felh\u00edv\u00e1s: <a href=\"https:\/\/nkfih.gov.hu\/palyazoknak\/nkfi-alap\/hu-rizont-nemzetkozi-kivalosagi-kutatasi-egyuttmukodes-2025-121-hu-rizont\/palyazati-felhivas\" target=\"_blank\" rel=\"noopener\">2025-1.2.1-HU-RIZONT nemzetk\u00f6zi kiv\u00e1l\u00f3s\u00e1gi kutat\u00e1si egy\u00fcttm\u0171k\u00f6d\u00e9si program<\/a>\u00a0<\/p>\n","protected":false},"excerpt":{"rendered":"<p><a href=\"https:\/\/semmelweis.hu\/jogigfoig\/2025\/05\/14\/e-2-2025-v-13-szamu-rektori-kancellari-utasitas-a-2025-1-2-3-hu-rizont-nemzetkozi-kivalosagi-kutatasi-egyuttmukodesi-program-koltsegeinek-elszamolasi-szabalyairol\/\" target=\"_blank\" rel=\"noopener\">E\/2\/2025. (V. 13.) sz\u00e1m\u00fa rektori-kancell\u00e1ri utas\u00edt\u00e1s a 2025-1.2.3-HU-RIZONT nemzetk\u00f6zi kiv\u00e1l\u00f3s\u00e1gi kutat\u00e1si egy\u00fcttm\u0171k\u00f6d\u00e9si program k\u00f6lts\u00e9geinek elsz\u00e1mol\u00e1si szab\u00e1lyair\u00f3l<\/a><\/p>\n<p><a href=\"https:\/\/semmelweis.hu\/gazdalkodas-kfi\/files\/2025\/05\/HU-RIZONT2025_koltsegvetes_minta_0513-1.xlsx\" target=\"_blank\" rel=\"noopener\">K\u00f6lts\u00e9gvet\u00e9s_Tervez\u0151_minta2025<\/a><br \/>\n<a href=\"https:\/\/semmelweis.hu\/gazdalkodas-kfi\/files\/2025\/05\/E_2025__uta_HU-RIZONT_mell_szolgaltatas_ajanlatkeres_minta2025_HU.docx\" target=\"_blank\" rel=\"noopener\">Szolg\u00e1ltat\u00e1s_aj\u00e1nlatk\u00e9r\u00e9s_minta2025_HU<\/a><br \/>\n<a href=\"https:\/\/semmelweis.hu\/gazdalkodas-kfi\/files\/2025\/05\/E_2025__uta_HU-RIZONT_mell_szolgaltatas_ajanlatkeres_minta2025_ENG.docx\" target=\"_blank\" rel=\"noopener\">Szolg\u00e1ltat\u00e1s_aj\u00e1nlatk\u00e9r\u00e9s_minta2025_ENG<\/a><a href=\"https:\/\/semmelweis.hu\/gazdalkodas-kfi\/files\/2025\/05\/HU_RIZONT_PU_GYIK_0519-1.pptx\" target=\"_blank\" rel=\"noopener\">Gyakran Ism\u00e9telt P\u00e9nz\u00fcgyi K\u00e9rd\u00e9sek<\/a><br \/>\nFelh\u00edv\u00e1s: <a href=\"https:\/\/nkfih.gov.hu\/palyazoknak\/nkfi-alap\/hu-rizont-nemzetkozi-kivalosagi-kutatasi-egyuttmukodes-2025-121-hu-rizont\/palyazati-felhivas\" target=\"_blank\" rel=\"noopener\">2025-1.2.1-HU-RIZONT nemzetk\u00f6zi kiv\u00e1l\u00f3s\u00e1gi kutat\u00e1si egy\u00fcttm\u0171k\u00f6d\u00e9si program<\/a>\u00a0<\/p>\n","protected":false},"author":102301,"featured_media":0,"parent":11438,"menu_order":2,"comment_status":"closed","ping_status":"closed","template":"","meta":{"_acf_changed":false,"footnotes":""},"categories":[],"tags":[],"class_list":["post-11641","page","type-page","status-publish","hentry"],"acf":[],"_links":{"self":[{"href":"https:\/\/semmelweis.hu\/gazdalkodas-kfi\/wp-json\/wp\/v2\/pages\/11641","targetHints":{"allow":["GET"]}}],"collection":[{"href":"https:\/\/semmelweis.hu\/gazdalkodas-kfi\/wp-json\/wp\/v2\/pages"}],"about":[{"href":"https:\/\/semmelweis.hu\/gazdalkodas-kfi\/wp-json\/wp\/v2\/types\/page"}],"author":[{"embeddable":true,"href":"https:\/\/semmelweis.hu\/gazdalkodas-kfi\/wp-json\/wp\/v2\/users\/102301"}],"replies":[{"embeddable":true,"href":"https:\/\/semmelweis.hu\/gazdalkodas-kfi\/wp-json\/wp\/v2\/comments?post=11641"}],"version-history":[{"count":1,"href":"https:\/\/semmelweis.hu\/gazdalkodas-kfi\/wp-json\/wp\/v2\/pages\/11641\/revisions"}],"predecessor-version":[{"id":11644,"href":"https:\/\/semmelweis.hu\/gazdalkodas-kfi\/wp-json\/wp\/v2\/pages\/11641\/revisions\/11644"}],"up":[{"embeddable":true,"href":"https:\/\/semmelweis.hu\/gazdalkodas-kfi\/wp-json\/wp\/v2\/pages\/11438"}],"wp:attachment":[{"href":"https:\/\/semmelweis.hu\/gazdalkodas-kfi\/wp-json\/wp\/v2\/media?parent=11641"}],"wp:term":[{"taxonomy":"category","embeddable":true,"href":"https:\/\/semmelweis.hu\/gazdalkodas-kfi\/wp-json\/wp\/v2\/categories?post=11641"},{"taxonomy":"post_tag","embeddable":true,"href":"https:\/\/semmelweis.hu\/gazdalkodas-kfi\/wp-json\/wp\/v2\/tags?post=11641"}],"curies":[{"name":"wp","href":"https:\/\/api.w.org\/{rel}","templated":true}]}}