{"id":11478,"date":"2025-11-04T13:49:29","date_gmt":"2025-11-04T12:49:29","guid":{"rendered":"https:\/\/semmelweis.hu\/gazdalkodas-kfi\/?page_id=11478"},"modified":"2025-11-04T13:49:42","modified_gmt":"2025-11-04T12:49:42","slug":"efop-5-2-6-20-2020-00013-laboratoriumi-kepalkoto-es-funkcionalis-mozgasanalizalo-diagnosztika-innovativ-fejlesztese-az-orszagos-reumatologiai-es-fizioterapias-intezetben","status":"publish","type":"page","link":"https:\/\/semmelweis.hu\/gazdalkodas-kfi\/projektek\/oei-projektek\/operativ-programok-hazai-es-eus-projektek\/efop-5-2-6-20-2020-00013-laboratoriumi-kepalkoto-es-funkcionalis-mozgasanalizalo-diagnosztika-innovativ-fejlesztese-az-orszagos-reumatologiai-es-fizioterapias-intezetben\/","title":{"rendered":"EFOP 5.2.6-20-2020-00013 Laborat\u00f3riumi, k\u00e9palkot\u00f3 \u00e9s funkcion\u00e1lis mozg\u00e1sanaliz\u00e1l\u00f3 diagnosztika innovat\u00edv fejleszt\u00e9se az Orsz\u00e1gos Reumatol\u00f3giai \u00e9s Fizioter\u00e1pi\u00e1s Int\u00e9zetben"},"content":{"rendered":"<h5><img loading=\"lazy\" decoding=\"async\" class=\"size-medium wp-image-10833 alignright\" src=\"https:\/\/semmelweis.hu\/gazdalkodas-kfi\/files\/2024\/07\/infoblokk_kedv_final_felso_cmyk_ESZA-1-400x276.jpg\" alt=\"\" width=\"400\" height=\"276\" srcset=\"https:\/\/semmelweis.hu\/gazdalkodas-kfi\/files\/2024\/07\/infoblokk_kedv_final_felso_cmyk_ESZA-1-400x276.jpg 400w, https:\/\/semmelweis.hu\/gazdalkodas-kfi\/files\/2024\/07\/infoblokk_kedv_final_felso_cmyk_ESZA-1-1024x708.jpg 1024w, https:\/\/semmelweis.hu\/gazdalkodas-kfi\/files\/2024\/07\/infoblokk_kedv_final_felso_cmyk_ESZA-1-768x531.jpg 768w, https:\/\/semmelweis.hu\/gazdalkodas-kfi\/files\/2024\/07\/infoblokk_kedv_final_felso_cmyk_ESZA-1-175x120.jpg 175w, https:\/\/semmelweis.hu\/gazdalkodas-kfi\/files\/2024\/07\/infoblokk_kedv_final_felso_cmyk_ESZA-1-753x520.jpg 753w, https:\/\/semmelweis.hu\/gazdalkodas-kfi\/files\/2024\/07\/infoblokk_kedv_final_felso_cmyk_ESZA-1.jpg 1453w\" sizes=\"auto, (max-width: 400px) 100vw, 400px\" \/><\/h5>\n<h5>\u00a0<\/h5>\n<h5>\u00a0<\/h5>\n<h5>\u00a0<\/h5>\n<h5>\u00a0<\/h5>\n<h5>\u00a0<\/h5>\n<h5>\u00a0<\/h5>\n<h5>\u00a0<\/h5>\n<h5>Laborat\u00f3riumi, k\u00e9palkot\u00f3 \u00e9s funkcion\u00e1lis mozg\u00e1sanaliz\u00e1l\u00f3 diagnosztika innovat\u00edv fejleszt\u00e9se az Orsz\u00e1gos Reumatol\u00f3giai \u00e9s Fizioter\u00e1pi\u00e1s Int\u00e9zetben<\/h5>\n<ul>\n<li><strong>Projekt azonos\u00edt\u00f3 sz\u00e1ma:<\/strong> EFOP 5.2.6-20-2020-00013<\/li>\n<li><strong>T\u00e1mogat\u00e1s \u00f6sszege:<\/strong> 899\u00a0637 718,- Ft<\/li>\n<li><strong>\u00d6sszk\u00f6lts\u00e9g:<\/strong> 1 285 196 747,- Ft<\/li>\n<li><strong>T\u00e1mogat\u00e1s intenzit\u00e1sa:<\/strong> 100%<\/li>\n<li><strong>Projekt megval\u00f3s\u00edt\u00e1s\u00e1nak kezdete:<\/strong> 2021.02.15<\/li>\n<li><strong>Projekt fizikai befejez\u00e9se:<\/strong> 2023.06.30<\/li>\n<li><strong style=\"font-size: 1rem\">Kedvezm\u00e9nyezette: Semmelweis Egyetem <\/strong><span style=\"font-size: 1rem\">az Orsz\u00e1gos Reumatol\u00f3giai \u00e9s Fizioter\u00e1pi\u00e1s Int\u00e9zet jogszab\u00e1lyi kijel\u0151l\u00e9se nyom\u00e1n<\/span><strong style=\"font-size: 1rem\">\u00a0<\/strong><\/li>\n<\/ul>\n<h5>A Projekt r\u00f6vid bemutat\u00e1sa<\/h5>\n<p>Az autoimmun reumatol\u00f3giai betegs\u00e9gek XXI. sz\u00e1zadi laborat\u00f3riumi diagnosztik\u00e1ja Magyarorsz\u00e1gon m\u00e9g nem val\u00f3sult meg, \u00e9s nem hozz\u00e1f\u00e9rhet\u0151 a medd\u0151s\u00e9get gyakran okoz\u00f3 immunol\u00f3giai k\u00f3rk\u00e9pek naprak\u00e9sz kivizsg\u00e1l\u00e1sa sem. Ide tartoznak az egyes betegs\u00e9gek mint\u00e1zat\u00e1nak automatikus felismer\u00e9s\u00e9n alapul\u00f3 immunfluoreszcens (IFA) mikroszk\u00f3pok, a kemilumineszcencia (CIA) elv\u00e9n m\u0171k\u00f6d\u0151 \u00faj k\u00e9sz\u00fcl\u00e9kek, a sejtes immunv\u00e1laszt vizsg\u00e1l\u00f3 speci\u00e1lis \u00e1raml\u00e1scitometria (Cytec), a feh\u00e9rj\u00e9k \u00e9s nukleinsavak elemz\u00e9s\u00e9ra alkalmas MAGPIX rendszer, \u00e9s a teljes genom szekven\u00e1l\u00e1s\u00e1t elv\u00e9gz\u0151 \u00faj gener\u00e1ci\u00f3s szekven\u00e1l\u00f3k. <br \/>\nA nemzetk\u00f6zileg elterjedt, de haz\u00e1nkban m\u00e9g nem haszn\u00e1lt fenti laborat\u00f3riumi metodik\u00e1k bevezet\u00e9s\u00e9t az automatiz\u00e1lt, a gyorsabb \u00e9s pontosabb diagnosztika, valamint ezeknek a szem\u00e9lyreszabott ter\u00e1pi\u00e1ban \u00e9s a ter\u00e1pia hat\u00e9konys\u00e1ga meg\u00edt\u00e9l\u00e9s\u00e9ben val\u00f3 szerepe adja. Ez ut\u00f3bbiak a c\u00e9lzott kezel\u00e9s kiv\u00e1laszt\u00e1s\u00e1val jelent\u0151s k\u00f6lts\u00e9gcs\u00f6kken\u00e9st eredm\u00e9nyezhetnek. C\u00e9lunk a fenti labormetidik\u00e1k Int\u00e9zet\u00fcnkben t\u00f6rt\u00e9n\u0151 bevezet\u00e9se \u00e9s hazai elterjeszt\u00e9se.<\/p>\n<p>A k\u00e9palkot\u00f3 diagnosztika ter\u00fclet\u00e9n a kett\u0151s energi\u00e1j\u00fa CT (Dual Energy CT, DECT) technik\u00e1ja szink\u00f3dol\u00e1ssal, a k\u00f6szv\u00e9nyre jellemz\u0151 h\u00fagysavkrist\u00e1lyok, valamint a CPPD krist\u00e1lyok depoz\u00edci\u00f3j\u00e1t mutatja ki a szervezetben. A funkcion\u00e1lis m\u00e1gneses rezonancia imaging (fMRI) az autoimmun betegs\u00e9gek agyi manifeszt\u00e1ci\u00f3j\u00e1t, illetve a biol\u00f3giai ter\u00e1pia hat\u00e9konys\u00e1g\u00e1t tudja igazolni feln\u0151tt- \u00e9s gyermekkori k\u00f3rk\u00e9pek eset\u00e9n. A zsebben elf\u00e9r\u0151 kism\u00e9ret\u0171 (pocket) ultrahang k\u00e9sz\u00fcl\u00e9kek \u00e1gymelletti diagnosztik\u00e1t tesznek lehet\u0151v\u00e9.<br \/>\nA k\u00e9palkot\u00f3 vizsg\u00e1latok k\u00f6z\u00fcl k\u00fclf\u00f6ld\u00f6n m\u00e1r finansz\u00edrozott DECT vizsg\u00e1lat el\u0151nye, hogy invaz\u00edv beavatkoz\u00e1s n\u00e9lk\u00fcl tudja kimutatni a h\u00fagysav \u00e9s egy\u00e9b krist\u00e1lyokat a mozg\u00e1sszervekben \u00e9s egy\u00e9b helyeken. Az fMRI lehet\u0151s\u00e9get ny\u00fajt az autoimmun betegs\u00e9gekhez t\u00e1rsul\u00f3, m\u00e1sk\u00e9ppen alig diagnosztiz\u00e1lhat\u00f3 szervi, els\u0151sorban agyi, elv\u00e1ltoz\u00e1sok detekt\u00e1l\u00e1s\u00e1ra. A zsebben elf\u00e9r\u0151 ultrahang k\u00e9sz\u00fcl\u00e9kek a s\u00fcrg\u0151ss\u00e9gi reumatol\u00f3gi\u00e1ban \u00edz\u00fcleti \u00e9s egy\u00e9b folyad\u00e9kgy\u00fclemek kimutat\u00e1s\u00e1ban, \u00e9s azok aspir\u00e1l\u00e1s\u00e1ban seg\u00edtenek. C\u00e9lunk a fenti k\u00e9palkot\u00f3 elj\u00e1r\u00e1sok Int\u00e9zet\u00fcnkben t\u00f6rt\u00e9n\u0151 meghonos\u00edt\u00e1sa.<\/p>\n<p>A Nemzeti Mozg\u00e1sszervi Programot ir\u00e1ny\u00edt\u00f3 ORFI kiemelt feladata a k\u00fcl\u00f6nb\u00f6z\u0151 hazai koroszt\u00e1lyok fizikai \u00e1llapot\u00e1nak felm\u00e9r\u00e9se \u00e9s a mozg\u00e1sszervi prevenci\u00f3 elind\u00edt\u00e1sa. Ehhez ad t\u00e1mpontot a mozg\u00e1sanaliz\u00e1l\u00f3 rendszer \u00e9s k\u00e9sz\u00fcl\u00e9k (DIERS) haszn\u00e1lata, mely f\u00e9nyoptikai seg\u00edts\u00e9ggel m\u0171k\u00f6d\u0151 VRS (video raszter sztereogr\u00e1fia) technik\u00e1n alapul. <br \/>\nFunkcion\u00e1lis mozg\u00e1sanaliz\u00e1l\u00f3 k\u00e9sz\u00fcl\u00e9k Magyarorsz\u00e1gon nincs finansz\u00edrozott haszn\u00e1latban. A j\u00f3v\u00e1hagyott nemzeti programban az \u00e1tfog\u00f3 prevenci\u00f3s munka kiz\u00e1r\u00f3lag a k\u00fcl\u00f6nb\u00f6z\u0151 lakoss\u00e1gi korcsoportok fizikai \u00e1llapot\u00e1nak objekt\u00edv felm\u00e9r\u00e9se ut\u00e1n indulhat el, \u00e9s k\u00f6vethet\u0151 nyomon. C\u00e9lunk ezen innovat\u00edv metodika Int\u00e9zeti \u00e9s hazai elterjeszt\u00e9se.<\/p>\n<h5>A projekt kapcsolod\u00f3 dokumentumok, oldalak:<\/h5>\n<p>&nbsp;<\/p>\n","protected":false},"excerpt":{"rendered":"<p>\u00a0 \u00a0 \u00a0 \u00a0 \u00a0 \u00a0 \u00a0 Laborat\u00f3riumi, k\u00e9palkot\u00f3 \u00e9s funkcion\u00e1lis mozg\u00e1sanaliz\u00e1l\u00f3 diagnosztika innovat\u00edv fejleszt\u00e9se az Orsz\u00e1gos Reumatol\u00f3giai \u00e9s Fizioter\u00e1pi\u00e1s Int\u00e9zetben Projekt azonos\u00edt\u00f3 sz\u00e1ma: EFOP 5.2.6-20-2020-00013 T\u00e1mogat\u00e1s \u00f6sszege: 899\u00a0637 718,- Ft \u00d6sszk\u00f6lts\u00e9g: 1 285 196 747,- Ft T\u00e1mogat\u00e1s intenzit\u00e1sa: 100% Projekt megval\u00f3s\u00edt\u00e1s\u00e1nak kezdete: 2021.02.15 Projekt fizikai befejez\u00e9se: 2023.06.30 Kedvezm\u00e9nyezette: Semmelweis Egyetem az Orsz\u00e1gos Reumatol\u00f3giai \u00e9s &hellip;<\/p>\n","protected":false},"author":102301,"featured_media":0,"parent":170,"menu_order":6,"comment_status":"closed","ping_status":"closed","template":"","meta":{"_acf_changed":false,"footnotes":""},"categories":[],"tags":[],"class_list":["post-11478","page","type-page","status-publish","hentry"],"acf":[],"_links":{"self":[{"href":"https:\/\/semmelweis.hu\/gazdalkodas-kfi\/wp-json\/wp\/v2\/pages\/11478","targetHints":{"allow":["GET"]}}],"collection":[{"href":"https:\/\/semmelweis.hu\/gazdalkodas-kfi\/wp-json\/wp\/v2\/pages"}],"about":[{"href":"https:\/\/semmelweis.hu\/gazdalkodas-kfi\/wp-json\/wp\/v2\/types\/page"}],"author":[{"embeddable":true,"href":"https:\/\/semmelweis.hu\/gazdalkodas-kfi\/wp-json\/wp\/v2\/users\/102301"}],"replies":[{"embeddable":true,"href":"https:\/\/semmelweis.hu\/gazdalkodas-kfi\/wp-json\/wp\/v2\/comments?post=11478"}],"version-history":[{"count":1,"href":"https:\/\/semmelweis.hu\/gazdalkodas-kfi\/wp-json\/wp\/v2\/pages\/11478\/revisions"}],"predecessor-version":[{"id":11479,"href":"https:\/\/semmelweis.hu\/gazdalkodas-kfi\/wp-json\/wp\/v2\/pages\/11478\/revisions\/11479"}],"up":[{"embeddable":true,"href":"https:\/\/semmelweis.hu\/gazdalkodas-kfi\/wp-json\/wp\/v2\/pages\/170"}],"wp:attachment":[{"href":"https:\/\/semmelweis.hu\/gazdalkodas-kfi\/wp-json\/wp\/v2\/media?parent=11478"}],"wp:term":[{"taxonomy":"category","embeddable":true,"href":"https:\/\/semmelweis.hu\/gazdalkodas-kfi\/wp-json\/wp\/v2\/categories?post=11478"},{"taxonomy":"post_tag","embeddable":true,"href":"https:\/\/semmelweis.hu\/gazdalkodas-kfi\/wp-json\/wp\/v2\/tags?post=11478"}],"curies":[{"name":"wp","href":"https:\/\/api.w.org\/{rel}","templated":true}]}}