{"id":11441,"date":"2025-10-01T16:46:19","date_gmt":"2025-10-01T14:46:19","guid":{"rendered":"https:\/\/semmelweis.hu\/gazdalkodas-kfi\/?page_id=11441"},"modified":"2026-02-10T14:28:44","modified_gmt":"2026-02-10T13:28:44","slug":"2024-1-2-3-hu-rizont-palyazast-segito-dokuemntumok","status":"publish","type":"page","link":"https:\/\/semmelweis.hu\/gazdalkodas-kfi\/segedletek\/rektori-kancellari-utasitas\/2024-1-2-3-hu-rizont-palyazast-segito-dokuemntumok\/","title":{"rendered":"2024-1.2.3-HU-RIZONT p\u00e1ly\u00e1zat"},"content":{"rendered":"<h5>\u00a0<\/h5>\n<p><a href=\"https:\/\/semmelweis.hu\/gazdalkodas-kfi\/files\/2024\/06\/2024_1.2.3_HU_RIZONT_rektori_kancellari_utasitas.pdf\" target=\"_blank\" rel=\"noopener\">Rektori-kancellari utas\u00edt\u00e1s<\/a><br \/>\n<a href=\"https:\/\/semmelweis.hu\/gazdalkodas-kfi\/files\/2024\/06\/2024_1.2.3_HU_RIZONT_rektori_kancellari_utasitas_1HU_melleklet.pdf\" target=\"_blank\" rel=\"noopener\">\u00c1raj\u00e1nlat k\u00e9r\u00e9s minta 1\/a. sz. rektori-kancellari utas\u00edt\u00e1s mell\u00e9klete<\/a><br \/>\n<a href=\"https:\/\/semmelweis.hu\/gazdalkodas-kfi\/files\/2024\/06\/2024_1.2.3_HU_RIZONT_rektori_kancellari_utasitas_1EN_melleklet.pdf\" target=\"_blank\" rel=\"noopener\">\u00c1raj\u00e1nlat k\u00e9r\u00e9s minta angol nyelven 1\/b. sz. rektori-kancellari utas\u00edt\u00e1s mell\u00e9klete<\/a><br \/>\n<a href=\"https:\/\/semmelweis.hu\/gazdalkodas-kfi\/files\/2024\/06\/PKHI_HU_rizont_szakmai_penzugyi_osszefoglalo.pptx\" target=\"_blank\" rel=\"noopener\">2024-1.2.3-HU-RIZONT szakmai \u00e9s p\u00e9nz\u00fcgyi \u00f6sszefoglal\u00f3<\/a><\/p>\n<p>Felh\u00edv\u00e1s: <a href=\"https:\/\/nkfih.gov.hu\/palyazoknak\/nkfi-alap\/hu-rizont-nemzetkozi-kivalosagi-kutatasi-egyuttmukodes-2024-123-hu-rizont\/palyazati-felhivas\" target=\"_blank\" rel=\"noopener\">2024-1.2.3-HU-RIZONT<\/a><\/p>\n","protected":false},"excerpt":{"rendered":"<p>\u00a0<br \/>\n<a href=\"https:\/\/semmelweis.hu\/gazdalkodas-kfi\/files\/2024\/06\/2024_1.2.3_HU_RIZONT_rektori_kancellari_utasitas.pdf\" target=\"_blank\" rel=\"noopener\">Rektori-kancellari utas\u00edt\u00e1s<\/a><br \/>\n<a href=\"https:\/\/semmelweis.hu\/gazdalkodas-kfi\/files\/2024\/06\/2024_1.2.3_HU_RIZONT_rektori_kancellari_utasitas_1HU_melleklet.pdf\" target=\"_blank\" rel=\"noopener\">\u00c1raj\u00e1nlat k\u00e9r\u00e9s minta 1\/a. sz. rektori-kancellari utas\u00edt\u00e1s mell\u00e9klete<\/a><br \/>\n<a href=\"https:\/\/semmelweis.hu\/gazdalkodas-kfi\/files\/2024\/06\/2024_1.2.3_HU_RIZONT_rektori_kancellari_utasitas_1EN_melleklet.pdf\" target=\"_blank\" rel=\"noopener\">\u00c1raj\u00e1nlat k\u00e9r\u00e9s minta angol nyelven 1\/b. sz. rektori-kancellari utas\u00edt\u00e1s mell\u00e9klete<\/a><br \/>\n<a href=\"https:\/\/semmelweis.hu\/gazdalkodas-kfi\/files\/2024\/06\/PKHI_HU_rizont_szakmai_penzugyi_osszefoglalo.pptx\" target=\"_blank\" rel=\"noopener\">2024-1.2.3-HU-RIZONT szakmai \u00e9s p\u00e9nz\u00fcgyi \u00f6sszefoglal\u00f3<\/a><br \/>\nFelh\u00edv\u00e1s: <a href=\"https:\/\/nkfih.gov.hu\/palyazoknak\/nkfi-alap\/hu-rizont-nemzetkozi-kivalosagi-kutatasi-egyuttmukodes-2024-123-hu-rizont\/palyazati-felhivas\" target=\"_blank\" rel=\"noopener\">2024-1.2.3-HU-RIZONT<\/a><\/p>\n","protected":false},"author":102156,"featured_media":0,"parent":11438,"menu_order":2,"comment_status":"closed","ping_status":"closed","template":"","meta":{"_acf_changed":false,"footnotes":""},"categories":[],"tags":[],"class_list":["post-11441","page","type-page","status-publish","hentry"],"acf":[],"_links":{"self":[{"href":"https:\/\/semmelweis.hu\/gazdalkodas-kfi\/wp-json\/wp\/v2\/pages\/11441","targetHints":{"allow":["GET"]}}],"collection":[{"href":"https:\/\/semmelweis.hu\/gazdalkodas-kfi\/wp-json\/wp\/v2\/pages"}],"about":[{"href":"https:\/\/semmelweis.hu\/gazdalkodas-kfi\/wp-json\/wp\/v2\/types\/page"}],"author":[{"embeddable":true,"href":"https:\/\/semmelweis.hu\/gazdalkodas-kfi\/wp-json\/wp\/v2\/users\/102156"}],"replies":[{"embeddable":true,"href":"https:\/\/semmelweis.hu\/gazdalkodas-kfi\/wp-json\/wp\/v2\/comments?post=11441"}],"version-history":[{"count":5,"href":"https:\/\/semmelweis.hu\/gazdalkodas-kfi\/wp-json\/wp\/v2\/pages\/11441\/revisions"}],"predecessor-version":[{"id":11643,"href":"https:\/\/semmelweis.hu\/gazdalkodas-kfi\/wp-json\/wp\/v2\/pages\/11441\/revisions\/11643"}],"up":[{"embeddable":true,"href":"https:\/\/semmelweis.hu\/gazdalkodas-kfi\/wp-json\/wp\/v2\/pages\/11438"}],"wp:attachment":[{"href":"https:\/\/semmelweis.hu\/gazdalkodas-kfi\/wp-json\/wp\/v2\/media?parent=11441"}],"wp:term":[{"taxonomy":"category","embeddable":true,"href":"https:\/\/semmelweis.hu\/gazdalkodas-kfi\/wp-json\/wp\/v2\/categories?post=11441"},{"taxonomy":"post_tag","embeddable":true,"href":"https:\/\/semmelweis.hu\/gazdalkodas-kfi\/wp-json\/wp\/v2\/tags?post=11441"}],"curies":[{"name":"wp","href":"https:\/\/api.w.org\/{rel}","templated":true}]}}