{"id":11356,"date":"2025-09-15T09:34:11","date_gmt":"2025-09-15T07:34:11","guid":{"rendered":"https:\/\/semmelweis.hu\/gazdalkodas-kfi\/?page_id=11356"},"modified":"2025-09-15T09:59:42","modified_gmt":"2025-09-15T07:59:42","slug":"efop-1-8-0-vekop-17-2017-00001-egeszsegugyi-ellatorendszer-szakmai-modszertani-fejlesztese","status":"publish","type":"page","link":"https:\/\/semmelweis.hu\/gazdalkodas-kfi\/projektek\/oei-projektek\/operativ-programok-hazai-es-eus-projektek\/efop-1-8-0-vekop-17-2017-00001-egeszsegugyi-ellatorendszer-szakmai-modszertani-fejlesztese\/","title":{"rendered":"EFOP-1.8.0-VEKOP-17-2017-00001 | Eg\u00e9szs\u00e9g\u00fcgyi ell\u00e1t\u00f3rendszer szakmai m\u00f3dszertani fejleszt\u00e9se"},"content":{"rendered":"<h4 style=\"text-align: center\"><strong><a href=\"https:\/\/semmelweis.hu\/innovacio\/files\/2019\/10\/infoblokk_kedv_final_felso_cmyk_ESZA.jpg\"><img loading=\"lazy\" decoding=\"async\" class=\"alignright wp-image-7095 \" src=\"https:\/\/semmelweis.hu\/gazdalkodas-kfi\/files\/2019\/10\/infoblokk_kedv_final_felso_cmyk_ESZA-400x276.jpg\" alt=\"\" width=\"351\" height=\"242\" srcset=\"https:\/\/semmelweis.hu\/gazdalkodas-kfi\/files\/2019\/10\/infoblokk_kedv_final_felso_cmyk_ESZA-400x276.jpg 400w, https:\/\/semmelweis.hu\/gazdalkodas-kfi\/files\/2019\/10\/infoblokk_kedv_final_felso_cmyk_ESZA-1024x708.jpg 1024w, https:\/\/semmelweis.hu\/gazdalkodas-kfi\/files\/2019\/10\/infoblokk_kedv_final_felso_cmyk_ESZA-768x531.jpg 768w, https:\/\/semmelweis.hu\/gazdalkodas-kfi\/files\/2019\/10\/infoblokk_kedv_final_felso_cmyk_ESZA-175x120.jpg 175w, https:\/\/semmelweis.hu\/gazdalkodas-kfi\/files\/2019\/10\/infoblokk_kedv_final_felso_cmyk_ESZA-753x520.jpg 753w, https:\/\/semmelweis.hu\/gazdalkodas-kfi\/files\/2019\/10\/infoblokk_kedv_final_felso_cmyk_ESZA.jpg 1453w\" sizes=\"auto, (max-width: 351px) 100vw, 351px\" \/><\/a><\/strong><\/h4>\n<h4>\u00a0<\/h4>\n<h4>\u00a0<\/h4>\n<h4>\u00a0<\/h4>\n<h4>\u00a0<\/h4>\n<h4>\u00a0<\/h4>\n<h4>Eg\u00e9szs\u00e9g\u00fcgyi ell\u00e1t\u00f3rendszer szakmai m\u00f3dszertani fejleszt\u00e9se<\/h4>\n<ul>\n<li><strong>A kedvezm\u00e9nyezett neve: <\/strong>Nemzeti N\u00e9peg\u00e9szs\u00e9g\u00fcgyi\u00a0\u00e9s Gy\u00f3gyszer\u00e9szeti K\u00f6zpont<\/li>\n<li><strong>Konzorciumi tagok:<\/strong> Semmelweis Egyetem,\u00a0 NISZ Nemzeti Infokommunik\u00e1ci\u00f3s Szolg\u00e1ltat\u00f3 Z\u00e1rtk\u00f6r\u0171en M\u0171k\u00f6d\u0151 R\u00e9szv\u00e9nyt\u00e1rsas\u00e1g, Orsz\u00e1gos K\u00f3rh\u00e1zi F\u0151igazgat\u00f3s\u00e1g, Nemzeti Eg\u00e9szs\u00e9gbiztos\u00edt\u00e1si Alapkezel\u0151, IdomSoft Informatikai Z\u00e1rtk\u00f6r\u0171en M\u0171k\u00f6d\u0151 R\u00e9szv\u00e9nyt\u00e1rsas\u00e1g, \u00c1llami Eg\u00e9szs\u00e9g\u00fcgyi Ell\u00e1t\u00f3 K\u00f6zpont<\/li>\n<li><strong>Projekt azonos\u00edt\u00f3 sz\u00e1ma:<\/strong>EFOP-1.8.0-VEKOP-17-2017-00001<\/li>\n<li><strong>Projekt \u00f6sszk\u00f6lts\u00e9ge: <\/strong>24 757 797 680\u00a0Ft<\/li>\n<li><strong>SE t\u00e1mogat\u00e1si \u00f6sszege:<\/strong> 1 255 461 739 Ft<\/li>\n<li><strong>T\u00e1mogat\u00e1s intenzit\u00e1sa:<\/strong> 100%<\/li>\n<li><strong>Projekt megval\u00f3s\u00edt\u00e1s\u00e1nak kezdete:<\/strong> 2017.06.01.<\/li>\n<li><strong>Projekt fizikai befejez\u00e9se:<\/strong> 2023.12.22.<\/li>\n<li><strong style=\"font-size: 1rem\">Konzorciumi tag: Semmelweis Egyetem\u00a0<\/strong><\/li>\n<\/ul>\n<h5>A Projekt r\u00f6vid bemutat\u00e1sa<\/h5>\n<p>Az EFOP-1.8.0-VEKOP-17-2017-00001 azonos\u00edt\u00f3sz\u00e1m\u00fa, Eg\u00e9szs\u00e9g\u00fcgyi ell\u00e1t\u00f3rendszer szakmai m\u00f3dszertani fejleszt\u00e9se c\u00edm\u0171 kiemelt projekt (tov\u00e1bbiakban: projekt) hat mark\u00e1nsan elk\u00fcl\u00f6n\u00edthet\u0151 ter\u00fcletre (alprojektre) koncentr\u00e1l(t) az al\u00e1bbiak szerint:<\/p>\n<p>A alprojekt: \u201eA n\u00e9peg\u00e9szs\u00e9g\u00fcgyi ell\u00e1t\u00f3rendszer \u00e9s szolg\u00e1ltat\u00e1sok fejleszt\u00e9se\u201d az eg\u00e9szs\u00e9gfejleszt\u00e9si h\u00e1l\u00f3zat ir\u00e1ny\u00edt\u00e1si rendszer\u00e9nek \u00e9s m\u0171k\u00f6d\u00e9si modellj\u00e9nek kialak\u00edt\u00e1s\u00e1ra, az eg\u00e9szs\u00e9gtudatoss\u00e1g fejleszt\u00e9s\u00e9nek m\u00f3dszertani megalapoz\u00e1s\u00e1ra a koragyerekkorban (csal\u00e1dtervez\u00e9st\u0151l a gyermek 6 \u00e9ves kor\u00e1ig), az eg\u00e9szs\u00e9gtudatoss\u00e1g fejleszt\u00e9s\u00e9re a 7-18 \u00e9ves koroszt\u00e1ly r\u00e9sz\u00e9re, a lakoss\u00e1gi ment\u00e1lis eg\u00e9szs\u00e9gtudatoss\u00e1g \u00e9s t\u00e1mogat\u00f3 h\u00e1l\u00f3zat fejleszt\u00e9s\u00e9re j\u00f6tt l\u00e9tre \u00e9s 2020. szeptember 30-\u00e1n lez\u00e1rult. Megval\u00f3s\u00edt\u00f3ja a Nemzeti N\u00e9peg\u00e9szs\u00e9g\u00fcgyi \u00e9s Gy\u00f3gyszer\u00e9szeti K\u00f6zpont (tov\u00e1bbiakban: NNGYK) volt.<\/p>\n<p>B alprojekt: a \u201eLak\u00f3helyk\u00f6zeli eg\u00e9szs\u00e9g\u00fcgyi ell\u00e1t\u00e1s fejleszt\u00e9se\u201d feladatai k\u00f6z\u00f6tt szerepelt az alapell\u00e1t\u00e1s feladat \u00e9s szolg\u00e1ltat\u00e1s rendszer\u00e9nek \u00e1talak\u00edt\u00e1sa, a praxisok m\u0171k\u00f6d\u00e9s modelljeinek (p\u00e9ld\u00e1ul praxisk\u00f6z\u00f6ss\u00e9g) tov\u00e1bbfejleszt\u00e9se, az eg\u00e9szs\u00e9gszervez\u00e9si \u00e9s n\u00e9peg\u00e9szs\u00e9g\u00fcgyi rendszer gyakorlati alkalmaz\u00e1s\u00e1nak kifejleszt\u00e9se, a kr\u00f3nikus, nem fert\u0151z\u0151 betegs\u00e9gek gondoz\u00e1si programjainak m\u00f3dszertani fejleszt\u00e9se, a k\u00e9pz\u00e9si programok megval\u00f3s\u00edt\u00e1sa az eg\u00e9szs\u00e9g\u00fcgyben dolgoz\u00f3 szakemberek sz\u00e1m\u00e1ra, az alapell\u00e1t\u00e1s finansz\u00edroz\u00e1si kereteinek a m\u00f3dszertani fejleszt\u00e9se, az informatikai \u00e9s fizikai infrastrukt\u00fara felt\u00e9telrendszer\u00e9nek el\u0151k\u00e9sz\u00edt\u00e9se. Az alprojekt befejez\u00e9se 2020. szeptember 30., megval\u00f3s\u00edt\u00f3ja az NNGYK volt.<\/p>\n<p>C alprojekt: \u201eA lakoss\u00e1g k\u00f6rnyezeti eredet\u0171 betegs\u00e9gterheihez kapcsol\u00f3d\u00f3 kock\u00e1zatok felm\u00e9r\u00e9se \u00e9s \u00e9rt\u00e9kel\u00e9se\u201d legfontosabb c\u00e9lja az iv\u00f3v\u00edz \u00f3lom expoz\u00edci\u00f3ja, az allerg\u00e9nek betegs\u00e9gterheinek cs\u00f6kkent\u00e9se volt, \u00e9s ugyancsak 2020. szeptember 30-\u00e1n lez\u00e1rult. Megval\u00f3s\u00edt\u00f3ja az NNGYK volt.<\/p>\n<p>D alprojekt: \u201eA betegbiztons\u00e1g fejleszt\u00e9se\u201d konzorciumi form\u00e1ban megval\u00f3sul\u00f3 alprojekt c\u00e9lja a betegbiztons\u00e1g fejleszt\u00e9s\u00e9nek m\u00f3dszertani megalapoz\u00e1sa volt. A konzorcium vezet\u0151je az NNGYK, tagjai az Orsz\u00e1gos K\u00f3rh\u00e1zi F\u0151igazga\u00f3s\u00e1g (tov\u00e1bbiakban: OKF\u0150), a Nemzeti Eg\u00e9szs\u00e9gbiztos\u00edt\u00e1si Alapkezel\u0151 (tov\u00e1bbiakban: NEAK), \u00e9s a Semmelweis Egyetem Eg\u00e9szs\u00e9g\u00fcgyi Menedzserk\u00e9pz\u0151 K\u00f6zpont (tov\u00e1bbiakban: SE EMK), a Nemzeti Infokommunik\u00e1ci\u00f3s Szolg\u00e1ltat\u00f3 Zrt. (tov\u00e1bbiakban: NISZ) \u00e9s az IdomSoft Zrt.<\/p>\n<p>Az alprojekt az NNGYK r\u00e9sz\u00e9r\u0151l lez\u00e1rult 2021. december 31-\u00e9n, ezen alprojekt keret\u00e9n bel\u00fcl ker\u00fclt l\u00e9trehoz\u00e1sa a NETOK Contact Center.<\/p>\n<p>E alprojekt: \u201eA COVID-19 j\u00e1rv\u00e1nyra adott komplex j\u00e1rv\u00e1ny\u00fcgyi \u00e9s klinikai v\u00e1lasz\u201d megval\u00f3s\u00edt\u00f3ja az NNGYK volt, a szakmai munka 2022. december 31-\u00e9n z\u00e1rult. Az E alprojekt keretein bel\u00fcl meghat\u00e1rozott alapkutat\u00e1si t\u00e9m\u00e1k szerint n\u00e9gy munkacsoport ker\u00fclt fel\u00e1ll\u00edt\u00e1sra. E\/1.munkacsoport: COVID-19 \u00faj t\u00edpus\u00fa koronav\u00edrus fert\u0151z\u00e9sek vizsg\u00e1lata epidemiol\u00f3giai, genomikai \u00e9s bioinformatikai m\u00f3dszerekkel, E\/2. munkacsoport: COVID-19 szerol\u00f3giai surveillance, szeroepidemiol\u00f3giai alapkutat\u00e1sok, E\/3. munkacsoport: Ismert \u00e9s \u00faj antivir\u00e1lis hat\u00f3anyagok \u00e9s hordoz\u00f3k vizsg\u00e1lata, E\/4. munkacsoport: K\u00eds\u00e9rleti szint\u0171 COVID-19 ellenes kezel\u00e9sek \u00e9s virol\u00f3giai kutat\u00e1sok.<\/p>\n<p>F alprojekt: \u201eA COVID-19 hum\u00e1nj\u00e1rv\u00e1ny megel\u0151z\u00e9se, illetve k\u00f6vetkezm\u00e9nyeinek elh\u00e1r\u00edt\u00e1sa\u201d.<\/p>\n<p>Az alprojekt keret\u00e9n bel\u00fcl az al\u00e1bbi eszk\u00f6z\u00f6k beszerz\u00e9se, kioszt\u00e1sa \u00e9s be\u00fczemel\u00e9se fog megval\u00f3sulni, Orvostechnol\u00f3giai eszk\u00f6z\u00f6k (Digit\u00e1lis mobil r\u00f6ntgenek els\u0151sorban megyei hat\u00e1sk\u00f6r\u0171 k\u00f3rh\u00e1zakba, S\u00fcrg\u0151ss\u00e9gi ultrahang els\u0151sorban megyei hat\u00e1sk\u00f6r\u0171 k\u00f3rh\u00e1zakba \u00e9s k\u00f3rokoz\u00f3 szerol\u00f3giai vizsg\u00e1lati eszk\u00f6zbeszerz\u00e9s els\u0151sorban megyei hat\u00e1sk\u00f6r\u0171 k\u00f3rh\u00e1zakba. V\u00e9d\u0151felszerel\u00e9sek\/V\u00e9d\u0151eszk\u00f6z\u00f6k, vesz\u00e9lyhelyzeti eszk\u00f6z\u00f6k, eg\u00e9szs\u00e9g\u00fcgyi infokommunik\u00e1ci\u00f3s eszk\u00f6z\u00f6k \u00e9s egy\u00e9b anyagok. Megval\u00f3s\u00edt\u00f3ja az OKF\u0150 \u00e9s az alprojekt z\u00e1r\u00e1sa, a projekt z\u00e1r\u00e1s\u00e1val \u00f6sszhangban, 2023. december 22.<\/p>\n<h5>A projekthez kapcsolod\u00f3 dokumentumok, oldalak:<\/h5>\n<p><a href=\"https:\/\/www.nnk.gov.hu\/index.php\/nnk-projektek\/egeszsegugyi-ellatorendszer-szakmai-modszertani-fejlesztese.html\" target=\"_blank\" rel=\"noopener\">Konzorciumvezet\u0151 oldala<\/a><\/p>\n","protected":false},"excerpt":{"rendered":"<p><a href=\"https:\/\/semmelweis.hu\/innovacio\/files\/2019\/10\/infoblokk_kedv_final_felso_cmyk_ESZA.jpg\"><\/a> \u00a0 \u00a0 \u00a0 \u00a0 \u00a0 Eg\u00e9szs\u00e9g\u00fcgyi ell\u00e1t\u00f3rendszer szakmai m\u00f3dszertani fejleszt\u00e9se A kedvezm\u00e9nyezett neve: Nemzeti N\u00e9peg\u00e9szs\u00e9g\u00fcgyi\u00a0\u00e9s Gy\u00f3gyszer\u00e9szeti K\u00f6zpont Konzorciumi tagok: Semmelweis Egyetem,\u00a0 NISZ Nemzeti Infokommunik\u00e1ci\u00f3s Szolg\u00e1ltat\u00f3 Z\u00e1rtk\u00f6r\u0171en M\u0171k\u00f6d\u0151 R\u00e9szv\u00e9nyt\u00e1rsas\u00e1g, Orsz\u00e1gos K\u00f3rh\u00e1zi F\u0151igazgat\u00f3s\u00e1g, Nemzeti Eg\u00e9szs\u00e9gbiztos\u00edt\u00e1si Alapkezel\u0151, IdomSoft Informatikai Z\u00e1rtk\u00f6r\u0171en M\u0171k\u00f6d\u0151 R\u00e9szv\u00e9nyt\u00e1rsas\u00e1g, \u00c1llami Eg\u00e9szs\u00e9g\u00fcgyi Ell\u00e1t\u00f3 K\u00f6zpont Projekt azonos\u00edt\u00f3 sz\u00e1ma:EFOP-1.8.0-VEKOP-17-2017-00001 Projekt \u00f6sszk\u00f6lts\u00e9ge: 24 757 797 680\u00a0Ft SE t\u00e1mogat\u00e1si \u00f6sszege: &hellip;<\/p>\n","protected":false},"author":102301,"featured_media":0,"parent":170,"menu_order":11,"comment_status":"closed","ping_status":"closed","template":"","meta":{"_acf_changed":false,"footnotes":""},"categories":[],"tags":[],"class_list":["post-11356","page","type-page","status-publish","hentry"],"acf":[],"_links":{"self":[{"href":"https:\/\/semmelweis.hu\/gazdalkodas-kfi\/wp-json\/wp\/v2\/pages\/11356","targetHints":{"allow":["GET"]}}],"collection":[{"href":"https:\/\/semmelweis.hu\/gazdalkodas-kfi\/wp-json\/wp\/v2\/pages"}],"about":[{"href":"https:\/\/semmelweis.hu\/gazdalkodas-kfi\/wp-json\/wp\/v2\/types\/page"}],"author":[{"embeddable":true,"href":"https:\/\/semmelweis.hu\/gazdalkodas-kfi\/wp-json\/wp\/v2\/users\/102301"}],"replies":[{"embeddable":true,"href":"https:\/\/semmelweis.hu\/gazdalkodas-kfi\/wp-json\/wp\/v2\/comments?post=11356"}],"version-history":[{"count":5,"href":"https:\/\/semmelweis.hu\/gazdalkodas-kfi\/wp-json\/wp\/v2\/pages\/11356\/revisions"}],"predecessor-version":[{"id":11363,"href":"https:\/\/semmelweis.hu\/gazdalkodas-kfi\/wp-json\/wp\/v2\/pages\/11356\/revisions\/11363"}],"up":[{"embeddable":true,"href":"https:\/\/semmelweis.hu\/gazdalkodas-kfi\/wp-json\/wp\/v2\/pages\/170"}],"wp:attachment":[{"href":"https:\/\/semmelweis.hu\/gazdalkodas-kfi\/wp-json\/wp\/v2\/media?parent=11356"}],"wp:term":[{"taxonomy":"category","embeddable":true,"href":"https:\/\/semmelweis.hu\/gazdalkodas-kfi\/wp-json\/wp\/v2\/categories?post=11356"},{"taxonomy":"post_tag","embeddable":true,"href":"https:\/\/semmelweis.hu\/gazdalkodas-kfi\/wp-json\/wp\/v2\/tags?post=11356"}],"curies":[{"name":"wp","href":"https:\/\/api.w.org\/{rel}","templated":true}]}}