{"id":11333,"date":"2025-09-02T15:56:08","date_gmt":"2025-09-02T13:56:08","guid":{"rendered":"https:\/\/semmelweis.hu\/gazdalkodas-kfi\/?page_id=11333"},"modified":"2025-09-02T16:02:09","modified_gmt":"2025-09-02T14:02:09","slug":"kehop-5-2-10-16-2016-00010-a-kehop-5-2-10-kodszamu-palyazat-kereteben-energiahatekonysagi-beruhazasok-az-orszagos-orvosi-rehabilitacios-intezet-dolgozoi-szallashelyen","status":"publish","type":"page","link":"https:\/\/semmelweis.hu\/gazdalkodas-kfi\/projektek\/oei-projektek\/operativ-programok-hazai-es-eus-projektek\/kehop-5-2-10-16-2016-00010-a-kehop-5-2-10-kodszamu-palyazat-kereteben-energiahatekonysagi-beruhazasok-az-orszagos-orvosi-rehabilitacios-intezet-dolgozoi-szallashelyen\/","title":{"rendered":"KEHOP-5.2.10-16-2016-00010 | A KEHOP-5.2.10 k\u00f3dsz\u00e1m\u00fa p\u00e1ly\u00e1zat keret\u00e9ben energiahat\u00e9konys\u00e1gi beruh\u00e1z\u00e1sok az Orsz\u00e1gos Orvosi Rehabilit\u00e1ci\u00f3s Int\u00e9zet dolgoz\u00f3i sz\u00e1ll\u00e1shely\u00e9n"},"content":{"rendered":"<h4><img loading=\"lazy\" decoding=\"async\" class=\"size-medium wp-image-10194 alignright\" src=\"https:\/\/semmelweis.hu\/gazdalkodas-kfi\/files\/2023\/07\/kohezios-alap-400x286.png\" alt=\"\" width=\"400\" height=\"286\" srcset=\"https:\/\/semmelweis.hu\/gazdalkodas-kfi\/files\/2023\/07\/kohezios-alap-400x286.png 400w, https:\/\/semmelweis.hu\/gazdalkodas-kfi\/files\/2023\/07\/kohezios-alap-1024x731.png 1024w, https:\/\/semmelweis.hu\/gazdalkodas-kfi\/files\/2023\/07\/kohezios-alap-768x548.png 768w, https:\/\/semmelweis.hu\/gazdalkodas-kfi\/files\/2023\/07\/kohezios-alap-753x538.png 753w, https:\/\/semmelweis.hu\/gazdalkodas-kfi\/files\/2023\/07\/kohezios-alap.png 1391w\" sizes=\"auto, (max-width: 400px) 100vw, 400px\" \/><\/h4>\n<h4>\u00a0<\/h4>\n<p>&nbsp;<\/p>\n<p>&nbsp;<\/p>\n<p>&nbsp;<\/p>\n<p>&nbsp;<\/p>\n<p>&nbsp;<\/p>\n<p>Projekt azonos\u00edt\u00f3 sz\u00e1ma: KEHOP-5.2.10-16-2016-00010<\/p>\n<p>Projekt megnevez\u00e9se: A KEHOP-5.2.10 k\u00f3dsz\u00e1m\u00fa p\u00e1ly\u00e1zat keret\u00e9ben energiahat\u00e9konys\u00e1gi beruh\u00e1z\u00e1sok az Orsz\u00e1gos Orvosi Rehabilit\u00e1ci\u00f3s Int\u00e9zet dolgoz\u00f3i sz\u00e1ll\u00e1shely\u00e9n<\/p>\n<ul style=\"list-style-type: square\">\n<li><strong>Kedvezm\u00e9nyezett: <\/strong>Semmelweis Egyetem<\/li>\n<li><strong>A projekt kezd\u0151 id\u0151pontja:<\/strong> 2016.11.08<\/li>\n<li><strong>A projekt z\u00e1r\u00f3 id\u0151pontja:<\/strong> 2017.11.08<\/li>\n<li><strong>A t\u00e1mogat\u00e1s \u00f6sszege:<\/strong> 83 725 808 Ft<\/li>\n<\/ul>\n<p>Az Orsz\u00e1gos Orvosi Rehabilit\u00e1ci\u00f3s Int\u00e9zet dolgoz\u00f3i sz\u00e1ll\u00e1shely\u00e9nek \u00e9p\u00fclete energetikailag rossz \u00e1llapotban volt, besorol\u00e1sa \u201eHH\u201d kateg\u00f3ri\u00e1ba esett. A KEHOP-5.2.10-16-2016-00010 azonos\u00edt\u00f3 sz\u00e1m\u00fa projekt sor\u00e1n v\u00e9grehajtott munk\u00e1latoknak k\u00f6sz\u00f6nhet\u0151en az \u00e9p\u00fclet \u00f6t kateg\u00f3ri\u00e1val jobb, \u201eCC\u201d energetikai oszt\u00e1lyba ker\u00fclt.<\/p>\n<p>Az energetikai tulajdons\u00e1gok jav\u00edt\u00e1sa \u00e9rdek\u00e9ben h\u0151szigetel\u00e9s ker\u00fclt az \u00e9p\u00fclet homlokzat\u00e1ra \u00e9s a padl\u00e1sf\u00f6d\u00e9mre, a r\u00e9gi ny\u00edl\u00e1sz\u00e1r\u00f3kat korszer\u0171ekre cser\u00e9lt\u00e9k.<\/p>\n<p>A meg\u00fajul\u00f3 energia hasznos\u00edt\u00e1sa \u00e9rdek\u00e9ben a magastet\u0151re napkollektorok ker\u00fcltek, amelyek az \u00e9p\u00fclet haszn\u00e1lati melegv\u00edz-ell\u00e1t\u00e1s\u00e1t seg\u00edtik.<\/p>\n<p>A kor\u00e1bbi, korszer\u0171tlen kaz\u00e1n helyett mostant\u00f3l a n\u0151v\u00e9rsz\u00e1ll\u00f3 \u00e9p\u00fclete az Int\u00e9zet k\u00f6zponti kaz\u00e1nj\u00e1r\u00f3l t\u00e1vh\u0151vezet\u00e9ken kereszt\u00fcl kapja a f\u0171t\u00e9st. Az \u00e9p\u00fcletben a f\u0171t\u0151testeket \u00faj, korszer\u0171 h\u0151szab\u00e1lyz\u00f3 szelepekkel l\u00e1tt\u00e1k el az energiahat\u00e9konys\u00e1g \u00e9s a telep\u00edtett napkollektorok hat\u00e1sfok\u00e1nak maxim\u00e1lis kihaszn\u00e1l\u00e1sa \u00e9rdek\u00e9ben. A beruh\u00e1z\u00e1s f\u0151 elemeit a melegv\u00edz cirkul\u00e1ci\u00f3s h\u00e1l\u00f3zata \u00e9s a korszer\u0171 szell\u0151ztet\u0151 rendszer eg\u00e9sz\u00edtik ki.<\/p>\n<p>A fejleszt\u00e9ssel az \u00e9p\u00fclet energiaig\u00e9nye \u2013 egy\u00fattal az \u00fcvegh\u00e1zhat\u00e1st okoz\u00f3 g\u00e1zok kibocs\u00e1t\u00e1sa \u2013 jelent\u0151sen cs\u00f6kken.<\/p>\n<p>A 103,12 milli\u00f3 Ft \u00f6sszk\u00f6lts\u00e9gvet\u00e9s\u0171 projekt 83,72 milli\u00f3 Ft Eur\u00f3pai Uni\u00f3s t\u00e1mogat\u00e1s seg\u00edts\u00e9g\u00e9vel val\u00f3sult meg.<\/p>\n<h5>A projekt kapcsolod\u00f3 publik\u00e1ci\u00f3i, oldalai:<\/h5>\n<h5>\n<a href=\"https:\/\/semmelweis.hu\/rehabilitaciosklinika\/a-klinikarol\/elnyert-palyazatok\/kehop-5-2-10\/\" target=\"_blank\" rel=\"noopener\">Rehabilit\u00e1ci\u00f3s Klinika<\/a><\/h5>\n","protected":false},"excerpt":{"rendered":"<p>\u00a0 &nbsp; &nbsp; &nbsp; &nbsp; &nbsp; Projekt azonos\u00edt\u00f3 sz\u00e1ma: KEHOP-5.2.10-16-2016-00010 Projekt megnevez\u00e9se: A KEHOP-5.2.10 k\u00f3dsz\u00e1m\u00fa p\u00e1ly\u00e1zat keret\u00e9ben energiahat\u00e9konys\u00e1gi beruh\u00e1z\u00e1sok az Orsz\u00e1gos Orvosi Rehabilit\u00e1ci\u00f3s Int\u00e9zet dolgoz\u00f3i sz\u00e1ll\u00e1shely\u00e9n Kedvezm\u00e9nyezett: Semmelweis Egyetem A projekt kezd\u0151 id\u0151pontja: 2016.11.08 A projekt z\u00e1r\u00f3 id\u0151pontja: 2017.11.08 A t\u00e1mogat\u00e1s \u00f6sszege: 83 725 808 Ft Az Orsz\u00e1gos Orvosi Rehabilit\u00e1ci\u00f3s Int\u00e9zet dolgoz\u00f3i sz\u00e1ll\u00e1shely\u00e9nek \u00e9p\u00fclete energetikailag &hellip;<\/p>\n","protected":false},"author":102301,"featured_media":0,"parent":170,"menu_order":11,"comment_status":"closed","ping_status":"closed","template":"template-fullwidth.php","meta":{"_acf_changed":false,"footnotes":""},"categories":[],"tags":[],"class_list":["post-11333","page","type-page","status-publish","hentry"],"acf":[],"_links":{"self":[{"href":"https:\/\/semmelweis.hu\/gazdalkodas-kfi\/wp-json\/wp\/v2\/pages\/11333","targetHints":{"allow":["GET"]}}],"collection":[{"href":"https:\/\/semmelweis.hu\/gazdalkodas-kfi\/wp-json\/wp\/v2\/pages"}],"about":[{"href":"https:\/\/semmelweis.hu\/gazdalkodas-kfi\/wp-json\/wp\/v2\/types\/page"}],"author":[{"embeddable":true,"href":"https:\/\/semmelweis.hu\/gazdalkodas-kfi\/wp-json\/wp\/v2\/users\/102301"}],"replies":[{"embeddable":true,"href":"https:\/\/semmelweis.hu\/gazdalkodas-kfi\/wp-json\/wp\/v2\/comments?post=11333"}],"version-history":[{"count":2,"href":"https:\/\/semmelweis.hu\/gazdalkodas-kfi\/wp-json\/wp\/v2\/pages\/11333\/revisions"}],"predecessor-version":[{"id":11335,"href":"https:\/\/semmelweis.hu\/gazdalkodas-kfi\/wp-json\/wp\/v2\/pages\/11333\/revisions\/11335"}],"up":[{"embeddable":true,"href":"https:\/\/semmelweis.hu\/gazdalkodas-kfi\/wp-json\/wp\/v2\/pages\/170"}],"wp:attachment":[{"href":"https:\/\/semmelweis.hu\/gazdalkodas-kfi\/wp-json\/wp\/v2\/media?parent=11333"}],"wp:term":[{"taxonomy":"category","embeddable":true,"href":"https:\/\/semmelweis.hu\/gazdalkodas-kfi\/wp-json\/wp\/v2\/categories?post=11333"},{"taxonomy":"post_tag","embeddable":true,"href":"https:\/\/semmelweis.hu\/gazdalkodas-kfi\/wp-json\/wp\/v2\/tags?post=11333"}],"curies":[{"name":"wp","href":"https:\/\/api.w.org\/{rel}","templated":true}]}}