{"id":11059,"date":"2024-12-11T15:23:24","date_gmt":"2024-12-11T14:23:24","guid":{"rendered":"https:\/\/semmelweis.hu\/gazdalkodas-kfi\/?page_id=11059"},"modified":"2025-02-04T10:17:42","modified_gmt":"2025-02-04T09:17:42","slug":"egyetemi-kutatoi-osztondij-program-2024","status":"publish","type":"page","link":"https:\/\/semmelweis.hu\/gazdalkodas-kfi\/projektek\/oei-projektek\/hazai-forrasu-projektek\/egyetemi-kutatoi-osztondij-program-2024\/","title":{"rendered":"Egyetemi Kutat\u00f3i \u00d6szt\u00f6nd\u00edj Program 2024"},"content":{"rendered":"<p>A 2024\/2025-\u00f6s p\u00e1ly\u00e1zati id\u0151szakt\u00f3l kezd\u0151d\u0151en a Nemzeti Kutat\u00e1si, Fejleszt\u00e9si \u00e9s Innov\u00e1ci\u00f3s Hivatal \u00daj Nemzeti Kiv\u00e1l\u00f3s\u00e1g Programja (<a href=\"https:\/\/semmelweis.hu\/innovacio\/palyazat\/kutatashoz-kapcsolodo-projektek\/hazai-forrasu-projektek\/unkp-uj-nemzeti-kivalosag-program\/\" target=\"_blank\" rel=\"noopener\">\u00daNKP<\/a>) \u00e9s Kooperat\u00edv Doktori Programja (<a href=\"https:\/\/semmelweis.hu\/innovacio\/palyazat\/kutatashoz-kapcsolodo-projektek\/hazai-forrasu-projektek\/kooperativ-doktori-program\/\" target=\"_blank\" rel=\"noopener\">KDP<\/a>) <strong>Egyetemi Kutat\u00f3i \u00d6szt\u00f6nd\u00edj Program (EK\u00d6P) <\/strong>\u00e9s <strong>Egyetemi Kutat\u00f3i \u00d6szt\u00f6nd\u00edj Program r\u00e9szek\u00e9nt megval\u00f3sul\u00f3 Kooperat\u00edv Doktori Program\u00a0(EK\u00d6P-KDP)<\/strong>\u00a0n\u00e9ven fut tov\u00e1bb a nemzeti fels\u0151oktat\u00e1si kiv\u00e1l\u00f3s\u00e1gr\u00f3l sz\u00f3l\u00f3 <a href=\"https:\/\/net.jogtar.hu\/jogszabaly?docid=a1300024.kor\" target=\"_blank\" rel=\"noopener\">24\/2013. (II. 5.)<\/a> Korm. rendelet alapj\u00e1n.<\/p>\n<p>Az \u00f6szt\u00f6nd\u00edj programok c\u00e9lja, hogy t\u00e1mogass\u00e1k a hazai kutat\u00f3i \u00e9s alkot\u00f3m\u0171v\u00e9szi ut\u00e1np\u00f3tl\u00e1st, a tudom\u00e1nyos \u00e9s m\u0171v\u00e9szeti p\u00e1ly\u00e1n val\u00f3 elindul\u00e1st, majd p\u00e1ly\u00e1n tart\u00e1st, valamint a kiv\u00e1l\u00f3, fiatal kutat\u00f3k \u00e9s alkot\u00f3k munk\u00e1j\u00e1t.<\/p>\n<style>\n           #page-grid .card-body > .line-clamp-box.excerpt{\n        width: inherit;\n        max-width: inherit;\n        display:flex;\n        min-height: 2.4em;\n        flex-direction: column;\n        justify-content: space-around;\n        background-color: #D6E4EA;\n        min-height: 3.4rem;\n        font-family: \"Montserrat\", sans-serif;\n    }\n\n    #page-grid a:hover .card-body > .line-clamp-box.excerpt {\n        background-color: #fff;\n        color: #313B40;\n    }\n\n    #page-grid .card-body .line-clamp-box.excerpt section{\n        max-width: inherit;\n        display: -webkit-box;\n        -webkit-line-clamp: 2;\n        -webkit-box-orient: vertical;\n        overflow: hidden;\n        text-overflow: ellipsis;\n        hyphens: auto;\n        margin: auto;\n        \n    }\n    .line-clamp-box.excerpt section, .line-clamp-box.excerpt section p{\n        font-size:0.8em;\n    }\n    \n<\/style>\n    <section id=\"page-grid\">\n        \n        <div class=\"row row-cols-1 row-cols-md-2 row-cols-lg-2 no-gutters mx-0 \">    <div class =\"col  mb-2 card-wrapper\">\n        <a class=\"d-flex flex-fill card-link-warapper m-md-1\" href=\"https:\/\/semmelweis.hu\/gazdalkodas-kfi\/projektek\/oei-projektek\/hazai-forrasu-projektek\/egyetemi-kutatoi-osztondij-program-2024\/ekop\/\">\n            <div class=\"card border border-secondary se-border flex-fill\">\n                <div class=\"row no-gutters mx-0 d-flex flex-nowrap flex-md-wrap align-items-center\">\n                    <div class =\"  col-5 col-md-12  d-none  d-md-none d-md-none  bg-image  card-image justify-content-center\">\n                        <img class='wp-post-image img-fluid landscape' src='https:\/\/semmelweis.hu\/gazdalkodas-kfi\/wp-content\/themes\/se18\/dist\/images\/svg\/bg-image.svg' \/>\n                    <\/div>\n                    <div class=\"card-body  col flex-column  col-md-12 p-0\">\n                        <div class=\"line-clamp-box p-3\">\n                            <h5 class=\"ml-0 ml-sm-1 mt-2 align-items-center\"  >Egyetemi Kutat\u00f3i \u00d6szt\u00f6nd\u00edj Program (2024-2.1.1-EK\u00d6P)<\/h5>\n                        <\/div>\n                        \n                    <\/div>\n                <\/div>\n\n            <\/div>\n        <\/a>\n    <\/div>    <div class =\"col  mb-2 card-wrapper\">\n        <a class=\"d-flex flex-fill card-link-warapper m-md-1\" href=\"https:\/\/semmelweis.hu\/gazdalkodas-kfi\/projektek\/oei-projektek\/hazai-forrasu-projektek\/egyetemi-kutatoi-osztondij-program-2024\/ekop-kdp-egyetemi-kutatoi-osztondij-program\/\">\n            <div class=\"card border border-secondary se-border flex-fill\">\n                <div class=\"row no-gutters mx-0 d-flex flex-nowrap flex-md-wrap align-items-center\">\n                    <div class =\"  col-5 col-md-12  d-none  d-md-none d-md-none  bg-image  card-image justify-content-center\">\n                        <img class='wp-post-image img-fluid landscape' src='https:\/\/semmelweis.hu\/gazdalkodas-kfi\/wp-content\/themes\/se18\/dist\/images\/svg\/bg-image.svg' \/>\n                    <\/div>\n                    <div class=\"card-body  col flex-column  col-md-12 p-0\">\n                        <div class=\"line-clamp-box p-3\">\n                            <h5 class=\"ml-0 ml-sm-1 mt-2 align-items-center\"  >Egyetemi Kutat\u00f3i \u00d6szt\u00f6nd\u00edj Program - Kooperat\u00edv Doktori Program (2024-2.1.2-EK\u00d6P-KDP)<\/h5>\n                        <\/div>\n                        \n                    <\/div>\n                <\/div>\n\n            <\/div>\n        <\/a>\n    <\/div>        <\/div>\n    <\/section>\n","protected":false},"excerpt":{"rendered":"<p>A 2024\/2025-\u00f6s p\u00e1ly\u00e1zati id\u0151szakt\u00f3l kezd\u0151d\u0151en a Nemzeti Kutat\u00e1si, Fejleszt\u00e9si \u00e9s Innov\u00e1ci\u00f3s Hivatal \u00daj Nemzeti Kiv\u00e1l\u00f3s\u00e1g Programja ( <a href=\"https:\/\/semmelweis.hu\/innovacio\/palyazat\/kutatashoz-kapcsolodo-projektek\/hazai-forrasu-projektek\/unkp-uj-nemzeti-kivalosag-program\/\" target=\"_blank\" rel=\"noopener\">\u00daNKP<\/a> ) \u00e9s Kooperat\u00edv Doktori Programja ( <a href=\"https:\/\/semmelweis.hu\/innovacio\/palyazat\/kutatashoz-kapcsolodo-projektek\/hazai-forrasu-projektek\/kooperativ-doktori-program\/\" target=\"_blank\" rel=\"noopener\">KDP<\/a> ) Egyetemi Kutat\u00f3i \u00d6szt\u00f6nd\u00edj Program (EK\u00d6P) \u00e9s Egyetemi Kutat\u00f3i \u00d6szt\u00f6nd\u00edj Program r\u00e9szek\u00e9nt megval\u00f3sul\u00f3 Kooperat\u00edv Doktori Program\u00a0(EK\u00d6P-KDP)\u00a0n\u00e9ven fut tov\u00e1bb a nemzeti fels\u0151oktat\u00e1si kiv\u00e1l\u00f3s\u00e1gr\u00f3l sz\u00f3l\u00f3 <a href=\"https:\/\/net.jogtar.hu\/jogszabaly?docid=a1300024.kor\" target=\"_blank\" rel=\"noopener\">24\/2013. (II. 5.)<\/a> Korm. rendelet alapj\u00e1n. Az \u00f6szt\u00f6nd\u00edj programok c\u00e9lja, hogy t\u00e1mogass\u00e1k &hellip;<\/p>\n","protected":false},"author":102156,"featured_media":0,"parent":166,"menu_order":5,"comment_status":"closed","ping_status":"closed","template":"","meta":{"_acf_changed":false,"footnotes":""},"categories":[],"tags":[],"class_list":["post-11059","page","type-page","status-publish","hentry"],"acf":[],"_links":{"self":[{"href":"https:\/\/semmelweis.hu\/gazdalkodas-kfi\/wp-json\/wp\/v2\/pages\/11059","targetHints":{"allow":["GET"]}}],"collection":[{"href":"https:\/\/semmelweis.hu\/gazdalkodas-kfi\/wp-json\/wp\/v2\/pages"}],"about":[{"href":"https:\/\/semmelweis.hu\/gazdalkodas-kfi\/wp-json\/wp\/v2\/types\/page"}],"author":[{"embeddable":true,"href":"https:\/\/semmelweis.hu\/gazdalkodas-kfi\/wp-json\/wp\/v2\/users\/102156"}],"replies":[{"embeddable":true,"href":"https:\/\/semmelweis.hu\/gazdalkodas-kfi\/wp-json\/wp\/v2\/comments?post=11059"}],"version-history":[{"count":5,"href":"https:\/\/semmelweis.hu\/gazdalkodas-kfi\/wp-json\/wp\/v2\/pages\/11059\/revisions"}],"predecessor-version":[{"id":11068,"href":"https:\/\/semmelweis.hu\/gazdalkodas-kfi\/wp-json\/wp\/v2\/pages\/11059\/revisions\/11068"}],"up":[{"embeddable":true,"href":"https:\/\/semmelweis.hu\/gazdalkodas-kfi\/wp-json\/wp\/v2\/pages\/166"}],"wp:attachment":[{"href":"https:\/\/semmelweis.hu\/gazdalkodas-kfi\/wp-json\/wp\/v2\/media?parent=11059"}],"wp:term":[{"taxonomy":"category","embeddable":true,"href":"https:\/\/semmelweis.hu\/gazdalkodas-kfi\/wp-json\/wp\/v2\/categories?post=11059"},{"taxonomy":"post_tag","embeddable":true,"href":"https:\/\/semmelweis.hu\/gazdalkodas-kfi\/wp-json\/wp\/v2\/tags?post=11059"}],"curies":[{"name":"wp","href":"https:\/\/api.w.org\/{rel}","templated":true}]}}