{"id":10875,"date":"2024-09-18T13:40:51","date_gmt":"2024-09-18T11:40:51","guid":{"rendered":"https:\/\/semmelweis.hu\/gazdalkodas-kfi\/?page_id=10875"},"modified":"2025-10-02T13:09:28","modified_gmt":"2025-10-02T11:09:28","slug":"2026-evi-palyazati-bevetel-tervezese","status":"publish","type":"page","link":"https:\/\/semmelweis.hu\/gazdalkodas-kfi\/palyazati-nyilvantartas-2\/2026-evi-palyazati-bevetel-tervezese\/","title":{"rendered":"2026. \u00e9vi p\u00e1ly\u00e1zati bev\u00e9tel tervez\u00e9se"},"content":{"rendered":"<p>A P\u00e1ly\u00e1zati \u00e9s KFI H\u00e1l\u00f3zatir\u00e1ny\u00edt\u00e1si Igazgat\u00f3s\u00e1g \u00e1ltal k\u00e9sz\u00edtett seg\u00e9dletek a 2026. \u00e9v p\u00e9nz\u00fcgyi tervez\u00e9shez:<\/p>\n<p><a href=\"https:\/\/semmelweis.hu\/gazdalkodas-kfi\/files\/2025\/09\/2026.-evi-likvidterv-minta-1.xlsx\" target=\"_blank\" rel=\"noopener\">2026. \u00e9vi likvidterv minta<\/a><\/p>\n<p>SEG\u00c9DLETEK<\/p>\n<p><a href=\"https:\/\/semmelweis.hu\/gazdalkodas-kfi\/files\/2025\/09\/2026-segedlet.pdf\" target=\"_blank\" rel=\"noopener\">2026 seg\u00e9dlet a P\u00e1ly\u00e1zati bev\u00e9teltervez\u00e9shez<\/a><\/p>\n<p><a href=\"https:\/\/semmelweis.hu\/gazdalkodas-kfi\/files\/2025\/10\/Palyazati-beveteli-terv-2026.pptx\" target=\"_blank\" rel=\"noopener\">2026. p\u00e1ly\u00e1zati bev\u00e9teli terv workshop 2025.09.17<\/a><\/p>\n<p><a href=\"https:\/\/semmelweis.hu\/gazdalkodas-kfi\/files\/2025\/10\/Gazd-vez-2026.10.02.pptx\" target=\"_blank\" rel=\"noopener\">Gazdas\u00e1gi vezet\u0151i el\u0151ad\u00e1s 2025.10.02<\/a><\/p>\n","protected":false},"excerpt":{"rendered":"<p>A P\u00e1ly\u00e1zati \u00e9s KFI H\u00e1l\u00f3zatir\u00e1ny\u00edt\u00e1si Igazgat\u00f3s\u00e1g \u00e1ltal k\u00e9sz\u00edtett seg\u00e9dletek a 2026. \u00e9v p\u00e9nz\u00fcgyi tervez\u00e9shez:<br \/>\n<a href=\"https:\/\/semmelweis.hu\/gazdalkodas-kfi\/files\/2025\/09\/2026.-evi-likvidterv-minta-1.xlsx\" target=\"_blank\" rel=\"noopener\">2026. \u00e9vi likvidterv minta<\/a><br \/>\nSEG\u00c9DLETEK<br \/>\n<a href=\"https:\/\/semmelweis.hu\/gazdalkodas-kfi\/files\/2025\/09\/2026-segedlet.pdf\" target=\"_blank\" rel=\"noopener\">2026 seg\u00e9dlet a P\u00e1ly\u00e1zati bev\u00e9teltervez\u00e9shez<\/a><br \/>\n<a href=\"https:\/\/semmelweis.hu\/gazdalkodas-kfi\/files\/2025\/10\/Palyazati-beveteli-terv-2026.pptx\" target=\"_blank\" rel=\"noopener\">2026. p\u00e1ly\u00e1zati bev\u00e9teli terv workshop 2025.09.17<\/a><br \/>\n<a href=\"https:\/\/semmelweis.hu\/gazdalkodas-kfi\/files\/2025\/10\/Gazd-vez-2026.10.02.pptx\" target=\"_blank\" rel=\"noopener\">Gazdas\u00e1gi vezet\u0151i el\u0151ad\u00e1s 2025.10.02<\/a><\/p>\n","protected":false},"author":102301,"featured_media":0,"parent":88,"menu_order":3,"comment_status":"closed","ping_status":"closed","template":"","meta":{"_acf_changed":false,"footnotes":""},"categories":[],"tags":[],"class_list":["post-10875","page","type-page","status-publish","hentry"],"acf":[],"_links":{"self":[{"href":"https:\/\/semmelweis.hu\/gazdalkodas-kfi\/wp-json\/wp\/v2\/pages\/10875","targetHints":{"allow":["GET"]}}],"collection":[{"href":"https:\/\/semmelweis.hu\/gazdalkodas-kfi\/wp-json\/wp\/v2\/pages"}],"about":[{"href":"https:\/\/semmelweis.hu\/gazdalkodas-kfi\/wp-json\/wp\/v2\/types\/page"}],"author":[{"embeddable":true,"href":"https:\/\/semmelweis.hu\/gazdalkodas-kfi\/wp-json\/wp\/v2\/users\/102301"}],"replies":[{"embeddable":true,"href":"https:\/\/semmelweis.hu\/gazdalkodas-kfi\/wp-json\/wp\/v2\/comments?post=10875"}],"version-history":[{"count":9,"href":"https:\/\/semmelweis.hu\/gazdalkodas-kfi\/wp-json\/wp\/v2\/pages\/10875\/revisions"}],"predecessor-version":[{"id":11463,"href":"https:\/\/semmelweis.hu\/gazdalkodas-kfi\/wp-json\/wp\/v2\/pages\/10875\/revisions\/11463"}],"up":[{"embeddable":true,"href":"https:\/\/semmelweis.hu\/gazdalkodas-kfi\/wp-json\/wp\/v2\/pages\/88"}],"wp:attachment":[{"href":"https:\/\/semmelweis.hu\/gazdalkodas-kfi\/wp-json\/wp\/v2\/media?parent=10875"}],"wp:term":[{"taxonomy":"category","embeddable":true,"href":"https:\/\/semmelweis.hu\/gazdalkodas-kfi\/wp-json\/wp\/v2\/categories?post=10875"},{"taxonomy":"post_tag","embeddable":true,"href":"https:\/\/semmelweis.hu\/gazdalkodas-kfi\/wp-json\/wp\/v2\/tags?post=10875"}],"curies":[{"name":"wp","href":"https:\/\/api.w.org\/{rel}","templated":true}]}}