{"id":10832,"date":"2024-07-18T09:55:48","date_gmt":"2024-07-18T07:55:48","guid":{"rendered":"https:\/\/semmelweis.hu\/gazdalkodas-kfi\/?page_id=10832"},"modified":"2024-07-18T12:30:28","modified_gmt":"2024-07-18T10:30:28","slug":"efop-5-2-6-20-2020-00004-mesterseges-intelligencia-alapu-kozponti-dontestamogato-rendszer-kialakitasa-a-hazai-akut-stroke-ellato-rendszer-fejlesztesere","status":"publish","type":"page","link":"https:\/\/semmelweis.hu\/gazdalkodas-kfi\/projektek\/oei-projektek\/operativ-programok-hazai-es-eus-projektek\/efop-5-2-6-20-2020-00004-mesterseges-intelligencia-alapu-kozponti-dontestamogato-rendszer-kialakitasa-a-hazai-akut-stroke-ellato-rendszer-fejlesztesere\/","title":{"rendered":"EFOP-5.2.6-20-2020-00004 | Mesters\u00e9ges intelligencia alap\u00fa k\u00f6zponti d\u00f6nt\u00e9st\u00e1mogat\u00f3 rendszer kialak\u00edt\u00e1sa a hazai akut stroke ell\u00e1t\u00f3 rendszer fejleszt\u00e9s\u00e9re"},"content":{"rendered":"<h5><img loading=\"lazy\" decoding=\"async\" class=\"size-medium wp-image-10833 alignright\" src=\"https:\/\/semmelweis.hu\/gazdalkodas-kfi\/files\/2024\/07\/infoblokk_kedv_final_felso_cmyk_ESZA-1-400x276.jpg\" alt=\"\" width=\"400\" height=\"276\" srcset=\"https:\/\/semmelweis.hu\/gazdalkodas-kfi\/files\/2024\/07\/infoblokk_kedv_final_felso_cmyk_ESZA-1-400x276.jpg 400w, https:\/\/semmelweis.hu\/gazdalkodas-kfi\/files\/2024\/07\/infoblokk_kedv_final_felso_cmyk_ESZA-1-1024x708.jpg 1024w, https:\/\/semmelweis.hu\/gazdalkodas-kfi\/files\/2024\/07\/infoblokk_kedv_final_felso_cmyk_ESZA-1-768x531.jpg 768w, https:\/\/semmelweis.hu\/gazdalkodas-kfi\/files\/2024\/07\/infoblokk_kedv_final_felso_cmyk_ESZA-1-175x120.jpg 175w, https:\/\/semmelweis.hu\/gazdalkodas-kfi\/files\/2024\/07\/infoblokk_kedv_final_felso_cmyk_ESZA-1-753x520.jpg 753w, https:\/\/semmelweis.hu\/gazdalkodas-kfi\/files\/2024\/07\/infoblokk_kedv_final_felso_cmyk_ESZA-1.jpg 1453w\" sizes=\"auto, (max-width: 400px) 100vw, 400px\" \/><\/h5>\n<h5>\u00a0<\/h5>\n<h5>\u00a0<\/h5>\n<h5>\u00a0<\/h5>\n<h5>\u00a0<\/h5>\n<h5>\u00a0<\/h5>\n<h5>\u00a0<\/h5>\n<h5>Mesters\u00e9ges intelligencia alap\u00fa k\u00f6zponti d\u00f6nt\u00e9st\u00e1mogat\u00f3 rendszer kialak\u00edt\u00e1sa a hazai akut stroke ell\u00e1t\u00f3 rendszer fejleszt\u00e9s\u00e9re<\/h5>\n<ul>\n<li><strong>Projekt azonos\u00edt\u00f3 sz\u00e1ma:<\/strong> EFOP-5.2.6-20-2020-00004<\/li>\n<li><strong>T\u00e1mogat\u00e1s \u00f6sszege:<\/strong> 888 526 837 Ft<\/li>\n<li><strong>\u00d6sszk\u00f6lts\u00e9g:<\/strong> 1 269 324 053 Ft<\/li>\n<li><strong>T\u00e1mogat\u00e1s intenzit\u00e1sa:<\/strong> 100%<\/li>\n<li><strong>Projekt megval\u00f3s\u00edt\u00e1s\u00e1nak kezdete:<\/strong> 2021.01.04.<\/li>\n<li><strong>Projekt fizikai befejez\u00e9se:<\/strong> 2023.08.31.<\/li>\n<li><strong style=\"font-size: 1rem\">Kedvezm\u00e9nyezette: Semmelweis Egyetem <\/strong><span style=\"font-size: 1rem\">az Orsz\u00e1gos Ment\u00e1lis Ideggy\u00f3gy\u00e1szati \u00e9s Idegseb\u00e9szeti Int\u00e9zet jogszab\u00e1lyi kijel\u0151l\u00e9se nyom\u00e1n<\/span><strong style=\"font-size: 1rem\">\u00a0<\/strong><\/li>\n<\/ul>\n<h5>A Projekt r\u00f6vid bemutat\u00e1sa<\/h5>\n<p style=\"text-align: justify\">Projekt els\u0151dleges c\u00e9lja MI alap\u00fa automata \u00e9rt\u00e9kel\u0151 rendszer beszerz\u00e9se volt, mely az Int\u00e9zetben elhelyezett szerveren m\u0171k\u00f6dik, a projekt seg\u00edts\u00e9g\u00e9vel ki\u00e9p\u00edtett teleradiol\u00f3giai rendszer seg\u00edts\u00e9g\u00e9vel fogadja \u00e9s automatikusan \u00e9rt\u00e9keli \u00f6sszesen 28 centrumban k\u00e9sz\u00fclt k\u00e9palkot\u00f3 vizsg\u00e1latokat. A rendszer integr\u00e1lt m\u00f3don \u00e9rt\u00e9keli a klinikai \u00e1llapotot, az id\u0151ablakot, a k\u00e9palkot\u00f3 eredm\u00e9nyt, 6 \u00f3r\u00e1n t\u00fali id\u0151ablakban a komplex k\u00e9palkot\u00f3k (CTP, MR) \u00e9rt\u00e9kel\u00e9s\u00e9t, ezzel azonnali d\u00f6nt\u00e9st tesz lehet\u0151v\u00e9. Az els\u0151 felv\u00e9telkor, vagy az int\u00e9zm\u00e9nybe \u00e9rkez\u00e9skor a 6 \u00f3r\u00e1s id\u0151ablakb\u00f3l kics\u00faszott betegek eset\u00e9n tov\u00e1bbi vizsg\u00e1lat v\u00e9gzend\u0151, az MR gyakori korl\u00e1tai miatt CTP prefer\u00e1lt. Tekintettel az ism\u00e9telt CT-vel j\u00e1r\u00f3 magas d\u00f3zisterhel\u00e9sre, alacsony d\u00f3zis \u00fczem\u0171, \u201esingle source \u2013 dual energy\u201d CT k\u00e9sz\u00fcl\u00e9k javasolt, mely iterat\u00edv rekonstrukci\u00f3 alkalmaz\u00e1s\u00e1val a jelent\u0151s d\u00f3zis redukci\u00f3 mellett alkalmas a stroke betegekn\u00e9l gyakori fali meszesed\u00e9sek m\u0171term\u00e9keinek kik\u00fcsz\u00f6b\u00f6l\u00e9s\u00e9re \u00e9s az esetleges v\u00e9rz\u00e9ses sz\u00f6v\u0151dm\u00e9nyek differenci\u00e1l diagnosztik\u00e1j\u00e1ra. Ennek beszerz\u00e9se ugyancsak a projekt r\u00e9sze volt. A projekt sor\u00e1n a 6 k\u00fclf\u00f6ldi tanulm\u00e1nyutakon (Heidelbergi egyetem, valamint a \u00d6rebro University Hospital) r\u00e9sztvev\u0151 koll\u00e9g\u00e1k az int\u00e9zm\u00e9nyben tov\u00e1bbk\u00e9pezt\u00e9k az \u00e9rintett ter\u00fcleteken dolgoz\u00f3 koll\u00e9g\u00e1kat. A k\u00e9pz\u00e9sek c\u00e9lja volt a megismert j\u00f3 gyakorlat elterjeszt\u00e9se az int\u00e9zm\u00e9nyben \u00e9s a m\u00f3dszer gyakorlati alkalmaz\u00e1s\u00e1nak elsaj\u00e1t\u00edt\u00e1sa mind a neuroradiolgous, neurologus, eurointervenci\u00f3s szakorvosok \u00e9s jel\u00f6ltek, mind a stroke n\u0151v\u00e9rek \u00e9s k\u00e9palkot\u00f3, illetve intervenci\u00f3s asszisztensek k\u00f6r\u00e9ben.<\/p>\n<h5>A projekt kapcsolod\u00f3 dokumentumok, oldalak:<\/h5>\n<ul style=\"list-style-type: square\">\n<li><a href=\"https:\/\/okiti.hu\/intezetunkrol\/aktualis.html\" target=\"_blank\" rel=\"noopener\">Sajt\u00f3megjelen\u00e9s<\/a><\/li>\n<li><a href=\"https:\/\/semmelweis.hu\/gazdalkodas-kfi\/files\/2024\/07\/EFOP-5.2.6.-disszemina\u00b4cio\u00b4s-anyag_20220815FIN.pdf\">Kiadv\u00e1ny<\/a><\/li>\n<\/ul>\n\r\n        [slb_exclude]\r\n        <div class=\"row galeria-wrapper mx-0 h-auto\">\r\n            <div class=\"col-9 pl-0 pr-2\">\r\n            <span class=\"gallery-item frame\">\r\n\t\t\t\t<div class=\"galeria-left-img\"><a href=\"https:\/\/semmelweis.hu\/gazdalkodas-kfi\/files\/2024\/07\/img7383.jpg\"><img src=https:\/\/semmelweis.hu\/gazdalkodas-kfi\/files\/2024\/07\/img7383.jpg  \r\n                            alt=\"\" \r\n                            class=\"attachment-sote-gallery-big size-sote-gallery-big\" \r\n                            srcset=\"https:\/\/semmelweis.hu\/gazdalkodas-kfi\/files\/2024\/07\/img7383-400x267.jpg 400w, https:\/\/semmelweis.hu\/gazdalkodas-kfi\/files\/2024\/07\/img7383-1024x683.jpg 1024w, https:\/\/semmelweis.hu\/gazdalkodas-kfi\/files\/2024\/07\/img7383-768x512.jpg 768w, https:\/\/semmelweis.hu\/gazdalkodas-kfi\/files\/2024\/07\/img7383-753x502.jpg 753w, https:\/\/semmelweis.hu\/gazdalkodas-kfi\/files\/2024\/07\/img7383-203x135.jpg 203w, https:\/\/semmelweis.hu\/gazdalkodas-kfi\/files\/2024\/07\/img7383.jpg 1152w\" ><\/a><\/div>\r\n            <\/span>\r\n\r\n            <\/div>\r\n\r\n\t\t\t<div class=\"col-3 pl-0 pr-0\">\r\n\t\t\t\t<div class=\"galeria-right-img d-flex justify-content-between flex-column h-100 w-100 px-0 mx-0 \">\r\n                <div class=\"galeria-box\">\r\n\t\t\t\t\t<h3 class=\"galeria-title\">Gal\u00e9ria<\/h3>\r\n\t\t\t\t\t<div class=\"galeria-subtitle\">\r\n\r\n\t\t\t\t\t\t<div class=\"galeria-page-counter\"><span>7<\/span>k\u00e9p<\/div>\r\n                    <\/div> <\/div>\r\n                    <span class=\"gallery-item frame d-none d-md-flex\">\r\n\t\t\t\t\t<div class=\"galeria-small-img mt-0\"><a href=\"https:\/\/semmelweis.hu\/gazdalkodas-kfi\/files\/2024\/07\/img7381.jpg\"><img src=https:\/\/semmelweis.hu\/gazdalkodas-kfi\/files\/2024\/07\/img7381.jpg \r\n                                alt=\"\"  \r\n                                class=\"attachment-sote-gallery-small size-sote-gallery-small\" \r\n                                srcset=\"https:\/\/semmelweis.hu\/gazdalkodas-kfi\/files\/2024\/07\/img7381-400x267.jpg 400w, https:\/\/semmelweis.hu\/gazdalkodas-kfi\/files\/2024\/07\/img7381-1024x683.jpg 1024w, https:\/\/semmelweis.hu\/gazdalkodas-kfi\/files\/2024\/07\/img7381-768x512.jpg 768w, https:\/\/semmelweis.hu\/gazdalkodas-kfi\/files\/2024\/07\/img7381-753x502.jpg 753w, https:\/\/semmelweis.hu\/gazdalkodas-kfi\/files\/2024\/07\/img7381-203x135.jpg 203w, https:\/\/semmelweis.hu\/gazdalkodas-kfi\/files\/2024\/07\/img7381.jpg 1152w\" ><\/a><\/div>\r\n                    <\/span>\r\n                    <span class=\"gallery-item frame d-none d-md-flex\">\r\n\t\t\t\t\t<div class=\"galeria-small-img mt-0\"><a href=\"https:\/\/semmelweis.hu\/gazdalkodas-kfi\/files\/2024\/07\/img7379.jpg\"><img src=https:\/\/semmelweis.hu\/gazdalkodas-kfi\/files\/2024\/07\/img7379.jpg \r\n                                alt=\"\" \r\n                                class=\"attachment-sote-gallery-small size-sote-gallery-small\" \r\n                                srcset=\"https:\/\/semmelweis.hu\/gazdalkodas-kfi\/files\/2024\/07\/img7379-400x267.jpg 400w, https:\/\/semmelweis.hu\/gazdalkodas-kfi\/files\/2024\/07\/img7379-1024x683.jpg 1024w, https:\/\/semmelweis.hu\/gazdalkodas-kfi\/files\/2024\/07\/img7379-768x512.jpg 768w, https:\/\/semmelweis.hu\/gazdalkodas-kfi\/files\/2024\/07\/img7379-753x502.jpg 753w, https:\/\/semmelweis.hu\/gazdalkodas-kfi\/files\/2024\/07\/img7379-203x135.jpg 203w, https:\/\/semmelweis.hu\/gazdalkodas-kfi\/files\/2024\/07\/img7379.jpg 1152w\" ><\/a><\/div>\r\n                    <\/span>\r\n\r\n                <\/div>\r\n\r\n            <\/div>\r\n\r\n            <span class=\"gallery-item\"><div class=\"hidden\"><a href=\"https:\/\/semmelweis.hu\/gazdalkodas-kfi\/files\/2024\/07\/img7374.jpg\">\r\n        <img src=https:\/\/semmelweis.hu\/gazdalkodas-kfi\/files\/2024\/07\/img7374.jpg alt=\"\" class=\"attachment-sote-gallery-big size-sote-gallery-big\" srcset=\"https:\/\/semmelweis.hu\/gazdalkodas-kfi\/files\/2024\/07\/img7374-400x267.jpg 400w, https:\/\/semmelweis.hu\/gazdalkodas-kfi\/files\/2024\/07\/img7374-1024x683.jpg 1024w, https:\/\/semmelweis.hu\/gazdalkodas-kfi\/files\/2024\/07\/img7374-768x512.jpg 768w, https:\/\/semmelweis.hu\/gazdalkodas-kfi\/files\/2024\/07\/img7374-753x502.jpg 753w, https:\/\/semmelweis.hu\/gazdalkodas-kfi\/files\/2024\/07\/img7374-203x135.jpg 203w, https:\/\/semmelweis.hu\/gazdalkodas-kfi\/files\/2024\/07\/img7374.jpg 1152w\" >\r\n        <\/a><\/div><\/span><span class=\"gallery-item\"><div class=\"hidden\"><a href=\"https:\/\/semmelweis.hu\/gazdalkodas-kfi\/files\/2024\/07\/img7056.jpg\">\r\n        <img src=https:\/\/semmelweis.hu\/gazdalkodas-kfi\/files\/2024\/07\/img7056.jpg alt=\"\" class=\"attachment-sote-gallery-big size-sote-gallery-big\" srcset=\"https:\/\/semmelweis.hu\/gazdalkodas-kfi\/files\/2024\/07\/img7056-400x267.jpg 400w, https:\/\/semmelweis.hu\/gazdalkodas-kfi\/files\/2024\/07\/img7056-1024x683.jpg 1024w, https:\/\/semmelweis.hu\/gazdalkodas-kfi\/files\/2024\/07\/img7056-768x512.jpg 768w, https:\/\/semmelweis.hu\/gazdalkodas-kfi\/files\/2024\/07\/img7056-753x502.jpg 753w, https:\/\/semmelweis.hu\/gazdalkodas-kfi\/files\/2024\/07\/img7056-203x135.jpg 203w, https:\/\/semmelweis.hu\/gazdalkodas-kfi\/files\/2024\/07\/img7056.jpg 1152w\" >\r\n        <\/a><\/div><\/span><span class=\"gallery-item\"><div class=\"hidden\"><a href=\"https:\/\/semmelweis.hu\/gazdalkodas-kfi\/files\/2024\/07\/img7049.jpg\">\r\n        <img src=https:\/\/semmelweis.hu\/gazdalkodas-kfi\/files\/2024\/07\/img7049.jpg alt=\"\" class=\"attachment-sote-gallery-big size-sote-gallery-big\" srcset=\"https:\/\/semmelweis.hu\/gazdalkodas-kfi\/files\/2024\/07\/img7049-400x267.jpg 400w, https:\/\/semmelweis.hu\/gazdalkodas-kfi\/files\/2024\/07\/img7049-1024x683.jpg 1024w, https:\/\/semmelweis.hu\/gazdalkodas-kfi\/files\/2024\/07\/img7049-768x512.jpg 768w, https:\/\/semmelweis.hu\/gazdalkodas-kfi\/files\/2024\/07\/img7049-753x502.jpg 753w, https:\/\/semmelweis.hu\/gazdalkodas-kfi\/files\/2024\/07\/img7049-203x135.jpg 203w, https:\/\/semmelweis.hu\/gazdalkodas-kfi\/files\/2024\/07\/img7049.jpg 1152w\" >\r\n        <\/a><\/div><\/span><span class=\"gallery-item\"><div class=\"hidden\"><a href=\"https:\/\/semmelweis.hu\/gazdalkodas-kfi\/files\/2024\/07\/img0077.jpg\">\r\n        <img src=https:\/\/semmelweis.hu\/gazdalkodas-kfi\/files\/2024\/07\/img0077.jpg alt=\"\" class=\"attachment-sote-gallery-big size-sote-gallery-big\" srcset=\"https:\/\/semmelweis.hu\/gazdalkodas-kfi\/files\/2024\/07\/img0077-400x300.jpg 400w, https:\/\/semmelweis.hu\/gazdalkodas-kfi\/files\/2024\/07\/img0077-768x576.jpg 768w, https:\/\/semmelweis.hu\/gazdalkodas-kfi\/files\/2024\/07\/img0077-753x565.jpg 753w, https:\/\/semmelweis.hu\/gazdalkodas-kfi\/files\/2024\/07\/img0077.jpg 1024w\" >\r\n        <\/a><\/div><\/span>\r\n            <\/div>\r\n\r\n            [\/slb_exclude]\r\n\t\n","protected":false},"excerpt":{"rendered":"<p>\u00a0 \u00a0 \u00a0 \u00a0 \u00a0 \u00a0 Mesters\u00e9ges intelligencia alap\u00fa k\u00f6zponti d\u00f6nt\u00e9st\u00e1mogat\u00f3 rendszer kialak\u00edt\u00e1sa a hazai akut stroke ell\u00e1t\u00f3 rendszer fejleszt\u00e9s\u00e9re Projekt azonos\u00edt\u00f3 sz\u00e1ma: EFOP-5.2.6-20-2020-00004 T\u00e1mogat\u00e1s \u00f6sszege: 888 526 837 Ft \u00d6sszk\u00f6lts\u00e9g: 1 269 324 053 Ft T\u00e1mogat\u00e1s intenzit\u00e1sa: 100% Projekt megval\u00f3s\u00edt\u00e1s\u00e1nak kezdete: 2021.01.04. Projekt fizikai befejez\u00e9se: 2023.08.31. Kedvezm\u00e9nyezette: Semmelweis Egyetem az Orsz\u00e1gos Ment\u00e1lis Ideggy\u00f3gy\u00e1szati \u00e9s &hellip;<\/p>\n","protected":false},"author":102301,"featured_media":0,"parent":170,"menu_order":5,"comment_status":"closed","ping_status":"closed","template":"","meta":{"_acf_changed":false,"footnotes":""},"categories":[],"tags":[],"class_list":["post-10832","page","type-page","status-publish","hentry"],"acf":[],"_links":{"self":[{"href":"https:\/\/semmelweis.hu\/gazdalkodas-kfi\/wp-json\/wp\/v2\/pages\/10832","targetHints":{"allow":["GET"]}}],"collection":[{"href":"https:\/\/semmelweis.hu\/gazdalkodas-kfi\/wp-json\/wp\/v2\/pages"}],"about":[{"href":"https:\/\/semmelweis.hu\/gazdalkodas-kfi\/wp-json\/wp\/v2\/types\/page"}],"author":[{"embeddable":true,"href":"https:\/\/semmelweis.hu\/gazdalkodas-kfi\/wp-json\/wp\/v2\/users\/102301"}],"replies":[{"embeddable":true,"href":"https:\/\/semmelweis.hu\/gazdalkodas-kfi\/wp-json\/wp\/v2\/comments?post=10832"}],"version-history":[{"count":7,"href":"https:\/\/semmelweis.hu\/gazdalkodas-kfi\/wp-json\/wp\/v2\/pages\/10832\/revisions"}],"predecessor-version":[{"id":10851,"href":"https:\/\/semmelweis.hu\/gazdalkodas-kfi\/wp-json\/wp\/v2\/pages\/10832\/revisions\/10851"}],"up":[{"embeddable":true,"href":"https:\/\/semmelweis.hu\/gazdalkodas-kfi\/wp-json\/wp\/v2\/pages\/170"}],"wp:attachment":[{"href":"https:\/\/semmelweis.hu\/gazdalkodas-kfi\/wp-json\/wp\/v2\/media?parent=10832"}],"wp:term":[{"taxonomy":"category","embeddable":true,"href":"https:\/\/semmelweis.hu\/gazdalkodas-kfi\/wp-json\/wp\/v2\/categories?post=10832"},{"taxonomy":"post_tag","embeddable":true,"href":"https:\/\/semmelweis.hu\/gazdalkodas-kfi\/wp-json\/wp\/v2\/tags?post=10832"}],"curies":[{"name":"wp","href":"https:\/\/api.w.org\/{rel}","templated":true}]}}