{"id":10700,"date":"2024-12-11T11:38:04","date_gmt":"2024-12-11T10:38:04","guid":{"rendered":"https:\/\/semmelweis.hu\/gazdalkodas-kfi\/?page_id=10700"},"modified":"2025-09-26T09:28:56","modified_gmt":"2025-09-26T07:28:56","slug":"ekop-kdp-egyetemi-kutatoi-osztondij-program","status":"publish","type":"page","link":"https:\/\/semmelweis.hu\/gazdalkodas-kfi\/projektek\/oei-projektek\/hazai-forrasu-projektek\/egyetemi-kutatoi-osztondij-program-2024\/ekop-kdp-egyetemi-kutatoi-osztondij-program\/","title":{"rendered":"Egyetemi Kutat\u00f3i \u00d6szt\u00f6nd\u00edj Program &#8211; Kooperat\u00edv Doktori Program (2024-2.1.2-EK\u00d6P-KDP)"},"content":{"rendered":"<h4><strong>EK\u00d6P-KDP-2024 \u2013 Egyetemi Kutat\u00f3i \u00d6szt\u00f6nd\u00edj Program &#8211; Kooperat\u00edv Doktori Program<\/strong><\/h4>\n<ul>\n<li><strong>Kedvezm\u00e9nyezett:<\/strong>\u00a0Semmelweis Egyetem<\/li>\n<li><strong>Projekt azonos\u00edt\u00f3 sz\u00e1ma r\u00f6vid\u00edtve: 2024-2.1.2-EK\u00d6P-KDP<\/strong> a PUBLIK\u00c1CI\u00d3KON <em>k\u00e9rj\u00fck, ezt haszn\u00e1lni az NKFIH hivatalos \u00fatmutat\u00e1sa szerint.<\/em><\/li>\n<li><strong>Projekt azonos\u00edt\u00f3 sz\u00e1ma: <\/strong>2024-2.1.2-EK\u00d6P-KDP-2024-00002<strong><br \/>\n<\/strong><\/li>\n<li><strong>Forr\u00e1s:<\/strong> Nemzeti Kutat\u00e1si, Fejleszt\u00e9si \u00e9s Innov\u00e1ci\u00f3s Alap<\/li>\n<li><strong>T\u00e1mogat\u00e1s \u00f6sszege: <\/strong>617 461 707\u00a0Ft<\/li>\n<li><strong>T\u00e1mogat\u00e1s intenzit\u00e1sa:<\/strong>\u00a0100%<\/li>\n<li><strong>Projekt megval\u00f3s\u00edt\u00e1s\u00e1nak kezdete:<\/strong> 2024.09.01.<\/li>\n<li><strong>Projekt fizikai befejez\u00e9se:<\/strong> 2029.08.31.<\/li>\n<\/ul>\n<h5>Projekt c\u00e9lja, t\u00e1mogat\u00e1sra jogosultak k\u00f6re:<\/h5>\n<p style=\"text-align: justify\">Az <strong>EK\u00d6P-KDP<\/strong> c\u00e9lja a fels\u0151oktat\u00e1si int\u00e9zm\u00e9nyek oktat\u00f3i \u00e9s kutat\u00f3i ut\u00e1np\u00f3tl\u00e1s\u00e1nak, valamint az innovat\u00edv magyar v\u00e1llalkoz\u00e1sok kutat\u00f3-fejleszt\u0151i ut\u00e1np\u00f3tl\u00e1s\u00e1nak biztos\u00edt\u00e1sa, \u00e9s a legtehets\u00e9gesebb hallgat\u00f3k a fels\u0151oktat\u00e1si tehets\u00e9ggondoz\u00e1sba val\u00f3 bevon\u00e1sa. A program 2024. \u00e9vben meghirdet\u00e9sre ker\u00fcl\u0151 \u00f6szt\u00f6nd\u00edjp\u00e1ly\u00e1zatai a fels\u0151oktat\u00e1sban r\u00e9szt vev\u0151 hallgat\u00f3i kiv\u00e1l\u00f3s\u00e1got t\u00e1mogatj\u00e1k olyan doktori k\u00e9pz\u00e9sben r\u00e9szt vev\u0151 hallgat\u00f3k t\u00e1mogat\u00e1s\u00e1val, akik a fels\u0151oktat\u00e1si int\u00e9zm\u00e9nyben eredm\u00e9nyes kutat\u00e1si \u00e9s alkot\u00f3i tev\u00e9kenys\u00e9get folytatnak \u00e9s akik doktori hallgat\u00f3i st\u00e1tuszuk mellett fels\u0151oktat\u00e1si int\u00e9zm\u00e9nyen k\u00edv\u00fcl, els\u0151sorban v\u00e1llalatokn\u00e1l v\u00e9geznek kutat\u00f3munk\u00e1t (munkaviszonyban vagy munkav\u00e9gz\u00e9sre ir\u00e1nyul\u00f3 egy\u00e9b jogviszonyban), amely el\u0151seg\u00edti tudom\u00e1nyos eredm\u00e9nyeik gyakorlati hasznosul\u00e1s\u00e1t.<\/p>\n<p>Semmelweis Egyetem p\u00e1ly\u00e1zati ki\u00edr\u00e1s \u00e9s nyertes p\u00e1ly\u00e1zatok list\u00e1ja el\u00e9rhet\u0151 <a href=\"https:\/\/semmelweis.hu\/phd\/2024\/06\/01\/ekop-kdp-2024-palyazat\/\" target=\"_blank\" rel=\"noopener\">ITT<\/a><\/p>\n<h5>SEG\u00c9DLETEK<\/h5>\n<p><a href=\"https:\/\/semmelweis.hu\/gazdalkodas-kfi\/files\/2024\/12\/EKOP-KDP-Havi-kotelezo-konzultaciok-igazololapja.docx\" target=\"_blank\" rel=\"noopener\">EK\u00d6P-KDP Havi k\u00f6telez\u0151 konzult\u00e1ci\u00f3k igazol\u00f3lapja<\/a><\/p>\n<p><a href=\"https:\/\/semmelweis.hu\/gazdalkodas-kfi\/files\/2024\/12\/EKOP-KDP-Sablon-a-havi-konzultacio-vezetesehez.docx\" target=\"_blank\" rel=\"noopener\">EK\u00d6P-KDP Sablon a havi konzult\u00e1ci\u00f3 vezet\u00e9s\u00e9hez<\/a><\/p>\n<p><a href=\"https:\/\/semmelweis.hu\/gazdalkodas-kfi\/files\/2024\/12\/EKOP-KDP-2024_11.sz_.melleklet_hallgatoi_adatvaltozas_bejelento.docx\" target=\"_blank\" rel=\"noopener\">EK\u00d6P-KDP-2024_11.sz.melleklet_hallgatoi_adatvaltozas_bejelento<\/a><\/p>\n<p><a href=\"https:\/\/semmelweis.hu\/gazdalkodas-kfi\/files\/2024\/12\/EKOP-KDP-2024-palyazati-felhivas-Semmelweis-Egyetem.pdf\" target=\"_blank\" rel=\"noopener\">EK\u00d6P-KDP-2024 p\u00e1ly\u00e1zati felh\u00edv\u00e1s Semmelweis Egyetem<\/a><\/p>\n<p><a href=\"https:\/\/semmelweis.hu\/gazdalkodas-kfi\/files\/2024\/12\/NKFIA_tajekoztatasi_nyilvanossagi_kotelezettsegek_arculati_kezikonyv2023-1.pdf\" target=\"_blank\" rel=\"noopener\">Arculati k\u00e9zik\u00f6nyv<\/a><\/p>\n<p><a href=\"https:\/\/nkfih.gov.hu\/palyazoknak\/tajekoztatasi\/nkfi-alap-grafikai\" target=\"_blank\" rel=\"noopener\">NKFIH log\u00f3k<\/a>\u00a0ZIP (12 536\u00a0KB)<\/p>\n<p><a href=\"https:\/\/tud.sze.hu\/images\/kepek\/EK%C3%96P%20log%C3%B3.zip\" target=\"_blank\" rel=\"noopener\">Egyetemi Kutat\u00f3i \u00d6szt\u00f6nd\u00edj Program log\u00f3k<\/a><\/p>\n<p><img loading=\"lazy\" decoding=\"async\" class=\"size-medium wp-image-11381 alignright\" src=\"https:\/\/semmelweis.hu\/gazdalkodas-kfi\/files\/2025\/09\/NKFIA_infoblokk_kerettel_projekt_fekvo_2019_HU-400x169.jpg\" alt=\"\" width=\"400\" height=\"169\" srcset=\"https:\/\/semmelweis.hu\/gazdalkodas-kfi\/files\/2025\/09\/NKFIA_infoblokk_kerettel_projekt_fekvo_2019_HU-400x169.jpg 400w, https:\/\/semmelweis.hu\/gazdalkodas-kfi\/files\/2025\/09\/NKFIA_infoblokk_kerettel_projekt_fekvo_2019_HU-1024x434.jpg 1024w, https:\/\/semmelweis.hu\/gazdalkodas-kfi\/files\/2025\/09\/NKFIA_infoblokk_kerettel_projekt_fekvo_2019_HU-768x325.jpg 768w, https:\/\/semmelweis.hu\/gazdalkodas-kfi\/files\/2025\/09\/NKFIA_infoblokk_kerettel_projekt_fekvo_2019_HU-1536x651.jpg 1536w, https:\/\/semmelweis.hu\/gazdalkodas-kfi\/files\/2025\/09\/NKFIA_infoblokk_kerettel_projekt_fekvo_2019_HU-2048x867.jpg 2048w, https:\/\/semmelweis.hu\/gazdalkodas-kfi\/files\/2025\/09\/NKFIA_infoblokk_kerettel_projekt_fekvo_2019_HU-753x319.jpg 753w\" sizes=\"auto, (max-width: 400px) 100vw, 400px\" \/><\/p>\n","protected":false},"excerpt":{"rendered":"<p>EK\u00d6P-KDP-2024 \u2013 Egyetemi Kutat\u00f3i \u00d6szt\u00f6nd\u00edj Program &#8211; Kooperat\u00edv Doktori Program Kedvezm\u00e9nyezett:\u00a0Semmelweis Egyetem Projekt azonos\u00edt\u00f3 sz\u00e1ma r\u00f6vid\u00edtve: 2024-2.1.2-EK\u00d6P-KDP a PUBLIK\u00c1CI\u00d3KON k\u00e9rj\u00fck, ezt haszn\u00e1lni az NKFIH hivatalos \u00fatmutat\u00e1sa szerint. Projekt azonos\u00edt\u00f3 sz\u00e1ma: 2024-2.1.2-EK\u00d6P-KDP-2024-00002 Forr\u00e1s: Nemzeti Kutat\u00e1si, Fejleszt\u00e9si \u00e9s Innov\u00e1ci\u00f3s Alap T\u00e1mogat\u00e1s \u00f6sszege: 617 461 707\u00a0Ft T\u00e1mogat\u00e1s intenzit\u00e1sa:\u00a0100% Projekt megval\u00f3s\u00edt\u00e1s\u00e1nak kezdete: 2024.09.01. Projekt fizikai befejez\u00e9se: 2029.08.31. Projekt c\u00e9lja, &hellip;<\/p>\n","protected":false},"author":102156,"featured_media":0,"parent":11059,"menu_order":2,"comment_status":"closed","ping_status":"closed","template":"","meta":{"_acf_changed":false,"footnotes":""},"categories":[],"tags":[],"class_list":["post-10700","page","type-page","status-publish","hentry"],"acf":[],"_links":{"self":[{"href":"https:\/\/semmelweis.hu\/gazdalkodas-kfi\/wp-json\/wp\/v2\/pages\/10700","targetHints":{"allow":["GET"]}}],"collection":[{"href":"https:\/\/semmelweis.hu\/gazdalkodas-kfi\/wp-json\/wp\/v2\/pages"}],"about":[{"href":"https:\/\/semmelweis.hu\/gazdalkodas-kfi\/wp-json\/wp\/v2\/types\/page"}],"author":[{"embeddable":true,"href":"https:\/\/semmelweis.hu\/gazdalkodas-kfi\/wp-json\/wp\/v2\/users\/102156"}],"replies":[{"embeddable":true,"href":"https:\/\/semmelweis.hu\/gazdalkodas-kfi\/wp-json\/wp\/v2\/comments?post=10700"}],"version-history":[{"count":10,"href":"https:\/\/semmelweis.hu\/gazdalkodas-kfi\/wp-json\/wp\/v2\/pages\/10700\/revisions"}],"predecessor-version":[{"id":11383,"href":"https:\/\/semmelweis.hu\/gazdalkodas-kfi\/wp-json\/wp\/v2\/pages\/10700\/revisions\/11383"}],"up":[{"embeddable":true,"href":"https:\/\/semmelweis.hu\/gazdalkodas-kfi\/wp-json\/wp\/v2\/pages\/11059"}],"wp:attachment":[{"href":"https:\/\/semmelweis.hu\/gazdalkodas-kfi\/wp-json\/wp\/v2\/media?parent=10700"}],"wp:term":[{"taxonomy":"category","embeddable":true,"href":"https:\/\/semmelweis.hu\/gazdalkodas-kfi\/wp-json\/wp\/v2\/categories?post=10700"},{"taxonomy":"post_tag","embeddable":true,"href":"https:\/\/semmelweis.hu\/gazdalkodas-kfi\/wp-json\/wp\/v2\/tags?post=10700"}],"curies":[{"name":"wp","href":"https:\/\/api.w.org\/{rel}","templated":true}]}}