{"id":10594,"date":"2024-01-11T10:59:01","date_gmt":"2024-01-11T09:59:01","guid":{"rendered":"https:\/\/semmelweis.hu\/gazdalkodas-kfi\/?page_id=10594"},"modified":"2024-01-11T11:22:52","modified_gmt":"2024-01-11T10:22:52","slug":"nemzeti-kulturalis-alap","status":"publish","type":"page","link":"https:\/\/semmelweis.hu\/gazdalkodas-kfi\/projektek\/oei-projektek\/hazai-forrasu-projektek\/nemzeti-kulturalis-alap\/","title":{"rendered":"Nemzeti Kultur\u00e1lis Alap"},"content":{"rendered":"<p style=\"text-align: justify\">\u201eFels\u0151oktat\u00e1si k\u00f6nyvt\u00e1rak 2023. \u00e9vi \u00e1llom\u00e1nyv\u00e9delmi t\u00e1mogat\u00e1sa\u201d \u00e9s az \u201eOrsz\u00e1gos Dokumentumell\u00e1t\u00e1si Rendszer szolg\u00e1ltat\u00e1sainak t\u00e1mogat\u00e1sa 2023.\u201d<a href=\"https:\/\/emet.gov.hu\/felsooktatasi-konyvtarak-2023-evi-allomanyvedelmi-tamogatasa\/\" target=\"_blank\" rel=\"noopener\"><img loading=\"lazy\" decoding=\"async\" class=\"size-full wp-image-10599 alignright\" src=\"https:\/\/semmelweis.hu\/gazdalkodas-kfi\/files\/2024\/01\/nka-logo_v4.png\" alt=\"\" width=\"225\" height=\"90\" \/><\/a><\/p>\n<p style=\"text-align: justify\">A muze\u00e1lis int\u00e9zm\u00e9nyekr\u0151l, a nyilv\u00e1nos k\u00f6nyvt\u00e1ri ell\u00e1t\u00e1sr\u00f3l \u00e9s a k\u00f6zm\u0171vel\u0151d\u00e9sr\u0151l sz\u00f3l\u00f3 1997. \u00e9vi CXL. t\u00f6rv\u00e9ny 72. \u00a7-a, valamint az Orsz\u00e1gos Dokumentumell\u00e1t\u00e1si Rendszerr\u0151l sz\u00f3l\u00f3 73\/2003. (V. 28.) Korm. rendelet (tov\u00e1bbiakban: Rendelet) 6.\u00a7-a alapj\u00e1n, egy\u00fattal az \u00e1llamh\u00e1ztart\u00e1sr\u00f3l sz\u00f3l\u00f3 2011. \u00e9vi CXCV. t\u00f6rv\u00e9ny 49.\u00a0\u00a7-a \u00e9s az \u00e1llamh\u00e1ztart\u00e1sr\u00f3l sz\u00f3l\u00f3 t\u00f6rv\u00e9ny v\u00e9grehajt\u00e1s\u00e1r\u00f3l sz\u00f3l\u00f3 368\/2011. (XII. 31.) Korm. rendelet\u00a065\/C.\u00a7-a alapj\u00e1n a Kultur\u00e1lis \u00e9s Innov\u00e1ci\u00f3s Miniszt\u00e9rium \u00e9s a Nemzeti Kultur\u00e1lis T\u00e1mogat\u00e1skezel\u0151 k\u00f6z\u00f6sen bonyol\u00edtj\u00e1k le az\u00a0<strong>\u201eOrsz\u00e1gos Dokumentumell\u00e1t\u00e1si Rendszer szolg\u00e1ltat\u00e1sainak t\u00e1mogat\u00e1sa\u201d<\/strong>, valamint a Rendelet 3.\u00a7-a szerinti szolg\u00e1ltat\u00f3 k\u00f6nyvt\u00e1rak t\u00e1mogat\u00e1sa \u00e9rdek\u00e9ben, valamint a muze\u00e1lis int\u00e9zm\u00e9nyekr\u0151l, a nyilv\u00e1nos k\u00f6nyvt\u00e1ri ell\u00e1t\u00e1sr\u00f3l \u00e9s a k\u00f6zm\u0171vel\u0151d\u00e9sr\u0151l sz\u00f3l\u00f3 1997. \u00e9vi CXL. t\u00f6rv\u00e9ny 71. \u00a7 (1) bekezd\u00e9s c) pontja alapj\u00e1n a\u00a0<strong>\u201dFels\u0151oktat\u00e1si k\u00f6nyvt\u00e1rak \u00e1llom\u00e1nyv\u00e9delmi t\u00e1mogat\u00e1sa\u201d<\/strong>\u00a0megnevez\u00e9s\u0171 szakmai feladatokat.<\/p>\n\n<table id=\"tablepress-3\" class=\"tablepress tablepress-id-3\">\n<thead>\n<tr class=\"row-1\">\n\t<th class=\"column-1\">P\u00e1ly\u00e1zati azonos\u00edt\u00f3<\/th><th class=\"column-2\">Projket megval\u00f3s\u00edt\u00e1si id\u0151szak<\/th><th class=\"column-3\">Projekt c\u00edme<\/th><th class=\"column-4\">Meg\u00edt\u00e9lt \u00f6sszeg<\/th><th class=\"column-5\">Kedvezm\u00e9nyezet<\/th>\n<\/tr>\n<\/thead>\n<tbody class=\"row-striping row-hover\">\n<tr class=\"row-2\">\n\t<td class=\"column-1\">LEVELTAR-K-23-0001<\/td><td class=\"column-2\">2023. janu\u00e1r 01. \u2013 2023. december 31.<\/td><td class=\"column-3\">G\u00f6rd\u00fcl\u0151 \u00e1llv\u00e1nyrendszer b\u0151v\u00edt\u00e9se a Semmelweis Egyetem K\u00f6zponti Lev\u00e9lt\u00e1r\u00e1ban<\/td><td class=\"column-4\">2.300.000.-Ft<\/td><td class=\"column-5\">Semmelweis Egyetem K\u00f6zponti Lev\u00e9lt\u00e1r<\/td>\n<\/tr>\n<tr class=\"row-3\">\n\t<td class=\"column-1\">KONYVTAR-FAT-23-0006<\/td><td class=\"column-2\">2023. janu\u00e1r 01. \u2013 2023. december 31.<\/td><td class=\"column-3\">Muze\u00e1lis \u00e1llom\u00e1nyba tartoz\u00f3 k\u00f6nyvek restaur\u00e1l\u00e1sa, \u00fajrak\u00f6ttet\u00e9se<\/td><td class=\"column-4\">2.000.000.-Ft<\/td><td class=\"column-5\">Semmelweis Egyetem K\u00f6zponti K\u00f6nyvt\u00e1r<\/td>\n<\/tr>\n<tr class=\"row-4\">\n\t<td class=\"column-1\">KONYVTAR-ODR-23-0032<\/td><td class=\"column-2\">2023. janu\u00e1r 01. \u2013 2023. december 31.<\/td><td class=\"column-3\">K\u00f6nyvt\u00e1ri \u00e1llom\u00e1ny b\u0151v\u00edt\u00e9se szakk\u00f6nyvekkel, illetve eg\u00e9sz\u00e9sg\u00fcgyi ismeretterjeszt\u0151 k\u00f6nyvekkel<\/td><td class=\"column-4\">700.000.-Ft<\/td><td class=\"column-5\">Semmelweis Egyetem K\u00f6zponti K\u00f6nyvt\u00e1r<\/td>\n<\/tr>\n<tr class=\"row-5\">\n\t<td class=\"column-1\">NTP-SZKOLL-23-0006<\/td><td class=\"column-2\">2023. szeptember 01.-2024. augusztus 31.<\/td><td class=\"column-3\">Kutatn\u00e9k!<\/td><td class=\"column-4\">2.200.000.-Ft<\/td><td class=\"column-5\">Semmelweis Egyetem Selye J\u00e1nos Doktorandusz Szakkoll\u00e9gium<\/td>\n<\/tr>\n<tr class=\"row-6\">\n\t<td class=\"column-1\">NTP-SZKOLL-24-0009<\/td><td class=\"column-2\">2024. szeptember 01.-2025 .augusztus 31.<\/td><td class=\"column-3\">Tov\u00e1bb Kutatn\u00e9k!<\/td><td class=\"column-4\">3.000.000.-Ft<\/td><td class=\"column-5\">Semmelweis Egyetem Selye J\u00e1nos Doktorandusz Szakkoll\u00e9gium<\/td>\n<\/tr>\n<\/tbody>\n<\/table>\n<!-- #tablepress-3 from cache -->\n","protected":false},"excerpt":{"rendered":"<p>\u201eFels\u0151oktat\u00e1si k\u00f6nyvt\u00e1rak 2023. \u00e9vi \u00e1llom\u00e1nyv\u00e9delmi t\u00e1mogat\u00e1sa\u201d \u00e9s az \u201eOrsz\u00e1gos Dokumentumell\u00e1t\u00e1si Rendszer szolg\u00e1ltat\u00e1sainak t\u00e1mogat\u00e1sa 2023.\u201d <a href=\"https:\/\/emet.gov.hu\/felsooktatasi-konyvtarak-2023-evi-allomanyvedelmi-tamogatasa\/\" target=\"_blank\" rel=\"noopener\"><\/a> A muze\u00e1lis int\u00e9zm\u00e9nyekr\u0151l, a nyilv\u00e1nos k\u00f6nyvt\u00e1ri ell\u00e1t\u00e1sr\u00f3l \u00e9s a k\u00f6zm\u0171vel\u0151d\u00e9sr\u0151l sz\u00f3l\u00f3 1997. \u00e9vi CXL. t\u00f6rv\u00e9ny 72. \u00a7-a, valamint az Orsz\u00e1gos Dokumentumell\u00e1t\u00e1si Rendszerr\u0151l sz\u00f3l\u00f3 73\/2003. (V. 28.) Korm. rendelet (tov\u00e1bbiakban: Rendelet) 6.\u00a7-a alapj\u00e1n, egy\u00fattal az \u00e1llamh\u00e1ztart\u00e1sr\u00f3l sz\u00f3l\u00f3 2011. \u00e9vi CXCV. t\u00f6rv\u00e9ny 49.\u00a0\u00a7-a &hellip;<\/p>\n","protected":false},"author":102301,"featured_media":0,"parent":166,"menu_order":3,"comment_status":"closed","ping_status":"closed","template":"","meta":{"_acf_changed":false,"footnotes":""},"categories":[],"tags":[],"class_list":["post-10594","page","type-page","status-publish","hentry"],"acf":[],"_links":{"self":[{"href":"https:\/\/semmelweis.hu\/gazdalkodas-kfi\/wp-json\/wp\/v2\/pages\/10594","targetHints":{"allow":["GET"]}}],"collection":[{"href":"https:\/\/semmelweis.hu\/gazdalkodas-kfi\/wp-json\/wp\/v2\/pages"}],"about":[{"href":"https:\/\/semmelweis.hu\/gazdalkodas-kfi\/wp-json\/wp\/v2\/types\/page"}],"author":[{"embeddable":true,"href":"https:\/\/semmelweis.hu\/gazdalkodas-kfi\/wp-json\/wp\/v2\/users\/102301"}],"replies":[{"embeddable":true,"href":"https:\/\/semmelweis.hu\/gazdalkodas-kfi\/wp-json\/wp\/v2\/comments?post=10594"}],"version-history":[{"count":6,"href":"https:\/\/semmelweis.hu\/gazdalkodas-kfi\/wp-json\/wp\/v2\/pages\/10594\/revisions"}],"predecessor-version":[{"id":10598,"href":"https:\/\/semmelweis.hu\/gazdalkodas-kfi\/wp-json\/wp\/v2\/pages\/10594\/revisions\/10598"}],"up":[{"embeddable":true,"href":"https:\/\/semmelweis.hu\/gazdalkodas-kfi\/wp-json\/wp\/v2\/pages\/166"}],"wp:attachment":[{"href":"https:\/\/semmelweis.hu\/gazdalkodas-kfi\/wp-json\/wp\/v2\/media?parent=10594"}],"wp:term":[{"taxonomy":"category","embeddable":true,"href":"https:\/\/semmelweis.hu\/gazdalkodas-kfi\/wp-json\/wp\/v2\/categories?post=10594"},{"taxonomy":"post_tag","embeddable":true,"href":"https:\/\/semmelweis.hu\/gazdalkodas-kfi\/wp-json\/wp\/v2\/tags?post=10594"}],"curies":[{"name":"wp","href":"https:\/\/api.w.org\/{rel}","templated":true}]}}