{"id":10570,"date":"2023-12-12T14:51:58","date_gmt":"2023-12-12T13:51:58","guid":{"rendered":"https:\/\/semmelweis.hu\/gazdalkodas-kfi\/?page_id=10570"},"modified":"2023-12-12T15:50:51","modified_gmt":"2023-12-12T14:50:51","slug":"kehop-5-2-15-21-2021-00011-semmelweis-egyetem-epuletei-energiahatekonysagi-fejlesztesenek-megvalositasahoz-szukseges-tervezes","status":"publish","type":"page","link":"https:\/\/semmelweis.hu\/gazdalkodas-kfi\/projektek\/oei-projektek\/operativ-programok-hazai-es-eus-projektek\/kehop-5-2-15-21-2021-00011-semmelweis-egyetem-epuletei-energiahatekonysagi-fejlesztesenek-megvalositasahoz-szukseges-tervezes\/","title":{"rendered":"KEHOP-5.2.15-21-2021-00011 | Semmelweis Egyetem \u00e9p\u00fcletei energiahat\u00e9konys\u00e1gi fejleszt\u00e9s\u00e9nek megval\u00f3s\u00edt\u00e1s\u00e1hoz sz\u00fcks\u00e9ges tervez\u00e9s"},"content":{"rendered":"<h4><img loading=\"lazy\" decoding=\"async\" class=\"size-medium wp-image-10194 alignright\" src=\"https:\/\/semmelweis.hu\/gazdalkodas-kfi\/files\/2023\/07\/kohezios-alap-400x286.png\" alt=\"\" width=\"400\" height=\"286\" srcset=\"https:\/\/semmelweis.hu\/gazdalkodas-kfi\/files\/2023\/07\/kohezios-alap-400x286.png 400w, https:\/\/semmelweis.hu\/gazdalkodas-kfi\/files\/2023\/07\/kohezios-alap-1024x731.png 1024w, https:\/\/semmelweis.hu\/gazdalkodas-kfi\/files\/2023\/07\/kohezios-alap-768x548.png 768w, https:\/\/semmelweis.hu\/gazdalkodas-kfi\/files\/2023\/07\/kohezios-alap-753x538.png 753w, https:\/\/semmelweis.hu\/gazdalkodas-kfi\/files\/2023\/07\/kohezios-alap.png 1391w\" sizes=\"auto, (max-width: 400px) 100vw, 400px\" \/><\/h4>\n<h4>\u00a0<\/h4>\n<h4>\u00a0<\/h4>\n<h4>\u00a0<\/h4>\n<h4>\u00a0<\/h4>\n<h4>\u00a0<\/h4>\n<p>&nbsp;<\/p>\n<p>Projekt azonos\u00edt\u00f3 sz\u00e1ma: KEHOP-5.2.15-21-2021-00011<\/p>\n<p>Projekt megnevez\u00e9se: Semmelweis Egyetem \u00e9p\u00fcletei energiahat\u00e9konys\u00e1gi fejleszt\u00e9s\u00e9nek megval\u00f3s\u00edt\u00e1s\u00e1hoz sz\u00fcks\u00e9ges tervez\u00e9s<\/p>\n<ul style=\"list-style-type: square\">\n<li><strong>Kedvezm\u00e9nyezett: <\/strong>Semmelweis Egyetem<\/li>\n<li><strong>A projekt kezd\u0151 id\u0151pontja:<\/strong> 2022.04.01.<\/li>\n<li><strong>A projekt z\u00e1r\u00f3 id\u0151pontja:<\/strong> 2023.03.31.<\/li>\n<li><strong>A t\u00e1mogat\u00e1s \u00f6sszege:<\/strong> 735 287 175 Ft<\/li>\n<\/ul>\n<p>A Semmelweis Egyetem k\u00f6vetkez\u0151 fejleszt\u00e9si id\u0151szakban els\u0151dleges c\u00e9lja az ingatlanvagyon \u00e9s \u00e1llom\u00e1ny meg\u00f3v\u00e1sa mellett, olyan b\u0151v\u00edt\u00e9sek megval\u00f3s\u00edt\u00e1sa \u00e9s el\u0151k\u00e9sz\u00edt\u00e9se, amelyek biztos\u00edtj\u00e1k a Semmelweis Egyetem h\u00e1rom alappill\u00e9r\u00e9nek:<\/p>\n<p style=\"text-align: justify\">az oktat\u00e1s, kutat\u00e1s \u00e9s gy\u00f3gy\u00edt\u00e1s t\u00e1mogat\u00e1s\u00e1t, az ingatlanok teljesk\u00f6r\u0171 kihaszn\u00e1lts\u00e1g\u00e1t a k\u00f6lts\u00e9gek, energiafelhaszn\u00e1l\u00e1s racionaliz\u00e1l\u00e1sa mellett. Az energiagazd\u00e1lkod\u00e1si politik\u00e1nk kiterjed az energiaell\u00e1t\u00e1s \u00e9s az energiagazd\u00e1lkod\u00e1s felt\u00e9telrendszer\u00e9nek kialak\u00edt\u00e1s\u00e1ra, a j\u00f6v\u0151beni energiaig\u00e9nyek \u00e9s a sz\u00e1m\u00edt\u00e1sba vehet\u0151 energiaforr\u00e1sok tart\u00f3s \u00f6sszhangj\u00e1nak biztos\u00edt\u00e1s\u00e1ra, a k\u00f6rnyezetv\u00e9delmi szempontok \u00e9rv\u00e9nyes\u00edt\u00e9s\u00e9re az energiagazd\u00e1lkod\u00e1sban, a gazdas\u00e1gos m\u0171k\u00f6d\u00e9s biztos\u00edt\u00e1s\u00e1nak figyelembev\u00e9tele, a t\u00e1rsadalmi \u00e9rdekek \u00e9rv\u00e9nyes\u00edt\u00e9se mellett.<\/p>\n<p>Fel\u00faj\u00edtand\u00f3 ter\u00fclet: 99 630 m2<\/p>\n<p>Fejleszt\u00e9si helysz\u00ednek megnevez\u00e9se (pontos c\u00edm \u00e9s helyrajzi sz\u00e1m):<br \/>\nSemmelweis Egyetem V\u00e1rosmajori Sz\u00edv- \u00e9s \u00c9rgy\u00f3gy\u00e1szati Klinika &#8211; 1122 Budapest, V\u00e1rosmajor u. 68. Hrsz: 6847<br \/>\nSemmelweis Egyetem Neurol\u00f3giai Klinika &#8211; Pszichi\u00e1triai \u00e9s Pszichoter\u00e1pi\u00e1s Klinika \u2013 Urol\u00f3giai Klinika \u2013Szolg\u00e1ltat\u00e1si Igazgat\u00f3s\u00e1g \u00f6sszek\u00f6t\u0151 folyos\u00f3 Semmelweis Egyetem K\u00fcls\u0151 Klinikai T\u00f6mb, 1083 Budapest, Kor\u00e1nyi S\u00e1ndor u. 2. Hrsz: 36177\/1<br \/>\nSemmelweis Egyetem T\u00f6m\u0151 utca 25-29. sz. \u00e9p\u00fclet 1083 Budapest, T\u00f6m\u0151 utca 25-29. Hrsz: 36164<br \/>\nSemmelweis Egyetem I. sz. Gyermekgy\u00f3gy\u00e1szati Klinika 1083 Budapest, B\u00f3kay J\u00e1nos utca 53-54. 36262. Hrsz: 36209.<br \/>\nSemmelweis Egyetem II. sz. Gyermekgy\u00f3gy\u00e1szati Klinika 1094 Budapest, T\u0171zolt\u00f3 utca 7-9. 1094 Budapest, Angyal u. 37-39. Hrsz: 37508, 37525\/2<br \/>\nSemmelweis Egyetem NET \u00e9p\u00fclet 1089 Budapest VIII. ker. Orczy \u00fat 2 &#8211; 4. Hrsz:38717\/4<br \/>\nSemmelweis Egyetem Anat\u00f3miai Int\u00e9zet 1094 Budapest, T\u0171zolt\u00f3 u. 58. Hrsz: 37192<br \/>\nSemmelweis Egyetem II. sz. Patol\u00f3giai, Igazs\u00e1g\u00fcgyi \u00e9s Biztos\u00edt\u00e1s-orvostani Int\u00e9zet 1091 Budapest, \u00dcll\u0151i \u00fat 93.Hrsz: 37192<br \/>\nSemmelweis Egyetem K\u00f6zponti K\u00f6nyvt\u00e1r 1088 Budapest, Miksz\u00e1th K\u00e1lm\u00e1n t\u00e9r 5. Hrsz: 36728<br \/>\nSemmelweis Egyetem Pet\u0151 Andr\u00e1s Kar _Vill\u00e1nyi \u00fat 1118 Budapest, Vill\u00e1nyi \u00fat. 67. Hrsz: 4914\/1<br \/>\nSemmelweis Egyetem Igazs\u00e1g\u00fcgyi \u00e9s Biztos\u00edt\u00e1s-orvostani Int\u00e9zet k\u00e1polna 1091 Budapest, \u00dcll\u0151i \u00fat 93. Hrsz: 37196\/2<br \/>\nSemmelweis Egyetem Pet\u0151 Andr\u00e1s Kar K\u00fatv\u00f6lgyi \u00fat, 1125 Budapest, K\u00fatv\u00f6lgyi \u00fat 8.Hrsz: 10171\/5<\/p>\n<p>A Semmelweis Egyetem egyes \u00e9p\u00fcletei tekintet\u00e9ben, az \u00e9p\u00fcletek kor\u00e1t, \u00e1llapot\u00e1t \u00e9s saj\u00e1toss\u00e1gait figyelembe v\u00e9ve az energiahat\u00e9konys\u00e1gi fejleszt\u00e9s\u00e9nek megval\u00f3s\u00edt\u00e1s\u00e1hoz sz\u00fcks\u00e9ges tervez\u00e9si feladatok elv\u00e9gz\u00e9se, amely keret\u00e9ben elv\u00e9gzend\u0151 tervez\u00e9si feladatok: <br \/>\n&#8211; homlokzati ny\u00edl\u00e1sz\u00e1r\u00f3 csere, homlokzati h\u0151szigetel\u00e9s, primer oldali g\u00e9p\u00e9szet korszer\u0171s\u00edt\u00e9se (amennyiben sz\u00fcks\u00e9ges), szekunder oldali f\u0171t\u00e9s korszer\u0171s\u00edt\u00e9se, cs\u0151h\u00e1l\u00f3zat \u00e9s h\u0151lead\u00f3 cser\u00e9je (szab\u00e1lyozhat\u00f3kra), f\u0171t\u00e9si h\u0151energia m\u00e9r\u00e9s\u00e9nek megval\u00f3s\u00edt\u00e1sa, <br \/>\n&#8211; \u00e1ltal\u00e1nos vil\u00e1g\u00edt\u00e1s korszer\u0171 LED-es f\u00e9nyforr\u00e1sokra val\u00f3 cser\u00e9je, <br \/>\n&#8211; energiamenedzsment, a felm\u00e9r\u00e9si tervek elk\u00e9sz\u00edt\u00e9se \u00e9s a v\u00e9gleges tervez\u00e9si program \u00f6ssze\u00e1ll\u00edt\u00e1sa, a megval\u00f3s\u00edt\u00e1shoz sz\u00fcks\u00e9ges enged\u00e9lyek, hat\u00f3s\u00e1gi\/szakhat\u00f3s\u00e1gi hozz\u00e1j\u00e1rul\u00e1sok beszerz\u00e9se (pl. telep\u00fcl\u00e9sk\u00e9pi bejelent\u00e9si elj\u00e1r\u00e1s lefolytat\u00e1sa, hat\u00e1rozat beszerz\u00e9se), kivitelez\u00e9si dokument\u00e1ci\u00f3 elk\u00e9sz\u00edt\u00e9se,<br \/>\n&#8211; h\u0151visszanyer\u0151 szell\u0151z\u0151 rendszer kialak\u00edt\u00e1sa (m\u00e9r\u00e9ssel),<br \/>\n&#8211; telep\u00edtend\u0151 rendszerek illeszt\u00e9se a megl\u00e9v\u0151 \u00e9p\u00fcletfel\u00fcgyeleti rendszerbe, vagy annak ki\u00e9p\u00edt\u00e9se (automatiz\u00e1l\u00e1s).<\/p>\n<p>Az \u00e9p\u00fcletek energetikai fel\u00faj\u00edt\u00e1s sor\u00e1n amennyiben j\u00f3l szigetelj\u00fck az \u00e9p\u00fcleteket, \u00e9s meg\u00fajul\u00f3 energiaforr\u00e1st haszn\u00e1lunk, gyermekeink, unok\u00e1ink nemzed\u00e9k\u00e9nek energiabiztons\u00e1g\u00e1t teremtj\u00fck meg.<br \/>\nA Korm\u00e1ny \u00e1ltal 2020. janu\u00e1rban elfogadott strat\u00e9giai dokumentumok (Nemzeti Energiastrat\u00e9gia 2030, kitekint\u00e9ssel 2040-ig (\u00faj NES) \u00e9s a Nemzeti Energia \u2013 \u00e9s Kl\u00edma terv (NEKT) vonatkoz\u00f3 c\u00e9lkit\u0171z\u00e9seihez hozz\u00e1j\u00e1rulunk a fejleszt\u00e9sekkel (orsz\u00e1g v\u00e9gs\u0151 energiafelhaszn\u00e1l\u00e1sa 2030-ben se haladja meg a 2005-s \u00e9rt\u00e9ket (785 PJ).<br \/>\nA megval\u00f3sult fejleszt\u00e9seket k\u00f6vet\u0151en a Semmelweis Egyetem Primer Energia fogyaszt\u00e1sa, CO2 kibocs\u00e1t\u00e1sa, a megadott indik\u00e1torok szerint cs\u00f6kken, a meg\u00fajul\u00f3 energiafelhaszn\u00e1l\u00e1sa n\u0151.<br \/>\nA k\u00f6z\u00e9p\u00fcletek \u00e9ves els\u0151dleges energiafogyaszt\u00e1s\u00e1nak cs\u00f6kken\u00e9se (kWh\/\u00e9v): A k\u00f6z\u00e9p\u00fcletek \u00e9ves els\u0151dleges energiafogyaszt\u00e1s\u00e1nak cs\u00f6kken\u00e9se (kWh\/\u00e9v): 8 910 324,7757 kWh\/\u00e9v<br \/>\nA meg\u00fajul\u00f3 energiaforr\u00e1sb\u00f3l el\u0151\u00e1ll\u00edtott energiamennyis\u00e9g (GJ\/\u00e9v): 1 684 117,0477 GJ\/\u00e9v<br \/>\nAz \u00fcvegh\u00e1zhat\u00e1st okoz\u00f3 g\u00e1zok \u00e9ves cs\u00f6kken\u00e9se (tonna CO2 egyen\u00e9rt\u00e9k): 953,48 tonna CO2 <br \/>\negyen\u00e9rt\u00e9k<br \/>\nEnergiahat\u00e9konys\u00e1gi fejleszt\u00e9sek \u00e1ltal el\u0151\u00e1ll\u00edtott primerenergia felhaszn\u00e1l\u00e1s cs\u00f6kken\u00e9s (GJ\/\u00e9v): 27988,28146 GJ\/\u00e9v<br \/>\nTov\u00e1bbi kapacit\u00e1s meg\u00fajul\u00f3 energia el\u0151\u00e1ll\u00edt\u00e1sra (MW): 0,4062 MW<\/p>\n<h5>A projekt kapcsolod\u00f3 publik\u00e1ci\u00f3i, oldalai:<\/h5>\n<h5><a href=\"https:\/\/semmelweis.hu\/mfi\/2022\/06\/24\/energetikai-korszerusitesre-iranyulo-tervezesek-ujabb-12-helyszinen\/\" target=\"_blank\" rel=\"noopener\">ENERGETIKAI KORSZER\u0170S\u00cdT\u00c9SRE IR\u00c1NYUL\u00d3 TERVEZ\u00c9SEK \u00daJABB 12 HELYSZ\u00cdNEN<\/a><\/h5>\n<h5><a href=\"https:\/\/semmelweis.hu\/letesitmeny\/kornyezeti-es-energiahatekonysagi-operativ-program\/\" target=\"_blank\" rel=\"noopener\">K\u00d6RNYEZETI \u00c9S ENERGIAHAT\u00c9KONYS\u00c1GI OPERAT\u00cdV PROGRAM<\/a><\/h5>\n<h5><a href=\"https:\/\/semmelweis.hu\/mfi\/2022\/12\/06\/energetikai-tervezesi-projektjeink-az-utolso-szakaszba-leptek\/\" target=\"_blank\" rel=\"noopener\">Energetikai tervez\u00e9si projektjeink az utols\u00f3 szakaszba l\u00e9ptek<\/a><\/h5>\n","protected":false},"excerpt":{"rendered":"<p>\u00a0 \u00a0 \u00a0 \u00a0 \u00a0 &nbsp; Projekt azonos\u00edt\u00f3 sz\u00e1ma: KEHOP-5.2.15-21-2021-00011 Projekt megnevez\u00e9se: Semmelweis Egyetem \u00e9p\u00fcletei energiahat\u00e9konys\u00e1gi fejleszt\u00e9s\u00e9nek megval\u00f3s\u00edt\u00e1s\u00e1hoz sz\u00fcks\u00e9ges tervez\u00e9s Kedvezm\u00e9nyezett: Semmelweis Egyetem A projekt kezd\u0151 id\u0151pontja: 2022.04.01. A projekt z\u00e1r\u00f3 id\u0151pontja: 2023.03.31. A t\u00e1mogat\u00e1s \u00f6sszege: 735 287 175 Ft A Semmelweis Egyetem k\u00f6vetkez\u0151 fejleszt\u00e9si id\u0151szakban els\u0151dleges c\u00e9lja az ingatlanvagyon \u00e9s \u00e1llom\u00e1ny meg\u00f3v\u00e1sa mellett, olyan &hellip;<\/p>\n","protected":false},"author":102301,"featured_media":0,"parent":170,"menu_order":6,"comment_status":"closed","ping_status":"closed","template":"template-fullwidth.php","meta":{"_acf_changed":false,"footnotes":""},"categories":[],"tags":[],"class_list":["post-10570","page","type-page","status-publish","hentry"],"acf":[],"_links":{"self":[{"href":"https:\/\/semmelweis.hu\/gazdalkodas-kfi\/wp-json\/wp\/v2\/pages\/10570","targetHints":{"allow":["GET"]}}],"collection":[{"href":"https:\/\/semmelweis.hu\/gazdalkodas-kfi\/wp-json\/wp\/v2\/pages"}],"about":[{"href":"https:\/\/semmelweis.hu\/gazdalkodas-kfi\/wp-json\/wp\/v2\/types\/page"}],"author":[{"embeddable":true,"href":"https:\/\/semmelweis.hu\/gazdalkodas-kfi\/wp-json\/wp\/v2\/users\/102301"}],"replies":[{"embeddable":true,"href":"https:\/\/semmelweis.hu\/gazdalkodas-kfi\/wp-json\/wp\/v2\/comments?post=10570"}],"version-history":[{"count":9,"href":"https:\/\/semmelweis.hu\/gazdalkodas-kfi\/wp-json\/wp\/v2\/pages\/10570\/revisions"}],"predecessor-version":[{"id":10581,"href":"https:\/\/semmelweis.hu\/gazdalkodas-kfi\/wp-json\/wp\/v2\/pages\/10570\/revisions\/10581"}],"up":[{"embeddable":true,"href":"https:\/\/semmelweis.hu\/gazdalkodas-kfi\/wp-json\/wp\/v2\/pages\/170"}],"wp:attachment":[{"href":"https:\/\/semmelweis.hu\/gazdalkodas-kfi\/wp-json\/wp\/v2\/media?parent=10570"}],"wp:term":[{"taxonomy":"category","embeddable":true,"href":"https:\/\/semmelweis.hu\/gazdalkodas-kfi\/wp-json\/wp\/v2\/categories?post=10570"},{"taxonomy":"post_tag","embeddable":true,"href":"https:\/\/semmelweis.hu\/gazdalkodas-kfi\/wp-json\/wp\/v2\/tags?post=10570"}],"curies":[{"name":"wp","href":"https:\/\/api.w.org\/{rel}","templated":true}]}}