{"id":10539,"date":"2023-12-05T11:29:15","date_gmt":"2023-12-05T10:29:15","guid":{"rendered":"https:\/\/semmelweis.hu\/gazdalkodas-kfi\/?page_id=10539"},"modified":"2025-02-11T10:04:34","modified_gmt":"2025-02-11T09:04:34","slug":"kehop-5-2-4-15-2016-00004-energetikai-korszerusites-a-semmelweis-egyetem-tobb-helyszinen","status":"publish","type":"page","link":"https:\/\/semmelweis.hu\/gazdalkodas-kfi\/projektek\/oei-projektek\/operativ-programok-hazai-es-eus-projektek\/kehop-5-2-4-15-2016-00004-energetikai-korszerusites-a-semmelweis-egyetem-tobb-helyszinen\/","title":{"rendered":"KEHOP-5.2.4-15-2016-00004 | Energetikai korszer\u0171s\u00edt\u00e9s a Semmelweis Egyetem t\u00f6bb helysz\u00edn\u00e9n"},"content":{"rendered":"<p><img loading=\"lazy\" decoding=\"async\" class=\"size-medium wp-image-10638 alignright\" src=\"https:\/\/semmelweis.hu\/gazdalkodas-kfi\/files\/2024\/02\/infoblokk_kedv_final_felso_cmyk_KA-400x276.jpg\" alt=\"\" width=\"400\" height=\"276\" srcset=\"https:\/\/semmelweis.hu\/gazdalkodas-kfi\/files\/2024\/02\/infoblokk_kedv_final_felso_cmyk_KA-400x276.jpg 400w, https:\/\/semmelweis.hu\/gazdalkodas-kfi\/files\/2024\/02\/infoblokk_kedv_final_felso_cmyk_KA-1024x708.jpg 1024w, https:\/\/semmelweis.hu\/gazdalkodas-kfi\/files\/2024\/02\/infoblokk_kedv_final_felso_cmyk_KA-768x531.jpg 768w, https:\/\/semmelweis.hu\/gazdalkodas-kfi\/files\/2024\/02\/infoblokk_kedv_final_felso_cmyk_KA-175x120.jpg 175w, https:\/\/semmelweis.hu\/gazdalkodas-kfi\/files\/2024\/02\/infoblokk_kedv_final_felso_cmyk_KA-753x520.jpg 753w, https:\/\/semmelweis.hu\/gazdalkodas-kfi\/files\/2024\/02\/infoblokk_kedv_final_felso_cmyk_KA.jpg 1453w\" sizes=\"auto, (max-width: 400px) 100vw, 400px\" \/><\/p>\n<p>&nbsp;<\/p>\n<p>&nbsp;<\/p>\n<p>&nbsp;<\/p>\n<p>&nbsp;<\/p>\n<p>&nbsp;<\/p>\n<p>Projekt azonos\u00edt\u00f3 sz\u00e1ma: KEHOP-5.2.4-15-2016-00004<\/p>\n<p>Projekt megnevez\u00e9se: Energetikai korszer\u0171s\u00edt\u00e9s a Semmelweis Egyetem t\u00f6bb helysz\u00edn\u00e9n<\/p>\n<h5>A p\u00e1ly\u00e1zat f\u0151bb adatai:<\/h5>\n<ul style=\"list-style-type: square\">\n<li>P\u00e1ly\u00e1zat t\u00e1mogat\u00e1si \u00f6sszege: 4 578 163 092 Ft<\/li>\n<li>P\u00e1ly\u00e1zat t\u00e1mogat\u00e1si intenzit\u00e1sa: 100%<\/li>\n<li style=\"text-align: left\">P\u00e1ly\u00e1zat megval\u00f3s\u00edt\u00e1s\u00e1nak kezdete: 2014. j\u00falius 10.\u00a0<\/li>\n<li>Projekt fizikai befejez\u00e9se: 2023. december 14.\u00a0<\/li>\n<\/ul>\n<h5>A projekt keret\u00e9ben\u00a0megval\u00f3sult beruh\u00e1z\u00e1sok:<\/h5>\n<p style=\"text-align: left\">1. T\u00f6m\u0151 utca 25-29. sz. alatti \u00e9p\u00fclet: ut\u00f3lagos h\u0151szigetel\u00e9s \u00e9s k\u00fcls\u0151 ny\u00edl\u00e1sz\u00e1r\u00f3 csere;<br \/>\n2. Neurol\u00f3giai Klinika: k\u00fcls\u0151 ny\u00edl\u00e1sz\u00e1r\u00f3 csere;<br \/>\n3. F\u00fcl-Orr-G\u00e9g\u00e9szeti \u00e9s Fej-Nyakseb\u00e9szeti Klinika (F. O. G.): k\u00fcls\u0151 ny\u00edl\u00e1sz\u00e1r\u00f3 csere;<br \/>\n4. Balassa J\u00e1nos Koll\u00e9gium: ut\u00f3lagos h\u0151szigetel\u00e9s, k\u00fcls\u0151 ny\u00edl\u00e1sz\u00e1r\u00f3 csere;<br \/>\n5. Markusovszky Lajos Koll\u00e9gium: energetikai korszer\u0171s\u00edt\u00e9se, ut\u00f3lagos h\u0151szigetel\u00e9s \u00e9s k\u00fcls\u0151 ny\u00edl\u00e1sz\u00e1r\u00f3 csere; kaz\u00e1nh\u00e1z korszer\u0171s\u00edt\u00e9s;<br \/>\n6. II.sz. Gyermekgy\u00f3gy\u00e1szati Klinika: \u201eA\u201d \u00e9p\u00fclet, \u201eB\u201d \u00e9p\u00fclet, \u201eC\u201d \u00e9p\u00fclet, Ambulancia \u00e9p\u00fclet\u00e9nek k\u00fcls\u0151 ny\u00edl\u00e1sz\u00e1r\u00f3 cser\u00e9je, komplett f\u0171t\u00e9si \u00e9s HMV rendszer cser\u00e9je;<br \/>\n7. I.sz. Gyermekgy\u00f3gy\u00e1szati Klinika: F\u0151\u00e9p\u00fclet, Hematol\u00f3giai \u00e9p\u00fclet, Vese Pavilon \u00e9p\u00fclet, Ambulancia \u00e9p\u00fclet komplett f\u0171t\u00e9si \u00e9s HMV rendszer cser\u00e9je;<\/p>\n<table style=\"width: 74.314%\" width=\"771\">\n<tbody>\n<tr>\n<td style=\"width: 59.1541%\" width=\"424\"><strong>Indik\u00e1tor \u00e9rt\u00e9kek<\/strong><\/td>\n<td style=\"width: 16.3936%\" width=\"93\"><strong>El\u00e9rt indik\u00e1torok tan\u00fas\u00edtv\u00e1nyokb\u00f3l<\/strong><\/td>\n<td style=\"width: 5.03765%\" width=\"127\">\u00a0<\/td>\n<td style=\"width: 54.3628%\" width=\"127\"><strong>T\u00e1mogat\u00e1si szerz\u0151d\u00e9sben v\u00e1llalt<\/strong><\/td>\n<\/tr>\n<tr>\n<td style=\"width: 59.1541%\" width=\"424\">A k\u00f6z\u00e9p\u00fcletek \u00e9ves <strong>els\u0151dleges energia<\/strong>-fogyaszt\u00e1s\u00e1nak cs\u00f6kken\u00e9se (alapter\u00fcletb\u0151l)<\/td>\n<td style=\"width: 16.3936%;text-align: center\"><strong>\u00a05 721 324,0160<\/strong><\/td>\n<td style=\"width: 5.03765%\">kWh\/\u00e9v<\/td>\n<td style=\"width: 54.3628%;text-align: center\"><strong>5 282 031,30<\/strong><\/td>\n<\/tr>\n<tr>\n<td style=\"width: 59.1541%\" width=\"424\">Az <strong>\u00fcvegh\u00e1zhat\u00e1st okoz\u00f3 g\u00e1zok<\/strong> \u00e9ves cs\u00f6kken\u00e9se\u00a0<\/td>\n<td style=\"width: 16.3936%;text-align: center\"><strong>\u00a01 125,44<\/strong><\/td>\n<td style=\"width: 5.03765%\">t\/\u00e9v<\/td>\n<td style=\"width: 54.3628%;text-align: center\"><strong>1 091,58<\/strong><\/td>\n<\/tr>\n<tr>\n<td style=\"width: 59.1541%\" width=\"424\"><strong>Energiahat\u00e9konys\u00e1gi<\/strong> fejleszt\u00e9sek \u00e1ltal el\u00e9rt \u00e9ves primer energia felhaszn\u00e1l\u00e1s cs\u00f6kken\u00e9s<\/td>\n<td style=\"width: 16.3936%;text-align: center\"><strong>\u00a020 132,9931<\/strong><\/td>\n<td style=\"width: 5.03765%\">GJ\/\u00e9v<\/td>\n<td style=\"width: 54.3628%;text-align: center\"><strong>19 069,60<\/strong><\/td>\n<\/tr>\n<tr>\n<td style=\"width: 59.1541%\" width=\"424\">Tov\u00e1bbi kapacit\u00e1s <strong>meg\u00fajul\u00f3<\/strong> energia el\u0151\u00e1ll\u00edt\u00e1s\u00e1ra<\/td>\n<td style=\"width: 16.3936%;text-align: center\"><strong>\u00a00,0480<\/strong><\/td>\n<td style=\"width: 5.03765%\">MW<\/td>\n<td style=\"width: 54.3628%;text-align: center\"><strong>\u00a00,048<\/strong><\/td>\n<\/tr>\n<tr>\n<td style=\"width: 59.1541%\">A <strong>meg\u00fajul\u00f3 energiaforr\u00e1sb\u00f3l el\u0151\u00e1ll\u00edtott<\/strong> energiamennyis\u00e9g<\/td>\n<td style=\"width: 16.3936%;text-align: center\"><strong>\u00a0463,7734<\/strong><\/td>\n<td style=\"width: 5.03765%\">GJ\/\u00e9v<\/td>\n<td style=\"width: 54.3628%;text-align: center\"><strong>\u00a0360,36<\/strong><\/td>\n<\/tr>\n<tr>\n<td style=\"width: 59.1541%\">Meg\u00fajul\u00f3 kapacit\u00e1s napelem<\/td>\n<td style=\"width: 16.3936%;text-align: center\">0<\/td>\n<td style=\"width: 5.03765%\">kW<\/td>\n<td style=\"width: 54.3628%;text-align: center\">\u00a0&#8211;\u00a0\u00a0<\/td>\n<\/tr>\n<tr>\n<td style=\"width: 59.1541%\">Meg\u00fajul\u00f3 kapacit\u00e1s egy\u00e9b<\/td>\n<td style=\"width: 16.3936%;text-align: center\">48<\/td>\n<td style=\"width: 5.03765%\">kW<\/td>\n<td style=\"width: 54.3628%;text-align: center\">\u00a0&#8211;\u00a0\u00a0<\/td>\n<\/tr>\n<tr>\n<td style=\"width: 59.1541%\"><strong>Meg\u00fajul\u00f3 kapacit\u00e1s <\/strong>\u00f6ssz.<\/td>\n<td style=\"width: 16.3936%;text-align: center\"><strong>0,048<\/strong><\/td>\n<td style=\"width: 5.03765%\"><strong>MW<\/strong><\/td>\n<td style=\"width: 54.3628%;text-align: center\">\u00a0&#8211;\u00a0\u00a0<\/td>\n<\/tr>\n<\/tbody>\n<\/table>\n<h5>\u00a0<\/h5>\n<h5>A projekt kapcsolod\u00f3 publik\u00e1ci\u00f3i, oldalai:<\/p>\n<p><a href=\"https:\/\/www.portfolio.hu\/premium\/20210621\/unios-forrasokbol-ujulhat-meg-a-semmelweis-egyetem-486386\" target=\"_blank\" rel=\"noopener\">Uni\u00f3s forr\u00e1sokb\u00f3l \u00fajulhat meg a Semmelweis Egyetem<\/a><br \/>\n<a href=\"https:\/\/semmelweis.hu\/beszerzes\/2017\/05\/10\/a-kehop-5-2-4-15-2016-00004-azonositoszamu-projektben-a-kutvolgyi-klinikai-tomb-energetikai-korszerusitesehez-kapcsolodo-tervezoi-muvezetesi-szolgaltatas-beszerzese-2\/\" target=\"_blank\" rel=\"noopener\">Kivitelez\u00e9si szerz\u0151d\u00e9s a K\u00fatv\u00f6lgyi Klinikai T\u00f6mb energetikai korszer\u0171s\u00edt\u00e9s\u00e9re ir\u00e1nyul\u00f3 munk\u00e1k elv\u00e9gz\u00e9s\u00e9re<\/a><br \/>\n<a href=\"https:\/\/semmelweis.hu\/hirek\/2017\/10\/26\/uj-ablakok-a-ful-orr-gegeszeti-es-fej-nyaksebeszeti-klinikan\/\">\u00daj ablakok a f\u00fcl-orr-g\u00e9g\u00e9szeti \u00e9s fej-nyakseb\u00e9szeti klinik\u00e1n<\/a><br \/>\n<a href=\"https:\/\/semmelweis.hu\/hirek\/2016\/08\/12\/tobb-mint-negy-milliard-forintos-energetikai-korszerusites-a-semmelweis-egyetemen\/\">T\u00f6bb mint n\u00e9gymilli\u00e1rd forintos energetikai korszer\u0171s\u00edt\u00e9s a Semmelweis Egyetemen<\/a><br \/>\n<a href=\"https:\/\/semmelweis.hu\/hirek\/2021\/06\/22\/fejlesztesek-a-balassa-janos-kollegiumban\/\">Fejleszt\u00e9sek a Balassa J\u00e1nos Koll\u00e9giumban<\/a><br \/>\n<a href=\"https:\/\/hirado.hu\/belfold\/cikk\/2023\/12\/21\/unios-forrasok-felhasznalasaval-ujult-meg-a-semmelweis-egyetem-tobb-epulete\" target=\"_blank\" rel=\"noopener\">Hirado.hu &#8211; Uni\u00f3s forr\u00e1sok felhaszn\u00e1l\u00e1s\u00e1val \u00fajult meg a Semmelweis Egyetem t\u00f6bb \u00e9p\u00fclete<\/a><br \/>\n<a href=\"https:\/\/www.magyarhirlap.hu\/gazdasag\/20231221-unios-forrasok-felhasznalasaval-ujult-meg-a-semmelweis-egyetem-tobb-epulete\">Magyarhirlap.hu &#8211; T\u00f6bb sz\u00e1z ny\u00edl\u00e1sz\u00e1r\u00f3t, el\u00f6regedett vezet\u00e9ket \u00e9s radi\u00e1tort cser\u00e9ltek ki, fel\u00faj\u00edtott\u00e1k a korszer\u0171tlen f\u0171t\u00e9si rendszereket<\/a><\/h5>\n<h5><a href=\"https:\/\/semmelweis.hu\/gazdalkodas-kfi\/files\/2023\/12\/KEHOP-5.2.4-15-2016-00004_sajtokozlemeny.pdf\">KEHOP-5.2.4-15-2016-00004_sajtokozlemeny<\/a><br \/>\n<a href=\"https:\/\/semmelweis.hu\/mediasarok\/2023\/12\/21\/unios-forrasokbol-ujult-meg-a-semmelweis-egyetem-tobb-epulete\/\">Z\u00e1r\u00f3 sajt\u00f3k\u00f6zlem\u00e9ny<\/a><br \/>\n<a href=\"https:\/\/semmelweis.hu\/mediasarok\/2016\/08\/12\/tobb-mint-negy-milliard-forintos-energetikai-korszerusites-a-semmelweis-egyetemen\/\">Nyit\u00f3 sajt\u00f3k\u00f6zlem\u00e9ny<\/a><\/h5>\n","protected":false},"excerpt":{"rendered":"<p>&nbsp; &nbsp; &nbsp; &nbsp; &nbsp; Projekt azonos\u00edt\u00f3 sz\u00e1ma: KEHOP-5.2.4-15-2016-00004 Projekt megnevez\u00e9se: Energetikai korszer\u0171s\u00edt\u00e9s a Semmelweis Egyetem t\u00f6bb helysz\u00edn\u00e9n A p\u00e1ly\u00e1zat f\u0151bb adatai: P\u00e1ly\u00e1zat t\u00e1mogat\u00e1si \u00f6sszege: 4 578 163 092 Ft P\u00e1ly\u00e1zat t\u00e1mogat\u00e1si intenzit\u00e1sa: 100% P\u00e1ly\u00e1zat megval\u00f3s\u00edt\u00e1s\u00e1nak kezdete: 2014. j\u00falius 10.\u00a0 Projekt fizikai befejez\u00e9se: 2023. december 14.\u00a0 A projekt keret\u00e9ben\u00a0megval\u00f3sult beruh\u00e1z\u00e1sok: 1. T\u00f6m\u0151 utca 25-29. sz. &hellip;<\/p>\n","protected":false},"author":102301,"featured_media":0,"parent":170,"menu_order":5,"comment_status":"closed","ping_status":"closed","template":"template-fullwidth.php","meta":{"_acf_changed":false,"footnotes":""},"categories":[],"tags":[],"class_list":["post-10539","page","type-page","status-publish","hentry"],"acf":[],"_links":{"self":[{"href":"https:\/\/semmelweis.hu\/gazdalkodas-kfi\/wp-json\/wp\/v2\/pages\/10539","targetHints":{"allow":["GET"]}}],"collection":[{"href":"https:\/\/semmelweis.hu\/gazdalkodas-kfi\/wp-json\/wp\/v2\/pages"}],"about":[{"href":"https:\/\/semmelweis.hu\/gazdalkodas-kfi\/wp-json\/wp\/v2\/types\/page"}],"author":[{"embeddable":true,"href":"https:\/\/semmelweis.hu\/gazdalkodas-kfi\/wp-json\/wp\/v2\/users\/102301"}],"replies":[{"embeddable":true,"href":"https:\/\/semmelweis.hu\/gazdalkodas-kfi\/wp-json\/wp\/v2\/comments?post=10539"}],"version-history":[{"count":10,"href":"https:\/\/semmelweis.hu\/gazdalkodas-kfi\/wp-json\/wp\/v2\/pages\/10539\/revisions"}],"predecessor-version":[{"id":11137,"href":"https:\/\/semmelweis.hu\/gazdalkodas-kfi\/wp-json\/wp\/v2\/pages\/10539\/revisions\/11137"}],"up":[{"embeddable":true,"href":"https:\/\/semmelweis.hu\/gazdalkodas-kfi\/wp-json\/wp\/v2\/pages\/170"}],"wp:attachment":[{"href":"https:\/\/semmelweis.hu\/gazdalkodas-kfi\/wp-json\/wp\/v2\/media?parent=10539"}],"wp:term":[{"taxonomy":"category","embeddable":true,"href":"https:\/\/semmelweis.hu\/gazdalkodas-kfi\/wp-json\/wp\/v2\/categories?post=10539"},{"taxonomy":"post_tag","embeddable":true,"href":"https:\/\/semmelweis.hu\/gazdalkodas-kfi\/wp-json\/wp\/v2\/tags?post=10539"}],"curies":[{"name":"wp","href":"https:\/\/api.w.org\/{rel}","templated":true}]}}