{"id":10509,"date":"2018-06-04T11:01:47","date_gmt":"2018-06-04T09:01:47","guid":{"rendered":"http:\/\/semmelweis.hu\/innovacios-igazgatosag\/?page_id=6653"},"modified":"2026-03-10T09:51:03","modified_gmt":"2026-03-10T08:51:03","slug":"efop-3-6-3-vekop-16-2017-00009-2","status":"publish","type":"page","link":"https:\/\/semmelweis.hu\/gazdalkodas-kfi\/projektek\/oei-projektek\/operativ-programok-hazai-es-eus-projektek\/efop-3-6-3-vekop-16-2017-00009-2\/","title":{"rendered":"EFOP-3.6.3-VEKOP-16-2017-00009 | AZ ORVOS-, EG\u00c9SZS\u00c9GTUDOM\u00c1NYI- \u00c9S GY\u00d3GYSZER\u00c9SZK\u00c9PZ\u00c9S TUDOM\u00c1NYOS M\u0170HELYEINEK FEJLESZT\u00c9SE"},"content":{"rendered":"<h4 style=\"text-align: center\"><strong><a href=\"https:\/\/semmelweis.hu\/innovacio\/files\/2019\/10\/infoblokk_kedv_final_felso_cmyk_ESZA.jpg\"><img loading=\"lazy\" decoding=\"async\" class=\"alignright wp-image-7095 \" src=\"https:\/\/semmelweis.hu\/gazdalkodas-kfi\/files\/2019\/10\/infoblokk_kedv_final_felso_cmyk_ESZA-400x276.jpg\" alt=\"\" width=\"351\" height=\"242\" srcset=\"https:\/\/semmelweis.hu\/gazdalkodas-kfi\/files\/2019\/10\/infoblokk_kedv_final_felso_cmyk_ESZA-400x276.jpg 400w, https:\/\/semmelweis.hu\/gazdalkodas-kfi\/files\/2019\/10\/infoblokk_kedv_final_felso_cmyk_ESZA-1024x708.jpg 1024w, https:\/\/semmelweis.hu\/gazdalkodas-kfi\/files\/2019\/10\/infoblokk_kedv_final_felso_cmyk_ESZA-768x531.jpg 768w, https:\/\/semmelweis.hu\/gazdalkodas-kfi\/files\/2019\/10\/infoblokk_kedv_final_felso_cmyk_ESZA-175x120.jpg 175w, https:\/\/semmelweis.hu\/gazdalkodas-kfi\/files\/2019\/10\/infoblokk_kedv_final_felso_cmyk_ESZA-753x520.jpg 753w, https:\/\/semmelweis.hu\/gazdalkodas-kfi\/files\/2019\/10\/infoblokk_kedv_final_felso_cmyk_ESZA.jpg 1453w\" sizes=\"auto, (max-width: 351px) 100vw, 351px\" \/><\/a><\/strong><\/h4>\n<h4>\u00a0<\/h4>\n<h4>\u00a0<\/h4>\n<h4>\u00a0<\/h4>\n<h4>\u00a0<\/h4>\n<h4>\u00a0<\/h4>\n<h4 style=\"text-align: left\"><strong>Az orvos-, eg\u00e9szs\u00e9gtudom\u00e1nyi- \u00e9s gy\u00f3gyszer\u00e9szk\u00e9pz\u00e9s tudom\u00e1nyos m\u0171helyeinek fejleszt\u00e9se<\/strong><\/h4>\n<p><strong>Projekt megval\u00f3s\u00edt\u00e1si ideje:<\/strong> 2017.05.01-2022.02.28.<\/p>\n<p><strong>T\u00e1mogat\u00e1s m\u00e9rt\u00e9ke:<\/strong> 1 661 699 603 Ft<\/p>\n<p><strong>R\u00e9sztvev\u0151k:<\/strong><\/p>\n<ul style=\"list-style-type: square\">\n<li>Semmelweis Egyetem (konzorciumvezet\u0151)<\/li>\n<li>Szegedi Tudom\u00e1nyegyetem<\/li>\n<li>P\u00e9csi Tudom\u00e1nyegyetem<\/li>\n<li>Debreceni Egyetem<\/li>\n<\/ul>\n<p><strong>T\u00e1mogat\u00e1s intenzit\u00e1sa:<\/strong> 100%<\/p>\n<h5>Projekt le\u00edr\u00e1sa:<\/h5>\n<p>A Semmelweis Egyetem, a Debreceni Egyetem, a P\u00e9csi Tudom\u00e1nyegyetem \u00e9s a Szegedi Tudom\u00e1nyegyetem k\u00f6z\u00f6s c\u00e9lja a projekt megval\u00f3s\u00edt\u00e1s\u00e1val az orvos-, eg\u00e9szs\u00e9g- \u00e9s gy\u00f3gyszer\u00e9sztudom\u00e1nyi ter\u00fcleteken a doktori fokozatot szerzett kutat\u00f3i l\u00e9tsz\u00e1m n\u00f6vel\u00e9se az egyetemi tudom\u00e1nyos m\u0171helyek fejleszt\u00e9s\u00e9vel a hazai tudom\u00e1nyos teljes\u00edtm\u00e9ny\u00fck fokoz\u00e1sa, valamint a fiatal tehets\u00e9gek \u00e9rdekl\u0151d\u00e9s\u00e9nek felkelt\u00e9se a kutat\u00f3i \u00e9letp\u00e1lya ir\u00e1nt. A c\u00e9l megval\u00f3s\u00edt\u00e1sa \u00e9rdek\u00e9ben a n\u00e9gy egyetem \u00e1ltal l\u00e9trehozott orsz\u00e1gos konzorcium \u00f6sszehangolt, k\u00f6z\u00f6s \u00e9s egys\u00e9ges programsorozatot ind\u00edt a projekt megval\u00f3s\u00edt\u00e1si id\u0151szak\u00e1ban.<\/p>\n<h5>A projekt c\u00e9lokat a konstrukci\u00f3nak megfelel\u0151en tervezt\u00fck meg az \u00e1ltal\u00e1nos c\u00e9lokhoz igazod\u00f3an:<\/h5>\n<h6>A projekt \u00e1tfog\u00f3 c\u00e9lja:<\/h6>\n<p>A fels\u0151oktat\u00e1si int\u00e9zm\u00e9nyek bels\u0151 meg\u00fajul\u00e1s\u00e1nak t\u00e1mogat\u00e1sa a min\u0151s\u00e9gi tudom\u00e1nyosut\u00e1np\u00f3tl\u00e1s-nevel\u00e9s \u00e9rdek\u00e9ben.<\/p>\n<h6>A projekt alapvet\u0151 c\u00e9lja:<\/h6>\n<p>Olyan felt\u00e9telek megteremt\u00e9se a fels\u0151oktat\u00e1si int\u00e9zm\u00e9nyekben, amelyek lehet\u0151s\u00e9get biztos\u00edtanak a tehets\u00e9gek sz\u00e1m\u00e1ra az egyedi illetve k\u00f6z\u00f6ss\u00e9gi tudom\u00e1nyos fejl\u0151d\u00e9sre. Ennek r\u00e9sze az int\u00e9zm\u00e9nyen bel\u00fcli tehets\u00e9gseg\u00edt\u0151 programok m\u0171k\u00f6dtet\u00e9se, fejleszt\u00e9se, amelyek az arra \u00e9rdemes hallgat\u00f3knak lehet\u0151s\u00e9get \u00e9s anyagi h\u00e1tteret biztos\u00edtanak a tudom\u00e1nyos fejl\u0151d\u00e9sre, az oktat\u00f3 p\u00e1ly\u00e1ra val\u00f3 tov\u00e1bbl\u00e9p\u00e9sre.<\/p>\n<h6>R\u00e9szc\u00e9lok:<\/h6>\n<p>1) A doktori k\u00e9pz\u00e9s sz\u00ednvonal\u00e1nak \u00e9s min\u0151s\u00e9g\u00e9nek fejleszt\u00e9se<br \/>\n2) A tehets\u00e9ges hallgat\u00f3k tudom\u00e1nyos di\u00e1kk\u00f6ri tev\u00e9kenys\u00e9g\u00e9nek fejleszt\u00e9se<br \/>\n3) A szakkoll\u00e9giumok sz\u00ednvonal\u00e1nak \u00e9s min\u0151s\u00e9g\u00e9nek fejleszt\u00e9se<br \/>\n4) Tehets\u00e9ges hallgat\u00f3k bevon\u00e1sa a k\u00e9pz\u00e9si \u00e9s kutat\u00e1si folyamatba: demonstr\u00e1tori, gyakorlatvezet\u0151i \u00e9s laborgyakorlat-vezet\u0151i munk\u00e1juk t\u00e1mogat\u00e1sa<br \/>\n5) Kutat\u00f3i teljes\u00edtm\u00e9nyt fokoz\u00f3 k\u00f6zegek fejleszt\u00e9se<\/p>\n<p class=\"entry-title text-uppercase\">\u201eKutat\u00f3i ut\u00e1np\u00f3tl\u00e1s t\u00e1mogat\u00e1sa\u201d c. projekt \u2013 prom\u00f3ci\u00f3s anyag<\/p>\n<ul>\n<li><a href=\"https:\/\/www.youtube.com\/watch?v=7SeDVVln1uQ\" target=\"_blank\" rel=\"noopener\">Szegedi Tudom\u00e1nyegyetem<\/a><\/li>\n<li><a href=\"https:\/\/www.youtube.com\/watch?v=uN_sx6to4zc\" target=\"_blank\" rel=\"noopener\">P\u00e9csi Tudom\u00e1nyegyetem<\/a><\/li>\n<li><a href=\"https:\/\/www.youtube.com\/watch?v=WIPFVbIQ6tY\" target=\"_blank\" rel=\"noopener\">Debreceni Egyetem<\/a><\/li>\n<li><a href=\"https:\/\/www.youtube.com\/watch?v=3s-vYhVvl0g\" target=\"_blank\" rel=\"noopener\">Semmelweis Egyetem<\/a><\/li>\n<\/ul>\n<p><strong>A Semmelweis Egyetem projekt keret\u00e9ben megval\u00f3sult kutat\u00e1si eredm\u00e9nyek k\u00f6zlem\u00e9nyeinek el\u00e9rhet\u0151s\u00e9ge: <a href=\"https:\/\/semmelweis.hu\/kfipalyazat\/files\/2025\/11\/SE_Publikaciok.pdf\" target=\"_blank\" rel=\"noopener\">ITT<\/a><\/strong><\/p>\n<h5>Kapcsolod\u00f3 oldalak:<\/h5>\n<p><a href=\"https:\/\/projektek.pte.hu\/hu\/hazai\/europai-szocialis-alap\/efop-363-vekop-16-2017-00009\" target=\"_blank\" rel=\"noopener\">P\u00e9csi Tudom\u00e1nyegyetem projekt aloldala<\/a><\/p>\n<p><a href=\"https:\/\/projektek.pte.hu\/sites\/projektek.pte.hu\/files\/2025-10\/PTE_Publikaciok.pdf\" target=\"_blank\" rel=\"noopener\">P\u00e9csi Tudom\u00e1nyegyetem publik\u00e1ci\u00f3i <\/a><\/p>\n<p><a href=\"https:\/\/u-szeged.hu\/pmi\/fejlesztesiprojektek\/efop-3-6-3-vekop-16-2017\/efop-3-6-3-vekop-16-2017?folderID=43883&amp;objectParentFolderId=43883\" target=\"_blank\" rel=\"noopener\">Szegedi Tudom\u00e1nyegyetem projekt aloldala<\/a><\/p>\n<p><a href=\"https:\/\/palyazatok.unideb.hu\/node\/543\" target=\"_blank\" rel=\"noopener\">Debreceni Egyetem projekt aloldala<\/a><\/p>\n<style>\n           #page-grid .card-body > .line-clamp-box.excerpt{\n        width: inherit;\n        max-width: inherit;\n        display:flex;\n        min-height: 2.4em;\n        flex-direction: column;\n        justify-content: space-around;\n        background-color: #D6E4EA;\n        min-height: 3.4rem;\n        font-family: \"Montserrat\", sans-serif;\n    }\n\n    #page-grid a:hover .card-body > .line-clamp-box.excerpt {\n        background-color: #fff;\n        color: #313B40;\n    }\n\n    #page-grid .card-body .line-clamp-box.excerpt section{\n        max-width: inherit;\n        display: -webkit-box;\n        -webkit-line-clamp: 2;\n        -webkit-box-orient: vertical;\n        overflow: hidden;\n        text-overflow: ellipsis;\n        hyphens: auto;\n        margin: auto;\n        \n    }\n    .line-clamp-box.excerpt section, .line-clamp-box.excerpt section p{\n        font-size:0.8em;\n    }\n    \n<\/style>\n    <section id=\"page-grid\">\n        <section class=\"d-block d-md-flex title-row my-3 ml-0 ml-md-1\">\n<div class=\"section-title  mb-1 \">\n<h2>\n    Kapcsol\u00f3d\u00f3 oldalak\n<\/h2>\n<\/div>\n<\/section>\n        <div class=\"row row-cols-1 row-cols-md-2 row-cols-lg-2 no-gutters mx-0 \">    <div class =\"col  mb-2 card-wrapper\">\n        <a class=\"d-flex flex-fill card-link-warapper m-md-1\" href=\"https:\/\/semmelweis.hu\/gazdalkodas-kfi\/projektek\/oei-projektek\/operativ-programok-hazai-es-eus-projektek\/efop-3-6-3-vekop-16-2017-00009-2\/kutatoi-utanpotlas-tamogatasa-c-projekt-promocios-anyag\/\">\n            <div class=\"card border border-secondary se-border flex-fill\">\n                <div class=\"row no-gutters mx-0 d-flex flex-nowrap flex-md-wrap align-items-center\">\n                    <div class =\"  col-5 col-md-12  d-none  d-md-none d-md-none  bg-image  card-image justify-content-center\">\n                        <img class='wp-post-image img-fluid landscape' src='https:\/\/semmelweis.hu\/gazdalkodas-kfi\/wp-content\/themes\/se18\/dist\/images\/svg\/bg-image.svg' \/>\n                    <\/div>\n                    <div class=\"card-body  col flex-column  col-md-12 p-0\">\n                        <div class=\"line-clamp-box p-3\">\n                            <h5 class=\"ml-0 ml-sm-1 mt-2 align-items-center\"  >\u201eKutat\u00f3i ut\u00e1np\u00f3tl\u00e1s t\u00e1mogat\u00e1sa\u201d c. projekt - prom\u00f3ci\u00f3s anyag<\/h5>\n                        <\/div>\n                        \n                    <\/div>\n                <\/div>\n\n            <\/div>\n        <\/a>\n    <\/div>        <\/div>\n    <\/section>\n","protected":false},"excerpt":{"rendered":"<p><a href=\"https:\/\/semmelweis.hu\/innovacio\/files\/2019\/10\/infoblokk_kedv_final_felso_cmyk_ESZA.jpg\"><\/a> \u00a0 \u00a0 \u00a0 \u00a0 \u00a0 Az orvos-, eg\u00e9szs\u00e9gtudom\u00e1nyi- \u00e9s gy\u00f3gyszer\u00e9szk\u00e9pz\u00e9s tudom\u00e1nyos m\u0171helyeinek fejleszt\u00e9se Projekt megval\u00f3s\u00edt\u00e1si ideje: 2017.05.01-2022.02.28. T\u00e1mogat\u00e1s m\u00e9rt\u00e9ke: 1 661 699 603 Ft R\u00e9sztvev\u0151k: Semmelweis Egyetem (konzorciumvezet\u0151) Szegedi Tudom\u00e1nyegyetem P\u00e9csi Tudom\u00e1nyegyetem Debreceni Egyetem T\u00e1mogat\u00e1s intenzit\u00e1sa: 100% Projekt le\u00edr\u00e1sa: A Semmelweis Egyetem, a Debreceni Egyetem, a P\u00e9csi Tudom\u00e1nyegyetem \u00e9s a Szegedi Tudom\u00e1nyegyetem k\u00f6z\u00f6s c\u00e9lja a &hellip;<\/p>\n","protected":false},"author":102156,"featured_media":0,"parent":170,"menu_order":5,"comment_status":"closed","ping_status":"closed","template":"template-fullwidth.php","meta":{"_acf_changed":false,"footnotes":""},"categories":[],"tags":[],"class_list":["post-10509","page","type-page","status-publish","hentry"],"acf":[],"_links":{"self":[{"href":"https:\/\/semmelweis.hu\/gazdalkodas-kfi\/wp-json\/wp\/v2\/pages\/10509","targetHints":{"allow":["GET"]}}],"collection":[{"href":"https:\/\/semmelweis.hu\/gazdalkodas-kfi\/wp-json\/wp\/v2\/pages"}],"about":[{"href":"https:\/\/semmelweis.hu\/gazdalkodas-kfi\/wp-json\/wp\/v2\/types\/page"}],"author":[{"embeddable":true,"href":"https:\/\/semmelweis.hu\/gazdalkodas-kfi\/wp-json\/wp\/v2\/users\/102156"}],"replies":[{"embeddable":true,"href":"https:\/\/semmelweis.hu\/gazdalkodas-kfi\/wp-json\/wp\/v2\/comments?post=10509"}],"version-history":[{"count":11,"href":"https:\/\/semmelweis.hu\/gazdalkodas-kfi\/wp-json\/wp\/v2\/pages\/10509\/revisions"}],"predecessor-version":[{"id":11656,"href":"https:\/\/semmelweis.hu\/gazdalkodas-kfi\/wp-json\/wp\/v2\/pages\/10509\/revisions\/11656"}],"up":[{"embeddable":true,"href":"https:\/\/semmelweis.hu\/gazdalkodas-kfi\/wp-json\/wp\/v2\/pages\/170"}],"wp:attachment":[{"href":"https:\/\/semmelweis.hu\/gazdalkodas-kfi\/wp-json\/wp\/v2\/media?parent=10509"}],"wp:term":[{"taxonomy":"category","embeddable":true,"href":"https:\/\/semmelweis.hu\/gazdalkodas-kfi\/wp-json\/wp\/v2\/categories?post=10509"},{"taxonomy":"post_tag","embeddable":true,"href":"https:\/\/semmelweis.hu\/gazdalkodas-kfi\/wp-json\/wp\/v2\/tags?post=10509"}],"curies":[{"name":"wp","href":"https:\/\/api.w.org\/{rel}","templated":true}]}}