{"id":10461,"date":"2023-11-22T15:32:12","date_gmt":"2023-11-22T14:32:12","guid":{"rendered":"https:\/\/semmelweis.hu\/gazdalkodas-kfi\/?page_id=10461"},"modified":"2023-11-22T15:35:05","modified_gmt":"2023-11-22T14:35:05","slug":"cost-ig16225","status":"publish","type":"page","link":"https:\/\/semmelweis.hu\/gazdalkodas-kfi\/projektek\/oei-projektek\/kozvetlen-europai-unios-projektek\/cost-ig16225\/","title":{"rendered":"COST IG16225"},"content":{"rendered":"<h3>COST IG16225 &#8211; Improving Preclinical Assessment of Cardioprotective Therapies<\/h3>\n<p>Megval\u00f3s\u00edt\u00e1si id\u0151szak: 2022.09.04\u20132023.10.31.<\/p>\n<p>T\u00e1mogat\u00e1si \u00f6sszeg: 124.995,8 EUR<\/p>\n<p>Az akut sz\u00edvinfarktus \u00e9s az azt gyakran k\u00f6vet\u0151 sz\u00edvel\u00e9gtelens\u00e9g a vezet\u0151 hal\u00e1loz\u00e1si \u00e9s rokkants\u00e1gi okok k\u00f6z\u00f6tt van Eur\u00f3p\u00e1ban \u00e9s vil\u00e1gszerte. Ez\u00e9rt \u00faj kezel\u00e9sekre van sz\u00fcks\u00e9g a sz\u00edvizom akut iszk\u00e9mi\u00e1s\/reperf\u00fazi\u00f3s k\u00e1rosod\u00e1ssal szembeni v\u00e9delm\u00e9re, a sz\u00edvinfarktus m\u00e9ret\u00e9nek cs\u00f6kkent\u00e9s\u00e9re, a sz\u00edv \u00f6sszeh\u00faz\u00f3d\u00e1si funkci\u00f3j\u00e1nak meg\u0151rz\u00e9s\u00e9re \u00e9s a sz\u00edvel\u00e9gtelens\u00e9g kialakul\u00e1s\u00e1nak megel\u0151z\u00e9s\u00e9re. B\u00e1r sz\u00e1mos \u00faj kardioprotekt\u00edv ter\u00e1pi\u00e1r\u00f3l sz\u00e1moltak be, amelyek preklinikai \u00e1llatk\u00eds\u00e9rletekben cs\u00f6kkentik a sz\u00edvinfarktus m\u00e9ret\u00e9t, klinikai alkalmaz\u00e1suk a betegek jav\u00e1ra csal\u00f3d\u00e1st okozott. E tekintetben ez a CIG-p\u00e1ly\u00e1zat a sikeres EU-CARDIOPROTECTION CA16225 COST Action CA16225 COST Action sikeres EU-CARDIOPROTECTION COST Action keret\u00e9ben el\u00e9rt leginnovat\u00edvabb eredm\u00e9nyekre fog \u00e9p\u00edteni \u00e9s azokat kiterjeszteni, kihaszn\u00e1lva az \u00fajonnan l\u00e9trehozott \u00e9s valid\u00e1lt kis- \u00e9s nagy\u00e1llat akut sz\u00edvinfarktus kutat\u00e1si h\u00e1l\u00f3zatainkat k\u00e9t innovat\u00edv \u00faj kardioprotekt\u00edv beavatkoz\u00e1s kardioprotekt\u00edv hat\u00e1sainak tesztel\u00e9s\u00e9re \u00e9s vizsg\u00e1lat\u00e1ra. Az els\u0151 ezek k\u00f6z\u00fcl az SGLT2-g\u00e1tl\u00f3k, amelyekr\u0151l kimutatt\u00e1k, hogy jav\u00edtj\u00e1k a kardiovaszkul\u00e1ris kimeneteleket mind a cukorbetegek, mind a nem cukorbetegek eset\u00e9ben. Nem teljesen tiszt\u00e1zott, hogy ezek a gy\u00f3gyszerek kardioprotekt\u00edv hat\u00e1s\u00faak-e az AMI-t k\u00f6vet\u0151en, \u00e9s a kardiovaszkul\u00e1ris v\u00e9d\u0151hat\u00e1suk h\u00e1tter\u00e9ben \u00e1ll\u00f3 mechanizmusok tov\u00e1bbra is tiszt\u00e1zatlanok. A m\u00e1sodik ezek k\u00f6z\u00fcl egy innovat\u00edv, t\u00f6bbc\u00e9l\u00fa kombin\u00e1lt kezel\u00e9s, amely mind a gyullad\u00e1sra, mind a koszor\u00fa\u00e9r mikrovaszkul\u00e1ris elz\u00e1r\u00f3d\u00e1sra, az akut myocardialis ischaemia\/reperf\u00fazi\u00f3s k\u00e1rosod\u00e1s kulcsfontoss\u00e1g\u00fa k\u00f6zvet\u00edt\u0151ire ir\u00e1nyul. Az \u00faj kardioprotekt\u00edv beavatkoz\u00e1sok preklinikai \u00e9rt\u00e9kel\u00e9s\u00e9nek ez az egy\u00fcttm\u0171k\u00f6d\u00e9sen alapul\u00f3 multicentrikus megk\u00f6zel\u00edt\u00e9se rendk\u00edv\u00fcl innovat\u00edv, \u00e9s v\u00e1rhat\u00f3an jav\u00edtja a kardioprotekt\u00edv beavatkoz\u00e1sok klinikai alkalmaz\u00e1sba val\u00f3 \u00e1t\u00fcltet\u00e9s\u00e9t a betegek jav\u00e1ra, mivel csak a legmegb\u00edzhat\u00f3bb szereket tesztelik a betegeken. Az \u00faj AMI-h\u00e1l\u00f3zatok tov\u00e1bb\u00e1 vonz\u00f3ak lesznek a tudom\u00e1nyos egy\u00fcttm\u0171k\u00f6d\u0151k, valamint a gy\u00f3gyszeripari \u00e9s orvostechnol\u00f3giai ipari partnerek sz\u00e1m\u00e1ra, hogy \u00faj kardioprotekt\u00edv beavatkoz\u00e1saikat egy multicentrikus kutat\u00e1si AMI-h\u00e1l\u00f3zatban \u00e9rt\u00e9kelj\u00e9k.<\/p>\n","protected":false},"excerpt":{"rendered":"<p>COST IG16225 &#8211; Improving Preclinical Assessment of Cardioprotective Therapies Megval\u00f3s\u00edt\u00e1si id\u0151szak: 2022.09.04\u20132023.10.31. T\u00e1mogat\u00e1si \u00f6sszeg: 124.995,8 EUR Az akut sz\u00edvinfarktus \u00e9s az azt gyakran k\u00f6vet\u0151 sz\u00edvel\u00e9gtelens\u00e9g a vezet\u0151 hal\u00e1loz\u00e1si \u00e9s rokkants\u00e1gi okok k\u00f6z\u00f6tt van Eur\u00f3p\u00e1ban \u00e9s vil\u00e1gszerte. Ez\u00e9rt \u00faj kezel\u00e9sekre van sz\u00fcks\u00e9g a sz\u00edvizom akut iszk\u00e9mi\u00e1s\/reperf\u00fazi\u00f3s k\u00e1rosod\u00e1ssal szembeni v\u00e9delm\u00e9re, a sz\u00edvinfarktus m\u00e9ret\u00e9nek cs\u00f6kkent\u00e9s\u00e9re, a sz\u00edv \u00f6sszeh\u00faz\u00f3d\u00e1si &hellip;<\/p>\n","protected":false},"author":102156,"featured_media":0,"parent":174,"menu_order":0,"comment_status":"closed","ping_status":"closed","template":"template-fullwidth.php","meta":{"_acf_changed":false,"footnotes":""},"categories":[],"tags":[],"class_list":["post-10461","page","type-page","status-publish","hentry"],"acf":[],"_links":{"self":[{"href":"https:\/\/semmelweis.hu\/gazdalkodas-kfi\/wp-json\/wp\/v2\/pages\/10461","targetHints":{"allow":["GET"]}}],"collection":[{"href":"https:\/\/semmelweis.hu\/gazdalkodas-kfi\/wp-json\/wp\/v2\/pages"}],"about":[{"href":"https:\/\/semmelweis.hu\/gazdalkodas-kfi\/wp-json\/wp\/v2\/types\/page"}],"author":[{"embeddable":true,"href":"https:\/\/semmelweis.hu\/gazdalkodas-kfi\/wp-json\/wp\/v2\/users\/102156"}],"replies":[{"embeddable":true,"href":"https:\/\/semmelweis.hu\/gazdalkodas-kfi\/wp-json\/wp\/v2\/comments?post=10461"}],"version-history":[{"count":1,"href":"https:\/\/semmelweis.hu\/gazdalkodas-kfi\/wp-json\/wp\/v2\/pages\/10461\/revisions"}],"predecessor-version":[{"id":10462,"href":"https:\/\/semmelweis.hu\/gazdalkodas-kfi\/wp-json\/wp\/v2\/pages\/10461\/revisions\/10462"}],"up":[{"embeddable":true,"href":"https:\/\/semmelweis.hu\/gazdalkodas-kfi\/wp-json\/wp\/v2\/pages\/174"}],"wp:attachment":[{"href":"https:\/\/semmelweis.hu\/gazdalkodas-kfi\/wp-json\/wp\/v2\/media?parent=10461"}],"wp:term":[{"taxonomy":"category","embeddable":true,"href":"https:\/\/semmelweis.hu\/gazdalkodas-kfi\/wp-json\/wp\/v2\/categories?post=10461"},{"taxonomy":"post_tag","embeddable":true,"href":"https:\/\/semmelweis.hu\/gazdalkodas-kfi\/wp-json\/wp\/v2\/tags?post=10461"}],"curies":[{"name":"wp","href":"https:\/\/api.w.org\/{rel}","templated":true}]}}