{"id":10324,"date":"2023-10-09T14:51:39","date_gmt":"2023-10-09T12:51:39","guid":{"rendered":"https:\/\/semmelweis.hu\/innovacio\/?page_id=10324"},"modified":"2025-02-04T10:17:21","modified_gmt":"2025-02-04T09:17:21","slug":"vekop-8-5-1-17-2017-00006","status":"publish","type":"page","link":"https:\/\/semmelweis.hu\/gazdalkodas-kfi\/projektek\/oei-projektek\/operativ-programok-hazai-es-eus-projektek\/vekop-8-5-1-17-2017-00006\/","title":{"rendered":"VEKOP 8.5.1-17-2017-00006 | Idegen nyelvi k\u00e9szs\u00e9gek fejleszt\u00e9se"},"content":{"rendered":"<p><img loading=\"lazy\" decoding=\"async\" class=\"alignnone size-medium wp-image-10813 alignright\" src=\"https:\/\/semmelweis.hu\/gazdalkodas-kfi\/files\/2024\/07\/infoblokk_kedv_final_felso_cmyk_ESZA-400x276.jpg\" alt=\"\" width=\"400\" height=\"276\" srcset=\"https:\/\/semmelweis.hu\/gazdalkodas-kfi\/files\/2024\/07\/infoblokk_kedv_final_felso_cmyk_ESZA-400x276.jpg 400w, https:\/\/semmelweis.hu\/gazdalkodas-kfi\/files\/2024\/07\/infoblokk_kedv_final_felso_cmyk_ESZA-1024x708.jpg 1024w, https:\/\/semmelweis.hu\/gazdalkodas-kfi\/files\/2024\/07\/infoblokk_kedv_final_felso_cmyk_ESZA-768x531.jpg 768w, https:\/\/semmelweis.hu\/gazdalkodas-kfi\/files\/2024\/07\/infoblokk_kedv_final_felso_cmyk_ESZA-175x120.jpg 175w, https:\/\/semmelweis.hu\/gazdalkodas-kfi\/files\/2024\/07\/infoblokk_kedv_final_felso_cmyk_ESZA-753x520.jpg 753w, https:\/\/semmelweis.hu\/gazdalkodas-kfi\/files\/2024\/07\/infoblokk_kedv_final_felso_cmyk_ESZA.jpg 1453w\" sizes=\"auto, (max-width: 400px) 100vw, 400px\" \/><\/p>\n<h4>\u00a0<\/h4>\n<h4>\u00a0<\/h4>\n<h4>\u00a0<\/h4>\n<h4>\u00a0<\/h4>\n<h4>\u00a0<\/h4>\n<h4><strong>Idegen nyelvi k\u00e9szs\u00e9gek fejleszt\u00e9se<\/strong><\/h4>\n<ul style=\"list-style-type: square\">\n<li><strong>Projekt azonos\u00edt\u00f3 sz\u00e1ma:<\/strong> VEKOP 8.5.1-17-2017-00006<\/li>\n<li><strong>T\u00e1mogat\u00e1s \u00f6sszege:<\/strong> 304 250\u00a0000 Ft<\/li>\n<li><strong>T\u00e1mogat\u00e1s intenzit\u00e1sa:<\/strong> 100%<\/li>\n<li><strong>Projekt megval\u00f3s\u00edt\u00e1s\u00e1nak kezdete:<\/strong> 2017.12.01.<\/li>\n<li><strong>Projekt fizikai befejez\u00e9se:<\/strong> 2020.04.30.<\/li>\n<li><strong style=\"font-size: 1rem\">Kedvezm\u00e9nyezett:<\/strong><span style=\"font-size: 1rem\"> BVHSZC Budapesti Vend\u00e9gl\u00e1t\u00f3ipari \u00e9s Hum\u00e1n Szakk\u00e9pz\u00e9si Centrum (7 tagint\u00e9zm\u00e9ny), jogut\u00f3dl\u00e1st k\u00f6vet\u0151en 2019.08.01-t\u0151l a <\/span><strong style=\"font-size: 1rem\">Semmelweis Egyetem<\/strong><\/li>\n<\/ul>\n<h5>A Projekt r\u00f6vid bemutat\u00e1sa<\/h5>\n<p>A VEKOP-8.5.1 projekt keretein bel\u00fcl a v\u00e1llalt l\u00e9tsz\u00e1mot meghaladva 2002 f\u0151 bevon\u00e1sra ker\u00fclt 120 \u00f3r\u00e1s angol \u00e9s n\u00e9met nyelvtanfolyamok keret\u00e9ben. A k\u00e9pz\u00e9sekre beiskol\u00e1zott 2002 f\u0151b\u0151l sikeresen 1788 f\u0151 szerzett tan\u00fas\u00edtv\u00e1nyt. Mindezzel megval\u00f3sult a projekt k\u00f6zvetlen c\u00e9lja, azaz minim\u00e1lisan 2.000 f\u0151 bevon\u00e1sa \u00e9s a k\u00e9pz\u00e9sek minimum 1.500 f\u0151 \u00e1ltali eredm\u00e9nyes elv\u00e9gz\u00e9se. Minden k\u00e9pz\u00e9sbe bevont tanul\u00f3 sz\u00e1m\u00e1ra e-learning tananyag volt biztos\u00edtva. A k\u00e9pz\u00e9sben r\u00e9szt vev\u0151k k\u00f6z\u00fcl 500 f\u0151 mentor\u00e1l\u00e1sban r\u00e9szes\u00fclt, hogy a tanul\u00e1si neh\u00e9zs\u00e9gekkel k\u00fczd\u0151 tanul\u00f3k seg\u00edts\u00e9get kaptak.<\/p>\n","protected":false},"excerpt":{"rendered":"<p>\u00a0 \u00a0 \u00a0 \u00a0 \u00a0 Idegen nyelvi k\u00e9szs\u00e9gek fejleszt\u00e9se Projekt azonos\u00edt\u00f3 sz\u00e1ma: VEKOP 8.5.1-17-2017-00006 T\u00e1mogat\u00e1s \u00f6sszege: 304 250\u00a0000 Ft T\u00e1mogat\u00e1s intenzit\u00e1sa: 100% Projekt megval\u00f3s\u00edt\u00e1s\u00e1nak kezdete: 2017.12.01. Projekt fizikai befejez\u00e9se: 2020.04.30. Kedvezm\u00e9nyezett: BVHSZC Budapesti Vend\u00e9gl\u00e1t\u00f3ipari \u00e9s Hum\u00e1n Szakk\u00e9pz\u00e9si Centrum (7 tagint\u00e9zm\u00e9ny), jogut\u00f3dl\u00e1st k\u00f6vet\u0151en 2019.08.01-t\u0151l a Semmelweis Egyetem A Projekt r\u00f6vid bemutat\u00e1sa A VEKOP-8.5.1 projekt keretein bel\u00fcl &hellip;<\/p>\n","protected":false},"author":102156,"featured_media":0,"parent":170,"menu_order":7,"comment_status":"closed","ping_status":"closed","template":"template-fullwidth.php","meta":{"_acf_changed":false,"footnotes":""},"categories":[],"tags":[],"class_list":["post-10324","page","type-page","status-publish","hentry"],"acf":[],"_links":{"self":[{"href":"https:\/\/semmelweis.hu\/gazdalkodas-kfi\/wp-json\/wp\/v2\/pages\/10324","targetHints":{"allow":["GET"]}}],"collection":[{"href":"https:\/\/semmelweis.hu\/gazdalkodas-kfi\/wp-json\/wp\/v2\/pages"}],"about":[{"href":"https:\/\/semmelweis.hu\/gazdalkodas-kfi\/wp-json\/wp\/v2\/types\/page"}],"author":[{"embeddable":true,"href":"https:\/\/semmelweis.hu\/gazdalkodas-kfi\/wp-json\/wp\/v2\/users\/102156"}],"replies":[{"embeddable":true,"href":"https:\/\/semmelweis.hu\/gazdalkodas-kfi\/wp-json\/wp\/v2\/comments?post=10324"}],"version-history":[{"count":10,"href":"https:\/\/semmelweis.hu\/gazdalkodas-kfi\/wp-json\/wp\/v2\/pages\/10324\/revisions"}],"predecessor-version":[{"id":10826,"href":"https:\/\/semmelweis.hu\/gazdalkodas-kfi\/wp-json\/wp\/v2\/pages\/10324\/revisions\/10826"}],"up":[{"embeddable":true,"href":"https:\/\/semmelweis.hu\/gazdalkodas-kfi\/wp-json\/wp\/v2\/pages\/170"}],"wp:attachment":[{"href":"https:\/\/semmelweis.hu\/gazdalkodas-kfi\/wp-json\/wp\/v2\/media?parent=10324"}],"wp:term":[{"taxonomy":"category","embeddable":true,"href":"https:\/\/semmelweis.hu\/gazdalkodas-kfi\/wp-json\/wp\/v2\/categories?post=10324"},{"taxonomy":"post_tag","embeddable":true,"href":"https:\/\/semmelweis.hu\/gazdalkodas-kfi\/wp-json\/wp\/v2\/tags?post=10324"}],"curies":[{"name":"wp","href":"https:\/\/api.w.org\/{rel}","templated":true}]}}