{"id":10185,"date":"2023-07-05T14:10:04","date_gmt":"2023-07-05T12:10:04","guid":{"rendered":"https:\/\/semmelweis.hu\/innovacio\/?page_id=10185"},"modified":"2025-07-16T11:48:18","modified_gmt":"2025-07-16T09:48:18","slug":"kehop-5-2-2-16-2016-00095","status":"publish","type":"page","link":"https:\/\/semmelweis.hu\/gazdalkodas-kfi\/projektek\/oei-projektek\/operativ-programok-hazai-es-eus-projektek\/kehop-5-2-2-16-2016-00095\/","title":{"rendered":"KEHOP-6.2.1-23-2023-00011\u00a0| Semmelweis Egyetem Pet\u0151 Andr\u00e1s Kar\u00e1nak energiahat\u00e9konys\u00e1gi fejleszt\u00e9se"},"content":{"rendered":"<p><img loading=\"lazy\" decoding=\"async\" class=\"size-medium wp-image-10697 alignright\" src=\"https:\/\/semmelweis.hu\/gazdalkodas-kfi\/files\/2024\/05\/infoblokk_kedv_final_felso_cmyk_ERFA-400x276.jpg\" alt=\"\" width=\"400\" height=\"276\" srcset=\"https:\/\/semmelweis.hu\/gazdalkodas-kfi\/files\/2024\/05\/infoblokk_kedv_final_felso_cmyk_ERFA-400x276.jpg 400w, https:\/\/semmelweis.hu\/gazdalkodas-kfi\/files\/2024\/05\/infoblokk_kedv_final_felso_cmyk_ERFA-1024x708.jpg 1024w, https:\/\/semmelweis.hu\/gazdalkodas-kfi\/files\/2024\/05\/infoblokk_kedv_final_felso_cmyk_ERFA-768x531.jpg 768w, https:\/\/semmelweis.hu\/gazdalkodas-kfi\/files\/2024\/05\/infoblokk_kedv_final_felso_cmyk_ERFA-175x120.jpg 175w, https:\/\/semmelweis.hu\/gazdalkodas-kfi\/files\/2024\/05\/infoblokk_kedv_final_felso_cmyk_ERFA-753x520.jpg 753w, https:\/\/semmelweis.hu\/gazdalkodas-kfi\/files\/2024\/05\/infoblokk_kedv_final_felso_cmyk_ERFA.jpg 1453w\" sizes=\"auto, (max-width: 400px) 100vw, 400px\" \/><\/p>\n<h4>\u00a0<\/h4>\n<h4>\u00a0<\/h4>\n<h4>\u00a0<\/h4>\n<h4>\u00a0<\/h4>\n<h4><strong>KEHOP-6.2.1-23-2023-00011<br \/>\n<\/strong><strong>KEHOP-5.2.2-16-2016-00095<\/strong><\/h4>\n<p>Semmelweis Egyetem Pet\u0151 Andr\u00e1s Kar\u00e1nak energiahat\u00e9konys\u00e1gi fejleszt\u00e9se<\/p>\n<ul style=\"list-style-type: square\">\n<li><strong>Konzorciumvezet\u0151: \u00c9p\u00edt\u00e9si \u00e9s K\u00f6zleked\u00e9si Miniszt\u00e9rium<\/strong><\/li>\n<li><strong>A projekt kezd\u0151 id\u0151pontja:<\/strong> 2020. 10. 14.<\/li>\n<li><strong>A projekt z\u00e1r\u00f3 id\u0151pontja:<\/strong> 2022. 09. 30.<\/li>\n<li><strong>\u00a0A t\u00e1mogat\u00e1s \u00f6sszege:<\/strong> 756 737 458 Ft<\/li>\n<li><strong>A projekt teljes k\u00f6lts\u00e9ge:<\/strong>\u00a0 \u00a01 087 336 337 Ft<\/li>\n<\/ul>\n<p>A projekt megval\u00f3sul\u00e1s\u00e1val el\u00e9rni k\u00edv\u00e1nt CO2 kibocs\u00e1t\u00e1s cs\u00f6kken\u00e9s\u00e9nek m\u00e9rt\u00e9ke: 396,39 tonna\/\u00e9v<\/p>\n<p>A beruh\u00e1z\u00e1s k\u00f6zvetlen c\u00e9lja a Pet\u0151 Andr\u00e1s F\u0151iskola \u00e9p\u00fcleteinek energia felhaszn\u00e1l\u00e1s\u00e1nak cs\u00f6kkent\u00e9se az energiahat\u00e9konys\u00e1g n\u00f6vel\u00e9s\u00e9vel, meg\u00fajul\u00f3 energiaforr\u00e1sok hasznos\u00edt\u00e1s\u00e1val, ez\u00e1ltal az \u00fcvegh\u00e1z-hat\u00e1s\u00fa g\u00e1zok kibocs\u00e1t\u00e1s\u00e1nak, valamint a fosszilis energiahordoz\u00f3kt\u00f3l val\u00f3 f\u00fcgg\u0151s\u00e9g cs\u00f6kkent\u00e9se. A projekt c\u00e9lkit\u0171z\u00e9sei az Eur\u00f3pai Uni\u00f3 \u00e1ltal meghat\u00e1rozott energiahat\u00e9konys\u00e1gi ir\u00e1nyelveknek val\u00f3 megfelel\u00e9s ill. a fejleszt\u00e9ssel \u00e9rintett \u00e9p\u00fcletek energetikai korszer\u0171s\u00edt\u00e9se, fenntart\u00e1si-\u00fczemeltet\u00e9si k\u00f6lts\u00e9geinek cs\u00f6kkent\u00e9se. A projekt keret\u00e9ben korszer\u0171s\u00edteni k\u00edv\u00e1nt \u00e9p\u00fcletek energetikai szempontb\u00f3l nem felelnek meg a hat\u00e1lyos 7\/2006. (V. 24.) TNM rendelet k\u00f6vetelm\u00e9nyeinek. A megval\u00f3sul\u00f3 energetikai beruh\u00e1z\u00e1s a glob\u00e1lis k\u00f6rnyezetterhel\u00e9s \u00e9s az \u00fcvegh\u00e1z-hat\u00e1s\u00fa g\u00e1zok kibocs\u00e1t\u00e1s\u00e1nak m\u00e9rs\u00e9kl\u0151d\u00e9s\u00e9t eredm\u00e9nyezi, er\u0151s\u00edtve a fejleszt\u00e9ssel \u00e9rintett \u00e9p\u00fcletek k\u00f6rnyezettudatos energiafelhaszn\u00e1l\u00e1s\u00e1t.<\/p>\n<p>A \u201eKEHOP-5.2.2 \u201eK\u00f6z\u00e9p\u00fcletek kiemelt \u00e9p\u00fcletenergetikai fejleszt\u00e9sei\u201c felh\u00edv\u00e1s megnevez\u00e9s, \u201eKEHOP-6.2.1 \u201eZ\u00f6ld gazdas\u00e1gi helyre\u00e1ll\u00e1s \u00f6szt\u00f6nz\u00e9se k\u00f6z\u00e9p\u00fcletek \u00e9p\u00fcletenergetikai fejleszt\u00e9sei r\u00e9v\u00e9n\u201c felh\u00edv\u00e1s megnevez\u00e9s\u00e9re m\u00f3dosult.<\/p>\n<p>A Szerz\u0151d\u00e9s azonos\u00edt\u00f3sz\u00e1ma \u201eKEHOP-5.2.2-16-2016-00095\u201c azonos\u00edt\u00f3sz\u00e1m \u201eKEHOP-6.2.1-23-2023-00011\u201c azonos\u00edt\u00f3sz\u00e1mra m\u00f3dosult.<\/p>\n<p>A Szerz\u0151d\u00e9s t\u00e1rgya 2.1 \u00e9s 2.4 pontban a \u201eKoh\u00e9zi\u00f3s Alap\u201c forr\u00e1s \u201eEur\u00f3pai Region\u00e1lis Fejleszt\u00e9si Alap\u201c forr\u00e1sra m\u00f3dosult.<\/p>\n","protected":false},"excerpt":{"rendered":"<p>\u00a0 \u00a0 \u00a0 \u00a0 KEHOP-6.2.1-23-2023-00011 KEHOP-5.2.2-16-2016-00095 Semmelweis Egyetem Pet\u0151 Andr\u00e1s Kar\u00e1nak energiahat\u00e9konys\u00e1gi fejleszt\u00e9se Konzorciumvezet\u0151: \u00c9p\u00edt\u00e9si \u00e9s K\u00f6zleked\u00e9si Miniszt\u00e9rium A projekt kezd\u0151 id\u0151pontja: 2020. 10. 14. A projekt z\u00e1r\u00f3 id\u0151pontja: 2022. 09. 30. \u00a0A t\u00e1mogat\u00e1s \u00f6sszege: 756 737 458 Ft A projekt teljes k\u00f6lts\u00e9ge:\u00a0 \u00a01 087 336 337 Ft A projekt megval\u00f3sul\u00e1s\u00e1val el\u00e9rni k\u00edv\u00e1nt CO2 kibocs\u00e1t\u00e1s &hellip;<\/p>\n","protected":false},"author":102156,"featured_media":0,"parent":170,"menu_order":5,"comment_status":"closed","ping_status":"closed","template":"template-fullwidth.php","meta":{"_acf_changed":false,"footnotes":""},"categories":[],"tags":[],"class_list":["post-10185","page","type-page","status-publish","hentry"],"acf":[],"_links":{"self":[{"href":"https:\/\/semmelweis.hu\/gazdalkodas-kfi\/wp-json\/wp\/v2\/pages\/10185","targetHints":{"allow":["GET"]}}],"collection":[{"href":"https:\/\/semmelweis.hu\/gazdalkodas-kfi\/wp-json\/wp\/v2\/pages"}],"about":[{"href":"https:\/\/semmelweis.hu\/gazdalkodas-kfi\/wp-json\/wp\/v2\/types\/page"}],"author":[{"embeddable":true,"href":"https:\/\/semmelweis.hu\/gazdalkodas-kfi\/wp-json\/wp\/v2\/users\/102156"}],"replies":[{"embeddable":true,"href":"https:\/\/semmelweis.hu\/gazdalkodas-kfi\/wp-json\/wp\/v2\/comments?post=10185"}],"version-history":[{"count":10,"href":"https:\/\/semmelweis.hu\/gazdalkodas-kfi\/wp-json\/wp\/v2\/pages\/10185\/revisions"}],"predecessor-version":[{"id":11306,"href":"https:\/\/semmelweis.hu\/gazdalkodas-kfi\/wp-json\/wp\/v2\/pages\/10185\/revisions\/11306"}],"up":[{"embeddable":true,"href":"https:\/\/semmelweis.hu\/gazdalkodas-kfi\/wp-json\/wp\/v2\/pages\/170"}],"wp:attachment":[{"href":"https:\/\/semmelweis.hu\/gazdalkodas-kfi\/wp-json\/wp\/v2\/media?parent=10185"}],"wp:term":[{"taxonomy":"category","embeddable":true,"href":"https:\/\/semmelweis.hu\/gazdalkodas-kfi\/wp-json\/wp\/v2\/categories?post=10185"},{"taxonomy":"post_tag","embeddable":true,"href":"https:\/\/semmelweis.hu\/gazdalkodas-kfi\/wp-json\/wp\/v2\/tags?post=10185"}],"curies":[{"name":"wp","href":"https:\/\/api.w.org\/{rel}","templated":true}]}}