{"id":940,"date":"2018-03-13T06:03:26","date_gmt":"2018-03-13T05:03:26","guid":{"rendered":"http:\/\/semmelweis.hu\/fulorrgegeszet\/?page_id=940"},"modified":"2023-05-24T13:40:12","modified_gmt":"2023-05-24T11:40:12","slug":"information-for-students","status":"publish","type":"page","link":"https:\/\/semmelweis.hu\/fulorrgegeszet\/en\/information-for-students\/","title":{"rendered":"Contact"},"content":{"rendered":"<p><strong>Address<\/strong> H-1083 Budapest, Szigony u. 36. <br \/>\n<strong>Tel:<\/strong> (+36-20) 825-2310 <br \/>\n<strong>Email:<\/strong> <a href=\"mailto:titkarsag.fulo@med.semmelweis-univ.hu\" target=\"_blank\" rel=\"noopener noreferrer\">titkarsag.fulo@med.semmelweis-univ.hu<\/a> <br \/>\n<strong>Web:<\/strong> <a href=\"https:\/\/semmelweis.hu\/fulorrgegeszet\/\" target=\"_blank\" rel=\"noopener noreferrer\">semmelweis.hu\/fulorrgegeszet\/<\/a><\/p>\n<p>\n<!-- iframe plugin v.4.9 wordpress.org\/plugins\/iframe\/ -->\n<iframe loading=\"lazy\" src=\"https:\/\/www.google.hu\/maps?f=q&#038;source=s_q&#038;hl=hu&#038;geocode=&#038;q=1083+Budapest,+VIII.+Szigony+u.+36.&#038;aq=&#038;sll=47.481214,19.130303&#038;sspn=0.351291,0.792389&#038;ie=UTF8&#038;hq=&#038;hnear=1083+Budapest,+VIII.+ker%C3%BClet,+Szigony+utca+36&#038;t=m&#038;z=14&#038;ll=47.483533,19.079936&#038;output=embed\" width=\"600\" height=\"450\" scrolling=\"yes\" class=\"iframe-class\" frameborder=\"0\"><\/iframe>\n<br \/>\n<small><a href=\"https:\/\/www.google.hu\/maps?f=q&amp;source=embed&amp;hl=hu&amp;geocode=&amp;q=1083+Budapest,+VIII.+Szigony+u.+36.&amp;aq=&amp;sll=47.481214,19.130303&amp;sspn=0.351291,0.792389&amp;ie=UTF8&amp;hq=&amp;hnear=1083+Budapest,+VIII.+ker%C3%BClet,+Szigony+utca+36&amp;t=m&amp;z=14&amp;ll=47.483533,19.079936\">Nagyobb t\u00e9rk\u00e9pre v\u00e1lt\u00e1s<\/a><\/small><\/p>\n<p>&nbsp;<\/p>\n","protected":false},"excerpt":{"rendered":"<p>Address H-1083 Budapest, Szigony u. 36.<br \/>\nTel: (+36-20) 825-2310<br \/>\nEmail: <a href=\"mailto:titkarsag.fulo@med.semmelweis-univ.hu\" target=\"_blank\" rel=\"noopener noreferrer\">titkarsag.fulo@med.semmelweis-univ.hu<\/a><br \/>\nWeb: <a href=\"https:\/\/semmelweis.hu\/fulorrgegeszet\/\" target=\"_blank\" rel=\"noopener noreferrer\">semmelweis.hu\/fulorrgegeszet\/<\/a><\/p>\n<p><a href=\"https:\/\/www.google.hu\/maps?f=q&amp;source=embed&amp;hl=hu&amp;geocode=&amp;q=1083+Budapest,+VIII.+Szigony+u.+36.&amp;aq=&amp;sll=47.481214,19.130303&amp;sspn=0.351291,0.792389&amp;ie=UTF8&amp;hq=&amp;hnear=1083+Budapest,+VIII.+ker%C3%BClet,+Szigony+utca+36&amp;t=m&amp;z=14&amp;ll=47.483533,19.079936\">Nagyobb t\u00e9rk\u00e9pre v\u00e1lt\u00e1s<\/a><br \/>\n&nbsp;<\/p>\n","protected":false},"author":335,"featured_media":0,"parent":0,"menu_order":5,"comment_status":"closed","ping_status":"closed","template":"","meta":{"_acf_changed":false,"footnotes":""},"categories":[],"tags":[],"class_list":["post-940","page","type-page","status-publish","hentry"],"acf":[],"_links":{"self":[{"href":"https:\/\/semmelweis.hu\/fulorrgegeszet\/wp-json\/wp\/v2\/pages\/940","targetHints":{"allow":["GET"]}}],"collection":[{"href":"https:\/\/semmelweis.hu\/fulorrgegeszet\/wp-json\/wp\/v2\/pages"}],"about":[{"href":"https:\/\/semmelweis.hu\/fulorrgegeszet\/wp-json\/wp\/v2\/types\/page"}],"author":[{"embeddable":true,"href":"https:\/\/semmelweis.hu\/fulorrgegeszet\/wp-json\/wp\/v2\/users\/335"}],"replies":[{"embeddable":true,"href":"https:\/\/semmelweis.hu\/fulorrgegeszet\/wp-json\/wp\/v2\/comments?post=940"}],"version-history":[{"count":9,"href":"https:\/\/semmelweis.hu\/fulorrgegeszet\/wp-json\/wp\/v2\/pages\/940\/revisions"}],"predecessor-version":[{"id":1829,"href":"https:\/\/semmelweis.hu\/fulorrgegeszet\/wp-json\/wp\/v2\/pages\/940\/revisions\/1829"}],"wp:attachment":[{"href":"https:\/\/semmelweis.hu\/fulorrgegeszet\/wp-json\/wp\/v2\/media?parent=940"}],"wp:term":[{"taxonomy":"category","embeddable":true,"href":"https:\/\/semmelweis.hu\/fulorrgegeszet\/wp-json\/wp\/v2\/categories?post=940"},{"taxonomy":"post_tag","embeddable":true,"href":"https:\/\/semmelweis.hu\/fulorrgegeszet\/wp-json\/wp\/v2\/tags?post=940"}],"curies":[{"name":"wp","href":"https:\/\/api.w.org\/{rel}","templated":true}]}}