{"id":864,"date":"2017-08-06T21:03:39","date_gmt":"2017-08-06T19:03:39","guid":{"rendered":"http:\/\/semmelweis.hu\/fulorrgegeszet\/?page_id=864"},"modified":"2023-05-25T10:12:48","modified_gmt":"2023-05-25T08:12:48","slug":"sulyos-szovodmenyeket-okozhat-az-orrpolip-ha-nem-kezelik-idoben","status":"publish","type":"page","link":"https:\/\/semmelweis.hu\/fulorrgegeszet\/betegeinknek\/betegsegekrol\/sulyos-szovodmenyeket-okozhat-az-orrpolip-ha-nem-kezelik-idoben\/","title":{"rendered":"S\u00falyos sz\u00f6v\u0151dm\u00e9nyeket okozhat az orrpolip, ha nem kezelik id\u0151ben"},"content":{"rendered":"<p lang=\"hu-HU\" style=\"text-align: justify\"><span style=\"color: #000000;font-size: 12pt\"><span style=\"font-family: Georgia,serif\"><span lang=\"hu-HU\">A kr\u00f3nikus mell\u00e9k\u00fcreg-gyullad\u00e1sok \u00f6t\u00f6d\u00e9n\u00e9l alakulhatnak ki orrpolipok, amelyek a t\u00e9vhitekkel ellent\u00e9tben nem daganatos, hanem gyullad\u00e1sos elv\u00e1ltoz\u00e1sok, kialakul\u00e1sukban genetikai \u00e9s k\u00f6rnyezeti t\u00e9nyez\u0151k is szerepet j\u00e1tszanak. Gy\u00f3gyszerekkel vagy m\u0171t\u00e9ti \u00faton eredm\u00e9nyesen kezelhet\u0151k, azonban nagy a ki\u00fajul\u00e1s kock\u00e1zata, ez\u00e9rt fontos az ut\u00f3kezel\u00e9s \u00e9s a kontroll. Az elhanyagolt kr\u00f3nikus mell\u00e9k\u00fcreg-gyullad\u00e1s, ak\u00e1r szemg\u00f6d\u00f6r vagy kopony\u00e1n bel\u00fcli gyullad\u00e1st is okozhat, s\u0151t l\u00e1t\u00e1sveszt\u00e9ssel is j\u00e1rhat.<\/span><\/span><\/span><\/p>\n<p style=\"text-align: justify\" align=\"JUSTIFY\"><span style=\"color: #000000;font-size: 12pt\"><span style=\"font-family: Georgia,serif\"><span lang=\"hu-HU\">Sokakban \u00e9l az a t\u00e9vhit, hogy daganatos elv\u00e1ltoz\u00e1sr\u00f3l van sz\u00f3, \u00e1m az orrpolip val\u00f3j\u00e1ban egy gyullad\u00e1sos k\u00f3rk\u00e9p, amely a magyarok n\u00e9gy sz\u00e1zal\u00e9k\u00e1n\u00e1l fordul el\u0151. B\u00e1rmely \u00e9letkorban kialakulhat, a t\u00fcnetek intenzit\u00e1sa azonban az \u00e9letkor el\u0151rehaladt\u00e1val cs\u00f6kken. A hajlamos\u00edt\u00f3 t\u00e9nyez\u0151k k\u00f6z\u00f6tt van egyebek mellett az orrs\u00f6v\u00e9nyferd\u00fcl\u00e9s, a sz\u00e9nan\u00e1tha vagy a l\u00e9gszennyezetts\u00e9g.<\/span><\/span><\/span><\/p>\n<p style=\"text-align: justify\" align=\"JUSTIFY\"><span style=\"color: #000000;font-size: 12pt\"> <span style=\"font-family: Georgia,serif\"><span lang=\"hu-HU\">Az orrpolip jellegzetes t\u00fcnetei az orrfoly\u00e1s, az orrdugul\u00e1s, a szagl\u00e1s- \u00e9s \u00edz\u00e9rz\u00e9s roml\u00e1sa, a neh\u00e9zl\u00e9gz\u00e9s, a k\u00f6h\u00f6g\u00e9s vagy fejf\u00e1j\u00e1s. Kezel\u00e9sk\u00e9nt leggyakrabban szteroid tartalm\u00fa orrsprayt vagy s\u00falyos esetben szteroid tartalm\u00fa tablett\u00e1t \u00edrnak fel a betegnek 1-3 h\u00f3napra. Ezek a k\u00e9sz\u00edtm\u00e9nyek hat\u00e1sosak, f\u0151leg, ha korai st\u00e1diumban fordul orvoshoz a beteg. Fontos a folyamatos kontroll. Kieg\u00e9sz\u00edt\u0151 kezel\u00e9sk\u00e9nt aj\u00e1nlani szokt\u00e1k a s\u00f3oldatos orrmos\u00e1st, amely \u00e1tj\u00e1rhat\u00f3v\u00e1 teszi a mell\u00e9k\u00fcregeket.<\/span><\/span><\/span><\/p>\n<p style=\"text-align: justify\" align=\"JUSTIFY\"><span style=\"color: #000000;font-size: 12pt\"><span style=\"font-family: Georgia,serif\"><span lang=\"hu-HU\">Amennyiben ezek nem bizonyulnak hat\u00e9konynak, vagy ha a betegs\u00e9g kialakul\u00e1s\u00e1ban egy\u00e9rtelm\u0171 anat\u00f3miai elt\u00e9r\u00e9sek vannak jelen \u2013pl. sz\u0171k mell\u00e9k\u00fcregny\u00edl\u00e1sok, elv\u00e1ltoz\u00e1sok az orrmell\u00e9k\u00fcregben\u2013, akkor m\u0171t\u00e9ti elj\u00e1r\u00e1sra van sz\u00fcks\u00e9g Az endoszk\u00f3ppal v\u00e9gzett beavatkoz\u00e1s l\u00e9nyege, hogy ny\u00e1lkah\u00e1rtya s\u00e9r\u00fcl\u00e9s n\u00e9lk\u00fcl megnagyobb\u00edtj\u00e1k az orrmell\u00e9k\u00fcregek ny\u00edl\u00e1sait, elt\u00e1vol\u00edtj\u00e1k a v\u00e1lad\u00e9kot \u00e9s a polipokat, majd vissza\u00e1ll\u00edtj\u00e1k az orrmell\u00e9k\u00fcreg szell\u0151z\u00e9s\u00e9t. Az ut\u00f3kezel\u00e9s elengedhetetlen, jelent\u0151s ugyanis a ki\u00fajul\u00e1s vesz\u00e9lye. A m\u0171t\u00e9t ut\u00e1ni \u00e1llapot megtart\u00e1s\u00e1hoz s\u00f3oldatos \u00e1tmos\u00e1sra, az orrspray haszn\u00e1lat\u00e1ra \u00e9s rendszeres kontrollra van sz\u00fcks\u00e9g.<\/span><\/span><\/span><\/p>\n<p style=\"text-align: justify\" align=\"JUSTIFY\"><span style=\"color: #000000;font-size: 12pt\"><span style=\"font-family: Georgia,serif\"><span lang=\"hu-HU\">Ha nem kezelik id\u0151ben, az orrpolip s\u00falyos sz\u00f6v\u0151dm\u00e9nyeket okozhat. A kr\u00f3nikusan gyulladt ny\u00e1lkah\u00e1rtya t\u00e1ptalaja lehet a k\u00fcl\u00f6nb\u00f6z\u0151 t\u00edpus\u00fa bakt\u00e9riumoknak \u00e9s gomb\u00e1knak, melyek tov\u00e1bb vihetik a gyullad\u00e1st a k\u00f6rnyez\u0151 szervekre. Ha nem kezelik, ritka esetben ak\u00e1r szemg\u00f6d\u00f6r vagy kopony\u00e1n bel\u00fcli gyullad\u00e1s is kialakulhat.<\/span><\/span><\/span><\/p>\n","protected":false},"excerpt":{"rendered":"<p>A kr\u00f3nikus mell\u00e9k\u00fcreg-gyullad\u00e1sok \u00f6t\u00f6d\u00e9n\u00e9l alakulhatnak ki orrpolipok, amelyek a t\u00e9vhitekkel ellent\u00e9tben nem daganatos, hanem gyullad\u00e1sos elv\u00e1ltoz\u00e1sok, kialakul\u00e1sukban genetikai \u00e9s k\u00f6rnyezeti t\u00e9nyez\u0151k is szerepet j\u00e1tszanak. Gy\u00f3gyszerekkel vagy m\u0171t\u00e9ti \u00faton eredm\u00e9nyesen kezelhet\u0151k, azonban nagy a ki\u00fajul\u00e1s kock\u00e1zata, ez\u00e9rt fontos az ut\u00f3kezel\u00e9s \u00e9s a kontroll. Az elhanyagolt kr\u00f3nikus mell\u00e9k\u00fcreg-gyullad\u00e1s, ak\u00e1r szemg\u00f6d\u00f6r vagy kopony\u00e1n bel\u00fcli gyullad\u00e1st is okozhat, s\u0151t &hellip;<\/p>\n","protected":false},"author":335,"featured_media":0,"parent":226,"menu_order":1,"comment_status":"closed","ping_status":"closed","template":"","meta":{"_acf_changed":false,"footnotes":""},"categories":[],"tags":[],"class_list":["post-864","page","type-page","status-publish","hentry"],"acf":[],"_links":{"self":[{"href":"https:\/\/semmelweis.hu\/fulorrgegeszet\/wp-json\/wp\/v2\/pages\/864","targetHints":{"allow":["GET"]}}],"collection":[{"href":"https:\/\/semmelweis.hu\/fulorrgegeszet\/wp-json\/wp\/v2\/pages"}],"about":[{"href":"https:\/\/semmelweis.hu\/fulorrgegeszet\/wp-json\/wp\/v2\/types\/page"}],"author":[{"embeddable":true,"href":"https:\/\/semmelweis.hu\/fulorrgegeszet\/wp-json\/wp\/v2\/users\/335"}],"replies":[{"embeddable":true,"href":"https:\/\/semmelweis.hu\/fulorrgegeszet\/wp-json\/wp\/v2\/comments?post=864"}],"version-history":[{"count":3,"href":"https:\/\/semmelweis.hu\/fulorrgegeszet\/wp-json\/wp\/v2\/pages\/864\/revisions"}],"predecessor-version":[{"id":2115,"href":"https:\/\/semmelweis.hu\/fulorrgegeszet\/wp-json\/wp\/v2\/pages\/864\/revisions\/2115"}],"up":[{"embeddable":true,"href":"https:\/\/semmelweis.hu\/fulorrgegeszet\/wp-json\/wp\/v2\/pages\/226"}],"wp:attachment":[{"href":"https:\/\/semmelweis.hu\/fulorrgegeszet\/wp-json\/wp\/v2\/media?parent=864"}],"wp:term":[{"taxonomy":"category","embeddable":true,"href":"https:\/\/semmelweis.hu\/fulorrgegeszet\/wp-json\/wp\/v2\/categories?post=864"},{"taxonomy":"post_tag","embeddable":true,"href":"https:\/\/semmelweis.hu\/fulorrgegeszet\/wp-json\/wp\/v2\/tags?post=864"}],"curies":[{"name":"wp","href":"https:\/\/api.w.org\/{rel}","templated":true}]}}