{"id":787,"date":"2017-04-13T06:40:33","date_gmt":"2017-04-13T04:40:33","guid":{"rendered":"http:\/\/semmelweis.hu\/fulorrgegeszet\/?page_id=787"},"modified":"2023-05-25T10:10:00","modified_gmt":"2023-05-25T08:10:00","slug":"szaglas-ambulancia","status":"publish","type":"page","link":"https:\/\/semmelweis.hu\/fulorrgegeszet\/betegeinknek\/jarobeteg-ellatas\/szaglas-ambulancia\/","title":{"rendered":"Szagl\u00e1s ambulancia"},"content":{"rendered":"<p>Tisztelt P\u00e1ciens\u00fcnk!<\/p>\n<p>T\u00e1j\u00e9koztatjuk \u00d6n\u00f6ket, hogy klinik\u00e1nkon <strong>rendelkez\u00e9sre \u00e1ll szagl\u00e1svizsg\u00e1lat lehet\u0151s\u00e9ge<\/strong>.<\/p>\n<p>Ez ma k\u00fcl\u00f6n\u00f6s jelent\u0151s\u00e9ggel b\u00edr, mivel a jelenleg zajl\u00f3 \u00faj t\u00edpus\u00fa koronav\u00edrus j\u00e1rv\u00e1ny idej\u00e9n sok p\u00e1ciens tapasztal szagl\u00e1scs\u00f6kken\u00e9st vagy szagl\u00e1sveszt\u00e9st, ami a COVID betegs\u00e9g egyetlen t\u00fcnete is lehet. Ez\u00e9rt szeretn\u00e9nk arra b\u00edztatni minden kedves beteg\u00fcnket, hogy aki hirtelen kialakult szagl\u00e1sroml\u00e1st vesz \u00e9szre, felt\u00e9tlen\u00fcl vegyen r\u00e9szt koronav\u00edrus tesztel\u00e9sen. A COVID betegs\u00e9ghez t\u00e1rsul\u00f3 szagl\u00e1spanasz <strong>t\u00f6bbnyire \u00e1tmeneti, a szagl\u00e1s 2-3 h\u00e9ten bel\u00fcl visszat\u00e9r<\/strong> az azt megel\u0151z\u0151 szintre. Amennyiben azonban 3 h\u00e9t alatt sem tapasztal \u00e9rdemi javul\u00e1st, akkor indokolt a panasz kivizsg\u00e1l\u00e1sa \u00e9s a sz\u00fcks\u00e9ges ter\u00e1pia miel\u0151bbi elkezd\u00e9se.<\/p>\n<p>A szagl\u00e1scs\u00f6kken\u00e9s\/szagl\u00e1sveszt\u00e9s megfelel\u0151 kivizsg\u00e1l\u00e1sa term\u00e9szetesen nem csak COVID, hanem egy\u00e9b eredet\u0171 szagl\u00e1spanasz eset\u00e9n is indokolt. Id\u0151ben elkezdett ter\u00e1pia mellett n\u0151 az es\u00e9lye annak, hogy a szagl\u00f3k\u00e9pess\u00e9g vissza\u00e1ll a panaszokat megel\u0151z\u0151 szintre.<\/p>\n<p>A Szagl\u00e1s ambulanci\u00e1n t\u00f6rt\u00e9n\u0151 megjelen\u00e9shez beutal\u00f3 nem sz\u00fcks\u00e9ges. <strong>A vizsg\u00e1latot megel\u0151z\u0151en f\u00fcl-orr-g\u00e9g\u00e9szeti vizsg\u00e1lat aj\u00e1nlott<\/strong>, az orr\u00fcreg aktu\u00e1lis \u00e1llapot\u00e1nak meg\u00edt\u00e9l\u00e9s\u00e9re, esetleges k\u00f3ros \u00e1llapot (ny\u00e1lkah\u00e1rtya duzzanat, orrpolipok, egy\u00e9b) meg\u00e1llap\u00edt\u00e1s\u00e1ra.<\/p>\n<p>Els\u0151 alkalommal t\u00f6rt\u00e9nik egy <strong>k\u00f3rt\u00f6rt\u00e9net-felv\u00e9tel, speci\u00e1lis k\u00e9rd\u0151\u00edvvel<\/strong>, valamint \u00e1ttekintj\u00fck az addigi vizsg\u00e1lati eredm\u00e9nyeket, leleteket. Ezt k\u00f6vet\u0151en ker\u00fcl sor a szagl\u00e1s speci\u00e1lis vizsg\u00e1lat\u00e1ra.<\/p>\n<p>A szagl\u00e1svizsg\u00e1latot az Eur\u00f3pa-szerte elterjedt, \u00e9s legink\u00e1bb haszn\u00e1lt <strong>Sniffin\u2019 sticks m\u00f3dszerrel<\/strong> v\u00e9gezz\u00fck, ami k\u00fcl\u00f6nb\u00f6z\u0151 illatanyagokkal \u00e1titatott filctollakb\u00f3l \u00e1ll. A teszt 3 altesztb\u0151l \u00e9p\u00fcl fel, 1-1 alteszt a szagl\u00e1sk\u00fcsz\u00f6b, a szag megk\u00fcl\u00f6nb\u00f6ztet\u00e9si k\u00e9pess\u00e9g \u00e9s a szagfelismer\u00e9s vizsg\u00e1lat\u00e1ra. A p\u00e1ciens minden r\u00e9sz-eredm\u00e9nyre kap egy pontsz\u00e1mot, v\u00e9g\u00fcl egy \u00f6sszes\u00edtett pontsz\u00e1m alapj\u00e1n hat\u00e1rozzuk meg a tulajdonk\u00e9ppeni szagl\u00f3k\u00e9pess\u00e9get. A teljes vizsg\u00e1lat 30-40 perc id\u0151tartamot vesz ig\u00e9nybe. A sz\u00fcks\u00e9ges adminisztr\u00e1ci\u00f3val, orvosi konzult\u00e1ci\u00f3val \u00e9s ter\u00e1pi\u00e1s tan\u00e1csad\u00e1ssal <strong>kb. 60-70 percre lehet k\u00e9sz\u00fclni<\/strong>. A teszt megb\u00edzhat\u00f3 \u00e9rt\u00e9kel\u00e9se c\u00e9lj\u00e1b\u00f3l el\u0151tte f\u00e9l \u00f3r\u00e1val \u00e9tel-ital fogyaszt\u00e1sa nem aj\u00e1nlott. A vizsg\u00e1laton \u2013 mivel egyetemi centrumr\u00f3l van sz\u00f3 \u2013 olykor r\u00e9szt vehetnek orvostanhallgat\u00f3k, szakorvosjel\u00f6ltek is.<\/p>\n<p>A vizsg\u00e1lati eredm\u00e9ny f\u00fcggv\u00e9ny\u00e9ben, a kor\u00e1bbi leletek figyelembe v\u00e9tel\u00e9vel javaslunk ter\u00e1pi\u00e1t, esetleg tov\u00e1bbi diagnosztikus l\u00e9p\u00e9seket. A beteget tan\u00e1ccsal l\u00e1tjuk el, \u00e9s amennyiben sz\u00fcks\u00e9ges,<strong> id\u0151pontot adunk kontroll vizsg\u00e1latra<\/strong>.<\/p>\n<div class=\"keretes w-100\">\n<p><strong>A Klinikai szagl\u00e1s ambulanci\u00e1ra bejelentkezni \u00e9s id\u0151pontot egyeztetni az al\u00e1bbi telefonsz\u00e1mon lehet:<\/strong><\/p>\n<p>0630\/016-4150 (munkanapokon 08:00 -15:00 \u00f3ra k\u00f6z\u00f6tt h\u00edvhat\u00f3).<\/p>\n<\/div>\n","protected":false},"excerpt":{"rendered":"<p>Tisztelt P\u00e1ciens\u00fcnk! T\u00e1j\u00e9koztatjuk \u00d6n\u00f6ket, hogy klinik\u00e1nkon rendelkez\u00e9sre \u00e1ll szagl\u00e1svizsg\u00e1lat lehet\u0151s\u00e9ge. Ez ma k\u00fcl\u00f6n\u00f6s jelent\u0151s\u00e9ggel b\u00edr, mivel a jelenleg zajl\u00f3 \u00faj t\u00edpus\u00fa koronav\u00edrus j\u00e1rv\u00e1ny idej\u00e9n sok p\u00e1ciens tapasztal szagl\u00e1scs\u00f6kken\u00e9st vagy szagl\u00e1sveszt\u00e9st, ami a COVID betegs\u00e9g egyetlen t\u00fcnete is lehet. Ez\u00e9rt szeretn\u00e9nk arra b\u00edztatni minden kedves beteg\u00fcnket, hogy aki hirtelen kialakult szagl\u00e1sroml\u00e1st vesz \u00e9szre, felt\u00e9tlen\u00fcl vegyen r\u00e9szt &hellip;<\/p>\n","protected":false},"author":335,"featured_media":0,"parent":223,"menu_order":7,"comment_status":"closed","ping_status":"closed","template":"","meta":{"_acf_changed":false,"footnotes":""},"categories":[],"tags":[],"class_list":["post-787","page","type-page","status-publish","hentry"],"acf":[],"_links":{"self":[{"href":"https:\/\/semmelweis.hu\/fulorrgegeszet\/wp-json\/wp\/v2\/pages\/787","targetHints":{"allow":["GET"]}}],"collection":[{"href":"https:\/\/semmelweis.hu\/fulorrgegeszet\/wp-json\/wp\/v2\/pages"}],"about":[{"href":"https:\/\/semmelweis.hu\/fulorrgegeszet\/wp-json\/wp\/v2\/types\/page"}],"author":[{"embeddable":true,"href":"https:\/\/semmelweis.hu\/fulorrgegeszet\/wp-json\/wp\/v2\/users\/335"}],"replies":[{"embeddable":true,"href":"https:\/\/semmelweis.hu\/fulorrgegeszet\/wp-json\/wp\/v2\/comments?post=787"}],"version-history":[{"count":7,"href":"https:\/\/semmelweis.hu\/fulorrgegeszet\/wp-json\/wp\/v2\/pages\/787\/revisions"}],"predecessor-version":[{"id":2113,"href":"https:\/\/semmelweis.hu\/fulorrgegeszet\/wp-json\/wp\/v2\/pages\/787\/revisions\/2113"}],"up":[{"embeddable":true,"href":"https:\/\/semmelweis.hu\/fulorrgegeszet\/wp-json\/wp\/v2\/pages\/223"}],"wp:attachment":[{"href":"https:\/\/semmelweis.hu\/fulorrgegeszet\/wp-json\/wp\/v2\/media?parent=787"}],"wp:term":[{"taxonomy":"category","embeddable":true,"href":"https:\/\/semmelweis.hu\/fulorrgegeszet\/wp-json\/wp\/v2\/categories?post=787"},{"taxonomy":"post_tag","embeddable":true,"href":"https:\/\/semmelweis.hu\/fulorrgegeszet\/wp-json\/wp\/v2\/tags?post=787"}],"curies":[{"name":"wp","href":"https:\/\/api.w.org\/{rel}","templated":true}]}}