{"id":78,"date":"2014-02-26T07:20:56","date_gmt":"2014-02-26T06:20:56","guid":{"rendered":"http:\/\/semmelweis.hu\/fulorrgegeszet\/?page_id=78"},"modified":"2023-05-24T12:02:40","modified_gmt":"2023-05-24T10:02:40","slug":"tinnitus-handicap-inventory-kerdoiv","status":"publish","type":"page","link":"https:\/\/semmelweis.hu\/fulorrgegeszet\/betegeinknek\/jarobeteg-ellatas\/fulzugas-ambulancia\/tinnitus-handicap-inventory-kerdoiv\/","title":{"rendered":"Tinnitus Handicap Inventory k\u00e9rd\u0151\u00edv"},"content":{"rendered":"<p>A <strong>Tinnitus Handicap Inventory<\/strong> (THI) \u00f6nkit\u00f6lt\u0151s k\u00e9rd\u0151\u00edv, mely a f\u00fclz\u00fag\u00e1sban szenved\u0151 betegek \u00e9letmin\u0151s\u00e9g\u00e9nek felm\u00e9r\u00e9s\u00e9re k\u00e9sz\u00fclt. Eredeti angol nyelv\u0171 tesztet C.W.Newman \u00e9s munkacsoportja fejlesztette ki:<br \/>\n<em>Newman, C.W., Jacobson, G.P., Spitzer, J.B. 1996. Development of the Tinnitus Handicap Inventory. Arch Otolaryngol Head Neck Surg, 122, 143-8.<\/em><\/p>\n<p>A THI magyar nyelv\u0171 megfelel\u0151je \u2013 a szerz\u0151 C.W.Newman enged\u00e9lyez\u00e9s\u00e9vel \u2013 72 beteg bevon\u00e1s\u00e1val valid\u00e1lt k\u00e9rd\u0151\u00edv. Valid\u00e1l\u00e1si folyamatr\u00f3l sz\u00f3l\u00f3 angol nyelv\u0171 publik\u00e1ci\u00f3:<br \/>\nBencsik B, Stauder A, Trimmel K, Tam\u00e1s L. Hungarian adaptation of the Tinnitus\u00a0 Handicap Inventory &#8211; reliability and validity, Eur Arch Otorhinol (2015) 272:2243\u20132248. DOI:10.1007\/s00405-014-3138-8.<\/p>\n<p><strong>Szerz\u0151:<\/strong> Dr. Bencsik Be\u00e1ta \u00e9s munkacsoportja<br \/>\nSE F\u00fcl-Orr-G\u00e9g\u00e9szeti \u00e9s Fej-Nyakseb\u00e9szeti Klinika<\/p>\n<p>A <strong>Tinnitus Handicap Inventory magyar nyelvre adapt\u00e1lt verzi\u00f3ja<\/strong> az al\u00e1bbiakban olvashat\u00f3 , illetve let\u00f6lthet\u0151 pdf form\u00e1tumban<a href=\"https:\/\/semmelweis.hu\/fulorrgegeszet\/files\/2023\/05\/Tinnitus-kerdoiv-magyar-PDF.pdf\" target=\"_blank\" rel=\"noopener\"> erre a linkre kattintva<\/a>.<\/p>\n<p>A k\u00e9rd\u0151\u00edv 25 k\u00e9rd\u00e9sb\u0151l \u00e1ll, a lehets\u00e9ges v\u00e1laszok pontoz\u00e1sa a k\u00f6vetkez\u0151:<br \/>\n<strong>\u201eigen\u201d<\/strong> 4 pont, <strong>\u201en\u00e9ha\u201d<\/strong> 2 pont, <strong>\u201enem\u201d<\/strong> 0 pont<\/p>\n<p>Az \u00f6sszes\u00edtett pontsz\u00e1m 0-100 pontig terjed. Ennek alapj\u00e1n k\u00fcl\u00f6nb\u00f6z\u0151 s\u00falyoss\u00e1gi fok\u00fa \u00e9letmin\u0151s\u00e9g roml\u00e1s m\u00e9rhet\u0151: <strong>minim\u00e1lis<\/strong> (0-16 pont), <strong>enyhe<\/strong> (18-36 pont), <strong>k\u00f6zepes<\/strong> (38-56 pont), <strong>s\u00falyos<\/strong> (58-76 pont) \u00e9s <strong>katasztrof\u00e1lis<\/strong> (78-100 pont).<\/p>\n<p>&nbsp;<\/p>\n<p style=\"text-align: center\"><strong>F\u00fclz\u00fag\u00e1s Terhelts\u00e9g Sk\u00e1la (THI)<\/strong><\/p>\n<p style=\"text-align: center\">A k\u00e9rd\u0151\u00edv c\u00e9lja, hogy felm\u00e9rje, milyen probl\u00e9m\u00e1kat okoz \u00d6nnek a f\u00fclz\u00fag\u00e1s.<br \/>\nMinden k\u00e9rd\u00e9s eset\u00e9ben karik\u00e1zza be az <strong>&#8222;Igen&#8221;<\/strong>, <strong>&#8222;N\u00e9ha&#8221;<\/strong>, vagy <strong>&#8222;Nem&#8221;<\/strong> v\u00e1laszok valamelyik\u00e9t! Egy k\u00e9rd\u00e9st se hagyjon\u00a0ki!<\/p>\n<div align=\"center\">\n<table style=\"border: 1px solid #000000;width: 100%;height: 1600px\" border=\"1\" cellspacing=\"0\" cellpadding=\"0\">\n<tbody>\n<tr style=\"height: 64px\">\n<td style=\"height: 64px\" valign=\"bottom\" width=\"395\">1. F\u00fclz\u00fag\u00e1sa miatt nehezen tud koncentr\u00e1lni?<\/td>\n<td style=\"height: 64px\" valign=\"top\" width=\"152\">\n<p align=\"center\">Igen\u00a0\u00a0 \/ N\u00e9ha \/\u00a0\u00a0 Nem<\/p>\n<\/td>\n<\/tr>\n<tr style=\"height: 64px\">\n<td style=\"height: 64px\" width=\"395\">2. F\u00fclz\u00fag\u00e1s\u00e1nak hangereje akad\u00e1lyozza abban, hogy j\u00f3l hallja az embereket?<\/td>\n<td style=\"height: 64px\" valign=\"top\" width=\"152\">\n<p align=\"center\">Igen\u00a0\u00a0 \/ N\u00e9ha \/\u00a0\u00a0 Nem<\/p>\n<\/td>\n<\/tr>\n<tr style=\"height: 64px\">\n<td style=\"height: 64px\" width=\"395\">3. F\u00fclz\u00fag\u00e1sa d\u00fch\u00edti \u00d6nt?<\/td>\n<td style=\"height: 64px\" valign=\"top\" width=\"152\">\n<p align=\"center\">Igen\u00a0\u00a0 \/ N\u00e9ha \/\u00a0\u00a0 Nem<\/p>\n<\/td>\n<\/tr>\n<tr style=\"height: 64px\">\n<td style=\"height: 64px\" width=\"395\">4. \u00c9rzi-e mag\u00e1t \u00f6sszezavarodottnak a f\u00fclz\u00fag\u00e1sa miatt?<\/td>\n<td style=\"height: 64px\" valign=\"top\" width=\"152\">\n<p align=\"center\">Igen\u00a0\u00a0 \/ N\u00e9ha \/\u00a0\u00a0 Nem<\/p>\n<\/td>\n<\/tr>\n<tr style=\"height: 64px\">\n<td style=\"height: 64px\" width=\"395\">5. \u00c9rzi-e mag\u00e1t k\u00e9ts\u00e9gbeesettnek a f\u00fclz\u00fag\u00e1sa miatt?<\/td>\n<td style=\"height: 64px\" valign=\"top\" width=\"152\">\n<p align=\"center\">Igen\u00a0\u00a0 \/ N\u00e9ha \/\u00a0\u00a0 Nem<\/p>\n<\/td>\n<\/tr>\n<tr style=\"height: 64px\">\n<td style=\"height: 64px\" width=\"395\">6. Gyakran panaszkodik a f\u00fclz\u00fag\u00e1s\u00e1r\u00f3l?<\/td>\n<td style=\"height: 64px\" valign=\"top\" width=\"152\">\n<p align=\"center\">Igen\u00a0\u00a0 \/ N\u00e9ha \/\u00a0\u00a0 Nem<\/p>\n<\/td>\n<\/tr>\n<tr style=\"height: 64px\">\n<td style=\"height: 64px\" width=\"395\">7. Zavarja az esti elalv\u00e1s\u00e1ban a f\u00fclz\u00fag\u00e1sa?<\/td>\n<td style=\"height: 64px\" valign=\"top\" width=\"152\">\n<p align=\"center\">Igen\u00a0\u00a0 \/ N\u00e9ha \/\u00a0\u00a0 Nem<\/p>\n<\/td>\n<\/tr>\n<tr style=\"height: 64px\">\n<td style=\"height: 64px\" width=\"395\">8. \u00dagy \u00e9rzi, hogy nem tud megszabadulni a f\u00fclz\u00fag\u00e1s\u00e1t\u00f3l?<\/td>\n<td style=\"height: 64px\" valign=\"top\" width=\"152\">\n<p align=\"center\">Igen\u00a0\u00a0 \/ N\u00e9ha \/\u00a0\u00a0 Nem<\/p>\n<\/td>\n<\/tr>\n<tr style=\"height: 64px\">\n<td style=\"height: 64px\" width=\"395\">9. Akad\u00e1lyozza-e a f\u00fclz\u00fag\u00e1sa abban, hogy \u00e9lvezze a t\u00e1rsas\u00e1gi \u00e9letet \u00a0\u00a0\u00a0\u00a0\u00a0\u00a0\u00a0( pl. \u00e9ttermi vacsora, mozi stb.)?<\/td>\n<td style=\"height: 64px\" valign=\"top\" width=\"152\">\n<p align=\"center\">Igen\u00a0\u00a0 \/ N\u00e9ha \/\u00a0\u00a0 Nem<\/p>\n<\/td>\n<\/tr>\n<tr style=\"height: 64px\">\n<td style=\"height: 64px\" width=\"395\">10. \u00c9rzi-e mag\u00e1t csal\u00f3dottnak a f\u00fclz\u00fag\u00e1sa miatt?<\/td>\n<td style=\"height: 64px\" valign=\"top\" width=\"152\">\n<p align=\"center\">Igen\u00a0\u00a0 \/ N\u00e9ha \/\u00a0\u00a0 Nem<\/p>\n<\/td>\n<\/tr>\n<tr style=\"height: 64px\">\n<td style=\"height: 64px\" width=\"395\">11. Sz\u00f6rny\u0171 betegs\u00e9gk\u00e9nt \u00e9li meg a f\u00fclz\u00fag\u00e1s\u00e1t?<\/td>\n<td style=\"height: 64px\" valign=\"top\" width=\"152\">\n<p align=\"center\">Igen\u00a0\u00a0 \/ N\u00e9ha \/\u00a0\u00a0 Nem<\/p>\n<\/td>\n<\/tr>\n<tr style=\"height: 64px\">\n<td style=\"height: 64px\" width=\"395\">12. \u00dagy \u00e9rzi, hogy f\u00fclz\u00fag\u00e1sa miatt nem tudja \u00e9lvezni az \u00e9letet?<\/td>\n<td style=\"height: 64px\" valign=\"top\" width=\"152\">\n<p align=\"center\">Igen\u00a0\u00a0 \/ N\u00e9ha \/\u00a0\u00a0 Nem<\/p>\n<\/td>\n<\/tr>\n<tr style=\"height: 64px\">\n<td style=\"height: 64px\" width=\"395\">13. Akad\u00e1lyozza a f\u00fclz\u00fag\u00e1sa a munk\u00e1j\u00e1ban vagy otthoni feladatainak ell\u00e1t\u00e1s\u00e1ban?<\/td>\n<td style=\"height: 64px\" valign=\"top\" width=\"152\">\n<p align=\"center\">Igen\u00a0\u00a0 \/ N\u00e9ha \/\u00a0\u00a0 Nem<\/p>\n<\/td>\n<\/tr>\n<tr style=\"height: 64px\">\n<td style=\"height: 64px\" width=\"395\">14. F\u00fclz\u00fag\u00e1sa miatt gyakran v\u00e1lik ingerl\u00e9kenny\u00e9?<\/td>\n<td style=\"height: 64px\" valign=\"top\" width=\"152\">\n<p align=\"center\">Igen\u00a0\u00a0 \/ N\u00e9ha \/\u00a0\u00a0 Nem<\/p>\n<\/td>\n<\/tr>\n<tr style=\"height: 64px\">\n<td style=\"height: 64px\" width=\"395\">15. F\u00fclz\u00fag\u00e1sa zavarja az olvas\u00e1sban?<\/td>\n<td style=\"height: 64px\" valign=\"top\" width=\"152\">\n<p align=\"center\">Igen\u00a0\u00a0 \/ N\u00e9ha \/\u00a0\u00a0 Nem<\/p>\n<\/td>\n<\/tr>\n<tr style=\"height: 64px\">\n<td style=\"height: 64px\" width=\"395\">16. Zaklatott-e a f\u00fclz\u00fag\u00e1sa miatt?<\/td>\n<td style=\"height: 64px\" valign=\"top\" width=\"152\">\n<p align=\"center\">Igen\u00a0\u00a0 \/ N\u00e9ha \/\u00a0\u00a0 Nem<\/p>\n<\/td>\n<\/tr>\n<tr style=\"height: 64px\">\n<td style=\"height: 64px\" width=\"395\">17. \u00dagy \u00e9rzi, hogy f\u00fclz\u00fag\u00e1sa miatt fesz\u00fcltebb\u00e9 v\u00e1lt csal\u00e1dtagjaival \u00e9s bar\u00e1taival val\u00f3 kapcsolata?<\/td>\n<td style=\"height: 64px\" valign=\"top\" width=\"152\">\n<p align=\"center\">Igen\u00a0\u00a0 \/ N\u00e9ha \/\u00a0\u00a0 Nem<\/p>\n<\/td>\n<\/tr>\n<tr style=\"height: 64px\">\n<td style=\"height: 64px\" width=\"395\">18. \u00dagy \u00e9rzi, hogy neh\u00e9z elterelni a figyelm\u00e9t a f\u00fclz\u00fag\u00e1s\u00e1r\u00f3l \u00e9s m\u00e1s dolgokra \u00f6sszpontos\u00edtani?<\/td>\n<td style=\"height: 64px\" valign=\"top\" width=\"152\">\n<p align=\"center\">Igen\u00a0\u00a0 \/ N\u00e9ha \/\u00a0\u00a0 Nem<\/p>\n<\/td>\n<\/tr>\n<tr style=\"height: 64px\">\n<td style=\"height: 64px\" width=\"395\">19. \u00dagy \u00e9rzi, hogy nem tudja kontroll\u00e1lni a f\u00fclz\u00fag\u00e1s\u00e1t?<\/td>\n<td style=\"height: 64px\" valign=\"top\" width=\"152\">\n<p align=\"center\">Igen\u00a0\u00a0 \/ N\u00e9ha \/\u00a0\u00a0 Nem<\/p>\n<\/td>\n<\/tr>\n<tr style=\"height: 64px\">\n<td style=\"height: 64px\" width=\"395\">20. Gyakran \u00e9rzi mag\u00e1t f\u00e1radtnak a f\u00fclz\u00fag\u00e1sa miatt?<\/td>\n<td style=\"height: 64px\" valign=\"top\" width=\"152\">\n<p align=\"center\">Igen\u00a0\u00a0 \/ N\u00e9ha \/\u00a0\u00a0 Nem<\/p>\n<\/td>\n<\/tr>\n<tr style=\"height: 64px\">\n<td style=\"height: 64px\" width=\"395\">21. Lehangoltnak \u00e9rzi mag\u00e1t a f\u00fclz\u00fag\u00e1sa miatt?<\/td>\n<td style=\"height: 64px\" valign=\"top\" width=\"152\">\n<p align=\"center\">Igen\u00a0\u00a0 \/ N\u00e9ha \/\u00a0\u00a0 Nem<\/p>\n<\/td>\n<\/tr>\n<tr style=\"height: 64px\">\n<td style=\"height: 64px\" width=\"395\">22. Szorong a f\u00fclz\u00fag\u00e1sa miatt?<\/td>\n<td style=\"height: 64px\" valign=\"top\" width=\"152\">\n<p align=\"center\">Igen\u00a0\u00a0 \/ N\u00e9ha \/\u00a0\u00a0 Nem<\/p>\n<\/td>\n<\/tr>\n<tr style=\"height: 64px\">\n<td style=\"height: 64px\" width=\"395\">23. \u00dagy \u00e9rzi, hogy nem tudja tov\u00e1bb elviselni a f\u00fclz\u00fag\u00e1s\u00e1t?<\/td>\n<td style=\"height: 64px\" valign=\"top\" width=\"152\">\n<p align=\"center\">Igen\u00a0\u00a0 \/ N\u00e9ha \/\u00a0\u00a0 Nem<\/p>\n<\/td>\n<\/tr>\n<tr style=\"height: 64px\">\n<td style=\"height: 64px\" width=\"395\">24. Stresszes helyzetekben s\u00falyosbodik-e a f\u00fclz\u00fag\u00e1sa?<\/td>\n<td style=\"height: 64px\" valign=\"top\" width=\"152\">\n<p align=\"center\">Igen\u00a0\u00a0 \/ N\u00e9ha \/\u00a0\u00a0 Nem<\/p>\n<\/td>\n<\/tr>\n<tr style=\"height: 64px\">\n<td style=\"height: 64px\" width=\"395\">25. Szokta-e bizonytalannak \u00e9rezni mag\u00e1t a f\u00fclz\u00fag\u00e1sa miatt?<\/td>\n<td style=\"height: 64px\" valign=\"top\" width=\"152\">\n<p align=\"center\">Igen\u00a0\u00a0 \/ N\u00e9ha \/\u00a0\u00a0 Nem<\/p>\n<\/td>\n<\/tr>\n<\/tbody>\n<\/table>\n<\/div>\n<p><a href=\"https:\/\/semmelweis.hu\/fulorrgegeszet\/files\/2014\/02\/Fu\u0308lzu\u0301ga\u0301s-terheltse\u0301g-Ska\u0301la-THI.pdf\" rel=\"\">K\u00e9rd\u0151\u00edv let\u00f6lt\u00e9se\u00a0 .pdf\u00a0 form\u00e1tumban<\/a><\/p>\n","protected":false},"excerpt":{"rendered":"<p>A Tinnitus Handicap Inventory (THI) \u00f6nkit\u00f6lt\u0151s k\u00e9rd\u0151\u00edv, mely a f\u00fclz\u00fag\u00e1sban szenved\u0151 betegek \u00e9letmin\u0151s\u00e9g\u00e9nek felm\u00e9r\u00e9s\u00e9re k\u00e9sz\u00fclt. Eredeti angol nyelv\u0171 tesztet C.W.Newman \u00e9s munkacsoportja fejlesztette ki: Newman, C.W., Jacobson, G.P., Spitzer, J.B. 1996. Development of the Tinnitus Handicap Inventory. Arch Otolaryngol Head Neck Surg, 122, 143-8. A THI magyar nyelv\u0171 megfelel\u0151je \u2013 a szerz\u0151 C.W.Newman enged\u00e9lyez\u00e9s\u00e9vel \u2013 &hellip;<\/p>\n","protected":false},"author":12,"featured_media":0,"parent":783,"menu_order":1,"comment_status":"open","ping_status":"closed","template":"","meta":{"_acf_changed":false,"footnotes":""},"categories":[],"tags":[],"class_list":["post-78","page","type-page","status-publish","hentry"],"acf":[],"_links":{"self":[{"href":"https:\/\/semmelweis.hu\/fulorrgegeszet\/wp-json\/wp\/v2\/pages\/78","targetHints":{"allow":["GET"]}}],"collection":[{"href":"https:\/\/semmelweis.hu\/fulorrgegeszet\/wp-json\/wp\/v2\/pages"}],"about":[{"href":"https:\/\/semmelweis.hu\/fulorrgegeszet\/wp-json\/wp\/v2\/types\/page"}],"author":[{"embeddable":true,"href":"https:\/\/semmelweis.hu\/fulorrgegeszet\/wp-json\/wp\/v2\/users\/12"}],"replies":[{"embeddable":true,"href":"https:\/\/semmelweis.hu\/fulorrgegeszet\/wp-json\/wp\/v2\/comments?post=78"}],"version-history":[{"count":11,"href":"https:\/\/semmelweis.hu\/fulorrgegeszet\/wp-json\/wp\/v2\/pages\/78\/revisions"}],"predecessor-version":[{"id":2021,"href":"https:\/\/semmelweis.hu\/fulorrgegeszet\/wp-json\/wp\/v2\/pages\/78\/revisions\/2021"}],"up":[{"embeddable":true,"href":"https:\/\/semmelweis.hu\/fulorrgegeszet\/wp-json\/wp\/v2\/pages\/783"}],"wp:attachment":[{"href":"https:\/\/semmelweis.hu\/fulorrgegeszet\/wp-json\/wp\/v2\/media?parent=78"}],"wp:term":[{"taxonomy":"category","embeddable":true,"href":"https:\/\/semmelweis.hu\/fulorrgegeszet\/wp-json\/wp\/v2\/categories?post=78"},{"taxonomy":"post_tag","embeddable":true,"href":"https:\/\/semmelweis.hu\/fulorrgegeszet\/wp-json\/wp\/v2\/tags?post=78"}],"curies":[{"name":"wp","href":"https:\/\/api.w.org\/{rel}","templated":true}]}}