{"id":7,"date":"2012-02-02T13:32:34","date_gmt":"2012-02-02T13:32:34","guid":{"rendered":"http:\/\/semmelweis-egyetem.hu\/fulorrgegeszet\/?page_id=7"},"modified":"2025-07-02T10:15:45","modified_gmt":"2025-07-02T08:15:45","slug":"altalanos-informaciok","status":"publish","type":"page","link":"https:\/\/semmelweis.hu\/fulorrgegeszet\/altalanos-informaciok\/","title":{"rendered":"A Klinika bemutat\u00e1sa"},"content":{"rendered":"<p style=\"text-align: justify\"><a href=\"https:\/\/semmelweis.hu\/fulorrgegeszet\/files\/2014\/10\/STA_9540-STW_9562.jpg\"><img loading=\"lazy\" decoding=\"async\" class=\"alignright wp-image-161\" src=\"https:\/\/semmelweis.hu\/fulorrgegeszet\/files\/2014\/10\/STA_9540-STW_9562.jpg\" alt=\"\" width=\"350\" height=\"239\" srcset=\"https:\/\/semmelweis.hu\/fulorrgegeszet\/files\/2014\/10\/STA_9540-STW_9562.jpg 800w, https:\/\/semmelweis.hu\/fulorrgegeszet\/files\/2014\/10\/STA_9540-STW_9562-300x204.jpg 300w, https:\/\/semmelweis.hu\/fulorrgegeszet\/files\/2014\/10\/STA_9540-STW_9562-439x300.jpg 439w, https:\/\/semmelweis.hu\/fulorrgegeszet\/files\/2014\/10\/STA_9540-STW_9562-175x120.jpg 175w\" sizes=\"auto, (max-width: 350px) 100vw, 350px\" \/><\/a>A f\u00fclgy\u00f3gy\u00e1szatot <strong>1908-ban<\/strong>, az orr- \u00e9s g\u00e9gegy\u00f3gy\u00e1szatot <strong>1910-ben<\/strong> alap\u00edtott\u00e1k, a k\u00e9t szakter\u00fclet <strong>1936-ban<\/strong> v\u00e1lt eggy\u00e9.<\/p>\n<p style=\"text-align: justify\"><strong>A klinika kor\u00e1bbi igazgat\u00f3i:<\/strong> B\u00f6ke Gyula 1902\u20131910, Krepuska G\u00e9za 1913\u20131932, \u00d3nodi Adolf 1910\u20131919, L\u00e9n\u00e1rt Zolt\u00e1n 1925\u20131941, T\u00e1trallyay Wein Zolt\u00e1n 1941\u20131945, Germ\u00e1n Tibor 1945\u20131951, Varga Gyula 1951\u2013 1967, R\u00e9v\u00e9sz Gy\u00f6rgy 1967\u20131985, Rib\u00e1ri Ott\u00f3 1985\u20131997, R\u00e9p\u00e1ssy G\u00e1bor 1997-2012, Tam\u00e1s L\u00e1szl\u00f3 2012-<\/p>\n<h2>Betegell\u00e1t\u00e1s<\/h2>\n<p style=\"text-align: justify\">A klinika <strong>56 \u00e1gyas (36 \u00e1ltal\u00e1nos, 20 onkol\u00f3giai) egyetemi int\u00e9zm\u00e9ny<\/strong>, amely nemcsak Budapestr\u0151l, hanem az orsz\u00e1g eg\u00e9sz ter\u00fclet\u00e9r\u0151l l\u00e1t el betegeket. Foglalkozik <strong>a f\u00fcl, orr, torok, g\u00e9ge, fej-nyak megbeteged\u00e9seivel<\/strong>, e r\u00e9gi\u00f3k tumorainak kezel\u00e9s\u00e9vel \u00e9s onkol\u00f3giai seb\u00e9szet\u00e9vel, az orr \u00e9s mell\u00e9k\u00fcregek betegs\u00e9geivel, ezek m\u0171t\u00e9teivel, endoszk\u00f3pos \u00e9s mikroszk\u00f3pos g\u00e9ge-, valamint orr-, mell\u00e9k\u00fcreg- \u00e9s f\u00fclseb\u00e9szettel, f\u00fcl-orr-g\u00e9g\u00e9szeti l\u00e9zerter\u00e1pi\u00e1val \u00e9s l\u00e9zerseb\u00e9szettel. A klinik\u00e1n f\u00fcl-orr-g\u00e9g\u00e9szeti <strong>rekonstrukci\u00f3s \u00e9s plasztikai<\/strong> seb\u00e9szeti m\u0171t\u00e9teket is v\u00e9geznek. A <strong>nyel\u0151cs\u0151, g\u00e9ge, l\u00e9gcs\u0151 endoszk\u00f3pos diagnosztik\u00e1ja \u00e9s seb\u00e9szete<\/strong> szint\u00e9n a klinika profilja.<\/p>\n<p style=\"text-align: justify\">Kiemelt tev\u00e9kenys\u00e9g\u00fcnk a gyermekkori nagyothall\u00e1s kivizsg\u00e1l\u00e1sa, a nagyothall\u00e1s gy\u00f3gy\u00edt\u00e1sa, a m\u0171t\u00e9ti hall\u00e1sjav\u00edt\u00e1s \u00e9s a k\u00f6z\u00e9pf\u00fcl implant\u00e1ci\u00f3k (BAHA, Bonebridge, Vibrant Soundbridge) be\u00fcltet\u00e9se mellett a <strong>siketek gy\u00f3gy\u00edt\u00e1s\u00e1hoz alkalmazott<\/strong> cochlearis implant\u00e1ci\u00f3, valamint a szervmegtart\u00f3 onkol\u00f3giai seb\u00e9szet. Korszer\u0171 audiol\u00f3giai k\u00f6zpont m\u0171k\u00f6dik az int\u00e9zetben, ahol a f\u00fclbetegek r\u00e9szletes vizsg\u00e1lata, a <strong>nagyothall\u00f3k ell\u00e1t\u00e1sa, m\u0171t\u00e9ti el\u0151k\u00e9sz\u00edt\u00e9se<\/strong>, sz\u00fcks\u00e9g eset\u00e9n a hall\u00f3k\u00e9sz\u00fcl\u00e9k fel\u00edr\u00e1sa, kipr\u00f3b\u00e1l\u00e1sa t\u00f6rt\u00e9nik. Fontos tev\u00e9kenys\u00e9g a hall\u00e1srehabilit\u00e1ci\u00f3 gyermek- \u00e9s feln\u0151ttkorban egyar\u00e1nt. A <strong>foni\u00e1triai laborat\u00f3rium<\/strong> a hangk\u00e9pz\u00e9s \u00e9s rekedts\u00e9g gy\u00f3gy\u00edt\u00e1s\u00e1val, a g\u00e9gebetegek rehabilit\u00e1ci\u00f3j\u00e1val foglalkozik, a rhinol\u00f3giai speci\u00e1lis ambulanci\u00e1n pedig a f<strong>\u00fcl-orr-g\u00e9g\u00e9szeti allergi\u00e1s, szagl\u00e1spanaszokkal<\/strong> k\u00fczd\u0151 \u00e9s m\u00e1s rhinologiai betegek kivizsg\u00e1l\u00e1sa \u00e9s kezel\u00e9se folyik. Az egyens\u00falyszerv betegs\u00e9geinek kivizsg\u00e1l\u00e1s\u00e1t \u00e9s kezel\u00e9s\u00e9t a nemzetk\u00f6zileg is elismert sz\u00ednvonalon az otoneurol\u00f3giai laborat\u00f3rium \u00e9s r\u00e9szleg l\u00e1tja el.<\/p>\n<h2>Oktat\u00e1s<\/h2>\n<p style=\"text-align: justify\"><a href=\"https:\/\/semmelweis.hu\/fulorrgegeszet\/files\/2014\/10\/12_Tanterem2.jpg\"><img loading=\"lazy\" decoding=\"async\" class=\"wp-image-144 alignright\" src=\"https:\/\/semmelweis.hu\/fulorrgegeszet\/files\/2014\/10\/12_Tanterem2.jpg\" alt=\"\" width=\"351\" height=\"225\" srcset=\"https:\/\/semmelweis.hu\/fulorrgegeszet\/files\/2014\/10\/12_Tanterem2.jpg 800w, https:\/\/semmelweis.hu\/fulorrgegeszet\/files\/2014\/10\/12_Tanterem2-300x192.jpg 300w, https:\/\/semmelweis.hu\/fulorrgegeszet\/files\/2014\/10\/12_Tanterem2-467x300.jpg 467w\" sizes=\"auto, (max-width: 351px) 100vw, 351px\" \/><\/a>A klinik\u00e1n <strong>magyar, n\u00e9met \u00e9s angol nyelv\u0171 oktat\u00e1s<\/strong> t\u00f6rt\u00e9nik \u00e1ltal\u00e1nos- \u00e9s fogorvostanhallgat\u00f3k r\u00e9sz\u00e9re. A tantermi el\u0151ad\u00e1sok \u00e9s demonstr\u00e1ci\u00f3k mellett m\u0171t\u00e9ti bemutat\u00e1s \u00e9s gyakorlati f\u00fcl-orr-g\u00e9g\u00e9szeti k\u00e9pz\u00e9s folyik. A k\u00f6telez\u0151 <strong>f\u00fcl-orr-g\u00e9g\u00e9szeti gradu\u00e1lis kurzus<\/strong> mellett szabadon v\u00e1laszthat\u00f3 fej-nyakseb\u00e9szet gradu\u00e1lis kurzus indult a 2013\/2014-es tan\u00e9vben, ami 2014\/2015-os tan\u00e9vt\u0151l k\u00f6telez\u0151en v\u00e1laszthat\u00f3 k\u00e9pz\u00e9ss\u00e9 min\u0151s\u00fclt. A kurzus sor\u00e1n videodemonstr\u00e1ci\u00f3ra ker\u00fclnek a legkorszer\u0171bb m\u0171t\u00e9tek \u00e9s beavatkoz\u00e1sok. Az alapk\u00e9pz\u00e9sen t\u00fal <strong>szakorvosk\u00e9pz\u00e9s is folyik a magyar \u00e9s idegennyelv\u0171 hallgat\u00f3k r\u00e9sz\u00e9re<\/strong>. Rendszeresen szerveznek tov\u00e1bbk\u00e9pz\u0151 tanfolyamokat rezidensek \u00e9s szakorvosok sz\u00e1m\u00e1ra. A Klinikai Orvostudom\u00e1nyok csoportban Prof. Dr. Tam\u00e1s L\u00e1szl\u00f3 vezet\u00e9s\u00e9vel <strong>f\u00fcl-orr-g\u00e9g\u00e9szeti, fej-nyakseb\u00e9szeti PhD-program indult 7 t\u00e9mak\u00f6rben<\/strong> (hall\u00e1s, egyens\u00falyrendszer, rhinol\u00f3gia, foni\u00e1tria, garat-g\u00e9geseb\u00e9szet, onkol\u00f3giai prognosztikai faktorok, tracheotomi\u00e1k). Az eg\u00e9sz orsz\u00e1g ter\u00fclet\u00e9r\u0151l j\u00f6nnek m\u0171t\u00e9ttechnikai, audiol\u00f3giai, foni\u00e1triai, otoneurol\u00f3giai, rhinol\u00f3giai, microchirurgiai \u00e9s l\u00e9zer tov\u00e1bbk\u00e9pz\u0151 kurzusokra orvosok \u00e9s szakorvosok.<\/p>\n<h2>Kutat\u00e1s<\/h2>\n<p style=\"text-align: justify\"><a href=\"https:\/\/semmelweis.hu\/fulorrgegeszet\/files\/2015\/10\/IMG_1727.jpg\"><img loading=\"lazy\" decoding=\"async\" class=\"alignright wp-image-312 size-medium\" src=\"https:\/\/semmelweis.hu\/fulorrgegeszet\/files\/2015\/10\/IMG_1727-225x300.jpg\" alt=\"\" width=\"225\" height=\"300\" srcset=\"https:\/\/semmelweis.hu\/fulorrgegeszet\/files\/2015\/10\/IMG_1727-225x300.jpg 225w, https:\/\/semmelweis.hu\/fulorrgegeszet\/files\/2015\/10\/IMG_1727.jpg 540w\" sizes=\"auto, (max-width: 225px) 100vw, 225px\" \/><\/a>A klinika a f\u00fcl-orr-g\u00e9g\u00e9szet egyes ter\u00fcletein <strong>nemzetk\u00f6zileg elismert, magas szint\u0171 kutat\u00e1st v\u00e9gez<\/strong>. A nagyothall\u00e1s jav\u00edt\u00e1sa, gy\u00f3gy\u00edt\u00e1sa, bels\u0151f\u00fcl-biok\u00e9mia, cochlearis implant\u00e1ci\u00f3, neurootol\u00f3gia, tinnitol\u00f3gia, audiol\u00f3gia \u00e9s rhinologia ter\u00fclet\u00e9n <strong>t\u00f6bb \u00faj m\u00f3dszert vezetett be, kutat\u00e1si eredm\u00e9nyeire a nemzetk\u00f6zi tudom\u00e1nyos \u00e9let is felfigyelt.<\/strong> A klinik\u00e1n foly\u00f3 kutat\u00e1sokba a TDK munk\u00e1kon kereszt\u00fcl a hallgat\u00f3k is bekapcsol\u00f3dtak. T\u00f6bb fiatal vesz r\u00e9szt a k\u00fcl\u00f6nb\u00f6z\u0151 laborat\u00f3riumok kutat\u00e1si tev\u00e9kenys\u00e9g\u00e9ben \u00e9s ebb\u0151l r\u00e9szben publik\u00e1ci\u00f3kat, szakdolgozatokat \u00e9s p\u00e1ly\u00e1zatokat k\u00e9sz\u00edtenek.\u00a0<\/p>\n<h2>Szakmai profilok<\/h2>\n<div>\n<ul>\n<li>\u00c1ltal\u00e1nos f\u00fcl-orr-g\u00e9g\u00e9szet<\/li>\n<li>Audiol\u00f3gia<\/li>\n<li>Speci\u00e1lis hall\u00e1sjav\u00edt\u00e1s<\/li>\n<li>Cochlearis implant\u00e1ci\u00f3<\/li>\n<li>Otoneurol\u00f3gia<\/li>\n<li>Foni\u00e1tria<\/li>\n<li>Logop\u00e9dia<\/li>\n<li>Fej-nyakseb\u00e9szet<\/li>\n<li>Endoszk\u00f3pia<\/li>\n<li>Plasztikai \u00e9s rekonstrukt\u00edv seb\u00e9szet<\/li>\n<li>Rhinol\u00f3gia<\/li>\n<li>Allergol\u00f3gia<\/li>\n<\/ul>\n<\/div>\n","protected":false},"excerpt":{"rendered":"<p>A Klinika t\u00f6rt\u00e9nelme sz\u00ednes m\u00faltra tekint vissza. A f\u00fclgy\u00f3gy\u00e1szatot 1908-ban, az orr- \u00e9s g\u00e9gegy\u00f3gy\u00e1szatot 1910-ben alap\u00edtott\u00e1k, majd a k\u00e9t szakter\u00fclet 1936-ban v\u00e1lt eggy\u00e9. A Klinika jelenleg egy 56 \u00e1gyas (36 \u00e1ltal\u00e1nos, 20 onkol\u00f3giai) egyetemi int\u00e9zm\u00e9ny, amely nemcsak Budapestr\u0151l, hanem az orsz\u00e1g eg\u00e9sz ter\u00fclet\u00e9r\u0151l l\u00e1t el betegeket. A betegell\u00e1t\u00e1s mellett magyar, n\u00e9met \u00e9s angol nyelv\u0171 oktat\u00e1s t\u00f6rt\u00e9nik \u00e1ltal\u00e1nos- \u00e9s fogorvostanhallgat\u00f3k r\u00e9sz\u00e9re. Mindezek mellett a f\u00fcl-orr-g\u00e9g\u00e9szet egyes ter\u00fcletein nemzetk\u00f6zileg elismert, magas szint\u0171 kutat\u00e1sok folynak az int\u00e9zm\u00e9ny berkein bel\u00fcl<\/p>\n","protected":false},"author":101505,"featured_media":2070,"parent":0,"menu_order":0,"comment_status":"open","ping_status":"open","template":"","meta":{"_acf_changed":false,"footnotes":""},"categories":[],"tags":[],"class_list":["post-7","page","type-page","status-publish","has-post-thumbnail","hentry"],"acf":[],"_links":{"self":[{"href":"https:\/\/semmelweis.hu\/fulorrgegeszet\/wp-json\/wp\/v2\/pages\/7","targetHints":{"allow":["GET"]}}],"collection":[{"href":"https:\/\/semmelweis.hu\/fulorrgegeszet\/wp-json\/wp\/v2\/pages"}],"about":[{"href":"https:\/\/semmelweis.hu\/fulorrgegeszet\/wp-json\/wp\/v2\/types\/page"}],"author":[{"embeddable":true,"href":"https:\/\/semmelweis.hu\/fulorrgegeszet\/wp-json\/wp\/v2\/users\/101505"}],"replies":[{"embeddable":true,"href":"https:\/\/semmelweis.hu\/fulorrgegeszet\/wp-json\/wp\/v2\/comments?post=7"}],"version-history":[{"count":11,"href":"https:\/\/semmelweis.hu\/fulorrgegeszet\/wp-json\/wp\/v2\/pages\/7\/revisions"}],"predecessor-version":[{"id":2105,"href":"https:\/\/semmelweis.hu\/fulorrgegeszet\/wp-json\/wp\/v2\/pages\/7\/revisions\/2105"}],"wp:featuredmedia":[{"embeddable":true,"href":"https:\/\/semmelweis.hu\/fulorrgegeszet\/wp-json\/wp\/v2\/media\/2070"}],"wp:attachment":[{"href":"https:\/\/semmelweis.hu\/fulorrgegeszet\/wp-json\/wp\/v2\/media?parent=7"}],"wp:term":[{"taxonomy":"category","embeddable":true,"href":"https:\/\/semmelweis.hu\/fulorrgegeszet\/wp-json\/wp\/v2\/categories?post=7"},{"taxonomy":"post_tag","embeddable":true,"href":"https:\/\/semmelweis.hu\/fulorrgegeszet\/wp-json\/wp\/v2\/tags?post=7"}],"curies":[{"name":"wp","href":"https:\/\/api.w.org\/{rel}","templated":true}]}}